{"id":1822,"date":"2017-12-30T21:00:35","date_gmt":"2017-12-30T21:00:35","guid":{"rendered":"http:\/\/biblian.is\/biblian\/j%c2%97s%c2%9cab%c2%97k-18-kafli\/"},"modified":"2024-06-27T02:39:11","modified_gmt":"2024-06-27T02:39:11","slug":"josuabok-18-kafli","status":"publish","type":"page","link":"https:\/\/biblian.is\/biblian\/josuabok-18-kafli\/","title":{"rendered":"J\u00f3s\u00faab\u00f3k 18. kafli"},"content":{"rendered":"<h3 class=\"millifyrirsogn_2007\"> Frekari skipting landsins<\/h3>\n<p><a name=\"1\"><span class=\"versanumer_2007\">1<\/span><\/a> Allur s\u00f6fnu\u00f0ur \u00cdsraelsmanna kom saman \u00ed S\u00edl\u00f3 <a name=\"2\"><span class=\"versanumer_2007\">2<\/span><\/a> og sl\u00f3 \u00fear upp opinberunartjaldinu. \u00deeir h\u00f6f\u00f0u n\u00fa lagt allt landi\u00f0 undir sig. Enn voru \u00fe\u00f3 sj\u00f6 \u00e6ttb\u00e1lkar \u00ed \u00cdsrael sem ekki haf\u00f0i veri\u00f0 \u00fathluta\u00f0 erf\u00f0ahlut s\u00ednum.<br \/> <a name=\"3\"><span class=\"versanumer_2007\">3<\/span><\/a> \u00de\u00e1 \u00e1varpa\u00f0i J\u00f3s\u00faa \u00cdsraelsmenn:<br \/>\u201eHversu lengi \u00e6tli\u00f0 \u00fei\u00f0 a\u00f0 hika vi\u00f0 a\u00f0 fara og taka landi\u00f0 til eignar sem Drottinn, Gu\u00f0 fe\u00f0ra ykkar, hefur fengi\u00f0 ykkur? <a name=\"4\"><span class=\"versanumer_2007\">4<\/span><\/a> Velji\u00f0 \u00ferj\u00e1 menn \u00far hverjum \u00e6ttb\u00e1lki sem \u00e9g get sent. \u00deeir skulu halda af sta\u00f0 og fara um allt landi\u00f0 til a\u00f0 kanna \u00fea\u00f0 og skrifa um \u00fea\u00f0 sk\u00fdrslu me\u00f0 skiptingu \u00feess \u00ed erf\u00f0ahluti fyrir augum. S\u00ed\u00f0an skulu \u00feeir koma aftur til m\u00edn. <a name=\"5\"><span class=\"versanumer_2007\">5<\/span><\/a> \u00dev\u00ed n\u00e6st eiga \u00feeir a\u00f0 skipta landinu \u00ed sj\u00f6 hluta. J\u00fada \u00e1 a\u00f0 vera um kyrrt \u00e1 landsv\u00e6\u00f0i s\u00ednu fyrir sunnan og \u00e6tt J\u00f3sefs \u00e1 a\u00f0 vera kyrr \u00e1 s\u00ednu landsv\u00e6\u00f0i fyrir nor\u00f0an.<br \/> <a name=\"6\"><span class=\"versanumer_2007\">6<\/span><\/a> \u00dei\u00f0 eigi\u00f0 a\u00f0 skrifa sk\u00fdrslu um landi\u00f0 \u00feegar \u00fev\u00ed hefur veri\u00f0 skipt \u00ed sj\u00f6 hluta og f\u00e6ra m\u00e9r hana hinga\u00f0. \u00de\u00e1 mun \u00e9g varpa hlutkesti fyrir ykkur h\u00e9r frammi fyrir augliti Drottins, Gu\u00f0s okkar. <a name=\"7\"><span class=\"versanumer_2007\">7<\/span><\/a> En Lev\u00edtarnir eiga ekki a\u00f0 hlj\u00f3ta erf\u00f0ahlut me\u00f0 ykkur \u00fev\u00ed a\u00f0 prestsemb\u00e6tti Drottins er erf\u00f0ahlutur \u00feeirra. Ga\u00f0, R\u00faben og h\u00e1lfur \u00e6ttb\u00e1lkur Manasse hafa \u00feegar hloti\u00f0 erf\u00f0ahlut sinn, austan vi\u00f0 J\u00f3rdan, sem M\u00f3se, \u00fej\u00f3nn Drottins, f\u00e9kk \u00feeim.\u201c<br \/> <a name=\"8\"><span class=\"versanumer_2007\">8<\/span><\/a> \u00de\u00e1 h\u00e9ldu mennirnir sem skrifa \u00e1ttu sk\u00fdrsluna af sta\u00f0 en J\u00f3s\u00faa haf\u00f0i gefi\u00f0 \u00feeim \u00feessi fyrirm\u00e6li: \u201eHaldi\u00f0 af sta\u00f0, fer\u00f0ist um landi\u00f0 og geri\u00f0 sk\u00fdrslu um \u00fea\u00f0. Sn\u00fai\u00f0 s\u00ed\u00f0an aftur til m\u00edn og \u00fe\u00e1 mun \u00e9g varpa hlutkesti fyrir ykkur h\u00e9r frammi fyrir augliti Drottins \u00ed S\u00edl\u00f3.\u201c<br \/> <a name=\"9\"><span class=\"versanumer_2007\">9<\/span><\/a> Mennirnir h\u00e9ldu af sta\u00f0, f\u00f3ru um landi\u00f0 og skrifu\u00f0u sk\u00fdrslu um \u00fea\u00f0 \u00ed sj\u00f6 hlutum \u00e1 b\u00f3k, eftir borgum, og sneru aftur til J\u00f3s\u00faa \u00ed herb\u00fa\u00f0unum vi\u00f0 S\u00edl\u00f3. <a name=\"10\"><span class=\"versanumer_2007\">10<\/span><\/a> \u00deegar \u00feeir komu varpa\u00f0i hann hlutkesti fyrir \u00fe\u00e1 \u00ed S\u00edl\u00f3 frammi fyrir augliti Drottins. \u00dear skipti J\u00f3s\u00faa landinu fyrir \u00cdsraelsmenn svo a\u00f0 hver \u00e6ttb\u00e1lkur f\u00e9kk sinn hlut.<\/p>\n<h3 class=\"millifyrirsogn_2007\">Land Benjam\u00edns<\/h3>\n<p><a name=\"11\"><span class=\"versanumer_2007\">11<\/span><\/a> Hlutur \u00e6ttb\u00e1lks Benjam\u00edns kom upp, hverrar \u00e6ttar fyrir sig. Hann hlaut landsv\u00e6\u00f0i milli ni\u00f0ja J\u00fada og J\u00f3sefs.<br \/> <a name=\"12\"><span class=\"versanumer_2007\">12<\/span><\/a> Landam\u00e6ri \u00feeirra a\u00f0 nor\u00f0anver\u00f0u l\u00e1gu fr\u00e1 J\u00f3rdan og upp a\u00f0 fjallshryggnum nor\u00f0an vi\u00f0 Jer\u00edk\u00f3 og \u00fea\u00f0an \u00ed vestur upp \u00ed fjalllendi\u00f0 og s\u00ed\u00f0an allt a\u00f0 ey\u00f0im\u00f6rkinni vi\u00f0 Betaven.<span class=\"nedan_mal\" title=\" Betaven er skammaryr\u00f0i. H\u00e9r er sn\u00fai\u00f0 \u00fat \u00far Betel \u00ed Betaven, sem merkir \u201eh\u00fas sv\u00edvir\u00f0unnar\u201c.\">[<\/span> <a name=\"13\"><span class=\"versanumer_2007\">13<\/span><\/a> \u00dea\u00f0an l\u00e1gu landam\u00e6rin yfir til L\u00fas og yfir h\u00e1lsinn sunnan vi\u00f0 fjallshrygginn vi\u00f0 L\u00fas, \u00fea\u00f0 er Betel. \u00dea\u00f0an ni\u00f0ur til Ater\u00f3t Addar \u00e1 fjallinu sem er sunnan vi\u00f0 Ne\u00f0ra-Bet H\u00f3ron. <a name=\"14\"><span class=\"versanumer_2007\">14<\/span><\/a> \u00dea\u00f0an l\u00e1gu landam\u00e6rin \u00ed kr\u00f6ppum sveig a\u00f0 vestanver\u00f0u vi\u00f0 fjalli\u00f0 og til su\u00f0urs fr\u00e1 fjallinu, sem er gegnt Bet H\u00f3ron a\u00f0 sunnanver\u00f0u, og \u00fea\u00f0an til Kirjat Baal, \u00fea\u00f0 er Kirjat Jear\u00edm, sem er borg \u00ed eigu J\u00fadamanna. \u00deetta voru vesturlandam\u00e6rin.<br \/> <a name=\"15\"><span class=\"versanumer_2007\">15<\/span><\/a> Su\u00f0urlandam\u00e6ri l\u00e1gu fr\u00e1 \u00fatja\u00f0ri Kirjat Jear\u00edm og \u00ed vestur \u00ed \u00e1tt til Neft\u00f3alindar. <a name=\"16\"><span class=\"versanumer_2007\">16<\/span><\/a> \u00dea\u00f0an l\u00e1gu landam\u00e6rin ni\u00f0ur a\u00f0 hl\u00ed\u00f0um fjallsins sem er gegnt Hinnomssonardal sem er nor\u00f0an Refa\u00edmsl\u00e9ttu. \u00deau l\u00e1gu ni\u00f0ur \u00ed Hinnomssonardal sunnan vi\u00f0 fjalls\u00f6xl Jeb\u00fas\u00edta og \u00fea\u00f0an ni\u00f0ur a\u00f0 R\u00f3gellind. <a name=\"17\"><span class=\"versanumer_2007\">17<\/span><\/a> \u00de\u00e1 l\u00e1gu landam\u00e6rin \u00ed kr\u00f6ppum sveig til nor\u00f0urs og til Semeslindar og beint \u00e1fram til Gilgal gegnt st\u00edgnum vi\u00f0 Ad\u00famm\u00edm og \u00fea\u00f0an ni\u00f0ur a\u00f0 steini B\u00f3hans R\u00fabenssonar. <a name=\"18\"><span class=\"versanumer_2007\">18<\/span><\/a> \u00dev\u00ed n\u00e6st l\u00e1gu \u00feau nor\u00f0an vi\u00f0 fjallshrygginn vi\u00f0 Araba og \u00e1fram ni\u00f0ur \u00e1 Arabasl\u00e9ttuna. <a name=\"19\"><span class=\"versanumer_2007\">19<\/span><\/a> \u00dea\u00f0an l\u00e1gu \u00feau nor\u00f0an vi\u00f0 fjallshrygginn vi\u00f0 Bet Hogla og endu\u00f0u vi\u00f0 nyrstu v\u00edk salta vatnsins sunnan vi\u00f0 \u00f3sa J\u00f3rdanar. \u00dear voru su\u00f0urm\u00f6rk landsins. <a name=\"20\"><span class=\"versanumer_2007\">20<\/span><\/a> J\u00f3rdan myndar landam\u00e6rin til austurs.<br \/>\u00deetta var erf\u00f0aland ni\u00f0ja Benjam\u00edns, hverrar \u00e6ttar fyrir sig, eins og \u00fea\u00f0 var afmarka\u00f0 \u00e1 allar hli\u00f0ar.<\/p>\n<h3 class=\"millifyrirsogn_2007\">Borgir Benjam\u00edns<\/h3>\n<p><a name=\"21\"><span class=\"versanumer_2007\">21<\/span><\/a> Borgirnar sem \u00e6ttb\u00e1lkur ni\u00f0ja Benjam\u00edns \u00e1tti, hver \u00e6tt fyrir sig, voru: Jer\u00edk\u00f3, Bet Hogla, Emek Kes\u00eds, <a name=\"22\"><span class=\"versanumer_2007\">22<\/span><\/a> Bet Araba, Semara\u00edm, Betel, <a name=\"23\"><span class=\"versanumer_2007\">23<\/span><\/a> Av\u00edm, Para, Ofra, <a name=\"24\"><span class=\"versanumer_2007\">24<\/span><\/a> Kefar Amm\u00f3n\u00ed, Ofn\u00ed og Geba, alls t\u00f3lf borgir \u00e1samt \u00feorpunum sem heyr\u00f0u \u00feeim til. <a name=\"25\"><span class=\"versanumer_2007\">25<\/span><\/a> Auk \u00feeirra G\u00edbeon, Rama, Beer\u00f3t, <a name=\"26\"><span class=\"versanumer_2007\">26<\/span><\/a> Mispe, Kef\u00edra, M\u00f3sa, <a name=\"27\"><span class=\"versanumer_2007\">27<\/span><\/a> Rekem, Jirpeel, Tarala, <a name=\"28\"><span class=\"versanumer_2007\">28<\/span><\/a> Sela, Elef, Jeb\u00fas\u00edtaborg, \u00fea\u00f0 er Jer\u00fasalem, G\u00edbeat og Kirjat, alls fj\u00f3rt\u00e1n borgir \u00e1samt \u00feeim \u00feorpum sem heyr\u00f0u \u00feeim til.<br \/>\u00deetta var erf\u00f0aland Benjam\u00edns sem \u00e6ttir hans hlutu hver fyrir sig.<\/p>\n","protected":false},"excerpt":{"rendered":"<p>Frekari skipting landsins 1 Allur s\u00f6fnu\u00f0ur \u00cdsraelsmanna kom saman \u00ed S\u00edl\u00f3 2 og sl\u00f3 \u00fear upp opinberunartjaldinu. \u00deeir h\u00f6f\u00f0u n\u00fa lagt allt landi\u00f0 undir sig. Enn voru \u00fe\u00f3 sj\u00f6 \u00e6ttb\u00e1lkar \u00ed \u00cdsrael sem ekki haf\u00f0i veri\u00f0 \u00fathluta\u00f0 erf\u00f0ahlut s\u00ednum. 3 \u00de\u00e1 \u00e1varpa\u00f0i J\u00f3s\u00faa \u00cdsraelsmenn:\u201eHversu lengi \u00e6tli\u00f0 \u00fei\u00f0 a\u00f0 hika vi\u00f0 a\u00f0 fara og taka landi\u00f0 til eignar sem Drottinn, Gu\u00f0 fe\u00f0ra ykkar, hefur fengi\u00f0 ykkur? 4 Velji\u00f0 \u00ferj\u00e1 menn \u00far hverjum \u00e6ttb\u00e1lki sem \u00e9g get sent. \u00deeir skulu halda af sta\u00f0 og fara um allt landi\u00f0 til a\u00f0 kanna \u00fea\u00f0 og skrifa um \u00fea\u00f0 sk\u00fdrslu me\u00f0 skiptingu \u00feess \u00ed erf\u00f0ahluti <a href=\"https:\/\/biblian.is\/biblian\/josuabok-18-kafli\/\"> [&#8230;]<\/a><\/p>\n","protected":false},"author":1,"featured_media":0,"parent":0,"menu_order":0,"comment_status":"open","ping_status":"open","template":"bibliukaflar_NT.php","meta":{"footnotes":""},"class_list":["post-1822","page","type-page","status-publish","hentry"],"_links":{"self":[{"href":"https:\/\/biblian.is\/biblian\/wp-json\/wp\/v2\/pages\/1822","targetHints":{"allow":["GET"]}}],"collection":[{"href":"https:\/\/biblian.is\/biblian\/wp-json\/wp\/v2\/pages"}],"about":[{"href":"https:\/\/biblian.is\/biblian\/wp-json\/wp\/v2\/types\/page"}],"author":[{"embeddable":true,"href":"https:\/\/biblian.is\/biblian\/wp-json\/wp\/v2\/users\/1"}],"replies":[{"embeddable":true,"href":"https:\/\/biblian.is\/biblian\/wp-json\/wp\/v2\/comments?post=1822"}],"version-history":[{"count":0,"href":"https:\/\/biblian.is\/biblian\/wp-json\/wp\/v2\/pages\/1822\/revisions"}],"wp:attachment":[{"href":"https:\/\/biblian.is\/biblian\/wp-json\/wp\/v2\/media?parent=1822"}],"curies":[{"name":"wp","href":"https:\/\/api.w.org\/{rel}","templated":true}]}}