{"id":1821,"date":"2017-12-30T21:00:35","date_gmt":"2017-12-30T21:00:35","guid":{"rendered":"http:\/\/biblian.is\/biblian\/j%c2%97s%c2%9cab%c2%97k-17-kafli\/"},"modified":"2024-06-27T02:39:11","modified_gmt":"2024-06-27T02:39:11","slug":"josuabok-17-kafli","status":"publish","type":"page","link":"https:\/\/biblian.is\/biblian\/josuabok-17-kafli\/","title":{"rendered":"J\u00f3s\u00faab\u00f3k 17. kafli"},"content":{"rendered":"<h3 class=\"millifyrirsogn_2007\"> Hlutur ni\u00f0ja Manasse<\/h3>\n<p><a name=\"1\"><span class=\"versanumer_2007\">1<\/span><\/a> \u00c6ttb\u00e1lkur Manasse f\u00e9kk me\u00f0 hlutkesti land \u00ed sinn hlut en Manasse var frumbur\u00f0ur J\u00f3sefs. Mak\u00edr, frumbur\u00f0ur Manasse og fa\u00f0ir G\u00edlea\u00f0s, sem var reyndur herma\u00f0ur, hlaut G\u00edlea\u00f0 og Basan. <a name=\"2\"><span class=\"versanumer_2007\">2<\/span><\/a> A\u00f0rir ni\u00f0jar Manasse hlutu einnig erf\u00f0ahluti, hver \u00e6tt fyrir sig, synir Ab\u00edesers, synir Heleks, synir Asr\u00edels, synir Sekems, synir Hefers og synir Sem\u00edda. \u00deessir karlmenn voru ni\u00f0jar Manasse J\u00f3sefssonar, hver af sinni \u00e6tt.<br \/> <a name=\"3\"><span class=\"versanumer_2007\">3<\/span><\/a> En Selofha\u00f0 Hefersson, G\u00edlea\u00f0ssonar, Mak\u00edrssonar, Manassesonar, \u00e1tti enga syni, a\u00f0eins d\u00e6tur sem h\u00e9tu: Mahla, N\u00f3a, Hogla, Milka og Tirsa. <a name=\"4\"><span class=\"versanumer_2007\">4<\/span><\/a> \u00de\u00e6r gengu fyrir Eleasar prest og J\u00f3s\u00faa N\u00fansson og \u00e6ttarh\u00f6f\u00f0ingjana og s\u00f6g\u00f0u: \u201eDrottinn lag\u00f0i fyrir M\u00f3se a\u00f0 f\u00e1 okkur erf\u00f0aland \u00e1 me\u00f0al br\u00e6\u00f0ra okkar.\u201c J\u00f3s\u00faa f\u00e9kk \u00feeim \u00fe\u00e1 erf\u00f0aland me\u00f0al f\u00f6\u00f0urbr\u00e6\u00f0ra \u00feeirra samkv\u00e6mt bo\u00f0i Drottins. <a name=\"5\"><span class=\"versanumer_2007\">5<\/span><\/a> \u00deannig hlaut Manasse t\u00edu erf\u00f0ahluti me\u00f0 hlutkesti, auk G\u00edlea\u00f0s og Basans, handan J\u00f3rdanar, <a name=\"6\"><span class=\"versanumer_2007\">6<\/span><\/a> \u00fev\u00ed a\u00f0 d\u00e6tur Manasse hlutu erf\u00f0aland me\u00f0al sona hans. G\u00edlea\u00f0 var\u00f0 eign annarra sona Manasse.<br \/> <a name=\"7\"><span class=\"versanumer_2007\">7<\/span><\/a> Land Manasse n\u00e1\u00f0i fr\u00e1 Asser til Mikmetat sem er gegnt S\u00edkem. \u00dea\u00f0an l\u00e1gu landam\u00e6rin \u00ed su\u00f0ur og \u00ed boga til uppsprettunnar vi\u00f0 En Tapp\u00faa. <a name=\"8\"><span class=\"versanumer_2007\">8<\/span><\/a> Manasse hlaut landi\u00f0 umhverfis Tapp\u00faa en Tapp\u00faa sj\u00e1lfa, sem liggur a\u00f0 landi Manasse, hlutu Efra\u00edm\u00edtar. <a name=\"9\"><span class=\"versanumer_2007\">9<\/span><\/a> \u00dea\u00f0an l\u00e1gu landam\u00e6rin ni\u00f0ur a\u00f0 Kanagili en sunnan \u00feess voru borgir \u00ed eigu Efra\u00edms innan um borgir Manasse. Landam\u00e6ri Manasse voru nor\u00f0an vi\u00f0 gili\u00f0 og l\u00e1gu til hafs.<br \/> <a name=\"10\"><span class=\"versanumer_2007\">10<\/span><\/a> Landi\u00f0 sunnan \u00feess var eign Efra\u00edms en landi\u00f0 nor\u00f0an megin eign Manasse og r\u00e9\u00f0 hafi\u00f0 m\u00f6rkum.<br \/> <a name=\"11\"><span class=\"versanumer_2007\">11<\/span><\/a> \u00cd \u00cdssakar og Asser hlaut Manasse Bet Sean og \u00fe\u00e6r borgir sem heyr\u00f0u henni til og Jibleam og borgirnar sem heyr\u00f0u henni til og \u00edb\u00faa D\u00f3r, <a name=\"12\"><span class=\"versanumer_2007\">12<\/span><\/a> End\u00f3r og Taanak og borgirnar sem heyr\u00f0u \u00feeim til auk \u00edb\u00faa Megidd\u00f3 og borgirnar sem heyr\u00f0u henni til, \u00fea\u00f0 er h\u00e6\u00f0irnar \u00ferj\u00e1r. En ni\u00f0jum Manasse t\u00f3kst ekki a\u00f0 leggja \u00feessar borgir undir sig, \u00fev\u00ed g\u00e1tu Kanverjar b\u00fai\u00f0 \u00e1fram \u00ed landinu. <a name=\"13\"><span class=\"versanumer_2007\">13<\/span><\/a> \u00deegar \u00cdsraelsmenn efldust l\u00f6g\u00f0u \u00feeir kva\u00f0avinnu \u00e1 Kanverja en ekki g\u00e1tu \u00feeir hraki\u00f0 \u00fe\u00e1 me\u00f0 \u00f6llu \u00e1 brott.<\/p>\n<h3 class=\"millifyrirsogn_2007\">M\u00f3tm\u00e6li ni\u00f0ja J\u00f3sefs<\/h3>\n<p><a name=\"14\"><span class=\"versanumer_2007\">14<\/span><\/a> Ni\u00f0jar J\u00f3sefs b\u00e1ru sig upp vi\u00f0 J\u00f3s\u00faa og s\u00f6g\u00f0u: \u201eHvers vegna f\u00e9kkstu okkur a\u00f0eins einn erf\u00f0ahlut og eitt landsv\u00e6\u00f0i? \u00de\u00f3 erum vi\u00f0 fj\u00f6lmenn \u00fej\u00f3\u00f0 \u00fev\u00ed a\u00f0 Drottinn hefur blessa\u00f0 okkur hinga\u00f0 til.\u201c<br \/> <a name=\"15\"><span class=\"versanumer_2007\">15<\/span><\/a> J\u00f3s\u00faa svara\u00f0i: \u201eFyrst \u00fei\u00f0 eru\u00f0 svona fj\u00f6lmenn \u00fej\u00f3\u00f0 og of \u00fer\u00f6ngt um ykkur \u00ed fjalllendi Efra\u00edms, fari\u00f0 \u00fe\u00e1 upp \u00ed sk\u00f3glendi\u00f0 og ry\u00f0ji\u00f0 \u00fear land fyrir ykkur \u00ed landi Peres\u00edta og Refa\u00edta.\u201c<br \/> <a name=\"16\"><span class=\"versanumer_2007\">16<\/span><\/a> Ni\u00f0jar J\u00f3sefs sv\u00f6ru\u00f0u: \u201eFjalllendi\u00f0 n\u00e6gir okkur ekki og allir Kanverjarnir, sem b\u00faa \u00e1 sl\u00e9ttlendinu, eiga hervagna \u00far j\u00e1rni, b\u00e6\u00f0i \u00feeir sem b\u00faa \u00ed Bet Sean og borgunum sem teljast til hennar og \u00feeir sem b\u00faa \u00e1 Jesreelsl\u00e9ttunni.\u201c<br \/> <a name=\"17\"><span class=\"versanumer_2007\">17<\/span><\/a> \u00de\u00e1 svara\u00f0i J\u00f3s\u00faa \u00e6tt J\u00f3sefs, Efra\u00edm og Manasse: \u201e\u00de\u00fa ert fj\u00f6lmenn \u00fej\u00f3\u00f0 og m\u00e1ttug. \u00de\u00fa skalt ekki a\u00f0eins hlj\u00f3ta einn erf\u00f0ahlut <a name=\"18\"><span class=\"versanumer_2007\">18<\/span><\/a> heldur skal fjalllendi\u00f0 einnig ver\u00f0a \u00fe\u00edn eign. \u00dea\u00f0 er sk\u00f3gi vaxi\u00f0 og \u00fe\u00fa skalt ry\u00f0ja \u00fea\u00f0. Landi\u00f0 sem \u00fe\u00fa eignast \u00e1 \u00feennan h\u00e1tt skal ver\u00f0a \u00feitt. \u00de\u00f3tt Kanverjarnir eigi hervagna \u00far j\u00e1rni og s\u00e9u \u00f6flugir skaltu hrekja \u00fe\u00e1 \u00ed burtu.\u201c<span class=\"nedan_mal\" title=\" Annar lesh\u00e1ttur: \u00de\u00f3 a\u00f0 \u00fe\u00fa getir ekki hraki\u00f0 Kanverjana burtu \u00fev\u00ed a\u00f0 \u00feeir eiga hervagna \u00far j\u00e1rni og eru \u00f6flugir.\">[<\/span> <\/p>\n","protected":false},"excerpt":{"rendered":"<p>Hlutur ni\u00f0ja Manasse 1 \u00c6ttb\u00e1lkur Manasse f\u00e9kk me\u00f0 hlutkesti land \u00ed sinn hlut en Manasse var frumbur\u00f0ur J\u00f3sefs. Mak\u00edr, frumbur\u00f0ur Manasse og fa\u00f0ir G\u00edlea\u00f0s, sem var reyndur herma\u00f0ur, hlaut G\u00edlea\u00f0 og Basan. 2 A\u00f0rir ni\u00f0jar Manasse hlutu einnig erf\u00f0ahluti, hver \u00e6tt fyrir sig, synir Ab\u00edesers, synir Heleks, synir Asr\u00edels, synir Sekems, synir Hefers og synir Sem\u00edda. \u00deessir karlmenn voru ni\u00f0jar Manasse J\u00f3sefssonar, hver af sinni \u00e6tt. 3 En Selofha\u00f0 Hefersson, G\u00edlea\u00f0ssonar, Mak\u00edrssonar, Manassesonar, \u00e1tti enga syni, a\u00f0eins d\u00e6tur sem h\u00e9tu: Mahla, N\u00f3a, Hogla, Milka og Tirsa. 4 \u00de\u00e6r gengu fyrir Eleasar prest og J\u00f3s\u00faa N\u00fansson og \u00e6ttarh\u00f6f\u00f0ingjana og s\u00f6g\u00f0u: \u201eDrottinn <a href=\"https:\/\/biblian.is\/biblian\/josuabok-17-kafli\/\"> [&#8230;]<\/a><\/p>\n","protected":false},"author":1,"featured_media":0,"parent":0,"menu_order":0,"comment_status":"open","ping_status":"open","template":"bibliukaflar_NT.php","meta":{"footnotes":""},"class_list":["post-1821","page","type-page","status-publish","hentry"],"_links":{"self":[{"href":"https:\/\/biblian.is\/biblian\/wp-json\/wp\/v2\/pages\/1821","targetHints":{"allow":["GET"]}}],"collection":[{"href":"https:\/\/biblian.is\/biblian\/wp-json\/wp\/v2\/pages"}],"about":[{"href":"https:\/\/biblian.is\/biblian\/wp-json\/wp\/v2\/types\/page"}],"author":[{"embeddable":true,"href":"https:\/\/biblian.is\/biblian\/wp-json\/wp\/v2\/users\/1"}],"replies":[{"embeddable":true,"href":"https:\/\/biblian.is\/biblian\/wp-json\/wp\/v2\/comments?post=1821"}],"version-history":[{"count":0,"href":"https:\/\/biblian.is\/biblian\/wp-json\/wp\/v2\/pages\/1821\/revisions"}],"wp:attachment":[{"href":"https:\/\/biblian.is\/biblian\/wp-json\/wp\/v2\/media?parent=1821"}],"curies":[{"name":"wp","href":"https:\/\/api.w.org\/{rel}","templated":true}]}}