{"id":1820,"date":"2017-12-30T21:00:35","date_gmt":"2017-12-30T21:00:35","guid":{"rendered":"http:\/\/biblian.is\/biblian\/j%c2%97s%c2%9cab%c2%97k-16-kafli\/"},"modified":"2024-06-27T02:39:11","modified_gmt":"2024-06-27T02:39:11","slug":"josuabok-16-kafli","status":"publish","type":"page","link":"https:\/\/biblian.is\/biblian\/josuabok-16-kafli\/","title":{"rendered":"J\u00f3s\u00faab\u00f3k 16. kafli"},"content":{"rendered":"<h3 class=\"millifyrirsogn_2007\"> Landsv\u00e6\u00f0i ni\u00f0ja J\u00f3sefs<\/h3>\n<p><a name=\"1\"><span class=\"versanumer_2007\">1<\/span><\/a> Eftir hlutkesti kom \u00ed hlut ni\u00f0ja J\u00f3sefs land sem liggur fr\u00e1 J\u00f3rdan vi\u00f0 Jer\u00edk\u00f3 austur a\u00f0 vatninu vi\u00f0 Jer\u00edk\u00f3, inn \u00ed ey\u00f0im\u00f6rkina og upp \u00ed fjalllendi\u00f0 til Betel. <a name=\"2\"><span class=\"versanumer_2007\">2<\/span><\/a> Fr\u00e1 Betel l\u00e1gu landam\u00e6rin til L\u00fas og \u00fea\u00f0an yfir til lands Ark\u00edta vi\u00f0 Atar\u00f3t, <a name=\"3\"><span class=\"versanumer_2007\">3<\/span><\/a> \u00fea\u00f0an ofan \u00ed vestur\u00e1tt a\u00f0 landi Jaflet\u00edta og a\u00f0 landi Ne\u00f0ra-Bet H\u00f3ron og allt til Geser og \u00fea\u00f0an til hafs.<br \/> <a name=\"4\"><span class=\"versanumer_2007\">4<\/span><\/a> Manasse og Efra\u00edm, synir J\u00f3sefs, fengu einnig erf\u00f0ahlut.<\/p>\n<h3 class=\"millifyrirsogn_2007\">Hlutur ni\u00f0ja Efra\u00edms<\/h3>\n<p><a name=\"5\"><span class=\"versanumer_2007\">5<\/span><\/a> Landsv\u00e6\u00f0i ni\u00f0ja Efra\u00edms, hverrar \u00e6ttar fyrir sig, var sem h\u00e9r segir:<br \/>Landam\u00e6ri erf\u00f0alands \u00feeirra a\u00f0 austanver\u00f0u l\u00e1gu fr\u00e1 Ater\u00f3t Addar a\u00f0 Efra-Bet H\u00f3ron <a name=\"6\"><span class=\"versanumer_2007\">6<\/span><\/a> og \u00fea\u00f0an \u00fat til hafs. Fr\u00e1 Mikmetat \u00ed nor\u00f0ri sveig\u00f0u landam\u00e6rin \u00ed austur til Taanat S\u00edl\u00f3 og \u00fea\u00f0an enn til austurs til Jan\u00f3ka. <a name=\"7\"><span class=\"versanumer_2007\">7<\/span><\/a> Fr\u00e1 Jan\u00f3ka l\u00e1gu landam\u00e6rin ofan til Ater\u00f3t og Naarat, s\u00ed\u00f0an fast vi\u00f0 Jer\u00edk\u00f3 og \u00fea\u00f0an a\u00f0 J\u00f3rdan. <a name=\"8\"><span class=\"versanumer_2007\">8<\/span><\/a> Fr\u00e1 Tapp\u00faa l\u00e1gu landam\u00e6rin \u00ed vestur a\u00f0 Kanagilinu og \u00fea\u00f0an til hafs. \u00deetta var erf\u00f0aland ni\u00f0ja Efra\u00edms, hverrar \u00e6ttar fyrir sig. <a name=\"9\"><span class=\"versanumer_2007\">9<\/span><\/a> Auk \u00feess \u00e1ttu \u00feeir borgir sem a\u00f0greindar voru fyrir \u00fe\u00e1 \u00ed erf\u00f0alandi ni\u00f0ja Manasse, borgirnar sj\u00e1lfar og \u00feorpin sem heyr\u00f0u \u00feeim til.<br \/> <a name=\"10\"><span class=\"versanumer_2007\">10<\/span><\/a> En Efra\u00edm\u00edtar g\u00e1tu ekki hraki\u00f0 Kanverjana sem bjuggu \u00ed Geser \u00e1 brott. \u00deess vegna b\u00faa Kanverjar me\u00f0al Efra\u00edmsni\u00f0ja allt til \u00feessa dags og eru l\u00e1tnir vinna \u00fer\u00e6lkunarvinnu.<\/p>\n","protected":false},"excerpt":{"rendered":"<p>Landsv\u00e6\u00f0i ni\u00f0ja J\u00f3sefs 1 Eftir hlutkesti kom \u00ed hlut ni\u00f0ja J\u00f3sefs land sem liggur fr\u00e1 J\u00f3rdan vi\u00f0 Jer\u00edk\u00f3 austur a\u00f0 vatninu vi\u00f0 Jer\u00edk\u00f3, inn \u00ed ey\u00f0im\u00f6rkina og upp \u00ed fjalllendi\u00f0 til Betel. 2 Fr\u00e1 Betel l\u00e1gu landam\u00e6rin til L\u00fas og \u00fea\u00f0an yfir til lands Ark\u00edta vi\u00f0 Atar\u00f3t, 3 \u00fea\u00f0an ofan \u00ed vestur\u00e1tt a\u00f0 landi Jaflet\u00edta og a\u00f0 landi Ne\u00f0ra-Bet H\u00f3ron og allt til Geser og \u00fea\u00f0an til hafs. 4 Manasse og Efra\u00edm, synir J\u00f3sefs, fengu einnig erf\u00f0ahlut. Hlutur ni\u00f0ja Efra\u00edms 5 Landsv\u00e6\u00f0i ni\u00f0ja Efra\u00edms, hverrar \u00e6ttar fyrir sig, var sem h\u00e9r segir:Landam\u00e6ri erf\u00f0alands \u00feeirra a\u00f0 austanver\u00f0u l\u00e1gu fr\u00e1 Ater\u00f3t Addar <a href=\"https:\/\/biblian.is\/biblian\/josuabok-16-kafli\/\"> [&#8230;]<\/a><\/p>\n","protected":false},"author":1,"featured_media":0,"parent":0,"menu_order":0,"comment_status":"open","ping_status":"open","template":"bibliukaflar_NT.php","meta":{"footnotes":""},"class_list":["post-1820","page","type-page","status-publish","hentry"],"_links":{"self":[{"href":"https:\/\/biblian.is\/biblian\/wp-json\/wp\/v2\/pages\/1820","targetHints":{"allow":["GET"]}}],"collection":[{"href":"https:\/\/biblian.is\/biblian\/wp-json\/wp\/v2\/pages"}],"about":[{"href":"https:\/\/biblian.is\/biblian\/wp-json\/wp\/v2\/types\/page"}],"author":[{"embeddable":true,"href":"https:\/\/biblian.is\/biblian\/wp-json\/wp\/v2\/users\/1"}],"replies":[{"embeddable":true,"href":"https:\/\/biblian.is\/biblian\/wp-json\/wp\/v2\/comments?post=1820"}],"version-history":[{"count":0,"href":"https:\/\/biblian.is\/biblian\/wp-json\/wp\/v2\/pages\/1820\/revisions"}],"wp:attachment":[{"href":"https:\/\/biblian.is\/biblian\/wp-json\/wp\/v2\/media?parent=1820"}],"curies":[{"name":"wp","href":"https:\/\/api.w.org\/{rel}","templated":true}]}}