{"id":1819,"date":"2017-12-30T21:00:35","date_gmt":"2017-12-30T21:00:35","guid":{"rendered":"http:\/\/biblian.is\/biblian\/j%c2%97s%c2%9cab%c2%97k-15-kafli\/"},"modified":"2024-06-27T02:39:11","modified_gmt":"2024-06-27T02:39:11","slug":"josuabok-15-kafli","status":"publish","type":"page","link":"https:\/\/biblian.is\/biblian\/josuabok-15-kafli\/","title":{"rendered":"J\u00f3s\u00faab\u00f3k 15. kafli"},"content":{"rendered":"<h3 class=\"millifyrirsogn_2007\"> Land \u00e6ttb\u00e1lks J\u00fada<\/h3>\n<p><a name=\"1\"><span class=\"versanumer_2007\">1<\/span><\/a> \u00dea\u00f0 land sem \u00e6ttb\u00e1lki ni\u00f0ja J\u00fada, hverri \u00e6tt fyrir sig, f\u00e9ll til eftir hlutkesti, l\u00e1 a\u00f0 landsv\u00e6\u00f0i Ed\u00f3ms og su\u00f0ur a\u00f0 S\u00edney\u00f0im\u00f6rk lengst \u00ed su\u00f0ri. <a name=\"2\"><span class=\"versanumer_2007\">2<\/span><\/a> Su\u00f0urlandam\u00e6ri \u00feeirra l\u00e1gu fr\u00e1 str\u00f6nd Saltasj\u00e1var,<span class=\"nedan_mal\" title=\" \u00de.e. Dau\u00f0ahafsins.\">[<\/span> fr\u00e1 v\u00edkinni vi\u00f0 su\u00f0urenda vatnsins. <a name=\"3\"><span class=\"versanumer_2007\">3<\/span><\/a> \u00dea\u00f0an liggja \u00feau sunnan vi\u00f0 Spor\u00f0drekast\u00edginn og til S\u00edn, s\u00ed\u00f0an upp \u00e1 vi\u00f0 sunnan vi\u00f0 Kades Barnea, \u00fe\u00e1 yfir til Hesr\u00f3n, \u00fea\u00f0an upp til Adar og \u00ed boga til Karka. <a name=\"4\"><span class=\"versanumer_2007\">4<\/span><\/a> \u00de\u00e1 liggja \u00feau til Asm\u00f3n og allt a\u00f0 Egyptalands\u00e1 og loks til sj\u00e1var. \u00deetta eru su\u00f0urlandam\u00e6ri J\u00fada\u00e6ttb\u00e1lks.<br \/> <a name=\"5\"><span class=\"versanumer_2007\">5<\/span><\/a> Austurlandam\u00e6rin voru Saltavatn a\u00f0 \u00f3sum J\u00f3rdanar.<br \/>Landam\u00e6rin nor\u00f0an megin l\u00e1gu fr\u00e1 v\u00edkinni vi\u00f0 \u00f3sa J\u00f3rdanar, <a name=\"6\"><span class=\"versanumer_2007\">6<\/span><\/a> \u00fea\u00f0an upp til Bet Hogla og \u00e1fram nor\u00f0an vi\u00f0 Bet Araba og a\u00f0 steini B\u00f3hans R\u00fabenssonar. <a name=\"7\"><span class=\"versanumer_2007\">7<\/span><\/a> S\u00ed\u00f0an l\u00e1gu landam\u00e6rin upp fr\u00e1 Akordalnum til Deb\u00edr og \u00fea\u00f0an \u00ed nor\u00f0ur til Gilgal gegnt st\u00edgnum til Ad\u00famm\u00edm sem er sunnan vi\u00f0 gili\u00f0. \u00dea\u00f0an l\u00e1gu landam\u00e6rin yfir a\u00f0 En-Semesvatni og \u00fea\u00f0an \u00ed stefnu a\u00f0 R\u00f3gellind. <a name=\"8\"><span class=\"versanumer_2007\">8<\/span><\/a> \u00deau l\u00e1gu upp Hinnomssonardal sunnan vi\u00f0 fjalls\u00f6xl Jeb\u00fas\u00edta, \u00fea\u00f0 er Jer\u00fasalem. \u00dea\u00f0an l\u00e1gu \u00feau upp \u00e1 tind fjallsins sem er vestur af Hinnomssonardal vi\u00f0 nor\u00f0urenda Refa\u00edmsl\u00e9ttu. <a name=\"9\"><span class=\"versanumer_2007\">9<\/span><\/a> Fr\u00e1 fjallstindinum sveig\u00f0u landam\u00e6rin ni\u00f0ur a\u00f0 Neft\u00f3alind og l\u00e1gu \u00fea\u00f0an til borganna \u00e1 Efronfjalli. \u00de\u00e1 sveig\u00f0u landam\u00e6rin ni\u00f0ur \u00ed \u00e1tt til Baala, \u00fea\u00f0 er Kirjat Jear\u00edm. <a name=\"10\"><span class=\"versanumer_2007\">10<\/span><\/a> Fr\u00e1 Baala sveig\u00f0u landam\u00e6rin \u00ed vestur \u00ed \u00e1tt a\u00f0 Se\u00edrfjalli, s\u00ed\u00f0an yfir \u00e1 nor\u00f0ur\u00f6xl Jear\u00edmfjalls, \u00fea\u00f0 er Kesalon, \u00fea\u00f0an ofan til Bet Semes og \u00fea\u00f0an yfir til Timna. <a name=\"11\"><span class=\"versanumer_2007\">11<\/span><\/a> \u00de\u00e1 l\u00e1gu landam\u00e6rin \u00fat a\u00f0 nor\u00f0ur\u00f6xl Ekron, sveig\u00f0u \u00ed \u00e1tt a\u00f0 S\u00edkr\u00f3n, s\u00ed\u00f0an yfir til Baalafjalls og \u00fev\u00ed n\u00e6st \u00fat dalinn til Jabneel og loks til sj\u00e1var.<br \/> <a name=\"12\"><span class=\"versanumer_2007\">12<\/span><\/a> Vesturm\u00f6rkin voru hafi\u00f0 mikla og str\u00f6ndin. \u00deetta voru landam\u00e6rin umhverfis land J\u00fadamanna, allra \u00e6tta \u00feeirra.<\/p>\n<h3 class=\"millifyrirsogn_2007\">Kaleb og Aksa, d\u00f3ttir hans<\/h3>\n<p><a name=\"13\"><span class=\"versanumer_2007\">13<\/span><\/a> J\u00f3s\u00faa f\u00e9kk Kaleb Jef\u00fannesyni landspildu mitt \u00e1 me\u00f0al J\u00fadamanna, eins og Drottinn haf\u00f0i bo\u00f0i\u00f0 honum. Var \u00fea\u00f0 Kirjat Arba en Arba var fa\u00f0ir Anaks, \u00fea\u00f0 er Hebron. <a name=\"14\"><span class=\"versanumer_2007\">14<\/span><\/a> Kalek fl\u00e6mdi \u00ferj\u00e1 syni Anaks \u00fea\u00f0an, \u00fe\u00e1 Sesa\u00ed, Ah\u00edman og Talma\u00ed.<br \/> <a name=\"15\"><span class=\"versanumer_2007\">15<\/span><\/a> \u00dea\u00f0an h\u00e9lt hann gegn \u00edb\u00faum Deb\u00edr sem \u00e1\u00f0ur nefndist Kirjat Sefer. <a name=\"16\"><span class=\"versanumer_2007\">16<\/span><\/a> \u00de\u00e1 sag\u00f0i Kaleb: \u201e\u00deeim mun \u00e9g gefa Aksa, d\u00f3ttur m\u00edna, a\u00f0 konu sem sigrar Kirjat Sefer og n\u00e6r henni \u00e1 sitt vald.\u201c<br \/> <a name=\"17\"><span class=\"versanumer_2007\">17<\/span><\/a> Otn\u00edel Kenasson, br\u00f3\u00f0ir Kalebs, n\u00e1\u00f0i borginni og Kaleb gaf honum Aksa, d\u00f3ttur s\u00edna, a\u00f0 eiginkonu. <a name=\"18\"><span class=\"versanumer_2007\">18<\/span><\/a> \u00deegar h\u00fan kom til hans f\u00e9kk hann hana til a\u00f0 bi\u00f0ja f\u00f6\u00f0ur sinn um akurland. \u00deegar h\u00fan steig af asnanum spur\u00f0i Kaleb hana: \u201eHva\u00f0 vilt \u00fe\u00fa?\u201c <a name=\"19\"><span class=\"versanumer_2007\">19<\/span><\/a> H\u00fan svara\u00f0i: \u201eBlessa\u00f0u mig me\u00f0 gj\u00f6f. \u00de\u00fa gafst mig til hins skr\u00e6lna\u00f0a Su\u00f0urlands, gef\u00f0u m\u00e9r \u00fev\u00ed brunna me\u00f0 vatni.\u201c \u00de\u00e1 gaf Kaleb henni efri og ne\u00f0ri brunnana.<\/p>\n<h3 class=\"millifyrirsogn_2007\">Borgirnar \u00ed J\u00fada<\/h3>\n<p><a name=\"20\"><span class=\"versanumer_2007\">20<\/span><\/a> \u00deetta er erf\u00f0aland ni\u00f0ja J\u00fada, hverrar \u00e6ttar fyrir sig. <a name=\"21\"><span class=\"versanumer_2007\">21<\/span><\/a> \u00deetta eru borgirnar \u00e1 landsv\u00e6\u00f0i \u00e6ttb\u00e1lks ni\u00f0ja J\u00fada:<br \/>Borgirnar \u00e1 landi \u00e6ttb\u00e1lks J\u00fadani\u00f0ja \u00ed Su\u00f0urlandinu vi\u00f0 landam\u00e6rin a\u00f0 Ed\u00f3m voru \u00feessar: Kabseel, Eder, Jag\u00far, <a name=\"22\"><span class=\"versanumer_2007\">22<\/span><\/a> K\u00edna, D\u00edm\u00f3na, Adada, <a name=\"23\"><span class=\"versanumer_2007\">23<\/span><\/a> Kedes, Has\u00f3r og J\u00edtnan, <a name=\"24\"><span class=\"versanumer_2007\">24<\/span><\/a> S\u00edf, Telem, Beal\u00f3t, <a name=\"25\"><span class=\"versanumer_2007\">25<\/span><\/a> Has\u00f3r Hadatta og Ker\u00edj\u00f3t Hesr\u00f3n, \u00fea\u00f0 er Has\u00f3r, <a name=\"26\"><span class=\"versanumer_2007\">26<\/span><\/a> Amam, Sema, M\u00f3lada, <a name=\"27\"><span class=\"versanumer_2007\">27<\/span><\/a> Hasar Gadda, Hesmon, Bet Pelet, <a name=\"28\"><span class=\"versanumer_2007\">28<\/span><\/a> Hasar S\u00faal, Beerseba og borgirnar sem henni heyr\u00f0u til, <a name=\"29\"><span class=\"versanumer_2007\">29<\/span><\/a> Baala, Ij\u00edm, Esem, <a name=\"30\"><span class=\"versanumer_2007\">30<\/span><\/a> Elt\u00f3la\u00f0, Kes\u00edl, Horma, <a name=\"31\"><span class=\"versanumer_2007\">31<\/span><\/a> Siklag, Madmanna, Sansanna, <a name=\"32\"><span class=\"versanumer_2007\">32<\/span><\/a> Leba\u00f3t, Silh\u00edm, Ain og Rimmon, alls tuttugu og n\u00edu borgir \u00e1samt \u00feorpunum sem \u00feeim heyr\u00f0u til.<br \/> <a name=\"33\"><span class=\"versanumer_2007\">33<\/span><\/a> \u00c1 l\u00e1glendinu voru \u00feessar borgir: Esta\u00f3l, S\u00f3rea, Asna, <a name=\"34\"><span class=\"versanumer_2007\">34<\/span><\/a> San\u00f3a, En Gann\u00edm, Tapp\u00faa og Enam, <a name=\"35\"><span class=\"versanumer_2007\">35<\/span><\/a> Jarm\u00fat, Ad\u00fallam, S\u00f3k\u00f3, Aseka, <a name=\"36\"><span class=\"versanumer_2007\">36<\/span><\/a> Saara\u00edm, Ad\u00edta\u00edm, Gedera og Geder\u00f3ta\u00edm, alls fj\u00f3rt\u00e1n borgir og \u00feorpin sem heyr\u00f0u \u00feeim til. <a name=\"37\"><span class=\"versanumer_2007\">37<\/span><\/a> Senan, Hadasa, Migdal Ga\u00f0, <a name=\"38\"><span class=\"versanumer_2007\">38<\/span><\/a> D\u00edlean, Mispe, Jokteel, <a name=\"39\"><span class=\"versanumer_2007\">39<\/span><\/a> Lak\u00eds, Boskat, Eglon, <a name=\"40\"><span class=\"versanumer_2007\">40<\/span><\/a> Kabb\u00f3n, Lahmas, Kitl\u00eds, <a name=\"41\"><span class=\"versanumer_2007\">41<\/span><\/a> Geder\u00f3t, Bet Dag\u00f3n, Naama og Makkeda, alls sext\u00e1n borgir og \u00feorpin sem heyr\u00f0u \u00feeim til. <a name=\"42\"><span class=\"versanumer_2007\">42<\/span><\/a> L\u00edbna, Eter, Asan, <a name=\"43\"><span class=\"versanumer_2007\">43<\/span><\/a> Jifta, Asna, Nes\u00edb, <a name=\"44\"><span class=\"versanumer_2007\">44<\/span><\/a> Keg\u00edla, Aks\u00edb og Maresa, alls n\u00edu borgir og \u00feorpin sem heyr\u00f0u \u00feeim til. <a name=\"45\"><span class=\"versanumer_2007\">45<\/span><\/a> Ekron og minni b\u00e6ir og \u00feorp sem heyr\u00f0u henni til, <a name=\"46\"><span class=\"versanumer_2007\">46<\/span><\/a> og allar borgir fr\u00e1 Ekron, n\u00e6rri Asd\u00f3d, og \u00feorpin sem heyr\u00f0u \u00feeim til, <a name=\"47\"><span class=\"versanumer_2007\">47<\/span><\/a> Asd\u00f3d og minni b\u00e6ir og \u00feorp sem heyra henni til og Gasa og minni b\u00e6ir og \u00feorp sem heyra henni til, allt a\u00f0 Egyptalands\u00e1 og hafinu mikla og str\u00f6ndinni.<br \/> <a name=\"48\"><span class=\"versanumer_2007\">48<\/span><\/a> \u00cd fjalllendinu voru \u00feessar borgir: Sam\u00edr, Jatt\u00edr, S\u00f3k\u00f3, <a name=\"49\"><span class=\"versanumer_2007\">49<\/span><\/a> Danna, Kirjat Sanna, \u00fea\u00f0 er Deb\u00edr, <a name=\"50\"><span class=\"versanumer_2007\">50<\/span><\/a> Anab, Estem\u00f3, An\u00edm, <a name=\"51\"><span class=\"versanumer_2007\">51<\/span><\/a> G\u00f3sen, H\u00f3lon og G\u00edl\u00f3, alls ellefu borgir og \u00feorpin sem \u00feeim heyr\u00f0u til. <a name=\"52\"><span class=\"versanumer_2007\">52<\/span><\/a> Arab, D\u00fama, Esean, <a name=\"53\"><span class=\"versanumer_2007\">53<\/span><\/a> Jan\u00fam, Bet Tapp\u00faa, Afeka, <a name=\"54\"><span class=\"versanumer_2007\">54<\/span><\/a> H\u00famta, Kirjat Arba, \u00fea\u00f0 er Hebron, og S\u00edor, alls n\u00edu borgir og \u00feorpin sem heyr\u00f0u \u00feeim til. <a name=\"55\"><span class=\"versanumer_2007\">55<\/span><\/a> Maon, Karmel, S\u00edf, J\u00fata, <a name=\"56\"><span class=\"versanumer_2007\">56<\/span><\/a> Jesreel, Jokdeam, San\u00f3a, <a name=\"57\"><span class=\"versanumer_2007\">57<\/span><\/a> Ka\u00edn, G\u00edbea og Timna, alls t\u00edu borgir og \u00feorpin sem heyra \u00feeim til. <a name=\"58\"><span class=\"versanumer_2007\">58<\/span><\/a> Halh\u00fal, Bet S\u00far, Ged\u00f3r, <a name=\"59\"><span class=\"versanumer_2007\">59<\/span><\/a> Maarat, Bet An\u00f3t og Eltek\u00f3n, alls sex borgir og \u00feorpin sem heyr\u00f0u \u00feeim til. Tek\u00f3a, Efrata, \u00fea\u00f0 er Betlehem, Fag\u00f3r Etam, K\u00falon, Tatami, S\u00f3res, Karem, Gall\u00edm, Baiter og Man\u00f3k\u00f3, alls ellefu borgir og \u00feorpin sem heyr\u00f0u \u00feeim til. <a name=\"60\"><span class=\"versanumer_2007\">60<\/span><\/a> Kirjat Baal, \u00fea\u00f0 er Kirjat Jear\u00edm, og Rabba, tv\u00e6r borgir og \u00feorpin sem heyr\u00f0u \u00feeim til.<br \/> <a name=\"61\"><span class=\"versanumer_2007\">61<\/span><\/a> \u00cd ey\u00f0im\u00f6rkinni voru \u00feessar borgir: Bet Araba, Midd\u00edn, Sekaka, <a name=\"62\"><span class=\"versanumer_2007\">62<\/span><\/a> Nibsan, Saltborgin og Enged\u00ed, alls sex borgir og \u00feorpin sem heyr\u00f0u \u00feeim til.<br \/> <a name=\"63\"><span class=\"versanumer_2007\">63<\/span><\/a> J\u00fadamenn g\u00e1tu ekki hraki\u00f0 Jeb\u00fas\u00edtana sem bjuggu \u00ed Jer\u00fasalem burt svo a\u00f0 Jeb\u00fas\u00edtar b\u00faa \u00ed Jer\u00fasalem \u00e1samt J\u00fadam\u00f6nnum enn \u00ed dag.<\/p>\n","protected":false},"excerpt":{"rendered":"<p>Land \u00e6ttb\u00e1lks J\u00fada 1 \u00dea\u00f0 land sem \u00e6ttb\u00e1lki ni\u00f0ja J\u00fada, hverri \u00e6tt fyrir sig, f\u00e9ll til eftir hlutkesti, l\u00e1 a\u00f0 landsv\u00e6\u00f0i Ed\u00f3ms og su\u00f0ur a\u00f0 S\u00edney\u00f0im\u00f6rk lengst \u00ed su\u00f0ri. 2 Su\u00f0urlandam\u00e6ri \u00feeirra l\u00e1gu fr\u00e1 str\u00f6nd Saltasj\u00e1var,[ fr\u00e1 v\u00edkinni vi\u00f0 su\u00f0urenda vatnsins. 3 \u00dea\u00f0an liggja \u00feau sunnan vi\u00f0 Spor\u00f0drekast\u00edginn og til S\u00edn, s\u00ed\u00f0an upp \u00e1 vi\u00f0 sunnan vi\u00f0 Kades Barnea, \u00fe\u00e1 yfir til Hesr\u00f3n, \u00fea\u00f0an upp til Adar og \u00ed boga til Karka. 4 \u00de\u00e1 liggja \u00feau til Asm\u00f3n og allt a\u00f0 Egyptalands\u00e1 og loks til sj\u00e1var. \u00deetta eru su\u00f0urlandam\u00e6ri J\u00fada\u00e6ttb\u00e1lks. 5 Austurlandam\u00e6rin voru Saltavatn a\u00f0 \u00f3sum J\u00f3rdanar.Landam\u00e6rin nor\u00f0an megin l\u00e1gu <a href=\"https:\/\/biblian.is\/biblian\/josuabok-15-kafli\/\"> [&#8230;]<\/a><\/p>\n","protected":false},"author":1,"featured_media":0,"parent":0,"menu_order":0,"comment_status":"open","ping_status":"open","template":"bibliukaflar_NT.php","meta":{"footnotes":""},"class_list":["post-1819","page","type-page","status-publish","hentry"],"_links":{"self":[{"href":"https:\/\/biblian.is\/biblian\/wp-json\/wp\/v2\/pages\/1819","targetHints":{"allow":["GET"]}}],"collection":[{"href":"https:\/\/biblian.is\/biblian\/wp-json\/wp\/v2\/pages"}],"about":[{"href":"https:\/\/biblian.is\/biblian\/wp-json\/wp\/v2\/types\/page"}],"author":[{"embeddable":true,"href":"https:\/\/biblian.is\/biblian\/wp-json\/wp\/v2\/users\/1"}],"replies":[{"embeddable":true,"href":"https:\/\/biblian.is\/biblian\/wp-json\/wp\/v2\/comments?post=1819"}],"version-history":[{"count":0,"href":"https:\/\/biblian.is\/biblian\/wp-json\/wp\/v2\/pages\/1819\/revisions"}],"wp:attachment":[{"href":"https:\/\/biblian.is\/biblian\/wp-json\/wp\/v2\/media?parent=1819"}],"curies":[{"name":"wp","href":"https:\/\/api.w.org\/{rel}","templated":true}]}}