{"id":1818,"date":"2017-12-30T21:00:35","date_gmt":"2017-12-30T21:00:35","guid":{"rendered":"http:\/\/biblian.is\/biblian\/j%c2%97s%c2%9cab%c2%97k-14-kafli\/"},"modified":"2024-06-27T02:39:11","modified_gmt":"2024-06-27T02:39:11","slug":"josuabok-14-kafli","status":"publish","type":"page","link":"https:\/\/biblian.is\/biblian\/josuabok-14-kafli\/","title":{"rendered":"J\u00f3s\u00faab\u00f3k 14. kafli"},"content":{"rendered":"<h3 class=\"millifyrirsogn_2007\"> Skipting landsins vestan vi\u00f0 J\u00f3rdan<\/h3>\n<p><a name=\"1\"><span class=\"versanumer_2007\">1<\/span><\/a> \u00deetta eru landsv\u00e6\u00f0in sem \u00cdsraelsmenn t\u00f3ku sem erf\u00f0ahlut \u00ed Kanaanslandi og Eleasar prestur, J\u00f3s\u00faa N\u00fansson og lei\u00f0togar \u00e6ttb\u00e1lka \u00cdsraelsmanna \u00fathlutu\u00f0u \u00feeim. <a name=\"2\"><span class=\"versanumer_2007\">2<\/span><\/a> \u00deeir \u00fathlutu\u00f0u \u00feessum n\u00edu og h\u00e1lfa \u00e6ttb\u00e1lki erf\u00f0ahlutum me\u00f0 hlutkesti, eins og Drottinn haf\u00f0i bo\u00f0i\u00f0 fyrir munn M\u00f3se. <a name=\"3\"><span class=\"versanumer_2007\">3<\/span><\/a> \u00dev\u00ed a\u00f0 M\u00f3se haf\u00f0i \u00feegar fengi\u00f0 tveimur og h\u00e1lfum \u00e6ttb\u00e1lki erf\u00f0ahluti handan vi\u00f0 J\u00f3rdan en Lev\u00edtum haf\u00f0i hann ekki fengi\u00f0 erf\u00f0ahluti me\u00f0al hinna.<br \/> <a name=\"4\"><span class=\"versanumer_2007\">4<\/span><\/a> Ni\u00f0jar J\u00f3sefs voru tveir \u00e6ttb\u00e1lkar, Manasse og Efra\u00edm. En \u00feeir fengu Lev\u00edtunum engan erf\u00f0ahlut \u00ed landinu, a\u00f0eins borgir til a\u00f0 b\u00faa \u00ed og beitil\u00f6ndin sem a\u00f0 \u00feeim l\u00e1gu fyrir b\u00faf\u00e9 \u00feeirra.<br \/> <a name=\"5\"><span class=\"versanumer_2007\">5<\/span><\/a> \u00cdsraelsmenn framfylgdu \u00fev\u00ed sem Drottinn haf\u00f0i bo\u00f0i\u00f0 M\u00f3se \u00feegar \u00feeir skiptu landinu.<br \/> <a name=\"6\"><span class=\"versanumer_2007\">6<\/span><\/a> \u00de\u00e1 komu J\u00fadamenn til J\u00f3s\u00faa \u00ed Gilgal og Kaleb Jef\u00fanneson, sem var Kenis\u00edti, sag\u00f0i vi\u00f0 hann: \u201e\u00de\u00fa veist sj\u00e1lfur hva\u00f0 Drottinn sag\u00f0i vi\u00f0 gu\u00f0smanninn M\u00f3se \u00ed Kades Barnea um m\u00edn m\u00e1l og \u00fe\u00edn. <a name=\"7\"><span class=\"versanumer_2007\">7<\/span><\/a> \u00c9g var fertugur \u00feegar M\u00f3se, \u00fej\u00f3nn Drottins, sendi mig fr\u00e1 Kades Barnea til \u00feess a\u00f0 kanna landi\u00f0. \u00c9g greindi honum fr\u00e1 \u00fev\u00ed sem \u00e9g haf\u00f0i or\u00f0i\u00f0 v\u00edsari <a name=\"8\"><span class=\"versanumer_2007\">8<\/span><\/a> en br\u00e6\u00f0ur m\u00ednir, sem me\u00f0 m\u00e9r h\u00f6f\u00f0u fari\u00f0, ger\u00f0u f\u00f3lki\u00f0 hugdeigt. En sj\u00e1lfur fylgdi \u00e9g Drottni, Gu\u00f0i m\u00ednum, heils hugar. <a name=\"9\"><span class=\"versanumer_2007\">9<\/span><\/a> \u00deennan dag s\u00f3r M\u00f3se: Landi\u00f0, sem \u00fe\u00fa steigst \u00e1, skal \u00e6vinlega ver\u00f0a erf\u00f0ahlutur \u00feinn og ni\u00f0ja \u00feinna af \u00fev\u00ed a\u00f0 \u00fe\u00fa fylgdir Drottni, Gu\u00f0i \u00fe\u00ednum, heils hugar. <a name=\"10\"><span class=\"versanumer_2007\">10<\/span><\/a> Eins og \u00fe\u00fa s\u00e9r\u00f0 hefur Drottinn l\u00e1ti\u00f0 mig lifa, eins og hann h\u00e9t. N\u00fa eru fj\u00f6rut\u00edu og fimm \u00e1r li\u00f0in s\u00ed\u00f0an Drottinn flutti M\u00f3se \u00feennan bo\u00f0skap og \u00feann t\u00edma hefur \u00cdsrael veri\u00f0 \u00e1 fer\u00f0 \u00ed ey\u00f0im\u00f6rkinni. Og h\u00e9r er \u00e9g n\u00fa eins og \u00fe\u00fa veist og or\u00f0inn h\u00e1lfn\u00edr\u00e6\u00f0ur. <a name=\"11\"><span class=\"versanumer_2007\">11<\/span><\/a> Enn er \u00e9g jafnkr\u00f6ftugur og daginn sem M\u00f3se sendi mig, enn jafnstyrkur og \u00fe\u00e1, hvort heldur sem er til a\u00f0 berjast e\u00f0a halda \u00ed lei\u00f0angur og sn\u00faa heim aftur. <a name=\"12\"><span class=\"versanumer_2007\">12<\/span><\/a> F\u00e1\u00f0u m\u00e9r fjalllendi\u00f0 sem Drottinn tala\u00f0i um \u00feennan dag. Sj\u00e1lfur heyr\u00f0ir \u00fe\u00fa \u00feennan dag a\u00f0 Anak\u00edtar eru \u00fear og miklar v\u00edggirtar borgir. En ef til vill er Drottinn me\u00f0 m\u00e9r svo a\u00f0 \u00e9g geti hraki\u00f0 \u00fe\u00e1 burt, eins og Drottinn sag\u00f0i.\u201c<br \/> <a name=\"13\"><span class=\"versanumer_2007\">13<\/span><\/a> \u00de\u00e1 blessa\u00f0i J\u00f3s\u00faa Kaleb Jef\u00fannesson og f\u00e9kk honum Hebron a\u00f0 erf\u00f0ahlut. <a name=\"14\"><span class=\"versanumer_2007\">14<\/span><\/a> \u00deess vegna hefur Hebron veri\u00f0 erf\u00f0ahlutur Kenis\u00edtans Kalebs Jef\u00fannesonar til \u00feessa dags. <a name=\"15\"><span class=\"versanumer_2007\">15<\/span><\/a> Hebron h\u00e9t \u00e1\u00f0ur Kirjat Arba eftir Arba sem var mestur me\u00f0al Anak\u00edta. N\u00fa l\u00e9tti \u00f3fri\u00f0i af landinu.<\/p>\n","protected":false},"excerpt":{"rendered":"<p>Skipting landsins vestan vi\u00f0 J\u00f3rdan 1 \u00deetta eru landsv\u00e6\u00f0in sem \u00cdsraelsmenn t\u00f3ku sem erf\u00f0ahlut \u00ed Kanaanslandi og Eleasar prestur, J\u00f3s\u00faa N\u00fansson og lei\u00f0togar \u00e6ttb\u00e1lka \u00cdsraelsmanna \u00fathlutu\u00f0u \u00feeim. 2 \u00deeir \u00fathlutu\u00f0u \u00feessum n\u00edu og h\u00e1lfa \u00e6ttb\u00e1lki erf\u00f0ahlutum me\u00f0 hlutkesti, eins og Drottinn haf\u00f0i bo\u00f0i\u00f0 fyrir munn M\u00f3se. 3 \u00dev\u00ed a\u00f0 M\u00f3se haf\u00f0i \u00feegar fengi\u00f0 tveimur og h\u00e1lfum \u00e6ttb\u00e1lki erf\u00f0ahluti handan vi\u00f0 J\u00f3rdan en Lev\u00edtum haf\u00f0i hann ekki fengi\u00f0 erf\u00f0ahluti me\u00f0al hinna. 4 Ni\u00f0jar J\u00f3sefs voru tveir \u00e6ttb\u00e1lkar, Manasse og Efra\u00edm. En \u00feeir fengu Lev\u00edtunum engan erf\u00f0ahlut \u00ed landinu, a\u00f0eins borgir til a\u00f0 b\u00faa \u00ed og beitil\u00f6ndin sem a\u00f0 \u00feeim l\u00e1gu fyrir <a href=\"https:\/\/biblian.is\/biblian\/josuabok-14-kafli\/\"> [&#8230;]<\/a><\/p>\n","protected":false},"author":1,"featured_media":0,"parent":0,"menu_order":0,"comment_status":"open","ping_status":"open","template":"bibliukaflar_NT.php","meta":{"footnotes":""},"class_list":["post-1818","page","type-page","status-publish","hentry"],"_links":{"self":[{"href":"https:\/\/biblian.is\/biblian\/wp-json\/wp\/v2\/pages\/1818","targetHints":{"allow":["GET"]}}],"collection":[{"href":"https:\/\/biblian.is\/biblian\/wp-json\/wp\/v2\/pages"}],"about":[{"href":"https:\/\/biblian.is\/biblian\/wp-json\/wp\/v2\/types\/page"}],"author":[{"embeddable":true,"href":"https:\/\/biblian.is\/biblian\/wp-json\/wp\/v2\/users\/1"}],"replies":[{"embeddable":true,"href":"https:\/\/biblian.is\/biblian\/wp-json\/wp\/v2\/comments?post=1818"}],"version-history":[{"count":0,"href":"https:\/\/biblian.is\/biblian\/wp-json\/wp\/v2\/pages\/1818\/revisions"}],"wp:attachment":[{"href":"https:\/\/biblian.is\/biblian\/wp-json\/wp\/v2\/media?parent=1818"}],"curies":[{"name":"wp","href":"https:\/\/api.w.org\/{rel}","templated":true}]}}