{"id":1817,"date":"2017-12-30T21:00:30","date_gmt":"2017-12-30T21:00:30","guid":{"rendered":"http:\/\/biblian.is\/biblian\/j%c2%97s%c2%9cab%c2%97k-13-kafli\/"},"modified":"2024-06-27T02:39:10","modified_gmt":"2024-06-27T02:39:10","slug":"josuabok-13-kafli","status":"publish","type":"page","link":"https:\/\/biblian.is\/biblian\/josuabok-13-kafli\/","title":{"rendered":"J\u00f3s\u00faab\u00f3k 13. kafli"},"content":{"rendered":"<h2 class=\"millifyrirsogn_2007\">Landinu skipt <\/h2>\n<h3 class=\"millifyrirsogn_2007\">\u00d3sigra\u00f0 land<\/h3>\n<p><a name=\"1\"><span class=\"versanumer_2007\">1<\/span><\/a> \u00deegar J\u00f3s\u00faa var or\u00f0inn gamall og hniginn a\u00f0 aldri sag\u00f0i Drottinn vi\u00f0 hann: \u201e\u00de\u00fa ert or\u00f0inn gamall og aldurhniginn en samt er enn miki\u00f0 af landinu sem ekki hefur veri\u00f0 teki\u00f0 til eignar. <a name=\"2\"><span class=\"versanumer_2007\">2<\/span><\/a> \u00deetta er landi\u00f0 sem eftir er: \u00d6ll l\u00f6nd Filistea og allt land Ges\u00far\u00edta <a name=\"3\"><span class=\"versanumer_2007\">3<\/span><\/a> fr\u00e1 S\u00edh\u00f3r\u00e1 austan vi\u00f0 Egyptaland og nor\u00f0ur til landa Ekrons sem allt telst heyra Kanverjum til. Auk \u00feess fimm h\u00f6f\u00f0ingjad\u00e6mi Filistea \u00ed Gasa, Asd\u00f3d, Askalon, Gat og Ekron, einnig Av\u00edtar <a name=\"4\"><span class=\"versanumer_2007\">4<\/span><\/a> \u00ed su\u00f0ri, allt land Kanverja og Meara, sem heyrir S\u00eddon til, allt a\u00f0 Afek til lands Amor\u00edta, <a name=\"5\"><span class=\"versanumer_2007\">5<\/span><\/a> einnig land Gibl\u00edta og allt L\u00edbanon \u00ed austur fr\u00e1 Baal Ga\u00f0, sem er undir Hermonfjalli, og til Leb\u00f3 Hamat.<br \/> <a name=\"6\"><span class=\"versanumer_2007\">6<\/span><\/a> \u00c9g mun sj\u00e1lfur hrekja \u00far vegi \u00cdsraelsmanna alla \u00edb\u00faa fjalllendisins, fr\u00e1 L\u00edbanon til Misref\u00f3t Maj\u00edm, alla S\u00eddoninga. En \u00fe\u00fa skalt kasta hlut um landi\u00f0 og skipta \u00fev\u00ed \u00ed erf\u00f0ahluti eins og \u00e9g hef bo\u00f0i\u00f0 \u00fe\u00e9r. <a name=\"7\"><span class=\"versanumer_2007\">7<\/span><\/a> Skiptu \u00feessu landi n\u00fa \u00feegar \u00ed erf\u00f0ahluti me\u00f0 \u00e6ttb\u00e1lkunum n\u00edu og h\u00e1lfum \u00e6ttb\u00e1lki Manasse.\u201c<\/p>\n<h3 class=\"millifyrirsogn_2007\">Skipting lands austan vi\u00f0 J\u00f3rdan<\/h3>\n<p><a name=\"8\"><span class=\"versanumer_2007\">8<\/span><\/a> Hinn helmingur \u00e6ttb\u00e1lks Manasse og ni\u00f0jar R\u00fabens og Ga\u00f0s h\u00f6f\u00f0u \u00feegar teki\u00f0 vi\u00f0 erf\u00f0ahlut s\u00ednum sem M\u00f3se f\u00e9kk \u00feeim austan vi\u00f0 J\u00f3rdan. \u00deetta er \u00fea\u00f0 sem M\u00f3se, \u00fej\u00f3nn Drottins, f\u00e9kk \u00feeim: <a name=\"9\"><span class=\"versanumer_2007\">9<\/span><\/a> landi\u00f0 fr\u00e1 Ar\u00f3er \u00ed ja\u00f0ri Arnondalsins, fr\u00e1 borginni, sem er \u00ed dalnum mi\u00f0jum, alla sl\u00e9ttuna fr\u00e1 Medeba til D\u00edbon, <a name=\"10\"><span class=\"versanumer_2007\">10<\/span><\/a> allar borgir S\u00edhons Amor\u00edtakonungs, sem r\u00edkti \u00ed Hesbon, og allt a\u00f0 landsv\u00e6\u00f0i Amm\u00f3n\u00edta. <a name=\"11\"><span class=\"versanumer_2007\">11<\/span><\/a> Auk \u00feess f\u00e9kk hann \u00feeim G\u00edlea\u00f0 og landsv\u00e6\u00f0i Ges\u00far\u00edta og Maakat\u00edta og allt Hermonfjalllendi\u00f0 og allt Basansv\u00e6\u00f0i\u00f0 a\u00f0 Salka, <a name=\"12\"><span class=\"versanumer_2007\">12<\/span><\/a> enn fremur allt konungsr\u00edki \u00d3gs \u00ed Basan, sem r\u00edkti \u00ed Astar\u00f3t og Edrei. Hann var einn af \u00feeim f\u00e1u Refa\u00edtum sem eftir voru en \u00fe\u00e1 haf\u00f0i M\u00f3se sigra\u00f0 og reki\u00f0 brott.<br \/> <a name=\"13\"><span class=\"versanumer_2007\">13<\/span><\/a> En \u00cdsraelsmenn r\u00e1ku ekki Ges\u00far\u00edta og Maakat\u00edta burt. \u00deess vegna b\u00faa Ges\u00far\u00edtar og Maakat\u00edtar me\u00f0al \u00cdsraels enn \u00feann dag \u00ed dag.<br \/> <a name=\"14\"><span class=\"versanumer_2007\">14<\/span><\/a> \u00c6ttb\u00e1lki Lev\u00ed einum gaf J\u00f3s\u00faa engan erf\u00f0ahlut: Eldf\u00f3rnir Drottins, Gu\u00f0s \u00cdsraels, eru erf\u00f0ahlutur hans, eins og Drottinn haf\u00f0i sagt vi\u00f0 hann.<br \/> <a name=\"15\"><span class=\"versanumer_2007\">15<\/span><\/a> M\u00f3se haf\u00f0i fengi\u00f0 hverri \u00e6tt fyrir sig \u00ed \u00e6ttb\u00e1lki ni\u00f0ja R\u00fabens land sem h\u00e9r segir: <a name=\"16\"><span class=\"versanumer_2007\">16<\/span><\/a> Landi\u00f0 fr\u00e1 Ar\u00f3er \u00ed ja\u00f0ri Arnondalsins og fr\u00e1 borginni, sem er \u00ed dalnum mi\u00f0jum, alla sl\u00e9ttuna vi\u00f0 Medeba, <a name=\"17\"><span class=\"versanumer_2007\">17<\/span><\/a> Hesbon og allar borgirnar \u00e1 sl\u00e9ttunni umhverfis hana, D\u00edbon, Bam\u00f3t Baal, Bet-Baal-Meon <a name=\"18\"><span class=\"versanumer_2007\">18<\/span><\/a> Jahsa, Kedem\u00f3t, Mefaat, <a name=\"19\"><span class=\"versanumer_2007\">19<\/span><\/a> Kirjata\u00edm, S\u00edbma, Seret Sahar \u00e1 fjallinu \u00ed dalnum, <a name=\"20\"><span class=\"versanumer_2007\">20<\/span><\/a> Bet Pe\u00f3r, Pisgahl\u00ed\u00f0ar og Bet Jes\u00edm\u00f3t, <a name=\"21\"><span class=\"versanumer_2007\">21<\/span><\/a> auk \u00feess allar borgirnar \u00e1 sl\u00e9ttunni, gj\u00f6rvallt r\u00edki S\u00edhons Amor\u00edtakonungs sem haf\u00f0i r\u00edkt \u00ed Hesbon. M\u00f3se haf\u00f0i sigra\u00f0 hann og h\u00f6f\u00f0ingja Mid\u00edan\u00edta fr\u00e1 Ev\u00ed, Rekem, S\u00far, H\u00far og Reba, en \u00feeir h\u00f6f\u00f0u veri\u00f0 herforingjar S\u00edhons og bjuggu \u00ed landinu. <a name=\"22\"><span class=\"versanumer_2007\">22<\/span><\/a> \u00cdsraelsmenn h\u00f6f\u00f0u einnig drepi\u00f0 sp\u00e1sagnamanninn B\u00edleam Be\u00f3rsson me\u00f0 sver\u00f0i auk hinna sem \u00feegar h\u00f6f\u00f0u veri\u00f0 felldir.<br \/> <a name=\"23\"><span class=\"versanumer_2007\">23<\/span><\/a> J\u00f3rdan marka\u00f0i landam\u00e6ri R\u00fabensni\u00f0ja. Borgirnar og \u00feorpin umhverfis \u00fe\u00e6r voru erf\u00f0ahlutur R\u00fabensni\u00f0ja, hverrar \u00e6ttar um sig.<br \/> <a name=\"24\"><span class=\"versanumer_2007\">24<\/span><\/a> M\u00f3se haf\u00f0i fengi\u00f0 \u00e6ttb\u00e1lki ni\u00f0ja Ga\u00f0s land, hverri \u00e6tt fyrir sig. <a name=\"25\"><span class=\"versanumer_2007\">25<\/span><\/a> \u00deeir hlutu Jasersv\u00e6\u00f0i\u00f0, allar borgir \u00ed G\u00edlea\u00f0, helming lands Amor\u00edta a\u00f0 Ar\u00f3er, sem er gegnt Rabba, <a name=\"26\"><span class=\"versanumer_2007\">26<\/span><\/a> einnig landi\u00f0 fr\u00e1 Hesbon a\u00f0 Ramat Mispe og Bet\u00f3n\u00edm og fr\u00e1 Mahana\u00edm a\u00f0 L\u00eddeb\u00edrlandi <a name=\"27\"><span class=\"versanumer_2007\">27<\/span><\/a> og a\u00f0 auki Bet Haram, Bet Nimra, S\u00fakk\u00f3t og Saf\u00f3n \u00ed dalnum, leifar konungsr\u00edkis S\u00edhons, konungs \u00ed Hesbon, og enn fremur J\u00f3rdan og landi\u00f0 austan vi\u00f0 J\u00f3rdan a\u00f0 str\u00f6nd Kinneretvatns.<br \/> <a name=\"28\"><span class=\"versanumer_2007\">28<\/span><\/a> \u00deessar borgir \u00e1samt \u00feorpunum umhverfis voru erf\u00f0ahlutur hverrar \u00e6ttar ni\u00f0ja Ga\u00f0s.<br \/> <a name=\"29\"><span class=\"versanumer_2007\">29<\/span><\/a> M\u00f3se haf\u00f0i einnig fengi\u00f0 h\u00e1lfum \u00e6ttb\u00e1lki ni\u00f0ja Manasse land, hverri \u00e6tt um sig. <a name=\"30\"><span class=\"versanumer_2007\">30<\/span><\/a> Land \u00feeirra var fr\u00e1 Mahana\u00edm, allt Basansv\u00e6\u00f0i\u00f0, allt konungsr\u00edki \u00d3gs, konungs \u00ed Basan, og auk \u00feess \u00f6ll tjalda\u00feorp Ja\u00edrs \u00ed Basan. Alls voru \u00fea\u00f0 sext\u00edu borgir.<br \/> <a name=\"31\"><span class=\"versanumer_2007\">31<\/span><\/a> Ni\u00f0jar Mak\u00edrs, sonar Manasse, helmingur ni\u00f0ja Mak\u00edrs, hver \u00e6tt fyrir sig, hlutu helming af G\u00edlea\u00f0, Astar\u00f3t og Edrei, en \u00fea\u00f0 voru h\u00f6fu\u00f0borgir konungsr\u00edkis \u00d3gs \u00ed Basan.<br \/> <a name=\"32\"><span class=\"versanumer_2007\">32<\/span><\/a> \u00dea\u00f0 eru \u00feau sv\u00e6\u00f0i sem M\u00f3se haf\u00f0i skipt \u00ed erf\u00f0ahluti \u00e1 sl\u00e9ttunum \u00ed M\u00f3ab, handan vi\u00f0 J\u00f3rdan, austan Jer\u00edk\u00f3.<br \/> <a name=\"33\"><span class=\"versanumer_2007\">33<\/span><\/a> En \u00e6ttb\u00e1lki Lev\u00ed f\u00e9kk M\u00f3se engan erf\u00f0ahlut. Drottinn, Gu\u00f0 \u00cdsraels, er erf\u00f0ahlutur hans, eins og hann haf\u00f0i sagt \u00feeim.<\/p>\n","protected":false},"excerpt":{"rendered":"<p>Landinu skipt \u00d3sigra\u00f0 land 1 \u00deegar J\u00f3s\u00faa var or\u00f0inn gamall og hniginn a\u00f0 aldri sag\u00f0i Drottinn vi\u00f0 hann: \u201e\u00de\u00fa ert or\u00f0inn gamall og aldurhniginn en samt er enn miki\u00f0 af landinu sem ekki hefur veri\u00f0 teki\u00f0 til eignar. 2 \u00deetta er landi\u00f0 sem eftir er: \u00d6ll l\u00f6nd Filistea og allt land Ges\u00far\u00edta 3 fr\u00e1 S\u00edh\u00f3r\u00e1 austan vi\u00f0 Egyptaland og nor\u00f0ur til landa Ekrons sem allt telst heyra Kanverjum til. Auk \u00feess fimm h\u00f6f\u00f0ingjad\u00e6mi Filistea \u00ed Gasa, Asd\u00f3d, Askalon, Gat og Ekron, einnig Av\u00edtar 4 \u00ed su\u00f0ri, allt land Kanverja og Meara, sem heyrir S\u00eddon til, allt a\u00f0 Afek til lands <a href=\"https:\/\/biblian.is\/biblian\/josuabok-13-kafli\/\"> [&#8230;]<\/a><\/p>\n","protected":false},"author":1,"featured_media":0,"parent":0,"menu_order":0,"comment_status":"open","ping_status":"open","template":"bibliukaflar_NT.php","meta":{"footnotes":""},"class_list":["post-1817","page","type-page","status-publish","hentry"],"_links":{"self":[{"href":"https:\/\/biblian.is\/biblian\/wp-json\/wp\/v2\/pages\/1817","targetHints":{"allow":["GET"]}}],"collection":[{"href":"https:\/\/biblian.is\/biblian\/wp-json\/wp\/v2\/pages"}],"about":[{"href":"https:\/\/biblian.is\/biblian\/wp-json\/wp\/v2\/types\/page"}],"author":[{"embeddable":true,"href":"https:\/\/biblian.is\/biblian\/wp-json\/wp\/v2\/users\/1"}],"replies":[{"embeddable":true,"href":"https:\/\/biblian.is\/biblian\/wp-json\/wp\/v2\/comments?post=1817"}],"version-history":[{"count":0,"href":"https:\/\/biblian.is\/biblian\/wp-json\/wp\/v2\/pages\/1817\/revisions"}],"wp:attachment":[{"href":"https:\/\/biblian.is\/biblian\/wp-json\/wp\/v2\/media?parent=1817"}],"curies":[{"name":"wp","href":"https:\/\/api.w.org\/{rel}","templated":true}]}}