{"id":1816,"date":"2017-12-30T21:00:30","date_gmt":"2017-12-30T21:00:30","guid":{"rendered":"http:\/\/biblian.is\/biblian\/j%c2%97s%c2%9cab%c2%97k-12-kafli\/"},"modified":"2024-06-27T02:39:10","modified_gmt":"2024-06-27T02:39:10","slug":"josuabok-12-kafli","status":"publish","type":"page","link":"https:\/\/biblian.is\/biblian\/josuabok-12-kafli\/","title":{"rendered":"J\u00f3s\u00faab\u00f3k 12. kafli"},"content":{"rendered":"<h3 class=\"millifyrirsogn_2007\"> Skr\u00e1 um sigra\u00f0a konunga<\/h3>\n<p><a name=\"1\"><span class=\"versanumer_2007\">1<\/span><\/a> \u00deetta eru konungar landsins sem \u00cdsraelsmenn sigru\u00f0u. \u00deeir t\u00f3ku s\u00ed\u00f0an land \u00feeirra til eignar austan J\u00f3rdanar, fr\u00e1 Arnondal a\u00f0 fjalllendi Hermon og allt sl\u00e9ttlendi\u00f0 austan megin. <a name=\"2\"><span class=\"versanumer_2007\">2<\/span><\/a> S\u00edhon, konungur Amor\u00edta, sem sat \u00ed Hesbon, r\u00edkti yfir landinu fr\u00e1 Ar\u00f3er sem er \u00ed \u00fatja\u00f0ri Arnondalsins og n\u00e6r yfir h\u00e1lft G\u00edlea\u00f0 a\u00f0 Jabbokadal sem er landam\u00e6ri Amm\u00f3n\u00edta. <a name=\"3\"><span class=\"versanumer_2007\">3<\/span><\/a> Einnig r\u00edkti hann yfir Arabasl\u00e9ttunni a\u00f0 Kinneretvatni,<span class=\"nedan_mal\" title=\" \u00de.e. Genesaretvatni.\">[<\/span> a\u00f0 vatninu \u00e1 sl\u00e9ttlendinu, Saltasj\u00f3<span class=\"nedan_mal\" title=\" \u00de.e. Dau\u00f0ahafinu.\">[<\/span> \u00ed austur \u00ed \u00e1tt a\u00f0 Bet Jes\u00edm\u00f3t og su\u00f0ur a\u00f0 hl\u00ed\u00f0um Pisgafjalls.<br \/> <a name=\"4\"><span class=\"versanumer_2007\">4<\/span><\/a> Enn fremur l\u00f6nd \u00d3gs, konungs \u00ed Basan, sem var einn Refa\u00edtanna sem eftir voru og sat \u00ed Astar\u00f3t og Edrei. <a name=\"5\"><span class=\"versanumer_2007\">5<\/span><\/a> Hann r\u00e9\u00f0 Hermonfj\u00f6llum og Salka og \u00f6llu Basan a\u00f0 l\u00f6ndum Ges\u00far\u00edta og Maakat\u00edta og auk \u00feess h\u00e1lfu G\u00edlea\u00f0 a\u00f0 landi S\u00edhons, konungs \u00ed Hesbon. <a name=\"6\"><span class=\"versanumer_2007\">6<\/span><\/a> M\u00f3se, \u00fej\u00f3nn Drottins, og \u00cdsraelsmenn h\u00f6f\u00f0u sigra\u00f0 \u00fe\u00e1. S\u00ed\u00f0an haf\u00f0i M\u00f3se, \u00fej\u00f3nn Drottins, fengi\u00f0 ni\u00f0jum R\u00fabens og Ga\u00f0s \u00e1samt h\u00e1lfum \u00e6ttb\u00e1lki Manasse \u00feetta land til eignar.<br \/> <a name=\"7\"><span class=\"versanumer_2007\">7<\/span><\/a> \u00deetta eru konungar landsins sem J\u00f3s\u00faa og \u00cdsraelsmenn sigru\u00f0u vestan megin vi\u00f0 J\u00f3rdan \u00e1 sv\u00e6\u00f0inu fr\u00e1 Baal Ga\u00f0 \u00ed L\u00edbanondalnum og a\u00f0 Halakfjalli sem gn\u00e6fir yfir Se\u00edr. Land \u00feessara konunga f\u00e9kk J\u00f3s\u00faa \u00cdsrael til eignar, hverjum \u00e6ttb\u00e1lki sinn hlut sem h\u00e9r segir:<br \/> <a name=\"8\"><span class=\"versanumer_2007\">8<\/span><\/a> \u00cd fjalllendinu og \u00e1 l\u00e1glendinu, \u00e1 Arabasl\u00e9ttunni, \u00ed fjallshl\u00ed\u00f0unum, \u00ed ey\u00f0im\u00f6rkinni og Su\u00f0urlandinu, land Het\u00edta, Amor\u00edta, Kanverja, Peres\u00edta, Hev\u00edta og Jeb\u00fas\u00edta:<br \/> <a name=\"9\"><span class=\"versanumer_2007\">9<\/span><\/a> Konungurinn \u00ed Jer\u00edk\u00f3 einn, konungurinn \u00ed A\u00ed, sem er til hli\u00f0ar vi\u00f0 Betel, einn, <a name=\"10\"><span class=\"versanumer_2007\">10<\/span><\/a> konungurinn \u00ed Jer\u00fasalem einn, konungurinn \u00ed Hebron einn, <a name=\"11\"><span class=\"versanumer_2007\">11<\/span><\/a> konungurinn \u00ed Jarm\u00fat einn, konungurinn \u00ed Lak\u00eds einn, <a name=\"12\"><span class=\"versanumer_2007\">12<\/span><\/a> konungurinn \u00ed Eglon einn, konungurinn \u00ed Geser einn, <a name=\"13\"><span class=\"versanumer_2007\">13<\/span><\/a> konungurinn \u00ed Deb\u00edr einn, konungurinn \u00ed Geder einn, <a name=\"14\"><span class=\"versanumer_2007\">14<\/span><\/a> konungurinn \u00ed Horma einn, konungurinn \u00ed Arad einn, <a name=\"15\"><span class=\"versanumer_2007\">15<\/span><\/a> konungurinn \u00ed L\u00edbna einn, konungurinn \u00ed Ad\u00fallam einn, <a name=\"16\"><span class=\"versanumer_2007\">16<\/span><\/a> konungurinn \u00ed Makkeda einn, konungurinn \u00ed Betel einn, <a name=\"17\"><span class=\"versanumer_2007\">17<\/span><\/a> konungurinn \u00ed Tapp\u00faa einn, konungurinn \u00ed Hefer einn, <a name=\"18\"><span class=\"versanumer_2007\">18<\/span><\/a> konungurinn \u00ed Afek einn, konungurinn \u00ed Saron einn, <a name=\"19\"><span class=\"versanumer_2007\">19<\/span><\/a> konungurinn \u00ed Madon einn, konungurinn \u00ed Has\u00f3r einn, <a name=\"20\"><span class=\"versanumer_2007\">20<\/span><\/a> konungurinn \u00ed Simr\u00f3n Mer\u00f3m einn, konungurinn \u00ed Aksaf einn, <a name=\"21\"><span class=\"versanumer_2007\">21<\/span><\/a> konungurinn \u00ed Taanak einn, konungurinn \u00ed Meg\u00eddd\u00f3 einn, <a name=\"22\"><span class=\"versanumer_2007\">22<\/span><\/a> konungurinn \u00ed Kedes einn, konungurinn \u00ed Jokneam vi\u00f0 Karmel einn, <a name=\"23\"><span class=\"versanumer_2007\">23<\/span><\/a> konungurinn \u00ed D\u00f3r \u00e1 D\u00f3rh\u00e6\u00f0 einn, konungurinn yfir Goj\u00edm \u00ed Gal\u00edleu einn, <a name=\"24\"><span class=\"versanumer_2007\">24<\/span><\/a> konungurinn \u00ed Tirsa einn, alls \u00ferj\u00e1t\u00edu og einn konungur.<\/p>\n","protected":false},"excerpt":{"rendered":"<p>Skr\u00e1 um sigra\u00f0a konunga 1 \u00deetta eru konungar landsins sem \u00cdsraelsmenn sigru\u00f0u. \u00deeir t\u00f3ku s\u00ed\u00f0an land \u00feeirra til eignar austan J\u00f3rdanar, fr\u00e1 Arnondal a\u00f0 fjalllendi Hermon og allt sl\u00e9ttlendi\u00f0 austan megin. 2 S\u00edhon, konungur Amor\u00edta, sem sat \u00ed Hesbon, r\u00edkti yfir landinu fr\u00e1 Ar\u00f3er sem er \u00ed \u00fatja\u00f0ri Arnondalsins og n\u00e6r yfir h\u00e1lft G\u00edlea\u00f0 a\u00f0 Jabbokadal sem er landam\u00e6ri Amm\u00f3n\u00edta. 3 Einnig r\u00edkti hann yfir Arabasl\u00e9ttunni a\u00f0 Kinneretvatni,[ a\u00f0 vatninu \u00e1 sl\u00e9ttlendinu, Saltasj\u00f3[ \u00ed austur \u00ed \u00e1tt a\u00f0 Bet Jes\u00edm\u00f3t og su\u00f0ur a\u00f0 hl\u00ed\u00f0um Pisgafjalls. 4 Enn fremur l\u00f6nd \u00d3gs, konungs \u00ed Basan, sem var einn Refa\u00edtanna sem eftir voru <a href=\"https:\/\/biblian.is\/biblian\/josuabok-12-kafli\/\"> [&#8230;]<\/a><\/p>\n","protected":false},"author":1,"featured_media":0,"parent":0,"menu_order":0,"comment_status":"open","ping_status":"open","template":"bibliukaflar_NT.php","meta":{"footnotes":""},"class_list":["post-1816","page","type-page","status-publish","hentry"],"_links":{"self":[{"href":"https:\/\/biblian.is\/biblian\/wp-json\/wp\/v2\/pages\/1816","targetHints":{"allow":["GET"]}}],"collection":[{"href":"https:\/\/biblian.is\/biblian\/wp-json\/wp\/v2\/pages"}],"about":[{"href":"https:\/\/biblian.is\/biblian\/wp-json\/wp\/v2\/types\/page"}],"author":[{"embeddable":true,"href":"https:\/\/biblian.is\/biblian\/wp-json\/wp\/v2\/users\/1"}],"replies":[{"embeddable":true,"href":"https:\/\/biblian.is\/biblian\/wp-json\/wp\/v2\/comments?post=1816"}],"version-history":[{"count":0,"href":"https:\/\/biblian.is\/biblian\/wp-json\/wp\/v2\/pages\/1816\/revisions"}],"wp:attachment":[{"href":"https:\/\/biblian.is\/biblian\/wp-json\/wp\/v2\/media?parent=1816"}],"curies":[{"name":"wp","href":"https:\/\/api.w.org\/{rel}","templated":true}]}}