{"id":1815,"date":"2017-12-30T21:00:30","date_gmt":"2017-12-30T21:00:30","guid":{"rendered":"http:\/\/biblian.is\/biblian\/j%c2%97s%c2%9cab%c2%97k-11-kafli\/"},"modified":"2024-06-27T02:39:10","modified_gmt":"2024-06-27T02:39:10","slug":"josuabok-11-kafli","status":"publish","type":"page","link":"https:\/\/biblian.is\/biblian\/josuabok-11-kafli\/","title":{"rendered":"J\u00f3s\u00faab\u00f3k 11. kafli"},"content":{"rendered":"<h3 class=\"millifyrirsogn_2007\"> Landvinningar \u00ed nor\u00f0ri<\/h3>\n<p><a name=\"1\"><span class=\"versanumer_2007\">1<\/span><\/a> \u00deegar Jab\u00edn, konungur \u00ed Has\u00f3r, fr\u00e9tti \u00feetta sendi hann bo\u00f0 til J\u00f3babs, konungs \u00ed Mad\u00f3n, konungsins \u00ed Simron, konungsins \u00ed Aksaf <a name=\"2\"><span class=\"versanumer_2007\">2<\/span><\/a> og konunganna nor\u00f0ur \u00ed fjalllendinu og \u00e1 Arabasl\u00e9ttunni sunnan Kinneret og \u00e1 l\u00e1glendinu og \u00e1 D\u00f3rh\u00e6\u00f0um \u00ed vestri, <a name=\"3\"><span class=\"versanumer_2007\">3<\/span><\/a> einnig til Kanverjanna \u00ed austri og vestri, Amor\u00edtanna, Het\u00edtanna, Peres\u00edtanna og Jeb\u00fas\u00edtanna \u00ed fjalllendinu og til Hev\u00edtanna undir Hermon \u00ed Mispalandi.<br \/> <a name=\"4\"><span class=\"versanumer_2007\">4<\/span><\/a> \u00deeir h\u00e9ldu af sta\u00f0 me\u00f0 allar hersveitir s\u00ednar. Voru hermennirnir sem sandur \u00e1 sj\u00e1varstr\u00f6nd og auk \u00feess mikill fj\u00f6ldi hesta og vagna.<br \/> <a name=\"5\"><span class=\"versanumer_2007\">5<\/span><\/a> Allir \u00feessir konungar komu n\u00fa saman, h\u00e9ldu af sta\u00f0 og sl\u00f3gu upp einum herb\u00fa\u00f0um vi\u00f0 Mer\u00f3mvatn og bjuggust til bardaga vi\u00f0 \u00cdsraelsmenn.<br \/> <a name=\"6\"><span class=\"versanumer_2007\">6<\/span><\/a> \u00de\u00e1 sag\u00f0i Drottinn vi\u00f0 J\u00f3s\u00faa:<br \/>\u201e\u00d3ttastu ekki frammi fyrir \u00feeim. Um \u00feetta leyti \u00e1 morgun mun \u00e9g l\u00e1ta \u00fe\u00e1 alla liggja gegnumstungna frammi fyrir \u00cdsrael. \u00de\u00e1 skalt \u00fe\u00fa skera h\u00e1sinarnar \u00e1 hestum \u00feeirra og brenna vagna \u00feeirra \u00ed eldi.\u201c<br \/> <a name=\"7\"><span class=\"versanumer_2007\">7<\/span><\/a> J\u00f3s\u00faa og allur her hans kom a\u00f0 \u00feeim \u00f3v\u00f6rum hj\u00e1 Mer\u00f3mvatni og r\u00e9\u00f0st \u00e1 \u00fe\u00e1 <a name=\"8\"><span class=\"versanumer_2007\">8<\/span><\/a> og Drottinn seldi \u00fe\u00e1 \u00cdsraelsm\u00f6nnum \u00ed hendur. \u00deeir sigru\u00f0u \u00fe\u00e1 og veittu \u00feeim eftirf\u00f6r alla lei\u00f0 a\u00f0 S\u00eddon hinni miklu og Misref\u00f3t Maj\u00edm allt austur \u00e1 Mispasl\u00e9ttu \u00ed austri. \u00deeir gj\u00f6rsigru\u00f0u \u00fe\u00e1 og komst enginn af. <a name=\"9\"><span class=\"versanumer_2007\">9<\/span><\/a> J\u00f3s\u00faa f\u00f3r me\u00f0 \u00fe\u00e1 eins og Drottinn haf\u00f0i fyrir hann lagt: Hann skar h\u00e1sinar hesta \u00feeirra og brenndi vagna \u00feeirra \u00ed eldi.<br \/> <a name=\"10\"><span class=\"versanumer_2007\">10<\/span><\/a> \u00dev\u00ed n\u00e6st sneri J\u00f3s\u00faa aftur og vann Has\u00f3r og felldi konung hennar me\u00f0 sver\u00f0i. \u00c1\u00f0ur var Has\u00f3r mest \u00feessara konungsr\u00edkja. <a name=\"11\"><span class=\"versanumer_2007\">11<\/span><\/a> \u00deeir felldu alla \u00edb\u00faa borgarinnar me\u00f0 sver\u00f0seggjum og helgu\u00f0u banni og \u00feyrmdi J\u00f3s\u00faa engu lifandi og lag\u00f0i eld a\u00f0 Has\u00f3rborg.<br \/> <a name=\"12\"><span class=\"versanumer_2007\">12<\/span><\/a> J\u00f3s\u00faa n\u00e1\u00f0i \u00f6llum \u00feessum konungsborgum \u00e1 sitt vald. Hann felldi konunga \u00feeirra me\u00f0 sver\u00f0seggjum og helga\u00f0i \u00fe\u00e6r banni eins og M\u00f3se, \u00fej\u00f3nn Drottins, haf\u00f0i bo\u00f0i\u00f0.<br \/> <a name=\"13\"><span class=\"versanumer_2007\">13<\/span><\/a> Samt brenndi \u00cdsrael ekki allar \u00feessar borgir sem enn standa \u00e1 h\u00e6\u00f0um s\u00ednum, a\u00f0eins Has\u00f3r eina. <a name=\"14\"><span class=\"versanumer_2007\">14<\/span><\/a> \u00cdsraelsmenn t\u00f3ku allt herfang borganna s\u00e9r til handa, einnig b\u00faf\u00e9 \u00feeirra, en hins vegar felldu \u00feeir alla \u00edb\u00faana me\u00f0 sver\u00f0seggjum og tort\u00edmdu \u00feeim. \u00deeir \u00feyrmdu engu kviku.<br \/> <a name=\"15\"><span class=\"versanumer_2007\">15<\/span><\/a> \u00dea\u00f0 sem Drottinn haf\u00f0i lagt fyrir M\u00f3se, \u00fej\u00f3n sinn, bau\u00f0 M\u00f3se J\u00f3s\u00faa sem framfylgdi \u00f6llu sem M\u00f3se bau\u00f0 og l\u00e9t ekkert \u00f3gert af \u00fev\u00ed sem Drottinn haf\u00f0i bo\u00f0i\u00f0 M\u00f3se.<br \/> <a name=\"16\"><span class=\"versanumer_2007\">16<\/span><\/a> J\u00f3s\u00faa t\u00f3k fjalllendi\u00f0 og allt Su\u00f0urlandi\u00f0, allt G\u00f3senland og l\u00e1glendi\u00f0, Arabasl\u00e9ttuna og fjalllendi \u00cdsraels og l\u00e1glendi\u00f0 <a name=\"17\"><span class=\"versanumer_2007\">17<\/span><\/a> fr\u00e1 Halakfjalli, sem gn\u00e6fir yfir Se\u00edr, a\u00f0 Baal Ga\u00f0 \u00ed L\u00edbanondalnum undir Hermonfjalli. Hann t\u00f3k alla konunga \u00feessara landa og hj\u00f3 \u00fe\u00e1 til bana. <a name=\"18\"><span class=\"versanumer_2007\">18<\/span><\/a> J\u00f3s\u00faa h\u00e1\u00f0i str\u00ed\u00f0 vi\u00f0 alla \u00feessa konunga langa hr\u00ed\u00f0. <a name=\"19\"><span class=\"versanumer_2007\">19<\/span><\/a> Engin borg samdi fri\u00f0 vi\u00f0 \u00cdsraelsmenn nema Hev\u00edtarnir sem bjuggu \u00ed G\u00edbeon: Allar a\u00f0rar borgir var\u00f0 a\u00f0 vinna me\u00f0 herna\u00f0i <a name=\"20\"><span class=\"versanumer_2007\">20<\/span><\/a> \u00fev\u00ed a\u00f0 \u00fea\u00f0 var fr\u00e1 Drottni komi\u00f0 a\u00f0 efla \u00feeim kjark \u00ed str\u00ed\u00f0inu gegn \u00cdsrael til \u00feess a\u00f0 \u00feeir yr\u00f0u v\u00e6g\u00f0arlaust helga\u00f0ir banni og \u00feeim tort\u00edmt eins og Drottinn haf\u00f0i bo\u00f0i\u00f0 M\u00f3se.<br \/> <a name=\"21\"><span class=\"versanumer_2007\">21<\/span><\/a> \u00c1 \u00feessum t\u00edma f\u00f3r J\u00f3s\u00faa upp \u00ed fjalllendi\u00f0 og eyddi einnig Anak\u00edtum \u00far fj\u00f6llunum, \u00far Hebron, Deb\u00edr og Anab og \u00far \u00f6llu fjalllendi J\u00fada og \u00cdsraels. J\u00f3s\u00faa helga\u00f0i \u00fe\u00e1 banni og borgir \u00feeirra. <a name=\"22\"><span class=\"versanumer_2007\">22<\/span><\/a> Engir Anak\u00edtar ur\u00f0u eftir \u00ed landi \u00cdsraelsmanna heldur a\u00f0eins \u00ed Gasa, Gat og Asd\u00f3d.<br \/> <a name=\"23\"><span class=\"versanumer_2007\">23<\/span><\/a> J\u00f3s\u00faa vann allt landi\u00f0 eins og Drottinn haf\u00f0i lagt fyrir M\u00f3se. J\u00f3s\u00faa f\u00e9kk \u00cdsrael \u00fea\u00f0 a\u00f0 erf\u00f0ahlut, hverjum \u00e6ttb\u00e1lki sinn hlut. \u00dear me\u00f0 var \u00f3fri\u00f0i loki\u00f0 og landi\u00f0 hv\u00edldist.<\/p>\n","protected":false},"excerpt":{"rendered":"<p>Landvinningar \u00ed nor\u00f0ri 1 \u00deegar Jab\u00edn, konungur \u00ed Has\u00f3r, fr\u00e9tti \u00feetta sendi hann bo\u00f0 til J\u00f3babs, konungs \u00ed Mad\u00f3n, konungsins \u00ed Simron, konungsins \u00ed Aksaf 2 og konunganna nor\u00f0ur \u00ed fjalllendinu og \u00e1 Arabasl\u00e9ttunni sunnan Kinneret og \u00e1 l\u00e1glendinu og \u00e1 D\u00f3rh\u00e6\u00f0um \u00ed vestri, 3 einnig til Kanverjanna \u00ed austri og vestri, Amor\u00edtanna, Het\u00edtanna, Peres\u00edtanna og Jeb\u00fas\u00edtanna \u00ed fjalllendinu og til Hev\u00edtanna undir Hermon \u00ed Mispalandi. 4 \u00deeir h\u00e9ldu af sta\u00f0 me\u00f0 allar hersveitir s\u00ednar. Voru hermennirnir sem sandur \u00e1 sj\u00e1varstr\u00f6nd og auk \u00feess mikill fj\u00f6ldi hesta og vagna. 5 Allir \u00feessir konungar komu n\u00fa saman, h\u00e9ldu af sta\u00f0 og <a href=\"https:\/\/biblian.is\/biblian\/josuabok-11-kafli\/\"> [&#8230;]<\/a><\/p>\n","protected":false},"author":1,"featured_media":0,"parent":0,"menu_order":0,"comment_status":"open","ping_status":"open","template":"bibliukaflar_NT.php","meta":{"footnotes":""},"class_list":["post-1815","page","type-page","status-publish","hentry"],"_links":{"self":[{"href":"https:\/\/biblian.is\/biblian\/wp-json\/wp\/v2\/pages\/1815","targetHints":{"allow":["GET"]}}],"collection":[{"href":"https:\/\/biblian.is\/biblian\/wp-json\/wp\/v2\/pages"}],"about":[{"href":"https:\/\/biblian.is\/biblian\/wp-json\/wp\/v2\/types\/page"}],"author":[{"embeddable":true,"href":"https:\/\/biblian.is\/biblian\/wp-json\/wp\/v2\/users\/1"}],"replies":[{"embeddable":true,"href":"https:\/\/biblian.is\/biblian\/wp-json\/wp\/v2\/comments?post=1815"}],"version-history":[{"count":0,"href":"https:\/\/biblian.is\/biblian\/wp-json\/wp\/v2\/pages\/1815\/revisions"}],"wp:attachment":[{"href":"https:\/\/biblian.is\/biblian\/wp-json\/wp\/v2\/media?parent=1815"}],"curies":[{"name":"wp","href":"https:\/\/api.w.org\/{rel}","templated":true}]}}