{"id":1814,"date":"2017-12-30T21:00:30","date_gmt":"2017-12-30T21:00:30","guid":{"rendered":"http:\/\/biblian.is\/biblian\/j%c2%97s%c2%9cab%c2%97k-10-kafli\/"},"modified":"2024-06-27T02:39:10","modified_gmt":"2024-06-27T02:39:10","slug":"josuabok-10-kafli","status":"publish","type":"page","link":"https:\/\/biblian.is\/biblian\/josuabok-10-kafli\/","title":{"rendered":"J\u00f3s\u00faab\u00f3k 10. kafli"},"content":{"rendered":"<h3 class=\"millifyrirsogn_2007\"> S\u00f3lin stendur kyrr<\/h3>\n<p><a name=\"1\"><span class=\"versanumer_2007\">1<\/span><\/a> Ad\u00f3n\u00edsedek, konungur \u00ed Jer\u00fasalem, fr\u00e9tti a\u00f0 J\u00f3s\u00faa hef\u00f0i teki\u00f0 A\u00ed og helga\u00f0 hana banni. Hann hef\u00f0i fari\u00f0 me\u00f0 A\u00ed og konung hennar eins og Jer\u00edk\u00f3borg og konung hennar og a\u00f0 \u00edb\u00faar G\u00edbeonborgar hef\u00f0u sami\u00f0 fri\u00f0 vi\u00f0 \u00cdsrael og byggju me\u00f0al \u00feeirra. <a name=\"2\"><span class=\"versanumer_2007\">2<\/span><\/a> Hann og \u00fej\u00f3\u00f0 hans ur\u00f0u skelfingu lostin \u00fev\u00ed a\u00f0 G\u00edbeon var st\u00f3r borg, jafnst\u00f3r og ein af konungsborgunum. H\u00fan var st\u00e6rri en A\u00ed og allir karlmenn \u00ed borginni reyndir hermenn.<br \/> <a name=\"3\"><span class=\"versanumer_2007\">3<\/span><\/a> Ad\u00f3n\u00edsedek, konungur \u00ed Jer\u00fasalem, sendi \u00fev\u00ed menn til H\u00f3hams, konungs \u00ed Hebron, P\u00edreams, konungs \u00ed Jarm\u00fat, Jaf\u00eda, konungs \u00ed Lak\u00eds og til Deb\u00edrs, konungs \u00ed Eglon, me\u00f0 \u00feessi bo\u00f0: <a name=\"4\"><span class=\"versanumer_2007\">4<\/span><\/a> \u201eKomi\u00f0 til m\u00edn og hj\u00e1lpi\u00f0 m\u00e9r a\u00f0 vinna G\u00edbeon af \u00fev\u00ed a\u00f0 h\u00fan hefur sami\u00f0 fri\u00f0 vi\u00f0 J\u00f3s\u00faa og \u00cdsraelsmenn.\u201c<br \/> <a name=\"5\"><span class=\"versanumer_2007\">5<\/span><\/a> \u00de\u00e1 s\u00f6fnu\u00f0ust saman Amor\u00edtakonungarnir fimm, konungurinn \u00ed Jer\u00fasalem, Hebron, Jarm\u00fat, Lak\u00eds og Eglon. \u00deeir og allir herir \u00feeirra h\u00e9ldu upp til G\u00edbeon, settust um borgina og t\u00f3ku a\u00f0 herja \u00e1 hana.<br \/> <a name=\"6\"><span class=\"versanumer_2007\">6<\/span><\/a> S\u00ed\u00f0an sendu mennirnir \u00ed G\u00edbeon til J\u00f3s\u00faa \u00ed herb\u00fa\u00f0unum \u00ed Gilgal og l\u00e9tu skila til hans: \u201eSlepptu n\u00fa ekki hendinni af \u00fej\u00f3num \u00fe\u00ednum. Skunda\u00f0u upp eftir til okkar, bjarga\u00f0u okkur og veittu okkur li\u00f0 \u00fev\u00ed a\u00f0 allir konungar Amor\u00edta fr\u00e1 fjalllendinu hafa gert bandalag gegn okkur.\u201c<br \/> <a name=\"7\"><span class=\"versanumer_2007\">7<\/span><\/a> J\u00f3s\u00faa h\u00e9lt \u00fe\u00e1 upp eftir fr\u00e1 Gilgal me\u00f0 allan herinn og reynda hermenn. <a name=\"8\"><span class=\"versanumer_2007\">8<\/span><\/a> Drottinn sag\u00f0i vi\u00f0 J\u00f3s\u00faa: \u201eVertu ekki hr\u00e6ddur vi\u00f0 \u00fe\u00e1 \u00fev\u00ed a\u00f0 \u00e9g sel \u00fe\u00e1 \u00fe\u00e9r \u00ed hendur. Enginn \u00feeirra mun f\u00e1 sta\u00f0ist fyrir \u00fe\u00e9r.\u201c<br \/> <a name=\"9\"><span class=\"versanumer_2007\">9<\/span><\/a> J\u00f3s\u00faa kom a\u00f0 \u00feeim \u00f3v\u00f6rum eftir a\u00f0 hafa haldi\u00f0 f\u00f6r sinni fr\u00e1 Gilgal vi\u00f0st\u00f6\u00f0ulaust \u00e1fram um n\u00f3ttina. <a name=\"10\"><span class=\"versanumer_2007\">10<\/span><\/a> Drottinn olli ringulrei\u00f0 me\u00f0al \u00feeirra andsp\u00e6nis \u00cdsrael svo a\u00f0 hann gersigra\u00f0i \u00fe\u00e1 vi\u00f0 G\u00edbeon og rak fl\u00f3tta \u00feeirra eftir st\u00edgnum upp til Bet H\u00f3ron og alveg til Aseka og Makkeda og hj\u00f3 \u00fe\u00e1 ni\u00f0ur. <a name=\"11\"><span class=\"versanumer_2007\">11<\/span><\/a> \u00c1 fl\u00f3ttanum undan \u00cdsrael, er \u00feeir voru \u00e1 st\u00edgnum ni\u00f0ur fr\u00e1 Bet H\u00f3ron, kasta\u00f0i Drottinn sj\u00e1lfur st\u00f3rum steinum \u00e1 \u00fe\u00e1 af himni alla lei\u00f0ina til Aseka og var\u00f0 \u00fea\u00f0 \u00feeirra bani. Haglgr\u00fdti\u00f0 felldi fleiri en \u00cdsraelsmenn felldu me\u00f0 sver\u00f0i.<br \/> <a name=\"12\"><span class=\"versanumer_2007\">12<\/span><\/a> \u00c1 \u00feessum degi, \u00feegar Drottinn framseldi Amor\u00edta fyrir augliti \u00cdsraelsmanna, tala\u00f0i J\u00f3s\u00faa vi\u00f0 Drottin og sag\u00f0i vi\u00f0 hann \u00ed n\u00e1vist \u00cdsraelsmanna:<br \/> <span class=\"ljodatexti\"> S\u00f3l, statt \u00fe\u00fa kyrr yfir G\u00edbeon<br \/>og \u00fe\u00fa, tungl, yfir Ajalondal.<br \/> <\/span> <span class=\"ljodatexti\"> <a name=\"13\"><span class=\"versanumer_ljod\">13<\/span><\/a>Og s\u00f3lin st\u00f3\u00f0 kyrr<br \/>og tungli\u00f0 st\u00f6\u00f0va\u00f0ist<br \/>uns \u00fej\u00f3\u00f0in haf\u00f0i hefnt s\u00edn \u00e1 \u00f3vinum s\u00ednum. <\/span> <br \/>\u00deetta er skr\u00e1\u00f0 \u00ed B\u00f3k hins r\u00e9ttl\u00e1ta. S\u00f3lin st\u00f3\u00f0 kyrr \u00e1 mi\u00f0jum himni og n\u00e6r heill dagur lei\u00f0 \u00fear til h\u00fan settist. <a name=\"14\"><span class=\"versanumer_2007\">14<\/span><\/a> Aldrei hefur sl\u00edkur dagur komi\u00f0. Hvorki fyrr n\u00e9 s\u00ed\u00f0ar hefur Drottinn fari\u00f0 a\u00f0 or\u00f0um manns \u00fev\u00ed a\u00f0 Drottinn bar\u00f0ist fyrir \u00cdsrael.<br \/> <a name=\"15\"><span class=\"versanumer_2007\">15<\/span><\/a> \u00dev\u00ed n\u00e6st sneri J\u00f3s\u00faa \u00e1samt \u00f6llum \u00cdsrael aftur til b\u00fa\u00f0anna \u00ed Gilgal.<\/p>\n<h3 class=\"millifyrirsogn_2007\">J\u00f3s\u00faa sigrar fimm Amor\u00edtakonunga<\/h3>\n<p><a name=\"16\"><span class=\"versanumer_2007\">16<\/span><\/a> En Amor\u00edtakonungarnir fimm fl\u00fd\u00f0u og f\u00f6ldu sig \u00ed hellinum vi\u00f0 Makkeda. <a name=\"17\"><span class=\"versanumer_2007\">17<\/span><\/a> \u00de\u00e1 var J\u00f3s\u00faa tilkynnt: \u201eKonungarnir fimm eru fundnir. \u00deeir f\u00f6ldu sig \u00ed hellinum vi\u00f0 Makkeda.\u201c <a name=\"18\"><span class=\"versanumer_2007\">18<\/span><\/a> J\u00f3s\u00faa sag\u00f0i: \u201eVelti\u00f0 st\u00f3rum steinum fyrir munna hellisins og setji\u00f0 menn \u00e1 v\u00f6r\u00f0 vi\u00f0 hellinn til \u00feess a\u00f0 g\u00e6ta \u00feeirra. <a name=\"19\"><span class=\"versanumer_2007\">19<\/span><\/a> En standi\u00f0 ekki a\u00f0ger\u00f0alausir. Veiti\u00f0 \u00f3vinum ykkar eftirf\u00f6r og r\u00e1\u00f0ist \u00e1 bakver\u00f0i \u00feeirra. L\u00e1ti\u00f0 \u00fe\u00e1 ekki komast inn \u00ed borgir s\u00ednar \u00fev\u00ed a\u00f0 Drottinn, Gu\u00f0 ykkar, hefur selt \u00fe\u00e1 ykkur \u00ed hendur.\u201c<br \/> <a name=\"20\"><span class=\"versanumer_2007\">20<\/span><\/a> \u00deegar J\u00f3s\u00faa og \u00cdsraelsmenn h\u00f6f\u00f0u gersigra\u00f0 \u00f3vini s\u00edna, svo a\u00f0 \u00feeir guldu afhro\u00f0, komust f\u00e1einir fl\u00f3ttamenn undan inn \u00ed v\u00edggirtu borgirnar. <a name=\"21\"><span class=\"versanumer_2007\">21<\/span><\/a> A\u00f0 \u00fev\u00ed loknu sneri allur herinn aftur til J\u00f3s\u00faa \u00ed Makkeda heill \u00e1 h\u00fafi en enginn \u00feor\u00f0i framar a\u00f0 gera \u00cdsraelsm\u00f6nnum neitt til miska.<br \/> <a name=\"22\"><span class=\"versanumer_2007\">22<\/span><\/a> \u00de\u00e1 skipa\u00f0i J\u00f3s\u00faa: \u201eOpni\u00f0 hellismunnann og f\u00e6ri\u00f0 m\u00e9r konungana fimm \u00far hellinum.\u201c<br \/> <a name=\"23\"><span class=\"versanumer_2007\">23<\/span><\/a> \u00dea\u00f0 var gert og konungarnir fimm, konungurinn \u00ed Jer\u00fasalem, konungurinn \u00ed Hebron, konungurinn \u00ed Jarm\u00fat, konungurinn \u00ed Lak\u00eds og konungurinn \u00ed Eglon voru f\u00e6r\u00f0ir til hans \u00far hellinum. <a name=\"24\"><span class=\"versanumer_2007\">24<\/span><\/a> \u00deegar konungarnir h\u00f6f\u00f0u veri\u00f0 leiddir fyrir J\u00f3s\u00faa kalla\u00f0i hann alla \u00cdsraelsmenn saman og gaf foringjum hermannanna, sem fari\u00f0 h\u00f6f\u00f0u me\u00f0 honum, \u00feessi fyrirm\u00e6li: \u201eGangi\u00f0 fram og st\u00edgi\u00f0 f\u00e6ti \u00e1 h\u00e1ls \u00feessara konunga.\u201c \u00deeir gengu \u00fe\u00e1 fram og stigu f\u00e6ti s\u00ednum \u00e1 h\u00e1ls \u00feeirra. <a name=\"25\"><span class=\"versanumer_2007\">25<\/span><\/a> \u00de\u00e1 sag\u00f0i J\u00f3s\u00faa vi\u00f0 \u00fe\u00e1: \u201e\u00d3ttist ekki og l\u00e1ti\u00f0 ekki hugfallast. Veri\u00f0 hraustir og djarfir. \u00deannig mun Drottinn fara me\u00f0 alla fjandmenn ykkar sem \u00fei\u00f0 munu\u00f0 berjast vi\u00f0.\u201c <a name=\"26\"><span class=\"versanumer_2007\">26<\/span><\/a> \u00dev\u00ed n\u00e6st hj\u00f3 J\u00f3s\u00faa konungana banah\u00f6gg og l\u00e9t hengja \u00fe\u00e1 upp \u00ed fimm tr\u00e9. \u00deeir h\u00e9ngu \u00ed trj\u00e1num til kv\u00f6lds. <a name=\"27\"><span class=\"versanumer_2007\">27<\/span><\/a> Um s\u00f3larlagsbil gaf J\u00f3s\u00faa skipun um a\u00f0 taka \u00fe\u00e1 ofan \u00far trj\u00e1num og fleygja \u00feeim inn \u00ed hellinn sem \u00feeir h\u00f6f\u00f0u fali\u00f0 sig \u00ed. \u00dev\u00ed n\u00e6st var st\u00f3rum steinum komi\u00f0 fyrir \u00ed hellismunnanum og \u00fear hafa \u00feeir veri\u00f0 allt til \u00feessa dags.<\/p>\n<h3 class=\"millifyrirsogn_2007\">Sex kanverskar borgir unnar<\/h3>\n<p><a name=\"28\"><span class=\"versanumer_2007\">28<\/span><\/a> \u00deennan sama dag vann J\u00f3s\u00faa Makkeda. Hann hj\u00f3 \u00edb\u00faa hennar og konung me\u00f0 sver\u00f0seggjum. Hann helga\u00f0i borgina banni og allt lifandi \u00ed henni. Hann l\u00e9t engan fl\u00f3ttamann sleppa og f\u00f3r me\u00f0 konunginn \u00ed Makkeda eins og hann haf\u00f0i fari\u00f0 me\u00f0 konunginn \u00ed Jer\u00edk\u00f3.<br \/> <a name=\"29\"><span class=\"versanumer_2007\">29<\/span><\/a> \u00dev\u00ed n\u00e6st h\u00e9lt J\u00f3s\u00faa \u00e1samt \u00f6llum \u00cdsrael fr\u00e1 Makkeda til L\u00edbna og herja\u00f0i \u00e1 borgina. <a name=\"30\"><span class=\"versanumer_2007\">30<\/span><\/a> \u00de\u00e1 borg og konung hennar seldi Drottinn einnig \u00cdsrael \u00ed hendur. J\u00f3s\u00faa hj\u00f3 ni\u00f0ur alla sem \u00ed henni bjuggu, allt kvikt, me\u00f0 sver\u00f0seggjum. Hann l\u00e9t engan fl\u00f3ttamann sleppa og f\u00f3r me\u00f0 konung hennar eins og hann haf\u00f0i fari\u00f0 me\u00f0 konunginn \u00ed Jer\u00edk\u00f3.<br \/> <a name=\"31\"><span class=\"versanumer_2007\">31<\/span><\/a> A\u00f0 \u00fev\u00ed loknu h\u00e9lt J\u00f3s\u00faa \u00e1samt \u00f6llum \u00cdsrael fr\u00e1 L\u00edbna til Lak\u00eds, settist um borgina og herja\u00f0i \u00e1 hana. <a name=\"32\"><span class=\"versanumer_2007\">32<\/span><\/a> Drottinn seldi Lak\u00eds \u00cdsrael \u00ed hendur og vann J\u00f3s\u00faa borgina \u00e1 \u00f6\u00f0rum degi. Hann hj\u00f3 alla \u00edb\u00faa borgarinnar me\u00f0 sver\u00f0seggjum og allt kvikt og f\u00f3r me\u00f0 hana \u00e1 sama h\u00e1tt og hann haf\u00f0i fari\u00f0 me\u00f0 L\u00edbna. <a name=\"33\"><span class=\"versanumer_2007\">33<\/span><\/a> H\u00f3ram, konungur \u00ed Geser, haf\u00f0i komi\u00f0 upp eftir til a\u00f0 veita Lak\u00eds li\u00f0 en J\u00f3s\u00faa felldi hann og allan her hans og l\u00e9t engan fl\u00f3ttamann sleppa.<br \/> <a name=\"34\"><span class=\"versanumer_2007\">34<\/span><\/a> S\u00ed\u00f0an h\u00e9lt J\u00f3s\u00faa \u00e1samt \u00f6llum \u00cdsrael fr\u00e1 Lak\u00eds til Eglon, settist um borgina, herja\u00f0i \u00e1 hana <a name=\"35\"><span class=\"versanumer_2007\">35<\/span><\/a> og vann hana sama dag. \u00deeir felldu alla \u00edb\u00faa hennar me\u00f0 sver\u00f0i og J\u00f3s\u00faa helga\u00f0i allt lifandi \u00ed henni banni og f\u00f3r me\u00f0 hana eins og hann haf\u00f0i fari\u00f0 me\u00f0 Lak\u00eds.<br \/> <a name=\"36\"><span class=\"versanumer_2007\">36<\/span><\/a> A\u00f0 \u00fev\u00ed loknu f\u00f3r J\u00f3s\u00faa \u00e1samt \u00f6llum \u00cdsrael fr\u00e1 Eglon til Hebron og herju\u00f0u \u00feeir \u00e1 borgina <a name=\"37\"><span class=\"versanumer_2007\">37<\/span><\/a> og unnu hana. J\u00f3s\u00faa felldi me\u00f0 sver\u00f0seggjum alla \u00edb\u00faa borgarinnar og konung hennar, allt lifandi \u00ed henni og \u00ed borgunum umhverfis Hebron, engan fl\u00f3ttamann l\u00e9tu \u00feeir sleppa. J\u00f3s\u00faa f\u00f3r eins me\u00f0 borgina og hann haf\u00f0i fari\u00f0 me\u00f0 Eglon, helga\u00f0i hana banni og alla sem \u00ed henni voru.<br \/> <a name=\"38\"><span class=\"versanumer_2007\">38<\/span><\/a> \u00dev\u00ed n\u00e6st sneri J\u00f3s\u00faa \u00e1samt \u00f6llum \u00cdsrael til Deb\u00edr, herja\u00f0i \u00e1 borgina <a name=\"39\"><span class=\"versanumer_2007\">39<\/span><\/a> og vann hana og konung borgarinnar og allar borgirnar umhverfis. Hann felldi alla borgarb\u00faa me\u00f0 sver\u00f0seggjum og helga\u00f0i alla sem \u00ed henni voru banni, allt lifandi \u00ed henni, og l\u00e9t engan fl\u00f3ttamann komast undan. J\u00f3s\u00faa f\u00f3r me\u00f0 Deb\u00edr og konung hennar eins og hann haf\u00f0i fari\u00f0 me\u00f0 Hebron og konung hennar og L\u00edbna og konung hennar.<br \/> <a name=\"40\"><span class=\"versanumer_2007\">40<\/span><\/a> \u00deannig lag\u00f0i J\u00f3s\u00faa allt landi\u00f0 undir sig, b\u00e6\u00f0i fjalllendi\u00f0 og Su\u00f0urlandi\u00f0 Negeb, l\u00e1glendi\u00f0 og hl\u00ed\u00f0arnar, og alla konunga \u00fear. Hann l\u00e9t engan fl\u00f3ttamann komast undan og helga\u00f0i allt lifandi banni, eins og Drottinn, Gu\u00f0 \u00cdsraels, haf\u00f0i bo\u00f0i\u00f0. <a name=\"41\"><span class=\"versanumer_2007\">41<\/span><\/a> J\u00f3s\u00faa lag\u00f0i undir sig landi\u00f0 fr\u00e1 Kades Barnea til Gasa og allt G\u00f3senland til G\u00edbeon. <a name=\"42\"><span class=\"versanumer_2007\">42<\/span><\/a> J\u00f3s\u00faa vann \u00f6ll \u00feessi l\u00f6nd og konunga \u00feeirra \u00ed einni atrennu \u00fev\u00ed a\u00f0 Drottinn, Gu\u00f0 \u00cdsraels, bar\u00f0ist fyrir \u00cdsrael.<br \/> <a name=\"43\"><span class=\"versanumer_2007\">43<\/span><\/a> \u00dev\u00ed n\u00e6st sneri J\u00f3s\u00faa og allur \u00cdsrael til b\u00fa\u00f0anna \u00ed Gilgal.<\/p>\n","protected":false},"excerpt":{"rendered":"<p>S\u00f3lin stendur kyrr 1 Ad\u00f3n\u00edsedek, konungur \u00ed Jer\u00fasalem, fr\u00e9tti a\u00f0 J\u00f3s\u00faa hef\u00f0i teki\u00f0 A\u00ed og helga\u00f0 hana banni. Hann hef\u00f0i fari\u00f0 me\u00f0 A\u00ed og konung hennar eins og Jer\u00edk\u00f3borg og konung hennar og a\u00f0 \u00edb\u00faar G\u00edbeonborgar hef\u00f0u sami\u00f0 fri\u00f0 vi\u00f0 \u00cdsrael og byggju me\u00f0al \u00feeirra. 2 Hann og \u00fej\u00f3\u00f0 hans ur\u00f0u skelfingu lostin \u00fev\u00ed a\u00f0 G\u00edbeon var st\u00f3r borg, jafnst\u00f3r og ein af konungsborgunum. H\u00fan var st\u00e6rri en A\u00ed og allir karlmenn \u00ed borginni reyndir hermenn. 3 Ad\u00f3n\u00edsedek, konungur \u00ed Jer\u00fasalem, sendi \u00fev\u00ed menn til H\u00f3hams, konungs \u00ed Hebron, P\u00edreams, konungs \u00ed Jarm\u00fat, Jaf\u00eda, konungs \u00ed Lak\u00eds og til Deb\u00edrs, <a href=\"https:\/\/biblian.is\/biblian\/josuabok-10-kafli\/\"> [&#8230;]<\/a><\/p>\n","protected":false},"author":1,"featured_media":0,"parent":0,"menu_order":0,"comment_status":"open","ping_status":"open","template":"bibliukaflar_NT.php","meta":{"footnotes":""},"class_list":["post-1814","page","type-page","status-publish","hentry"],"_links":{"self":[{"href":"https:\/\/biblian.is\/biblian\/wp-json\/wp\/v2\/pages\/1814","targetHints":{"allow":["GET"]}}],"collection":[{"href":"https:\/\/biblian.is\/biblian\/wp-json\/wp\/v2\/pages"}],"about":[{"href":"https:\/\/biblian.is\/biblian\/wp-json\/wp\/v2\/types\/page"}],"author":[{"embeddable":true,"href":"https:\/\/biblian.is\/biblian\/wp-json\/wp\/v2\/users\/1"}],"replies":[{"embeddable":true,"href":"https:\/\/biblian.is\/biblian\/wp-json\/wp\/v2\/comments?post=1814"}],"version-history":[{"count":0,"href":"https:\/\/biblian.is\/biblian\/wp-json\/wp\/v2\/pages\/1814\/revisions"}],"wp:attachment":[{"href":"https:\/\/biblian.is\/biblian\/wp-json\/wp\/v2\/media?parent=1814"}],"curies":[{"name":"wp","href":"https:\/\/api.w.org\/{rel}","templated":true}]}}