{"id":1813,"date":"2017-12-30T21:00:30","date_gmt":"2017-12-30T21:00:30","guid":{"rendered":"http:\/\/biblian.is\/biblian\/j%c2%97s%c2%9cab%c2%97k-9-kafli\/"},"modified":"2024-06-27T02:39:15","modified_gmt":"2024-06-27T02:39:15","slug":"josuabok-9-kafli","status":"publish","type":"page","link":"https:\/\/biblian.is\/biblian\/josuabok-9-kafli\/","title":{"rendered":"J\u00f3s\u00faab\u00f3k 9. kafli"},"content":{"rendered":"<h3 class=\"millifyrirsogn_2007\"> G\u00edbeon\u00edtar blekkja J\u00f3s\u00faa<\/h3>\n<p><a name=\"1\"><span class=\"versanumer_2007\">1<\/span><\/a> \u00deegar allir konungarnir vestan vi\u00f0 J\u00f3rdan fr\u00e9ttu \u00feetta, b\u00e6\u00f0i \u00feeir sem voru \u00ed fjalllendinu og \u00feeir \u00e1 l\u00e1glendinu og me\u00f0 fram allri str\u00f6nd hafsins mikla allt a\u00f0 L\u00edbanon, konungar Het\u00edta, Amor\u00edta, Kanverja, Peres\u00edta, Hev\u00edta og Jeb\u00fas\u00edta, <a name=\"2\"><span class=\"versanumer_2007\">2<\/span><\/a> ger\u00f0u \u00feeir bandalag me\u00f0 s\u00e9r um a\u00f0 berjast gegn J\u00f3s\u00faa og \u00cdsrael.<br \/> <a name=\"3\"><span class=\"versanumer_2007\">3<\/span><\/a> \u00deegar \u00edb\u00faar G\u00edbeon fr\u00e9ttu hvernig J\u00f3s\u00faa haf\u00f0i fari\u00f0 me\u00f0 Jer\u00edk\u00f3 og A\u00ed <a name=\"4\"><span class=\"versanumer_2007\">4<\/span><\/a> \u00e1kv\u00e1\u00f0u \u00feeir a\u00f0 beita br\u00f6g\u00f0um. \u00deeir nestu\u00f0u sig, l\u00f6g\u00f0u slitna poka \u00e1 asna s\u00edna og gatslitna, sprungna og b\u00e6tta v\u00ednbelgi. <a name=\"5\"><span class=\"versanumer_2007\">5<\/span><\/a> \u00c1 f\u00f3tum h\u00f6f\u00f0u \u00feeir l\u00fana og b\u00e6tta ilsk\u00f3 og kl\u00e6ddust slitnum skikkjum og nesti \u00feeirra var har\u00f0ir brau\u00f0molar.<br \/> <a name=\"6\"><span class=\"versanumer_2007\">6<\/span><\/a> S\u00ed\u00f0an h\u00e9ldu \u00feeir til J\u00f3s\u00faa \u00ed b\u00fa\u00f0unum \u00ed Gilgal og s\u00f6g\u00f0u vi\u00f0 hann og \u00cdsraelsmenn: \u201eVi\u00f0 komum fr\u00e1 fjarl\u00e6gu landi. Geri\u00f0 n\u00fa s\u00e1ttm\u00e1la vi\u00f0 okkur.\u201c <a name=\"7\"><span class=\"versanumer_2007\">7<\/span><\/a> \u00cdsraelsmenn sv\u00f6ru\u00f0u Hev\u00edtunum: \u201eEf til vill b\u00fai\u00f0 \u00fei\u00f0 h\u00e9r \u00e1 me\u00f0al okkar. Hvernig getum vi\u00f0 \u00fe\u00e1 gert s\u00e1ttm\u00e1la vi\u00f0 ykkur?\u201c <a name=\"8\"><span class=\"versanumer_2007\">8<\/span><\/a> \u00de\u00e1 s\u00f6g\u00f0u \u00feeir vi\u00f0 J\u00f3s\u00faa: \u201eVi\u00f0 erum \u00fej\u00f3nar \u00fe\u00ednir.\u201c En J\u00f3s\u00faa spur\u00f0i: \u201eHverjir eru\u00f0 \u00fei\u00f0 og hva\u00f0an komi\u00f0 \u00fei\u00f0?\u201c <a name=\"9\"><span class=\"versanumer_2007\">9<\/span><\/a> \u201eVi\u00f0, \u00fej\u00f3nar \u00fe\u00ednir,\u201c sv\u00f6ru\u00f0u \u00feeir honum, \u201ekomum fr\u00e1 mj\u00f6g fjarl\u00e6gu landi vegna nafns Drottins, Gu\u00f0s \u00fe\u00edns, \u00fev\u00ed a\u00f0 vi\u00f0 h\u00f6fum heyrt or\u00f0st\u00edr hans og um allt sem hann vann \u00ed Egyptalandi <a name=\"10\"><span class=\"versanumer_2007\">10<\/span><\/a> og hvernig hann l\u00e9k Amor\u00edtakonungana tvo handan vi\u00f0 J\u00f3rdan, \u00fe\u00e1 S\u00edhon, konung \u00ed Hesbon, og \u00d3g, konung \u00ed Basan \u00ed Astar\u00f3t. <a name=\"11\"><span class=\"versanumer_2007\">11<\/span><\/a> \u00de\u00e1 s\u00f6g\u00f0u \u00f6ldungar okkar og allir a\u00f0rir sem b\u00faa \u00ed landinu: Taki\u00f0 ykkur nesti til fer\u00f0ar og fari\u00f0 til fundar vi\u00f0 \u00fe\u00e1 og segi\u00f0: Vi\u00f0 erum \u00fej\u00f3nar \u00fe\u00ednir. <a name=\"12\"><span class=\"versanumer_2007\">12<\/span><\/a> Brau\u00f0i\u00f0, sem vi\u00f0 erum me\u00f0, var enn volgt \u00feegar vi\u00f0 nestu\u00f0um okkur daginn sem vi\u00f0 h\u00e9ldum a\u00f0 heiman til fundar vi\u00f0 ykkur. En sj\u00e1i\u00f0 n\u00fa hve hart \u00fea\u00f0 er or\u00f0i\u00f0 og molna\u00f0. <a name=\"13\"><span class=\"versanumer_2007\">13<\/span><\/a> Og \u00feessir v\u00ednbelgir voru einnig n\u00fdir \u00feegar vi\u00f0 fylltum \u00fe\u00e1. En l\u00edti\u00f0 n\u00fa \u00e1. \u00deeir eru sprungnir. Og yfirhafnir okkar og ilsk\u00f3r eru gatslitnir or\u00f0nir eftir \u00feessa l\u00f6ngu fer\u00f0.\u201c<br \/> <a name=\"14\"><span class=\"versanumer_2007\">14<\/span><\/a> \u00de\u00e1 t\u00f3ku \u00cdsraelsmenn d\u00e1l\u00edti\u00f0 af nesti \u00feeirra en leitu\u00f0u ekki \u00farskur\u00f0ar Drottins.<br \/> <a name=\"15\"><span class=\"versanumer_2007\">15<\/span><\/a> J\u00f3s\u00faa veitti \u00feeim s\u00ed\u00f0an gri\u00f0 og ger\u00f0i vi\u00f0 \u00fe\u00e1 s\u00e1ttm\u00e1la um a\u00f0 \u00feeir fengju a\u00f0 halda l\u00edfi. Lei\u00f0togar safna\u00f0arins unnu \u00feeim einnig ei\u00f0.<br \/> <a name=\"16\"><span class=\"versanumer_2007\">16<\/span><\/a> En \u00feremur d\u00f6gum eftir a\u00f0 \u00feeir ger\u00f0u s\u00e1ttm\u00e1la vi\u00f0 G\u00edbeon\u00edta komust \u00cdsraelsmenn a\u00f0 raun um a\u00f0 mennirnir voru n\u00e1grannar \u00feeirra og bjuggu \u00e1 me\u00f0al \u00feeirra. <a name=\"17\"><span class=\"versanumer_2007\">17<\/span><\/a> \u00cdsraelsmenn f\u00f3ru \u00fev\u00ed af sta\u00f0 og komu \u00e1 \u00feri\u00f0ja degi til borga \u00feeirra sem voru: G\u00edbeon, Kef\u00edra, Beer\u00f3t og Kirjat Jear\u00edm. <a name=\"18\"><span class=\"versanumer_2007\">18<\/span><\/a> En \u00cdsraelsmenn felldu \u00edb\u00faana ekki \u00fev\u00ed a\u00f0 lei\u00f0togar safna\u00f0ar \u00feeirra h\u00f6f\u00f0u svari\u00f0 \u00feeim ei\u00f0 vi\u00f0 Drottin, Gu\u00f0 \u00cdsraels. Allur s\u00f6fnu\u00f0urinn m\u00f6gla\u00f0i \u00feess vegna gegn lei\u00f0togunum <a name=\"19\"><span class=\"versanumer_2007\">19<\/span><\/a> en allir lei\u00f0togarnir sv\u00f6ru\u00f0u s\u00f6fnu\u00f0inum og s\u00f6g\u00f0u: \u201eVi\u00f0 h\u00f6fum svari\u00f0 \u00feeim ei\u00f0 vi\u00f0 Drottin, Gu\u00f0 \u00cdsraels. \u00deess vegna getum vi\u00f0 ekki lagt \u00e1 \u00fe\u00e1 hendur. <a name=\"20\"><span class=\"versanumer_2007\">20<\/span><\/a> Vi\u00f0 skulum breyta svona vi\u00f0 \u00fe\u00e1: L\u00e1tum \u00fe\u00e1 lifa svo a\u00f0 rei\u00f0i komi ekki yfir okkur vegna ei\u00f0sins sem vi\u00f0 s\u00f3rum \u00feeim.\u201c<br \/> <a name=\"21\"><span class=\"versanumer_2007\">21<\/span><\/a> \u00dev\u00ed n\u00e6st s\u00f6g\u00f0u lei\u00f0togarnir vi\u00f0 \u00fe\u00e1: \u201e\u00deeir skulu l\u00edfi halda.\u201c En s\u00ed\u00f0an ur\u00f0u G\u00edbeon\u00edtar sk\u00f3garh\u00f6ggsmenn og vatnsberar fyrir allan s\u00f6fnu\u00f0inn eins og lei\u00f0togarnir h\u00f6f\u00f0u \u00e1kve\u00f0i\u00f0.<br \/> <a name=\"22\"><span class=\"versanumer_2007\">22<\/span><\/a> \u00de\u00e1 kalla\u00f0i J\u00f3s\u00faa G\u00edbeon\u00edta til s\u00edn og sag\u00f0i vi\u00f0 \u00fe\u00e1: \u201eHvers vegna blekktu\u00f0 \u00fei\u00f0 okkur og s\u00f6g\u00f0ust b\u00faa lengst fr\u00e1 okkur en b\u00fai\u00f0 mitt \u00e1 me\u00f0al okkar? <a name=\"23\"><span class=\"versanumer_2007\">23<\/span><\/a> \u00dei\u00f0 eru b\u00f6lva\u00f0ir h\u00e9\u00f0an \u00ed fr\u00e1. \u00dei\u00f0 skulu\u00f0 \u00e6t\u00ed\u00f0 ver\u00f0a \u00fer\u00e6lar, sk\u00f3garh\u00f6ggsmenn og vatnsberar fyrir h\u00fas Gu\u00f0s m\u00edns.\u201c<br \/> <a name=\"24\"><span class=\"versanumer_2007\">24<\/span><\/a> \u00deeir sv\u00f6ru\u00f0u J\u00f3s\u00faa: \u201e\u00dej\u00f3num \u00fe\u00ednum var skilmerkilega greint fr\u00e1 \u00fev\u00ed a\u00f0 Drottinn, Gu\u00f0 \u00feinn, hef\u00f0i lagt fyrir M\u00f3se, \u00fej\u00f3n sinn, a\u00f0 gefa ykkur allt landi\u00f0 og ry\u00f0ja \u00f6llum \u00edb\u00faunum \u00far vegi. \u00deess vegna \u00f3ttu\u00f0umst vi\u00f0 um l\u00edf okkar sakir ykkar og \u00feess vegna ger\u00f0um vi\u00f0 \u00feetta. <a name=\"25\"><span class=\"versanumer_2007\">25<\/span><\/a> N\u00fa erum vi\u00f0 \u00ed hendi \u00feinni: Far\u00f0u \u00fev\u00ed me\u00f0 okkur eins og \u00fe\u00fa telur r\u00e9tt og r\u00e9ttm\u00e6tt.\u201c<br \/> <a name=\"26\"><span class=\"versanumer_2007\">26<\/span><\/a> \u00de\u00e1 ger\u00f0i hann \u00feetta: Hann bjarga\u00f0i \u00feeim \u00far h\u00f6ndum \u00cdsraelsmanna svo a\u00f0 \u00feeir dr\u00e1pu \u00fe\u00e1 ekki. <a name=\"27\"><span class=\"versanumer_2007\">27<\/span><\/a> \u00c1 \u00feeim degi ger\u00f0i J\u00f3s\u00faa \u00fe\u00e1 a\u00f0 sk\u00f3garh\u00f6ggsm\u00f6nnum og vatnsberum fyrir s\u00f6fnu\u00f0inn og altari Drottins. Og \u00fea\u00f0 hafa \u00feeir veri\u00f0 til \u00feessa dags \u00e1 sta\u00f0num sem Drottinn velur.<\/p>\n","protected":false},"excerpt":{"rendered":"<p>G\u00edbeon\u00edtar blekkja J\u00f3s\u00faa 1 \u00deegar allir konungarnir vestan vi\u00f0 J\u00f3rdan fr\u00e9ttu \u00feetta, b\u00e6\u00f0i \u00feeir sem voru \u00ed fjalllendinu og \u00feeir \u00e1 l\u00e1glendinu og me\u00f0 fram allri str\u00f6nd hafsins mikla allt a\u00f0 L\u00edbanon, konungar Het\u00edta, Amor\u00edta, Kanverja, Peres\u00edta, Hev\u00edta og Jeb\u00fas\u00edta, 2 ger\u00f0u \u00feeir bandalag me\u00f0 s\u00e9r um a\u00f0 berjast gegn J\u00f3s\u00faa og \u00cdsrael. 3 \u00deegar \u00edb\u00faar G\u00edbeon fr\u00e9ttu hvernig J\u00f3s\u00faa haf\u00f0i fari\u00f0 me\u00f0 Jer\u00edk\u00f3 og A\u00ed 4 \u00e1kv\u00e1\u00f0u \u00feeir a\u00f0 beita br\u00f6g\u00f0um. \u00deeir nestu\u00f0u sig, l\u00f6g\u00f0u slitna poka \u00e1 asna s\u00edna og gatslitna, sprungna og b\u00e6tta v\u00ednbelgi. 5 \u00c1 f\u00f3tum h\u00f6f\u00f0u \u00feeir l\u00fana og b\u00e6tta ilsk\u00f3 og kl\u00e6ddust slitnum skikkjum <a href=\"https:\/\/biblian.is\/biblian\/josuabok-9-kafli\/\"> [&#8230;]<\/a><\/p>\n","protected":false},"author":1,"featured_media":0,"parent":0,"menu_order":0,"comment_status":"open","ping_status":"open","template":"bibliukaflar_NT.php","meta":{"footnotes":""},"class_list":["post-1813","page","type-page","status-publish","hentry"],"_links":{"self":[{"href":"https:\/\/biblian.is\/biblian\/wp-json\/wp\/v2\/pages\/1813","targetHints":{"allow":["GET"]}}],"collection":[{"href":"https:\/\/biblian.is\/biblian\/wp-json\/wp\/v2\/pages"}],"about":[{"href":"https:\/\/biblian.is\/biblian\/wp-json\/wp\/v2\/types\/page"}],"author":[{"embeddable":true,"href":"https:\/\/biblian.is\/biblian\/wp-json\/wp\/v2\/users\/1"}],"replies":[{"embeddable":true,"href":"https:\/\/biblian.is\/biblian\/wp-json\/wp\/v2\/comments?post=1813"}],"version-history":[{"count":0,"href":"https:\/\/biblian.is\/biblian\/wp-json\/wp\/v2\/pages\/1813\/revisions"}],"wp:attachment":[{"href":"https:\/\/biblian.is\/biblian\/wp-json\/wp\/v2\/media?parent=1813"}],"curies":[{"name":"wp","href":"https:\/\/api.w.org\/{rel}","templated":true}]}}