{"id":1811,"date":"2017-12-30T21:00:30","date_gmt":"2017-12-30T21:00:30","guid":{"rendered":"http:\/\/biblian.is\/biblian\/j%c2%97s%c2%9cab%c2%97k-7-kafli\/"},"modified":"2024-06-27T02:39:14","modified_gmt":"2024-06-27T02:39:14","slug":"josuabok-7-kafli","status":"publish","type":"page","link":"https:\/\/biblian.is\/biblian\/josuabok-7-kafli\/","title":{"rendered":"J\u00f3s\u00faab\u00f3k 7. kafli"},"content":{"rendered":"<h3 class=\"millifyrirsogn_2007\"> Gl\u00e6pur Akans og refsing<\/h3>\n<p><a name=\"1\"><span class=\"versanumer_2007\">1<\/span><\/a> En \u00cdsraelsmenn virtu ekki bannhelgina. Akan Karm\u00edson, Sabd\u00edsonar, Serakssonar af \u00e6ttb\u00e1lki J\u00fada t\u00f3k nokku\u00f0 af \u00fev\u00ed sem helga\u00f0 haf\u00f0i veri\u00f0 banni. \u00de\u00e1 blossa\u00f0i rei\u00f0i Drottins upp gegn \u00cdsraelsm\u00f6nnum.<br \/> <a name=\"2\"><span class=\"versanumer_2007\">2<\/span><\/a> J\u00f3s\u00faa sendi menn fr\u00e1 Jer\u00edk\u00f3 til A\u00ed, sem er n\u00e1l\u00e6gt Betaven og austan vi\u00f0 Betel, og sag\u00f0i vi\u00f0 \u00fe\u00e1: \u201eFari\u00f0 upp eftir og kanni\u00f0 landi\u00f0.\u201c Mennirnir f\u00f3ru upp eftir og k\u00f6nnu\u00f0u A\u00ed. <a name=\"3\"><span class=\"versanumer_2007\">3<\/span><\/a> \u00deegar \u00feeir komu aftur til J\u00f3s\u00faa s\u00f6g\u00f0u \u00feeir vi\u00f0 hann: \u201eSendu ekki allt f\u00f3lki\u00f0 upp eftir. Sendu tv\u00f6 \u00fe\u00fasund e\u00f0a \u00ferj\u00fa \u00fe\u00fasund menn upp eftir til a\u00f0 vinna A\u00ed \u00fev\u00ed a\u00f0 \u00fear eru a\u00f0eins f\u00e1einir menn og \u00fe\u00fa skalt ekki \u00fereyta allt f\u00f3lki\u00f0 me\u00f0 \u00fev\u00ed a\u00f0 senda \u00fea\u00f0 \u00feanga\u00f0.\u201c<br \/> <a name=\"4\"><span class=\"versanumer_2007\">4<\/span><\/a> \u00de\u00e1 f\u00f3ru um \u00fea\u00f0 bil \u00ferj\u00fa \u00fe\u00fasund menn upp eftir en \u00feeir ur\u00f0u a\u00f0 fl\u00fdja fyrir A\u00edm\u00f6nnum <a name=\"5\"><span class=\"versanumer_2007\">5<\/span><\/a> sem felldu \u00ferj\u00e1t\u00edu og sex \u00feeirra. \u00deeir r\u00e1ku fl\u00f3tta \u00cdsraelsmanna fr\u00e1 borgarhli\u00f0inu a\u00f0 grj\u00f3tn\u00e1munni og felldu \u00fe\u00e1 vi\u00f0 st\u00edginn ni\u00f0ur eftir. Vi\u00f0 \u00feetta missti f\u00f3lki\u00f0 m\u00f3\u00f0inn og var\u00f0 a\u00f0 gjalti.<br \/> <a name=\"6\"><span class=\"versanumer_2007\">6<\/span><\/a> J\u00f3s\u00faa reif kl\u00e6\u00f0i s\u00edn og varpa\u00f0i s\u00e9r til jar\u00f0ar fram \u00e1 \u00e1sj\u00f3nu s\u00edna frammi fyrir \u00f6rk Drottins og l\u00e1 \u00fear til kv\u00f6lds \u00e1samt \u00f6ldungum \u00cdsraels. Hann og \u00f6ldungar \u00cdsraels jusu mold yfir h\u00f6fu\u00f0 s\u00e9r <a name=\"7\"><span class=\"versanumer_2007\">7<\/span><\/a> og J\u00f3s\u00faa sag\u00f0i: \u201e\u00c6, Drottinn Gu\u00f0. Hvers vegna leiddir \u00fe\u00fa \u00feetta f\u00f3lk yfir J\u00f3rdan? Var \u00fea\u00f0 til a\u00f0 selja okkur \u00ed hendur Amor\u00edtum svo a\u00f0 \u00feeir tort\u00edmi okkur? Betra v\u00e6ri a\u00f0 vi\u00f0 hef\u00f0um l\u00e1ti\u00f0 okkur lynda a\u00f0 vera um kyrrt austan vi\u00f0 J\u00f3rdan. <a name=\"8\"><span class=\"versanumer_2007\">8<\/span><\/a> Drottinn, hva\u00f0 get \u00e9g n\u00fa sagt \u00feegar \u00cdsrael hefur be\u00f0i\u00f0 \u00f3sigur og fl\u00fai\u00f0 fjandmenn s\u00edna? <a name=\"9\"><span class=\"versanumer_2007\">9<\/span><\/a> Kanverjar og a\u00f0rir \u00edb\u00faar landsins munu fr\u00e9tta \u00feetta og umkringja okkur og ey\u00f0a nafni okkar \u00far landinu. Hva\u00f0 \u00e6tlar \u00fe\u00fa n\u00fa a\u00f0 gera \u00ed \u00fe\u00e1gu \u00fe\u00edns mikla nafns?\u201c<br \/> <a name=\"10\"><span class=\"versanumer_2007\">10<\/span><\/a> \u00de\u00e1 sag\u00f0i Drottinn vi\u00f0 J\u00f3s\u00faa:<br \/>\u201eR\u00eds \u00fe\u00fa \u00e1 f\u00e6tur. Hvers vegna liggur \u00fe\u00fa \u00fearna \u00e1 gr\u00fafu? <a name=\"11\"><span class=\"versanumer_2007\">11<\/span><\/a> \u00cdsrael hefur syndga\u00f0. \u00deeir hafa sni\u00f0gengi\u00f0 s\u00e1ttm\u00e1lann sem \u00e9g gaf \u00feeim og teki\u00f0 af \u00fev\u00ed sem var helga\u00f0 banni, \u00feeir hafa stoli\u00f0, \u00feeir hafa sviki\u00f0 og \u00feeir hafa b\u00e6tt \u00fev\u00ed sem \u00feeir t\u00f3ku vi\u00f0 eigin eign. <a name=\"12\"><span class=\"versanumer_2007\">12<\/span><\/a> \u00deess vegna geta \u00cdsraelsmenn ekki sta\u00f0ist fjandmenn s\u00edna heldur ver\u00f0a a\u00f0 leggja \u00e1 fl\u00f3tta fyrir \u00feeim enda sj\u00e1lfir helga\u00f0ir banni. \u00c9g ver\u00f0 ekki lengur me\u00f0 ykkur nema \u00fei\u00f0 ey\u00f0i\u00f0 \u00f6llu sem helga\u00f0 var banni. <a name=\"13\"><span class=\"versanumer_2007\">13<\/span><\/a> R\u00eds \u00e1 f\u00e6tur, helga\u00f0u f\u00f3lki\u00f0 og seg\u00f0u vi\u00f0 \u00fea\u00f0: \u201eHelgi\u00f0 ykkur fyrir morgundaginn,\u201c \u00fev\u00ed a\u00f0 svo segir Drottinn, Gu\u00f0 \u00cdsraels: \u201eMe\u00f0al ykkar, \u00cdsrael, eru bannhelgir munir. \u00de\u00fa getur ekki sta\u00f0i\u00f0 augliti til auglitis vi\u00f0 fjandmenn \u00fe\u00edna fyrr en \u00fei\u00f0 hafi\u00f0 fjarl\u00e6gt \u00fea\u00f0 sem helga\u00f0 var banni.\u201c <a name=\"14\"><span class=\"versanumer_2007\">14<\/span><\/a> \u00cd fyrram\u00e1li\u00f0 skulu\u00f0 \u00fei\u00f0 ganga fram eftir \u00e6ttb\u00e1lkum ykkar. S\u00ed\u00f0an skal s\u00e1 \u00e6ttb\u00e1lkur, sem Drottinn velur, ganga fram eftir \u00e6ttum s\u00ednum. \u00de\u00e1 skal s\u00fa \u00e6tt, sem Drottinn velur, ganga fram eftir fj\u00f6lskyldu og a\u00f0 lokum skal s\u00fa fj\u00f6lskylda, sem Drottinn velur, ganga fram, hver ma\u00f0ur fyrir sig. <a name=\"15\"><span class=\"versanumer_2007\">15<\/span><\/a> En \u00feann sem hi\u00f0 bannhelga\u00f0a finnst hj\u00e1 skal brenna \u00ed eldi og allt sem hann \u00e1 \u00fev\u00ed a\u00f0 hann hefur sni\u00f0gengi\u00f0 s\u00e1ttm\u00e1la Drottins og frami\u00f0 sv\u00edvir\u00f0u \u00ed \u00cdsrael.\u201c<br \/> <a name=\"16\"><span class=\"versanumer_2007\">16<\/span><\/a> Morguninn eftir var J\u00f3s\u00faa snemma \u00e1 f\u00f3tum og l\u00e9t \u00cdsrael ganga fram eftir \u00e6ttb\u00e1lkum s\u00ednum. Var\u00f0 \u00e6ttb\u00e1lkur J\u00fada fyrir valinu. <a name=\"17\"><span class=\"versanumer_2007\">17<\/span><\/a> \u00dev\u00ed n\u00e6st l\u00e9t hann \u00e6ttir J\u00fada ganga fram og var\u00f0 \u00fe\u00e1 \u00e6tt Seraks fyrir valinu. \u00de\u00e1 l\u00e9t hann \u00e6tt Seraks ganga fram, hvern mann fyrir sig. A\u00f0 lokum var\u00f0 Sabd\u00ed fyrir valinu og <a name=\"18\"><span class=\"versanumer_2007\">18<\/span><\/a> l\u00e9t hann fj\u00f6lskyldu hans ganga fram, hvern mann fyrir sig. \u00de\u00e1 var\u00f0 Akan Karm\u00edson, Sabd\u00edsonar, Serakssonar af \u00e6ttb\u00e1lki J\u00fada fyrir valinu.<br \/> <a name=\"19\"><span class=\"versanumer_2007\">19<\/span><\/a> S\u00ed\u00f0an sag\u00f0i J\u00f3s\u00faa vi\u00f0 Akan: \u201eSonur minn. Gef\u00f0u Drottni, Gu\u00f0i \u00cdsraels, d\u00fdr\u00f0ina og ger\u00f0u j\u00e1tningu fyrir honum. Sk\u00fdr\u00f0u m\u00e9r n\u00fa fr\u00e1 \u00fev\u00ed sem \u00fe\u00fa hefur gert. Leyndu mig engu.\u201c <a name=\"20\"><span class=\"versanumer_2007\">20<\/span><\/a> Akan svara\u00f0i J\u00f3s\u00faa og sag\u00f0i: \u201e\u00dea\u00f0 er satt, \u00e9g syndga\u00f0i gegn Drottni, Gu\u00f0i \u00cdsraels, <a name=\"21\"><span class=\"versanumer_2007\">21<\/span><\/a> \u00feegar \u00e9g s\u00e1 fallega skikkju fr\u00e1 S\u00ednear<span class=\"nedan_mal\" title=\" S\u00ednear er Mes\u00f3p\u00f3tam\u00eda.\">[<\/span> \u00ed herfanginu og tv\u00f6 hundru\u00f0 sikla silfurs og gulltungu sem v\u00f3 fimmt\u00edu sikla. \u00c9g girntist \u00feetta, t\u00f3k \u00fea\u00f0 og gr\u00f3f \u00ed j\u00f6r\u00f0 \u00ed tjaldi m\u00ednu og er silfri\u00f0 ne\u00f0st.\u201c<br \/> <a name=\"22\"><span class=\"versanumer_2007\">22<\/span><\/a> \u00de\u00e1 sendi J\u00f3s\u00faa menn sem hlupu a\u00f0 tjaldinu og \u00ed lj\u00f3s kom a\u00f0 \u00feetta var fali\u00f0 \u00ed tjaldinu og var silfri\u00f0 ne\u00f0st. <a name=\"23\"><span class=\"versanumer_2007\">23<\/span><\/a> \u00deeir t\u00f3ku \u00fea\u00f0 allt \u00far tjaldinu, f\u00e6r\u00f0u J\u00f3s\u00faa og \u00f6llum \u00cdsraelsm\u00f6nnum og dreif\u00f0u \u00fev\u00ed frammi fyrir augliti Drottins.<br \/> <a name=\"24\"><span class=\"versanumer_2007\">24<\/span><\/a> \u00dev\u00ed n\u00e6st t\u00f3k J\u00f3s\u00faa og allur \u00cdsrael me\u00f0 honum Akan Seraksson, silfri\u00f0, skikkjuna og gulltunguna, syni hans og d\u00e6tur, nautgripi hans, asna og sau\u00f0i, tjald hans og allt sem hann \u00e1tti. \u00deeir f\u00f3ru me\u00f0 hann upp \u00ed Akordalinn.<span class=\"nedan_mal\" title=\" \u00de.e. dal \u00f3g\u00e6funnar, sbr. 7.1.\">[<\/span> <a name=\"25\"><span class=\"versanumer_2007\">25<\/span><\/a> \u00de\u00e1 sag\u00f0i J\u00f3s\u00faa: \u201eHvers vegna steyptir \u00fe\u00fa okkur \u00ed \u00feessa \u00f3g\u00e6fu? Drottinn steypir \u00fe\u00e9r \u00ed \u00f3g\u00e6fu \u00ed dag.\u201c \u00dev\u00ed n\u00e6st gr\u00fdtti allur \u00cdsrael Akan, brenndi \u00feau \u00ed eldi og gr\u00fdtti \u00feau. <a name=\"26\"><span class=\"versanumer_2007\">26<\/span><\/a> Loks hl\u00f3\u00f0u \u00feeir st\u00f3ra steindys yfir hann sem er \u00fear enn \u00ed dag. \u00deess vegna er \u00feessi sta\u00f0ur enn nefndur Akordalur.<\/p>\n","protected":false},"excerpt":{"rendered":"<p>Gl\u00e6pur Akans og refsing 1 En \u00cdsraelsmenn virtu ekki bannhelgina. Akan Karm\u00edson, Sabd\u00edsonar, Serakssonar af \u00e6ttb\u00e1lki J\u00fada t\u00f3k nokku\u00f0 af \u00fev\u00ed sem helga\u00f0 haf\u00f0i veri\u00f0 banni. \u00de\u00e1 blossa\u00f0i rei\u00f0i Drottins upp gegn \u00cdsraelsm\u00f6nnum. 2 J\u00f3s\u00faa sendi menn fr\u00e1 Jer\u00edk\u00f3 til A\u00ed, sem er n\u00e1l\u00e6gt Betaven og austan vi\u00f0 Betel, og sag\u00f0i vi\u00f0 \u00fe\u00e1: \u201eFari\u00f0 upp eftir og kanni\u00f0 landi\u00f0.\u201c Mennirnir f\u00f3ru upp eftir og k\u00f6nnu\u00f0u A\u00ed. 3 \u00deegar \u00feeir komu aftur til J\u00f3s\u00faa s\u00f6g\u00f0u \u00feeir vi\u00f0 hann: \u201eSendu ekki allt f\u00f3lki\u00f0 upp eftir. Sendu tv\u00f6 \u00fe\u00fasund e\u00f0a \u00ferj\u00fa \u00fe\u00fasund menn upp eftir til a\u00f0 vinna A\u00ed \u00fev\u00ed a\u00f0 \u00fear eru <a href=\"https:\/\/biblian.is\/biblian\/josuabok-7-kafli\/\"> [&#8230;]<\/a><\/p>\n","protected":false},"author":1,"featured_media":0,"parent":0,"menu_order":0,"comment_status":"open","ping_status":"open","template":"bibliukaflar_NT.php","meta":{"footnotes":""},"class_list":["post-1811","page","type-page","status-publish","hentry"],"_links":{"self":[{"href":"https:\/\/biblian.is\/biblian\/wp-json\/wp\/v2\/pages\/1811","targetHints":{"allow":["GET"]}}],"collection":[{"href":"https:\/\/biblian.is\/biblian\/wp-json\/wp\/v2\/pages"}],"about":[{"href":"https:\/\/biblian.is\/biblian\/wp-json\/wp\/v2\/types\/page"}],"author":[{"embeddable":true,"href":"https:\/\/biblian.is\/biblian\/wp-json\/wp\/v2\/users\/1"}],"replies":[{"embeddable":true,"href":"https:\/\/biblian.is\/biblian\/wp-json\/wp\/v2\/comments?post=1811"}],"version-history":[{"count":0,"href":"https:\/\/biblian.is\/biblian\/wp-json\/wp\/v2\/pages\/1811\/revisions"}],"wp:attachment":[{"href":"https:\/\/biblian.is\/biblian\/wp-json\/wp\/v2\/media?parent=1811"}],"curies":[{"name":"wp","href":"https:\/\/api.w.org\/{rel}","templated":true}]}}