{"id":1809,"date":"2017-12-30T21:00:30","date_gmt":"2017-12-30T21:00:30","guid":{"rendered":"http:\/\/biblian.is\/biblian\/j%c2%97s%c2%9cab%c2%97k-5-kafli\/"},"modified":"2024-06-27T02:39:14","modified_gmt":"2024-06-27T02:39:14","slug":"josuabok-5-kafli","status":"publish","type":"page","link":"https:\/\/biblian.is\/biblian\/josuabok-5-kafli\/","title":{"rendered":"J\u00f3s\u00faab\u00f3k 5. kafli"},"content":{"rendered":"<p><a name=\"1\"><span class=\"versanumer_2007\">1<\/span><\/a> \u00deegar allir konungar Amor\u00edta vestan vi\u00f0 J\u00f3rdan og allir konungar Kanverja vi\u00f0 hafi\u00f0 fr\u00e9ttu a\u00f0 Drottinn hef\u00f0i \u00feurrka\u00f0 vatni\u00f0 \u00ed J\u00f3rdan frammi fyrir \u00cdsraelsm\u00f6nnum \u00fear til \u00feeir voru komnir yfir misstu \u00feeir m\u00f3\u00f0inn og \u00feeim f\u00e9llst hugur andsp\u00e6nis \u00cdsraelsm\u00f6nnum.<\/p>\n<h3 class=\"millifyrirsogn_2007\">Umskurn \u00ed Gilgal<\/h3>\n<p><a name=\"2\"><span class=\"versanumer_2007\">2<\/span><\/a> Um \u00fe\u00e6r mundir gaf Drottinn J\u00f3s\u00faa \u00feessi fyrirm\u00e6li:<br \/>\u201eGer\u00f0u \u00fe\u00e9r nokkra steinhn\u00edfa og umsker\u00f0u \u00cdsraelsmenn \u00f6\u00f0ru sinni.\u201c<br \/> <a name=\"3\"><span class=\"versanumer_2007\">3<\/span><\/a> \u00de\u00e1 ger\u00f0i J\u00f3s\u00faa s\u00e9r hn\u00edfa \u00far steinum og umskar \u00cdsraelsmenn \u00e1 Yfirh\u00fa\u00f0ah\u00e6\u00f0.<br \/> <a name=\"4\"><span class=\"versanumer_2007\">4<\/span><\/a> En \u00e1st\u00e6\u00f0a \u00feess a\u00f0 J\u00f3s\u00faa umskar \u00fe\u00e1 var s\u00fa a\u00f0 allt f\u00f3lki\u00f0, sem f\u00f3r fr\u00e1 Egyptalandi, haf\u00f0i d\u00e1i\u00f0 \u00e1 lei\u00f0inni gegnum ey\u00f0im\u00f6rkina, \u00fea\u00f0 er allir vopnf\u00e6rir menn. <a name=\"5\"><span class=\"versanumer_2007\">5<\/span><\/a> Allir sem h\u00f6f\u00f0u fari\u00f0 fr\u00e1 Egyptalandi h\u00f6f\u00f0u a\u00f0 s\u00f6nnu veri\u00f0 umskornir en ekki hinir sem f\u00e6ddust \u00e1 lei\u00f0inni um ey\u00f0im\u00f6rkina eftir brottf\u00f6rina fr\u00e1 Egyptalandi. <a name=\"6\"><span class=\"versanumer_2007\">6<\/span><\/a> \u00cd fj\u00f6rut\u00edu \u00e1r gengu \u00cdsraelsmenn um ey\u00f0im\u00f6rkina uns \u00fej\u00f3\u00f0in \u00f6ll var d\u00e1in, allir vopnf\u00e6rir menn sem h\u00f6f\u00f0u fari\u00f0 fr\u00e1 Egyptalandi. \u00deeir h\u00f6f\u00f0u ekki hl\u00fdtt r\u00f6dd Drottins. \u00deess vegna haf\u00f0i Drottinn svari\u00f0 a\u00f0 s\u00fdna \u00feeim ekki landi\u00f0 sem hann haf\u00f0i heiti\u00f0 forfe\u00f0rum \u00feeirra a\u00f0 gefa okkur, land sem fl\u00fdtur \u00ed mj\u00f3lk og hunangi. <a name=\"7\"><span class=\"versanumer_2007\">7<\/span><\/a> En syni \u00feeirra, sem Drottinn haf\u00f0i l\u00e1ti\u00f0 koma \u00ed \u00feeirra sta\u00f0, umskar J\u00f3s\u00faa \u00fev\u00ed a\u00f0 \u00feeir voru enn \u00f3umskornir, af \u00fev\u00ed a\u00f0 \u00feeir h\u00f6f\u00f0u ekki veri\u00f0 umskornir \u00e1 lei\u00f0inni.<br \/> <a name=\"8\"><span class=\"versanumer_2007\">8<\/span><\/a> En \u00feegar loki\u00f0 var a\u00f0 umskera alla \u00fej\u00f3\u00f0ina h\u00e9ldu allir kyrru fyrir \u00ed b\u00fa\u00f0unum \u00fear til \u00feeir h\u00f6f\u00f0u n\u00e1\u00f0 s\u00e9r. <a name=\"9\"><span class=\"versanumer_2007\">9<\/span><\/a> Og Drottinn sag\u00f0i vi\u00f0 J\u00f3s\u00faa: \u201e\u00cd dag hef \u00e9g velt af ykkur hinni egypsku sk\u00f6mm.\u201c \u00deess vegna er \u00feessi sta\u00f0ur nefndur Gilgal<span class=\"nedan_mal\" title=\" H\u00e9r er or\u00f0aleikur stofnsins \u00ed or\u00f0inu Gilgal og hebresku sagnarinnar a\u00f0 velta.\">[<\/span> og er svo enn.<\/p>\n<h3 class=\"millifyrirsogn_2007\">P\u00e1skah\u00e1t\u00ed\u00f0<\/h3>\n<p><a name=\"10\"><span class=\"versanumer_2007\">10<\/span><\/a> \u00deegar \u00cdsraelsmenn h\u00f6f\u00f0u b\u00fa\u00f0ir s\u00ednar \u00ed Gilgal h\u00e9ldu \u00feeir p\u00e1ska a\u00f0 kv\u00f6ldi fj\u00f3rt\u00e1nda dags m\u00e1na\u00f0arins \u00e1 sl\u00e9ttunum vi\u00f0 Jer\u00edk\u00f3. <a name=\"11\"><span class=\"versanumer_2007\">11<\/span><\/a> \u00deeir \u00e1tu \u00f3s\u00fdr\u00f0 brau\u00f0 og rista\u00f0 korn af uppskeru landsins daginn eftir p\u00e1ska, einmitt \u00feann dag. <a name=\"12\"><span class=\"versanumer_2007\">12<\/span><\/a> Daginn eftir a\u00f0 \u00feeir h\u00f6f\u00f0u neytt af uppskeru landsins h\u00e6ttu \u00feeir a\u00f0 f\u00e1 manna og \u00fea\u00f0an \u00ed fr\u00e1 fengu \u00cdsraelsmenn ekki manna framar heldur neyttu \u00feeir af uppskeru Kanaanslands \u00feetta \u00e1r.<\/p>\n<h3 class=\"millifyrirsogn_2007\">J\u00f3s\u00faa og ma\u00f0urinn me\u00f0 sver\u00f0i\u00f0<\/h3>\n<p><a name=\"13\"><span class=\"versanumer_2007\">13<\/span><\/a> Einu sinni er J\u00f3s\u00faa var staddur vi\u00f0 Jer\u00edk\u00f3 og var\u00f0 liti\u00f0 upp kom hann auga \u00e1 mann sem st\u00f3\u00f0 andsp\u00e6nis honum me\u00f0 brug\u00f0i\u00f0 sver\u00f0 \u00ed hendi. J\u00f3s\u00faa gekk til hans og spur\u00f0i: \u201eHvort ert \u00fe\u00fa okkar ma\u00f0ur e\u00f0a fjandmannanna?\u201c <a name=\"14\"><span class=\"versanumer_2007\">14<\/span><\/a> Hann svara\u00f0i: \u201e\u00c9g er hersh\u00f6f\u00f0ingi Drottins og var a\u00f0 koma.\u201c<br \/>J\u00f3s\u00faa f\u00e9ll \u00fe\u00e1 til jar\u00f0ar fram \u00e1 \u00e1sj\u00f3nu s\u00edna, laut honum og spur\u00f0i: \u201eHva\u00f0 skipar \u00fe\u00fa, herra, \u00fej\u00f3ni \u00fe\u00ednum?\u201c <a name=\"15\"><span class=\"versanumer_2007\">15<\/span><\/a> Hersh\u00f6f\u00f0ingi Drottins svara\u00f0i J\u00f3s\u00faa: \u201eDrag sk\u00f3 af f\u00f3tum \u00fe\u00e9r \u00fev\u00ed a\u00f0 sta\u00f0urinn, sem \u00fe\u00fa stendur \u00e1, er heilagur.\u201c Og J\u00f3s\u00faa ger\u00f0i svo.<\/p>\n","protected":false},"excerpt":{"rendered":"<p>1 \u00deegar allir konungar Amor\u00edta vestan vi\u00f0 J\u00f3rdan og allir konungar Kanverja vi\u00f0 hafi\u00f0 fr\u00e9ttu a\u00f0 Drottinn hef\u00f0i \u00feurrka\u00f0 vatni\u00f0 \u00ed J\u00f3rdan frammi fyrir \u00cdsraelsm\u00f6nnum \u00fear til \u00feeir voru komnir yfir misstu \u00feeir m\u00f3\u00f0inn og \u00feeim f\u00e9llst hugur andsp\u00e6nis \u00cdsraelsm\u00f6nnum. Umskurn \u00ed Gilgal 2 Um \u00fe\u00e6r mundir gaf Drottinn J\u00f3s\u00faa \u00feessi fyrirm\u00e6li:\u201eGer\u00f0u \u00fe\u00e9r nokkra steinhn\u00edfa og umsker\u00f0u \u00cdsraelsmenn \u00f6\u00f0ru sinni.\u201c 3 \u00de\u00e1 ger\u00f0i J\u00f3s\u00faa s\u00e9r hn\u00edfa \u00far steinum og umskar \u00cdsraelsmenn \u00e1 Yfirh\u00fa\u00f0ah\u00e6\u00f0. 4 En \u00e1st\u00e6\u00f0a \u00feess a\u00f0 J\u00f3s\u00faa umskar \u00fe\u00e1 var s\u00fa a\u00f0 allt f\u00f3lki\u00f0, sem f\u00f3r fr\u00e1 Egyptalandi, haf\u00f0i d\u00e1i\u00f0 \u00e1 lei\u00f0inni gegnum ey\u00f0im\u00f6rkina, \u00fea\u00f0 er allir vopnf\u00e6rir <a href=\"https:\/\/biblian.is\/biblian\/josuabok-5-kafli\/\"> [&#8230;]<\/a><\/p>\n","protected":false},"author":1,"featured_media":0,"parent":0,"menu_order":0,"comment_status":"open","ping_status":"open","template":"bibliukaflar_NT.php","meta":{"footnotes":""},"class_list":["post-1809","page","type-page","status-publish","hentry"],"_links":{"self":[{"href":"https:\/\/biblian.is\/biblian\/wp-json\/wp\/v2\/pages\/1809","targetHints":{"allow":["GET"]}}],"collection":[{"href":"https:\/\/biblian.is\/biblian\/wp-json\/wp\/v2\/pages"}],"about":[{"href":"https:\/\/biblian.is\/biblian\/wp-json\/wp\/v2\/types\/page"}],"author":[{"embeddable":true,"href":"https:\/\/biblian.is\/biblian\/wp-json\/wp\/v2\/users\/1"}],"replies":[{"embeddable":true,"href":"https:\/\/biblian.is\/biblian\/wp-json\/wp\/v2\/comments?post=1809"}],"version-history":[{"count":0,"href":"https:\/\/biblian.is\/biblian\/wp-json\/wp\/v2\/pages\/1809\/revisions"}],"wp:attachment":[{"href":"https:\/\/biblian.is\/biblian\/wp-json\/wp\/v2\/media?parent=1809"}],"curies":[{"name":"wp","href":"https:\/\/api.w.org\/{rel}","templated":true}]}}