{"id":1808,"date":"2017-12-30T21:00:30","date_gmt":"2017-12-30T21:00:30","guid":{"rendered":"http:\/\/biblian.is\/biblian\/j%c2%97s%c2%9cab%c2%97k-4-kafli\/"},"modified":"2024-06-27T02:39:14","modified_gmt":"2024-06-27T02:39:14","slug":"josuabok-4-kafli","status":"publish","type":"page","link":"https:\/\/biblian.is\/biblian\/josuabok-4-kafli\/","title":{"rendered":"J\u00f3s\u00faab\u00f3k 4. kafli"},"content":{"rendered":"<h3 class=\"millifyrirsogn_2007\"> T\u00f3lf minningarsteinar<\/h3>\n<p><a name=\"1\"><span class=\"versanumer_2007\">1<\/span><\/a> \u00deegar \u00f6ll \u00fej\u00f3\u00f0in var komin yfir J\u00f3rdan sag\u00f0i Drottinn vi\u00f0 J\u00f3s\u00faa: <a name=\"2\"><span class=\"versanumer_2007\">2<\/span><\/a> \u201eVelji\u00f0 t\u00f3lf menn af f\u00f3lkinu, einn \u00far hverjum \u00e6ttb\u00e1lki, <a name=\"3\"><span class=\"versanumer_2007\">3<\/span><\/a> og gefi\u00f0 \u00feeim \u00feessi fyrirm\u00e6li: Taki\u00f0 t\u00f3lf steina h\u00e9\u00f0an \u00far mi\u00f0ri J\u00f3rdan, af sta\u00f0num \u00fear sem prestarnir st\u00f3\u00f0u. Hafi\u00f0 \u00fe\u00e1 s\u00ed\u00f0an me\u00f0 ykkur yfir um \u00e1na og komi\u00f0 \u00feeim fyrir \u00e1 sta\u00f0num \u00fear sem \u00fei\u00f0 ver\u00f0i\u00f0 \u00ed n\u00f3tt.\u201c<br \/> <a name=\"4\"><span class=\"versanumer_2007\">4<\/span><\/a> \u00de\u00e1 kalla\u00f0i J\u00f3s\u00faa \u00e1 \u00fe\u00e1 t\u00f3lf menn sem hann haf\u00f0i vali\u00f0 me\u00f0al \u00cdsraelsmanna, einn \u00far hverjum \u00e6ttb\u00e1lki, <a name=\"5\"><span class=\"versanumer_2007\">5<\/span><\/a> og sag\u00f0i vi\u00f0 \u00fe\u00e1: \u201eFari\u00f0 fyrir \u00f6rk Drottins, Gu\u00f0s ykkar, \u00fat \u00ed J\u00f3rdan mi\u00f0ja. S\u00e9rhver taki einn stein \u00e1 \u00f6xl s\u00e9r, einn fyrir hvern \u00e6ttb\u00e1lk \u00cdsraelsmanna. <a name=\"6\"><span class=\"versanumer_2007\">6<\/span><\/a> \u00deetta skal s\u00ed\u00f0an ver\u00f0a t\u00e1kn \u00e1 me\u00f0al ykkar. \u00deegar b\u00f6rn ykkar spyrja s\u00ed\u00f0ar meir: Hva\u00f0 t\u00e1kna \u00feessir steinar? <a name=\"7\"><span class=\"versanumer_2007\">7<\/span><\/a> \u00fe\u00e1 skulu\u00f0 \u00fei\u00f0 svara: \u00deeir t\u00e1kna a\u00f0 vatni\u00f0 \u00ed J\u00f3rdan skiptist \u00ed sundur frammi fyrir s\u00e1ttm\u00e1ls\u00f6rk Drottins. \u00deegar h\u00fan var flutt yfir J\u00f3rdan skiptist vatni\u00f0 \u00ed J\u00f3rdan \u00ed sundur og skulu \u00feessir steinar vera \u00cdsraelsm\u00f6nnum minnismerki um alla framt\u00ed\u00f0.\u201c<br \/> <a name=\"8\"><span class=\"versanumer_2007\">8<\/span><\/a> \u00cdsraelsmenn framfylgdu \u00fev\u00ed sem J\u00f3s\u00faa haf\u00f0i skipa\u00f0. \u00deeir t\u00f3ku t\u00f3lf steina upp \u00far mi\u00f0ri J\u00f3rdan eins og Drottinn haf\u00f0i lagt fyrir J\u00f3s\u00faa, jafnmarga steina og \u00e6ttb\u00e1lkar \u00cdsraelsmanna eru. \u00deeir h\u00f6f\u00f0u \u00fe\u00e1 me\u00f0 s\u00e9r \u00feanga\u00f0 sem \u00feeir voru um n\u00f3ttina og komu \u00feeim \u00fear fyrir. <a name=\"9\"><span class=\"versanumer_2007\">9<\/span><\/a> J\u00f3s\u00faa reisti t\u00f3lf steina mitt \u00ed J\u00f3rdan \u00e1 sta\u00f0num \u00fear sem prestarnir, sem b\u00e1ru s\u00e1ttm\u00e1ls\u00f6rkina, h\u00f6f\u00f0u sta\u00f0i\u00f0. \u00dear hafa \u00feeir veri\u00f0 allt til \u00feessa dags.<br \/> <a name=\"10\"><span class=\"versanumer_2007\">10<\/span><\/a> Prestarnir, sem b\u00e1ru \u00f6rkina, st\u00f3\u00f0u kyrrir mitt \u00ed J\u00f3rdan \u00fear til allt, sem Drottinn haf\u00f0i fali\u00f0 J\u00f3s\u00faa a\u00f0 skipa f\u00f3lkinu, haf\u00f0i veri\u00f0 gert eins og M\u00f3se haf\u00f0i bo\u00f0i\u00f0 honum. \u00de\u00e1 hra\u00f0a\u00f0i f\u00f3lki\u00f0 s\u00e9r yfir um.<br \/> <a name=\"11\"><span class=\"versanumer_2007\">11<\/span><\/a> \u00deegar allt f\u00f3lki\u00f0 var komi\u00f0 yfir \u00e1na fylgdi \u00f6rk Drottins \u00e1samt prestunum sem f\u00f3ru fyrir f\u00f3lkinu. <a name=\"12\"><span class=\"versanumer_2007\">12<\/span><\/a> Ni\u00f0jar R\u00fabens og Ga\u00f0s og h\u00e1lfur \u00e6ttb\u00e1lkur Manasse f\u00f3ru \u00ed herkl\u00e6\u00f0um fyrir \u00cdsraelsm\u00f6nnum eins og M\u00f3se haf\u00f0i sagt.<br \/> <a name=\"13\"><span class=\"versanumer_2007\">13<\/span><\/a> Um fj\u00f6rut\u00edu \u00fe\u00fasund vopna\u00f0ra manna f\u00f3ru fyrir augliti Drottins til bardaga \u00e1 sl\u00e9ttunum vi\u00f0 Jer\u00edk\u00f3.<br \/> <a name=\"14\"><span class=\"versanumer_2007\">14<\/span><\/a> \u00deennan dag j\u00f3k Drottinn veg J\u00f3s\u00faa \u00ed augum alls \u00cdsraels og virtu \u00feeir hann eins og \u00feeir h\u00f6f\u00f0u virt M\u00f3se \u00e1 me\u00f0an hann lif\u00f0i.<br \/> <a name=\"15\"><span class=\"versanumer_2007\">15<\/span><\/a> Drottinn sag\u00f0i vi\u00f0 J\u00f3s\u00faa:<br \/> <a name=\"16\"><span class=\"versanumer_2007\">16<\/span><\/a> \u201eSkipa\u00f0u prestunum, sem bera \u00f6rk s\u00e1ttm\u00e1lst\u00e1knsins, a\u00f0 st\u00edga upp \u00far J\u00f3rdan.\u201c<br \/> <a name=\"17\"><span class=\"versanumer_2007\">17<\/span><\/a> \u00de\u00e1 bau\u00f0 J\u00f3s\u00faa prestunum: \u201eSt\u00edgi\u00f0 upp \u00far J\u00f3rdan.\u201c<br \/> <a name=\"18\"><span class=\"versanumer_2007\">18<\/span><\/a> Um lei\u00f0 og prestarnir, sem b\u00e1ru s\u00e1ttm\u00e1ls\u00f6rk Drottins, voru stignir upp \u00far J\u00f3rdan og iljar \u00feeirra snertu \u00feurrt land f\u00e9ll vatni\u00f0 \u00ed J\u00f3rdan aftur \u00ed farveg sinn og fl\u00e6ddi yfir alla bakka eins og \u00e1\u00f0ur. <a name=\"19\"><span class=\"versanumer_2007\">19<\/span><\/a> \u00dea\u00f0 var \u00e1 t\u00edunda degi fyrsta m\u00e1na\u00f0arins sem f\u00f3lki\u00f0 kom upp \u00far J\u00f3rdan og sl\u00f3 upp herb\u00fa\u00f0um \u00ed Gilgal, vi\u00f0 austurm\u00f6rk borgarlanda Jer\u00edk\u00f3.<br \/> <a name=\"20\"><span class=\"versanumer_2007\">20<\/span><\/a> Steinana t\u00f3lf, sem teknir h\u00f6f\u00f0u veri\u00f0 \u00far J\u00f3rdan, reisti J\u00f3s\u00faa \u00ed Gilgal <a name=\"21\"><span class=\"versanumer_2007\">21<\/span><\/a> og hann \u00e1varpa\u00f0i \u00cdsraelsmenn og sag\u00f0i: \u201e\u00deegar ni\u00f0jar ykkar spyrja fe\u00f0ur s\u00edna s\u00ed\u00f0ar meir: Hva\u00f0a t\u00e1kn eru \u00feessir steinar ykkur? <a name=\"22\"><span class=\"versanumer_2007\">22<\/span><\/a> skulu\u00f0 \u00fei\u00f0 kenna \u00feeim: \u00cdsrael gekk h\u00e9r \u00feurrum f\u00f3tum yfir J\u00f3rdan <a name=\"23\"><span class=\"versanumer_2007\">23<\/span><\/a> \u00fev\u00ed a\u00f0 Drottinn, Gu\u00f0 ykkar, \u00feurrka\u00f0i vatni\u00f0 upp frammi fyrir ykkur \u00fear til \u00fei\u00f0 voru\u00f0 komin yfir. \u00dea\u00f0 var eins og \u00fea\u00f0 sem Drottinn, Gu\u00f0 ykkar, ger\u00f0i vi\u00f0 Sefhafi\u00f0 sem hann l\u00e9t \u00feorna upp frammi fyrir okkur \u00fear til vi\u00f0 vorum komin yfir. <a name=\"24\"><span class=\"versanumer_2007\">24<\/span><\/a> \u00dea\u00f0 var\u00f0 til \u00feess a\u00f0 allar \u00fej\u00f3\u00f0ir jar\u00f0ar j\u00e1tu\u00f0u a\u00f0 h\u00f6nd Drottins er sterk og til \u00feess a\u00f0 \u00fei\u00f0 \u00f3ttist \u00e1vallt Drottin, Gu\u00f0 ykkar.\u201c<\/p>\n","protected":false},"excerpt":{"rendered":"<p>T\u00f3lf minningarsteinar 1 \u00deegar \u00f6ll \u00fej\u00f3\u00f0in var komin yfir J\u00f3rdan sag\u00f0i Drottinn vi\u00f0 J\u00f3s\u00faa: 2 \u201eVelji\u00f0 t\u00f3lf menn af f\u00f3lkinu, einn \u00far hverjum \u00e6ttb\u00e1lki, 3 og gefi\u00f0 \u00feeim \u00feessi fyrirm\u00e6li: Taki\u00f0 t\u00f3lf steina h\u00e9\u00f0an \u00far mi\u00f0ri J\u00f3rdan, af sta\u00f0num \u00fear sem prestarnir st\u00f3\u00f0u. Hafi\u00f0 \u00fe\u00e1 s\u00ed\u00f0an me\u00f0 ykkur yfir um \u00e1na og komi\u00f0 \u00feeim fyrir \u00e1 sta\u00f0num \u00fear sem \u00fei\u00f0 ver\u00f0i\u00f0 \u00ed n\u00f3tt.\u201c 4 \u00de\u00e1 kalla\u00f0i J\u00f3s\u00faa \u00e1 \u00fe\u00e1 t\u00f3lf menn sem hann haf\u00f0i vali\u00f0 me\u00f0al \u00cdsraelsmanna, einn \u00far hverjum \u00e6ttb\u00e1lki, 5 og sag\u00f0i vi\u00f0 \u00fe\u00e1: \u201eFari\u00f0 fyrir \u00f6rk Drottins, Gu\u00f0s ykkar, \u00fat \u00ed J\u00f3rdan mi\u00f0ja. S\u00e9rhver taki einn stein <a href=\"https:\/\/biblian.is\/biblian\/josuabok-4-kafli\/\"> [&#8230;]<\/a><\/p>\n","protected":false},"author":1,"featured_media":0,"parent":0,"menu_order":0,"comment_status":"open","ping_status":"open","template":"bibliukaflar_NT.php","meta":{"footnotes":""},"class_list":["post-1808","page","type-page","status-publish","hentry"],"_links":{"self":[{"href":"https:\/\/biblian.is\/biblian\/wp-json\/wp\/v2\/pages\/1808","targetHints":{"allow":["GET"]}}],"collection":[{"href":"https:\/\/biblian.is\/biblian\/wp-json\/wp\/v2\/pages"}],"about":[{"href":"https:\/\/biblian.is\/biblian\/wp-json\/wp\/v2\/types\/page"}],"author":[{"embeddable":true,"href":"https:\/\/biblian.is\/biblian\/wp-json\/wp\/v2\/users\/1"}],"replies":[{"embeddable":true,"href":"https:\/\/biblian.is\/biblian\/wp-json\/wp\/v2\/comments?post=1808"}],"version-history":[{"count":0,"href":"https:\/\/biblian.is\/biblian\/wp-json\/wp\/v2\/pages\/1808\/revisions"}],"wp:attachment":[{"href":"https:\/\/biblian.is\/biblian\/wp-json\/wp\/v2\/media?parent=1808"}],"curies":[{"name":"wp","href":"https:\/\/api.w.org\/{rel}","templated":true}]}}