{"id":1807,"date":"2017-12-30T21:00:30","date_gmt":"2017-12-30T21:00:30","guid":{"rendered":"http:\/\/biblian.is\/biblian\/j%c2%97s%c2%9cab%c2%97k-3-kafli\/"},"modified":"2024-06-27T02:39:13","modified_gmt":"2024-06-27T02:39:13","slug":"josuabok-3-kafli","status":"publish","type":"page","link":"https:\/\/biblian.is\/biblian\/josuabok-3-kafli\/","title":{"rendered":"J\u00f3s\u00faab\u00f3k 3. kafli"},"content":{"rendered":"<h3 class=\"millifyrirsogn_2007\"> F\u00f6rin yfir J\u00f3rdan<\/h3>\n<p><a name=\"1\"><span class=\"versanumer_2007\">1<\/span><\/a> Snemma morguns fer\u00f0bj\u00f3st J\u00f3s\u00faa og h\u00e9lt af sta\u00f0 fr\u00e1 Sitt\u00edm \u00e1samt \u00f6llum \u00cdsraelsm\u00f6nnum. \u00deegar \u00feeir komu a\u00f0 J\u00f3rdan h\u00e9ldu \u00feeir kyrru fyrir \u00e1\u00f0ur en \u00feeir f\u00f3ru yfir \u00e1na. <a name=\"2\"><span class=\"versanumer_2007\">2<\/span><\/a> A\u00f0 \u00feremur d\u00f6gum li\u00f0num f\u00f3ru eftirlitsmennirnir um b\u00fa\u00f0irnar <a name=\"3\"><span class=\"versanumer_2007\">3<\/span><\/a> og g\u00e1fu f\u00f3lkinu \u00feessi fyrirm\u00e6li: \u201e\u00deegar \u00fei\u00f0 sj\u00e1i\u00f0 s\u00e1ttm\u00e1ls\u00f6rk Drottins, Gu\u00f0s ykkar, og Lev\u00edtaprestana sem bera hana skulu\u00f0 \u00fei\u00f0 fara \u00e1 eftir henni hvar sem \u00fei\u00f0 eru\u00f0 st\u00f6dd. <a name=\"4\"><span class=\"versanumer_2007\">4<\/span><\/a> \u00deannig f\u00e1i\u00f0 \u00fei\u00f0 a\u00f0 vita hva\u00f0a lei\u00f0 \u00fei\u00f0 eigi\u00f0 a\u00f0 fara en hana hafi\u00f0 \u00fei\u00f0 aldrei fari\u00f0 \u00e1\u00f0ur. G\u00e6ti\u00f0 \u00feess a\u00f0 um tv\u00f6 \u00fe\u00fasund \u00e1lnir skulu vera \u00e1 milli ykkar og arkarinnar, komi\u00f0 ekki of n\u00e1l\u00e6gt henni.\u201c<br \/> <a name=\"5\"><span class=\"versanumer_2007\">5<\/span><\/a> \u00de\u00e1 sag\u00f0i J\u00f3s\u00faa vi\u00f0 f\u00f3lki\u00f0:<br \/>\u201eHelgi\u00f0 ykkur \u00fev\u00ed a\u00f0 \u00e1 morgun mun Drottinn vinna kraftaverk \u00e1 me\u00f0al ykkar.\u201c <a name=\"6\"><span class=\"versanumer_2007\">6<\/span><\/a> \u00dev\u00ed n\u00e6st sag\u00f0i J\u00f3s\u00faa vi\u00f0 prestana: \u201eHefji\u00f0 s\u00e1ttm\u00e1ls\u00f6rkina upp og haldi\u00f0 af sta\u00f0 \u00e1 undan f\u00f3lkinu.\u201c \u00de\u00e1 h\u00f3fu \u00feeir s\u00e1ttm\u00e1ls\u00f6rkina upp og gengu \u00e1 undan f\u00f3lkinu.<br \/> <a name=\"7\"><span class=\"versanumer_2007\">7<\/span><\/a> Drottinn sag\u00f0i \u00fe\u00e1 vi\u00f0 J\u00f3s\u00faa:<br \/>\u201e\u00cd dag tek \u00e9g a\u00f0 upphefja \u00feig \u00ed augum alls \u00cdsraels svo a\u00f0 hann komist a\u00f0 raun um a\u00f0 \u00e9g ver\u00f0 me\u00f0 \u00fe\u00e9r eins og \u00e9g var me\u00f0 M\u00f3se. <a name=\"8\"><span class=\"versanumer_2007\">8<\/span><\/a> En bj\u00f3\u00f0 \u00fe\u00fa prestunum sem bera s\u00e1ttm\u00e1ls\u00f6rkina: \u00deegar \u00fei\u00f0 eru\u00f0 komnir a\u00f0 J\u00f3rdan skulu\u00f0 \u00fei\u00f0 nema sta\u00f0ar \u00fati \u00ed \u00e1nni.\u201c<br \/> <a name=\"9\"><span class=\"versanumer_2007\">9<\/span><\/a> \u00dev\u00ed n\u00e6st \u00e1varpa\u00f0i J\u00f3s\u00faa \u00cdsraelsmenn:<br \/>\u201eKomi\u00f0 hinga\u00f0 og hlusti\u00f0 \u00e1 bo\u00f0skap Drottins, Gu\u00f0s ykkar.\u201c <a name=\"10\"><span class=\"versanumer_2007\">10<\/span><\/a> S\u00ed\u00f0an sag\u00f0i hann: \u201e\u00deannig skulu\u00f0 \u00fei\u00f0 komast a\u00f0 raun um a\u00f0 lifandi Gu\u00f0 er me\u00f0al ykkar og hann mun ry\u00f0ja Kanverjum, Het\u00edtum, Hev\u00edtum, Peres\u00edtum, G\u00edrgas\u00edtum, Amor\u00edtum og Jeb\u00fas\u00edtum \u00far vegi ykkar. <a name=\"11\"><span class=\"versanumer_2007\">11<\/span><\/a> S\u00e1ttm\u00e1ls\u00f6rk Drottins allrar jar\u00f0ar fer n\u00fa fyrir ykkur yfir J\u00f3rdan. <a name=\"12\"><span class=\"versanumer_2007\">12<\/span><\/a> Velji\u00f0 n\u00fa t\u00f3lf menn \u00far \u00e6ttb\u00e1lkum \u00cdsraels, einn mann \u00far hverjum \u00e6ttb\u00e1lki. <a name=\"13\"><span class=\"versanumer_2007\">13<\/span><\/a> Jafnskj\u00f3tt og f\u00e6tur prestanna sem bera s\u00e1ttm\u00e1ls\u00f6rk Drottins, sem er Drottinn allrar veraldar, snerta vatn J\u00f3rdanar mun vatn \u00e1rinnar skiptast og vatni\u00f0, sem rennur ofan a\u00f0, standa sem veggur.\u201c<br \/> <a name=\"14\"><span class=\"versanumer_2007\">14<\/span><\/a> \u00deegar f\u00f3lki\u00f0 h\u00e9lt af sta\u00f0 \u00far tj\u00f6ldum s\u00ednum til \u00feess a\u00f0 fara yfir J\u00f3rdan f\u00f3ru prestarnir, sem b\u00e1ru s\u00e1ttm\u00e1ls\u00f6rkina, fyrir f\u00f3lkinu. <a name=\"15\"><span class=\"versanumer_2007\">15<\/span><\/a> Allan uppskerut\u00edmann fl\u00e6\u00f0ir J\u00f3rdan yfir bakka s\u00edna. \u00deegar \u00feeir sem b\u00e1ru \u00f6rkina komu a\u00f0 J\u00f3rdan og prestarnir dr\u00e1pu f\u00e6ti \u00ed flj\u00f3ti\u00f0 <a name=\"16\"><span class=\"versanumer_2007\">16<\/span><\/a> st\u00f6\u00f0va\u00f0ist vatni\u00f0 sem streymdi ofan a\u00f0 og st\u00f3\u00f0 eins og veggur langt fr\u00e1 \u00feeim e\u00f0a vi\u00f0 Adamborg sem er \u00ed n\u00e1nd vi\u00f0 Sartan. En vatni\u00f0, sem rann ni\u00f0ur eftir \u00ed \u00e1ttina a\u00f0 Arabavatni, a\u00f0 salta vatninu,<span class=\"nedan_mal\" title=\" \u00de.e. Dau\u00f0ahafinu.\">[<\/span> hvarf me\u00f0 \u00f6llu. \u00de\u00e1 f\u00f3r f\u00f3lki\u00f0 yfir um gegnt Jer\u00edk\u00f3. <a name=\"17\"><span class=\"versanumer_2007\">17<\/span><\/a> Prestarnir, sem b\u00e1ru s\u00e1ttm\u00e1ls\u00f6rk Drottins, st\u00f3\u00f0u f\u00f6stum f\u00f3tum \u00e1 \u00feurru, mitt \u00ed J\u00f3rdan, \u00e1 me\u00f0an allur \u00cdsrael f\u00f3r yfir \u00e1na \u00feurrum f\u00f3tum, \u00fear til \u00f6ll \u00fej\u00f3\u00f0in var komin yfir J\u00f3rdan.<\/p>\n","protected":false},"excerpt":{"rendered":"<p>F\u00f6rin yfir J\u00f3rdan 1 Snemma morguns fer\u00f0bj\u00f3st J\u00f3s\u00faa og h\u00e9lt af sta\u00f0 fr\u00e1 Sitt\u00edm \u00e1samt \u00f6llum \u00cdsraelsm\u00f6nnum. \u00deegar \u00feeir komu a\u00f0 J\u00f3rdan h\u00e9ldu \u00feeir kyrru fyrir \u00e1\u00f0ur en \u00feeir f\u00f3ru yfir \u00e1na. 2 A\u00f0 \u00feremur d\u00f6gum li\u00f0num f\u00f3ru eftirlitsmennirnir um b\u00fa\u00f0irnar 3 og g\u00e1fu f\u00f3lkinu \u00feessi fyrirm\u00e6li: \u201e\u00deegar \u00fei\u00f0 sj\u00e1i\u00f0 s\u00e1ttm\u00e1ls\u00f6rk Drottins, Gu\u00f0s ykkar, og Lev\u00edtaprestana sem bera hana skulu\u00f0 \u00fei\u00f0 fara \u00e1 eftir henni hvar sem \u00fei\u00f0 eru\u00f0 st\u00f6dd. 4 \u00deannig f\u00e1i\u00f0 \u00fei\u00f0 a\u00f0 vita hva\u00f0a lei\u00f0 \u00fei\u00f0 eigi\u00f0 a\u00f0 fara en hana hafi\u00f0 \u00fei\u00f0 aldrei fari\u00f0 \u00e1\u00f0ur. G\u00e6ti\u00f0 \u00feess a\u00f0 um tv\u00f6 \u00fe\u00fasund \u00e1lnir skulu vera \u00e1 milli <a href=\"https:\/\/biblian.is\/biblian\/josuabok-3-kafli\/\"> [&#8230;]<\/a><\/p>\n","protected":false},"author":1,"featured_media":0,"parent":0,"menu_order":0,"comment_status":"open","ping_status":"open","template":"bibliukaflar_NT.php","meta":{"footnotes":""},"class_list":["post-1807","page","type-page","status-publish","hentry"],"_links":{"self":[{"href":"https:\/\/biblian.is\/biblian\/wp-json\/wp\/v2\/pages\/1807","targetHints":{"allow":["GET"]}}],"collection":[{"href":"https:\/\/biblian.is\/biblian\/wp-json\/wp\/v2\/pages"}],"about":[{"href":"https:\/\/biblian.is\/biblian\/wp-json\/wp\/v2\/types\/page"}],"author":[{"embeddable":true,"href":"https:\/\/biblian.is\/biblian\/wp-json\/wp\/v2\/users\/1"}],"replies":[{"embeddable":true,"href":"https:\/\/biblian.is\/biblian\/wp-json\/wp\/v2\/comments?post=1807"}],"version-history":[{"count":0,"href":"https:\/\/biblian.is\/biblian\/wp-json\/wp\/v2\/pages\/1807\/revisions"}],"wp:attachment":[{"href":"https:\/\/biblian.is\/biblian\/wp-json\/wp\/v2\/media?parent=1807"}],"curies":[{"name":"wp","href":"https:\/\/api.w.org\/{rel}","templated":true}]}}