{"id":1806,"date":"2017-12-30T21:00:30","date_gmt":"2017-12-30T21:00:30","guid":{"rendered":"http:\/\/biblian.is\/biblian\/j%c2%97s%c2%9cab%c2%97k-2-kafli\/"},"modified":"2024-06-27T02:39:12","modified_gmt":"2024-06-27T02:39:12","slug":"josuabok-2-kafli","status":"publish","type":"page","link":"https:\/\/biblian.is\/biblian\/josuabok-2-kafli\/","title":{"rendered":"J\u00f3s\u00faab\u00f3k 2. kafli"},"content":{"rendered":"<h3 class=\"millifyrirsogn_2007\"> Rahab og nj\u00f3snararnir \u00ed Jer\u00edk\u00f3<\/h3>\n<p><a name=\"1\"><span class=\"versanumer_2007\">1<\/span><\/a> J\u00f3s\u00faa N\u00fansson sendi n\u00fa tvo nj\u00f3snara me\u00f0 leynd fr\u00e1 Sitt\u00edm. \u201eFari\u00f0,\u201c sag\u00f0i hann, \u201ekanni\u00f0 landi\u00f0, \u00fe\u00f3 einkum Jer\u00edk\u00f3.\u201c<br \/>\u00deeir f\u00f3ru og komu \u00ed h\u00fas sk\u00e6kju einnar sem h\u00e9t Rahab og gistu \u00fear. <a name=\"2\"><span class=\"versanumer_2007\">2<\/span><\/a> Konunginum \u00ed Jer\u00edk\u00f3 var \u00fe\u00e1 sagt: \u201e\u00cd kv\u00f6ld komu hinga\u00f0 nokkrir \u00cdsraelsmenn til \u00feess a\u00f0 nj\u00f3sna um landi\u00f0.\u201c<br \/> <a name=\"3\"><span class=\"versanumer_2007\">3<\/span><\/a> Konungurinn \u00ed Jer\u00edk\u00f3 sendi \u00fe\u00e1 til Rahab og l\u00e9t segja henni: \u201eFramseldu mennina sem komu til \u00fe\u00edn \u00fev\u00ed a\u00f0 \u00feeir komu til \u00feess a\u00f0 kanna allt landi\u00f0.\u201c <a name=\"4\"><span class=\"versanumer_2007\">4<\/span><\/a> Konan s\u00f3tti \u00fe\u00e1 b\u00e1\u00f0a mennina og faldi \u00fe\u00e1. \u00dev\u00ed n\u00e6st svara\u00f0i h\u00fan: \u201e\u00dea\u00f0 er a\u00f0 v\u00edsu r\u00e9tt a\u00f0 mennirnir komu til m\u00edn en \u00e9g vissi ekki hva\u00f0an \u00feeir voru. <a name=\"5\"><span class=\"versanumer_2007\">5<\/span><\/a> \u00deegar r\u00f6kkva t\u00f3k og loka \u00e1tti borgarhli\u00f0inu f\u00f3ru mennirnir burt. \u00c9g veit ekki hvert \u00feeir f\u00f3ru. Fari\u00f0 \u00feegar \u00ed sta\u00f0 \u00e1 eftir \u00feeim, \u00fe\u00e1 geti\u00f0 \u00fei\u00f0 n\u00e1\u00f0 \u00feeim.\u201c<br \/> <a name=\"6\"><span class=\"versanumer_2007\">6<\/span><\/a> H\u00fan haf\u00f0i l\u00e1ti\u00f0 \u00fe\u00e1 fara upp \u00e1 \u00feaki\u00f0 og fali\u00f0 \u00fe\u00e1 undir h\u00f6rst\u00f6nglum sem voru breiddir \u00e1 \u00feaki\u00f0. <a name=\"7\"><span class=\"versanumer_2007\">7<\/span><\/a> En konungsmenn veittu \u00feeim eftirf\u00f6r eftir veginum sem liggur a\u00f0 v\u00f6\u00f0unum yfir J\u00f3rdan. Jafnskj\u00f3tt og konungsmenn voru farnir \u00fat var borgarhli\u00f0unum loka\u00f0.<br \/> <a name=\"8\"><span class=\"versanumer_2007\">8<\/span><\/a> \u00dear e\u00f0 nj\u00f3snararnir voru enn ekki lagstir til svefns f\u00f3r konan upp \u00e1 \u00feaki\u00f0 til \u00feeirra <a name=\"9\"><span class=\"versanumer_2007\">9<\/span><\/a> og sag\u00f0i vi\u00f0 \u00fe\u00e1: \u201e\u00c9g veit a\u00f0 Drottinn hefur gefi\u00f0 ykkur landi\u00f0. Vi\u00f0 erum skelfingu lostin og allir \u00edb\u00faar landsins m\u00e1ttvana af \u00f3tta vi\u00f0 ykkur. <a name=\"10\"><span class=\"versanumer_2007\">10<\/span><\/a> Vi\u00f0 h\u00f6fum fr\u00e9tt hvernig Drottinn \u00feurrka\u00f0i upp vatni\u00f0 \u00ed Sefhafinu fyrir framan ykkur \u00feegar \u00fei\u00f0 h\u00e9ldu\u00f0 \u00fat \u00far Egyptalandi og hvernig \u00fei\u00f0 f\u00f3ru\u00f0 me\u00f0 b\u00e1\u00f0a konunga Amor\u00edta handan vi\u00f0 J\u00f3rdan, \u00fe\u00e1 S\u00edhon og \u00d3g, sem \u00fei\u00f0 helgu\u00f0u\u00f0 banni. <a name=\"11\"><span class=\"versanumer_2007\">11<\/span><\/a> \u00deegar vi\u00f0 fr\u00e9ttum \u00fea\u00f0 misstum vi\u00f0 m\u00f3\u00f0inn og \u00f6llum hvarf kjarkur s\u00f6kum ykkar \u00fev\u00ed a\u00f0 Drottinn, Gu\u00f0 ykkar, er Gu\u00f0 \u00e1 himnum uppi og \u00e1 j\u00f6r\u00f0u ni\u00f0ri. <a name=\"12\"><span class=\"versanumer_2007\">12<\/span><\/a> En vinni\u00f0 m\u00e9r n\u00fa ei\u00f0 vi\u00f0 Drottin: S\u00fdni\u00f0 fj\u00f6lskyldu minni velvild, \u00fear e\u00f0 \u00e9g s\u00fdndi ykkur velvild, og gefi\u00f0 m\u00e9r \u00f3tv\u00edr\u00e6tt t\u00e1kn \u00feess. <a name=\"13\"><span class=\"versanumer_2007\">13<\/span><\/a> \u00deyrmi\u00f0 f\u00f6\u00f0ur m\u00ednum og m\u00f3\u00f0ur, br\u00e6\u00f0rum og systrum og \u00f6llu \u00feeirra f\u00f3lki. Bjargi\u00f0 okkur fr\u00e1 dau\u00f0a.\u201c<br \/> <a name=\"14\"><span class=\"versanumer_2007\">14<\/span><\/a> Mennirnir sv\u00f6ru\u00f0u henni: \u201eVi\u00f0 leggjum l\u00edf okkar a\u00f0 ve\u00f0i fyrir l\u00edf ykkar. Ef \u00fe\u00fa lj\u00f3strar ekki upp erindi okkar munum vi\u00f0 s\u00fdna \u00fe\u00e9r velvild og trygg\u00f0 \u00feegar Drottinn gefur okkur landi\u00f0.\u201c<br \/> <a name=\"15\"><span class=\"versanumer_2007\">15<\/span><\/a> \u00de\u00e1 l\u00e9t h\u00fan mennina s\u00edga \u00ed va\u00f0 \u00fat um gluggann en h\u00fas hennar var \u00e1fast borgarm\u00farnum svo a\u00f0 sj\u00e1lf bj\u00f3 h\u00fan raunar \u00ed borgarm\u00farnum. <a name=\"16\"><span class=\"versanumer_2007\">16<\/span><\/a> \u201eHaldi\u00f0 til fjalla,\u201c sag\u00f0i h\u00fan s\u00ed\u00f0an, \u201esvo a\u00f0 \u00feeir sem veita ykkur eftirf\u00f6r rekist ekki \u00e1 ykkur. \u00dear skulu\u00f0 \u00fei\u00f0 fela ykkur \u00ed \u00ferj\u00e1 daga, \u00fear til \u00feeir sem elta ykkur eru komnir aftur. S\u00ed\u00f0an geti\u00f0 \u00fei\u00f0 fari\u00f0 lei\u00f0ar ykkar.\u201c <a name=\"17\"><span class=\"versanumer_2007\">17<\/span><\/a> Mennirnir sv\u00f6ru\u00f0u henni: \u201eVi\u00f0 erum leystir undan ei\u00f0num sem \u00fe\u00fa t\u00f3kst af okkur <a name=\"18\"><span class=\"versanumer_2007\">18<\/span><\/a> nema \u00fe\u00fa gerir svo: \u00deegar vi\u00f0 komum inn \u00ed landi\u00f0 skaltu binda \u00feessa fl\u00e9ttu\u00f0u, purpurarau\u00f0u sn\u00faru \u00ed gluggann sem \u00fe\u00fa l\u00e9st okkur s\u00edga \u00fat um. \u00dev\u00ed n\u00e6st skaltu safna f\u00f6\u00f0ur \u00fe\u00ednum og m\u00f3\u00f0ur, br\u00e6\u00f0rum \u00fe\u00ednum og allri fj\u00f6lskyldu \u00feinni \u00ed h\u00fasi\u00f0 til \u00fe\u00edn. <a name=\"19\"><span class=\"versanumer_2007\">19<\/span><\/a> En gangi nokkur \u00fat fyrir h\u00fasdyr \u00fe\u00ednar \u00fe\u00e1 er hann sj\u00e1lfur valdur a\u00f0 dau\u00f0a s\u00ednum en vi\u00f0 s\u00fdknir. En ver\u00f0i hendur lag\u00f0ar \u00e1 einhvern sem er me\u00f0 \u00fe\u00e9r \u00ed h\u00fasinu ver\u00f0ur \u00fea\u00f0 okkar s\u00f6k. <a name=\"20\"><span class=\"versanumer_2007\">20<\/span><\/a> Ef \u00fe\u00fa segir fr\u00e1 erindi okkar erum vi\u00f0 leystir undan ei\u00f0num sem \u00fe\u00fa t\u00f3kst af okkur.\u201c<br \/> <a name=\"21\"><span class=\"versanumer_2007\">21<\/span><\/a> H\u00fan svara\u00f0i: \u201eSvo skal vera sem \u00fei\u00f0 hafi\u00f0 sagt.\u201c<br \/>S\u00ed\u00f0an l\u00e9t h\u00fan \u00fe\u00e1 fara og \u00feeir gengu burt en h\u00fan batt purpurarau\u00f0u sn\u00faruna \u00ed gluggann. <a name=\"22\"><span class=\"versanumer_2007\">22<\/span><\/a> \u00deeir h\u00e9ldu sem lei\u00f0 l\u00e1 upp \u00ed fjalllendi\u00f0 og voru \u00fear um kyrrt \u00ed \u00ferj\u00e1 daga \u00fear til leitarmennirnir h\u00f6f\u00f0u sn\u00fai\u00f0 aftur. Leitarmennirnir h\u00f6f\u00f0u leita\u00f0 \u00feeirra veginn \u00e1 enda en ekki fundi\u00f0.<br \/> <a name=\"23\"><span class=\"versanumer_2007\">23<\/span><\/a> \u00de\u00e1 h\u00e9ldu b\u00e1\u00f0ir mennirnir heim \u00e1 lei\u00f0 ofan \u00far fjalllendinu, yfir J\u00f3rdan og til J\u00f3s\u00faa N\u00fanssonar. \u00deeir sk\u00fdr\u00f0u honum fr\u00e1 \u00f6llu sem fyrir \u00fe\u00e1 haf\u00f0i komi\u00f0 <a name=\"24\"><span class=\"versanumer_2007\">24<\/span><\/a> og s\u00f6g\u00f0u \u00fev\u00ed n\u00e6st vi\u00f0 J\u00f3s\u00faa: \u201eDrottinn hefur selt okkur landi\u00f0 allt \u00ed hendur og allir \u00edb\u00faar landsins eru m\u00e1ttlausir af hr\u00e6\u00f0slu vi\u00f0 okkur.\u201c<\/p>\n","protected":false},"excerpt":{"rendered":"<p>Rahab og nj\u00f3snararnir \u00ed Jer\u00edk\u00f3 1 J\u00f3s\u00faa N\u00fansson sendi n\u00fa tvo nj\u00f3snara me\u00f0 leynd fr\u00e1 Sitt\u00edm. \u201eFari\u00f0,\u201c sag\u00f0i hann, \u201ekanni\u00f0 landi\u00f0, \u00fe\u00f3 einkum Jer\u00edk\u00f3.\u201c\u00deeir f\u00f3ru og komu \u00ed h\u00fas sk\u00e6kju einnar sem h\u00e9t Rahab og gistu \u00fear. 2 Konunginum \u00ed Jer\u00edk\u00f3 var \u00fe\u00e1 sagt: \u201e\u00cd kv\u00f6ld komu hinga\u00f0 nokkrir \u00cdsraelsmenn til \u00feess a\u00f0 nj\u00f3sna um landi\u00f0.\u201c 3 Konungurinn \u00ed Jer\u00edk\u00f3 sendi \u00fe\u00e1 til Rahab og l\u00e9t segja henni: \u201eFramseldu mennina sem komu til \u00fe\u00edn \u00fev\u00ed a\u00f0 \u00feeir komu til \u00feess a\u00f0 kanna allt landi\u00f0.\u201c 4 Konan s\u00f3tti \u00fe\u00e1 b\u00e1\u00f0a mennina og faldi \u00fe\u00e1. \u00dev\u00ed n\u00e6st svara\u00f0i h\u00fan: \u201e\u00dea\u00f0 er a\u00f0 <a href=\"https:\/\/biblian.is\/biblian\/josuabok-2-kafli\/\"> [&#8230;]<\/a><\/p>\n","protected":false},"author":1,"featured_media":0,"parent":0,"menu_order":0,"comment_status":"open","ping_status":"open","template":"bibliukaflar_NT.php","meta":{"footnotes":""},"class_list":["post-1806","page","type-page","status-publish","hentry"],"_links":{"self":[{"href":"https:\/\/biblian.is\/biblian\/wp-json\/wp\/v2\/pages\/1806","targetHints":{"allow":["GET"]}}],"collection":[{"href":"https:\/\/biblian.is\/biblian\/wp-json\/wp\/v2\/pages"}],"about":[{"href":"https:\/\/biblian.is\/biblian\/wp-json\/wp\/v2\/types\/page"}],"author":[{"embeddable":true,"href":"https:\/\/biblian.is\/biblian\/wp-json\/wp\/v2\/users\/1"}],"replies":[{"embeddable":true,"href":"https:\/\/biblian.is\/biblian\/wp-json\/wp\/v2\/comments?post=1806"}],"version-history":[{"count":0,"href":"https:\/\/biblian.is\/biblian\/wp-json\/wp\/v2\/pages\/1806\/revisions"}],"wp:attachment":[{"href":"https:\/\/biblian.is\/biblian\/wp-json\/wp\/v2\/media?parent=1806"}],"curies":[{"name":"wp","href":"https:\/\/api.w.org\/{rel}","templated":true}]}}