{"id":1805,"date":"2017-12-30T21:00:30","date_gmt":"2017-12-30T21:00:30","guid":{"rendered":"http:\/\/biblian.is\/biblian\/j%c2%97s%c2%9cab%c2%97k-1-kafli\/"},"modified":"2024-06-27T02:39:09","modified_gmt":"2024-06-27T02:39:09","slug":"josuabok-1-kafli","status":"publish","type":"page","link":"https:\/\/biblian.is\/biblian\/josuabok-1-kafli\/","title":{"rendered":"J\u00f3s\u00faab\u00f3k 1. kafli"},"content":{"rendered":"<h2 class=\"millifyrirsogn_2007\">Landi\u00f0 unni\u00f0 <\/h2>\n<h3 class=\"millifyrirsogn_2007\">J\u00f3s\u00faa, eftirma\u00f0ur M\u00f3se<\/h3>\n<p><a name=\"1\"><span class=\"versanumer_2007\">1<\/span><\/a> Eftir dau\u00f0a M\u00f3se, \u00fej\u00f3ns Drottins, \u00e1varpa\u00f0i Drottinn J\u00f3s\u00faa N\u00fansson, \u00fej\u00f3n M\u00f3se, og sag\u00f0i: <a name=\"2\"><span class=\"versanumer_2007\">2<\/span><\/a> \u201eM\u00f3se, \u00fej\u00f3nn minn, er d\u00e1inn. Legg\u00f0u n\u00fa af sta\u00f0 yfir J\u00f3rdan, \u00fe\u00fa og allt \u00feetta f\u00f3lk, og inn \u00ed landi\u00f0 sem \u00e9g gef \u00feeim, \u00cdsraelsm\u00f6nnum. <a name=\"3\"><span class=\"versanumer_2007\">3<\/span><\/a> \u00c9g gef ykkur h\u00e9r me\u00f0 hvern \u00feann blett sem \u00fei\u00f0 st\u00edgi\u00f0 f\u00e6ti \u00e1 eins og \u00e9g h\u00e9t M\u00f3se. <a name=\"4\"><span class=\"versanumer_2007\">4<\/span><\/a> Land ykkar skal n\u00e1 fr\u00e1 ey\u00f0im\u00f6rkinni og L\u00edbanon, a\u00f0 flj\u00f3tinu mikla, Efrat, \u00fea\u00f0 er allt land Het\u00edta. \u00dea\u00f0 skal n\u00e1 allt a\u00f0 hinu mikla hafi \u00fear sem s\u00f3lin sest. <a name=\"5\"><span class=\"versanumer_2007\">5<\/span><\/a> Enginn mun geta veitt \u00fe\u00e9r vi\u00f0n\u00e1m svo lengi sem \u00fe\u00fa lifir. \u00c9g mun vera me\u00f0 \u00fe\u00e9r eins og \u00e9g var me\u00f0 M\u00f3se. \u00c9g mun hvorki breg\u00f0ast \u00fe\u00e9r n\u00e9 yfirgefa \u00feig. <a name=\"6\"><span class=\"versanumer_2007\">6<\/span><\/a> Vertu djarfur og hughraustur. \u00de\u00fa \u00e1tt sj\u00e1lfur a\u00f0 skipta landinu \u00ed erf\u00f0ahluti me\u00f0 \u00feessari \u00fej\u00f3\u00f0, landinu sem \u00e9g s\u00f3r fe\u00f0rum \u00feeirra a\u00f0 gefa \u00feeim. <a name=\"7\"><span class=\"versanumer_2007\">7<\/span><\/a> Vertu a\u00f0eins djarfur og hughraustur. G\u00e6ttu \u00feess a\u00f0 framfylgja n\u00e1kv\u00e6mlega l\u00f6gunum sem M\u00f3se, \u00fej\u00f3nn minn, setti ykkur. V\u00edktu hvorki til h\u00e6gri n\u00e9 vinstri fr\u00e1 \u00feeim svo a\u00f0 \u00fe\u00e9r vegni vel hvert sem \u00fe\u00fa fer\u00f0. <a name=\"8\"><span class=\"versanumer_2007\">8<\/span><\/a> \u00deessi l\u00f6gb\u00f3k skal ekki v\u00edkja \u00far munni \u00fe\u00ednum. \u00de\u00fa skalt huglei\u00f0a efni hennar dag og n\u00f3tt svo a\u00f0 \u00fe\u00fa getir g\u00e6tt \u00feess a\u00f0 fylgja n\u00e1kv\u00e6mlega \u00fev\u00ed sem \u00fear er skr\u00e1\u00f0, til \u00feess a\u00f0 n\u00e1 settu marki og \u00fe\u00e9r farnist vel. <a name=\"9\"><span class=\"versanumer_2007\">9<\/span><\/a> Hef \u00e9g ekki bo\u00f0i\u00f0 \u00fe\u00e9r a\u00f0 vera djarfur og hughraustur? \u00d3ttastu ekki og l\u00e1ttu ekki hugfallast \u00fev\u00ed a\u00f0 Drottinn, Gu\u00f0 \u00feinn, er me\u00f0 \u00fe\u00e9r hvert sem \u00fe\u00fa fer\u00f0.\u201c<br \/> <a name=\"10\"><span class=\"versanumer_2007\">10<\/span><\/a> \u00de\u00e1 gaf J\u00f3s\u00faa eftirlitsm\u00f6nnum f\u00f3lksins \u00feessi fyrirm\u00e6li: <a name=\"11\"><span class=\"versanumer_2007\">11<\/span><\/a> \u201eFari\u00f0 um herb\u00fa\u00f0irnar og skipi\u00f0 f\u00f3lkinu: Taki\u00f0 ykkur vistir \u00fev\u00ed a\u00f0 \u00feremur d\u00f6gum li\u00f0num skulu\u00f0 \u00fei\u00f0 fara yfir \u00e1na J\u00f3rdan svo a\u00f0 \u00fei\u00f0 komist inn \u00ed og f\u00e1i\u00f0 til eignar landi\u00f0 sem Drottinn Gu\u00f0 ykkar gefur ykkur.\u201c<br \/> <a name=\"12\"><span class=\"versanumer_2007\">12<\/span><\/a> En vi\u00f0 \u00e6ttb\u00e1lk R\u00fabens, Ga\u00f0s og h\u00e1lfan \u00e6ttb\u00e1lk Manasse sag\u00f0i J\u00f3s\u00faa: <a name=\"13\"><span class=\"versanumer_2007\">13<\/span><\/a> \u201eMinnist n\u00fa \u00feess sem M\u00f3se, \u00fej\u00f3nn Drottins, bau\u00f0 ykkur: Drottinn, Gu\u00f0 ykkar, veitir ykkur hv\u00edld og gefur ykkur \u00feetta land. <a name=\"14\"><span class=\"versanumer_2007\">14<\/span><\/a> Konur ykkar, b\u00f6rn og f\u00e9na\u00f0ur \u00e1 a\u00f0 vera eftir \u00ed landinu sem M\u00f3se f\u00e9kk ykkur austan vi\u00f0 J\u00f3rdan. En \u00fei\u00f0 sem vopnf\u00e6rir eru\u00f0 eigi\u00f0 a\u00f0 fara hertygja\u00f0ir fyrir br\u00e6\u00f0rum ykkar yfir flj\u00f3ti\u00f0 og veita \u00feeim fulltingi <a name=\"15\"><span class=\"versanumer_2007\">15<\/span><\/a> \u00fear til Drottinn hefur veitt br\u00e6\u00f0rum ykkar hv\u00edld eins og ykkur og \u00feeir hafa teki\u00f0 landi\u00f0 til eignar sem Drottinn, Gu\u00f0 ykkar, f\u00e6r \u00feeim. \u00de\u00e1 geti\u00f0 \u00fei\u00f0 sn\u00fai\u00f0 aftur og teki\u00f0 til eignar ykkar eigi\u00f0 land sem M\u00f3se, \u00fej\u00f3nn Drottins, f\u00e9kk ykkur handan vi\u00f0 J\u00f3rdan \u00fear sem s\u00f3lin kemur upp.\u201c<br \/> <a name=\"16\"><span class=\"versanumer_2007\">16<\/span><\/a> \u00deeir sv\u00f6ru\u00f0u J\u00f3s\u00faa og s\u00f6g\u00f0u: \u201eVi\u00f0 munum framfylgja \u00f6llu sem \u00fe\u00fa hefur lagt fyrir okkur og hvert sem \u00fe\u00fa sendir okkur munum vi\u00f0 fara. <a name=\"17\"><span class=\"versanumer_2007\">17<\/span><\/a> Eins og vi\u00f0 hl\u00fdddum M\u00f3se \u00ed einu og \u00f6llu munum vi\u00f0 hl\u00fd\u00f0a \u00fe\u00e9r. Veri Drottinn, Gu\u00f0 \u00feinn, me\u00f0 \u00fe\u00e9r eins og hann var me\u00f0 M\u00f3se. <a name=\"18\"><span class=\"versanumer_2007\">18<\/span><\/a> Hver sem r\u00eds gegn \u00fe\u00ednum bo\u00f0um og hl\u00fd\u00f0ir ekki or\u00f0um \u00fe\u00ednum \u00ed einu og \u00f6llu skal deyja. Vertu a\u00f0eins hraustur og djarfur.\u201c<\/p>\n","protected":false},"excerpt":{"rendered":"<p>Landi\u00f0 unni\u00f0 J\u00f3s\u00faa, eftirma\u00f0ur M\u00f3se 1 Eftir dau\u00f0a M\u00f3se, \u00fej\u00f3ns Drottins, \u00e1varpa\u00f0i Drottinn J\u00f3s\u00faa N\u00fansson, \u00fej\u00f3n M\u00f3se, og sag\u00f0i: 2 \u201eM\u00f3se, \u00fej\u00f3nn minn, er d\u00e1inn. Legg\u00f0u n\u00fa af sta\u00f0 yfir J\u00f3rdan, \u00fe\u00fa og allt \u00feetta f\u00f3lk, og inn \u00ed landi\u00f0 sem \u00e9g gef \u00feeim, \u00cdsraelsm\u00f6nnum. 3 \u00c9g gef ykkur h\u00e9r me\u00f0 hvern \u00feann blett sem \u00fei\u00f0 st\u00edgi\u00f0 f\u00e6ti \u00e1 eins og \u00e9g h\u00e9t M\u00f3se. 4 Land ykkar skal n\u00e1 fr\u00e1 ey\u00f0im\u00f6rkinni og L\u00edbanon, a\u00f0 flj\u00f3tinu mikla, Efrat, \u00fea\u00f0 er allt land Het\u00edta. \u00dea\u00f0 skal n\u00e1 allt a\u00f0 hinu mikla hafi \u00fear sem s\u00f3lin sest. 5 Enginn mun geta veitt \u00fe\u00e9r <a href=\"https:\/\/biblian.is\/biblian\/josuabok-1-kafli\/\"> [&#8230;]<\/a><\/p>\n","protected":false},"author":1,"featured_media":0,"parent":0,"menu_order":0,"comment_status":"open","ping_status":"open","template":"bibliukaflar_NT.php","meta":{"footnotes":""},"class_list":["post-1805","page","type-page","status-publish","hentry"],"_links":{"self":[{"href":"https:\/\/biblian.is\/biblian\/wp-json\/wp\/v2\/pages\/1805","targetHints":{"allow":["GET"]}}],"collection":[{"href":"https:\/\/biblian.is\/biblian\/wp-json\/wp\/v2\/pages"}],"about":[{"href":"https:\/\/biblian.is\/biblian\/wp-json\/wp\/v2\/types\/page"}],"author":[{"embeddable":true,"href":"https:\/\/biblian.is\/biblian\/wp-json\/wp\/v2\/users\/1"}],"replies":[{"embeddable":true,"href":"https:\/\/biblian.is\/biblian\/wp-json\/wp\/v2\/comments?post=1805"}],"version-history":[{"count":0,"href":"https:\/\/biblian.is\/biblian\/wp-json\/wp\/v2\/pages\/1805\/revisions"}],"wp:attachment":[{"href":"https:\/\/biblian.is\/biblian\/wp-json\/wp\/v2\/media?parent=1805"}],"curies":[{"name":"wp","href":"https:\/\/api.w.org\/{rel}","templated":true}]}}