{"id":1804,"date":"2017-12-30T21:00:30","date_gmt":"2017-12-30T21:00:30","guid":{"rendered":"http:\/\/biblian.is\/biblian\/fimmta-m%c2%97seb%c2%97k-34-kafli\/"},"modified":"2024-05-06T22:32:00","modified_gmt":"2024-05-06T22:32:00","slug":"fimmta-mosebok-34-kafli","status":"publish","type":"page","link":"https:\/\/biblian.is\/biblian\/fimmta-mosebok-34-kafli\/","title":{"rendered":"Fimmta M\u00f3seb\u00f3k 34. kafli"},"content":{"rendered":"<h3 class=\"millifyrirsogn_2007\"> M\u00f3se deyr<\/h3>\n<p><a name=\"1\"><span class=\"versanumer_2007\">1<\/span><\/a> S\u00ed\u00f0an gekk M\u00f3se fr\u00e1 M\u00f3abssl\u00e9ttu og \u00e1 Neb\u00f3fjall, upp \u00e1 Pisgatind gegnt Jer\u00edk\u00f3, og Drottinn s\u00fdndi honum allt landi\u00f0: G\u00edlea\u00f0 allt til Dan, <a name=\"2\"><span class=\"versanumer_2007\">2<\/span><\/a> allt Naftal\u00ed, Efra\u00edmsland og Manasse, allt land J\u00fada vestur a\u00f0 Mi\u00f0jar\u00f0arhafi, <a name=\"3\"><span class=\"versanumer_2007\">3<\/span><\/a> Negeb og J\u00f3rdanardalinn, dalinn vi\u00f0 Jer\u00edk\u00f3, p\u00e1lmaborgina allt til S\u00f3ar. <a name=\"4\"><span class=\"versanumer_2007\">4<\/span><\/a> S\u00ed\u00f0an sag\u00f0i Drottinn vi\u00f0 hann: \u201e\u00deetta er landi\u00f0 sem \u00e9g h\u00e9t Abraham, \u00cdsak og Jakobi er \u00e9g sag\u00f0i: Ni\u00f0jum \u00fe\u00ednum gef \u00e9g \u00fea\u00f0. \u00c9g hef leyft \u00fe\u00e9r a\u00f0 sj\u00e1 \u00fea\u00f0 me\u00f0 eigin augum en \u00fe\u00fa munt ekki komast \u00feanga\u00f0 yfir um.\u201c<br \/> <a name=\"5\"><span class=\"versanumer_2007\">5<\/span><\/a> M\u00f3se, \u00fej\u00f3nn Drottins, anda\u00f0ist \u00fear \u00ed M\u00f3abslandi eins og Drottinn haf\u00f0i sagt. <a name=\"6\"><span class=\"versanumer_2007\">6<\/span><\/a> Hann gr\u00f3f hann <span class=\"nedan_mal\" title=\" K\u00famran og nokkur handrit af gr\u00edsku sj\u00f6t\u00edumanna\u00fe\u00fd\u00f0ingunni hafa lesh\u00e1ttinn: \u00deeir gr\u00f3fu hann.\">[<\/span> \u00ed dalnum \u00ed M\u00f3abslandi gegnt Bet Pe\u00f3r. Enginn veit enn \u00feann dag \u00ed dag hvar gr\u00f6f hans er. <a name=\"7\"><span class=\"versanumer_2007\">7<\/span><\/a> M\u00f3se var hundra\u00f0 og tuttugu \u00e1ra \u00feegar hann l\u00e9st. Sj\u00f3n hans haf\u00f0i ekki daprast n\u00e9 heldur haf\u00f0i \u00fer\u00f3ttur hans \u00feorri\u00f0.<br \/> <a name=\"8\"><span class=\"versanumer_2007\">8<\/span><\/a> \u00cdsraelsmenn syrg\u00f0u M\u00f3se \u00e1 M\u00f3abssl\u00e9ttu \u00ed \u00ferj\u00e1t\u00edu daga. \u00de\u00e1 lauk sorgart\u00edmanum eftir M\u00f3se.<br \/> <a name=\"9\"><span class=\"versanumer_2007\">9<\/span><\/a> J\u00f3s\u00faa N\u00fansson var fullur v\u00edsd\u00f3msanda \u00fev\u00ed a\u00f0 M\u00f3se haf\u00f0i lagt hendur s\u00ednar yfir hann. \u00cdsraelsmenn hl\u00fdddu honum og breyttu eftir \u00fev\u00ed sem Drottinn haf\u00f0i bo\u00f0i\u00f0 M\u00f3se.<br \/> <a name=\"10\"><span class=\"versanumer_2007\">10<\/span><\/a> Annar eins sp\u00e1ma\u00f0ur og M\u00f3se kom aldrei aftur fram \u00ed \u00cdsrael. Drottinn umgekkst hann augliti til auglitis. <a name=\"11\"><span class=\"versanumer_2007\">11<\/span><\/a> Minnist t\u00e1knanna og st\u00f3rmerkjanna sem Drottinn sendi hann til a\u00f0 gera \u00ed Egyptalandi gegn fara\u00f3, hir\u00f0m\u00f6nnum hans og \u00f6llu landi hans. <a name=\"12\"><span class=\"versanumer_2007\">12<\/span><\/a> Hafi\u00f0 \u00ed huga allt sem hann vann me\u00f0 sinni sterku hendi, \u00f6ll hin miklu og \u00f3gnvekjandi verk sem M\u00f3se vann \u00ed augs\u00fdn alls \u00cdsraels.<\/p>\n","protected":false},"excerpt":{"rendered":"<p>M\u00f3se deyr 1 S\u00ed\u00f0an gekk M\u00f3se fr\u00e1 M\u00f3abssl\u00e9ttu og \u00e1 Neb\u00f3fjall, upp \u00e1 Pisgatind gegnt Jer\u00edk\u00f3, og Drottinn s\u00fdndi honum allt landi\u00f0: G\u00edlea\u00f0 allt til Dan, 2 allt Naftal\u00ed, Efra\u00edmsland og Manasse, allt land J\u00fada vestur a\u00f0 Mi\u00f0jar\u00f0arhafi, 3 Negeb og J\u00f3rdanardalinn, dalinn vi\u00f0 Jer\u00edk\u00f3, p\u00e1lmaborgina allt til S\u00f3ar. 4 S\u00ed\u00f0an sag\u00f0i Drottinn vi\u00f0 hann: \u201e\u00deetta er landi\u00f0 sem \u00e9g h\u00e9t Abraham, \u00cdsak og Jakobi er \u00e9g sag\u00f0i: Ni\u00f0jum \u00fe\u00ednum gef \u00e9g \u00fea\u00f0. \u00c9g hef leyft \u00fe\u00e9r a\u00f0 sj\u00e1 \u00fea\u00f0 me\u00f0 eigin augum en \u00fe\u00fa munt ekki komast \u00feanga\u00f0 yfir um.\u201c 5 M\u00f3se, \u00fej\u00f3nn Drottins, anda\u00f0ist \u00fear \u00ed M\u00f3abslandi eins <a href=\"https:\/\/biblian.is\/biblian\/fimmta-mosebok-34-kafli\/\"> [&#8230;]<\/a><\/p>\n","protected":false},"author":1,"featured_media":0,"parent":0,"menu_order":0,"comment_status":"open","ping_status":"open","template":"bibliukaflar_NT.php","meta":{"footnotes":""},"class_list":["post-1804","page","type-page","status-publish","hentry"],"_links":{"self":[{"href":"https:\/\/biblian.is\/biblian\/wp-json\/wp\/v2\/pages\/1804","targetHints":{"allow":["GET"]}}],"collection":[{"href":"https:\/\/biblian.is\/biblian\/wp-json\/wp\/v2\/pages"}],"about":[{"href":"https:\/\/biblian.is\/biblian\/wp-json\/wp\/v2\/types\/page"}],"author":[{"embeddable":true,"href":"https:\/\/biblian.is\/biblian\/wp-json\/wp\/v2\/users\/1"}],"replies":[{"embeddable":true,"href":"https:\/\/biblian.is\/biblian\/wp-json\/wp\/v2\/comments?post=1804"}],"version-history":[{"count":0,"href":"https:\/\/biblian.is\/biblian\/wp-json\/wp\/v2\/pages\/1804\/revisions"}],"wp:attachment":[{"href":"https:\/\/biblian.is\/biblian\/wp-json\/wp\/v2\/media?parent=1804"}],"curies":[{"name":"wp","href":"https:\/\/api.w.org\/{rel}","templated":true}]}}