{"id":1802,"date":"2017-12-30T21:00:30","date_gmt":"2017-12-30T21:00:30","guid":{"rendered":"http:\/\/biblian.is\/biblian\/fimmta-m%c2%97seb%c2%97k-32-kafli\/"},"modified":"2024-05-06T22:32:00","modified_gmt":"2024-05-06T22:32:00","slug":"fimmta-mosebok-32-kafli","status":"publish","type":"page","link":"https:\/\/biblian.is\/biblian\/fimmta-mosebok-32-kafli\/","title":{"rendered":"Fimmta M\u00f3seb\u00f3k 32. kafli"},"content":{"rendered":"<h3 class=\"millifyrirsogn_2007\"> Lj\u00f3\u00f0 M\u00f3se<\/h3>\n<p><span class=\"ljodatexti\"> <a name=\"1\"><span class=\"versanumer_ljod\">1<\/span><\/a>Hlusti\u00f0, himnar, og \u00e9g mun m\u00e6la,<br \/>j\u00f6r\u00f0in hl\u00fd\u00f0i \u00e1 m\u00e1l mitt.<br \/> <\/span> <span class=\"ljodatexti\"> <a name=\"2\"><span class=\"versanumer_ljod\">2<\/span><\/a>Kenning m\u00edn streymi sem regn,<br \/> r\u00e6\u00f0a m\u00edn drj\u00fapi sem d\u00f6gg,<br \/> eins og gr\u00f3\u00f0rarsk\u00far \u00e1 gr\u00e6ngresi<br \/> og d\u00f6gg \u00e1 n\u00fdgr\u00e6\u00f0ing.<br \/> <\/span> <span class=\"ljodatexti\"> <a name=\"3\"><span class=\"versanumer_ljod\">3<\/span><\/a>\u00c9g vil kunngj\u00f6ra nafn Drottins,<br \/> lofi\u00f0 m\u00e1tt Gu\u00f0s vors.<br \/> <\/span> <span class=\"ljodatexti\"> <a name=\"4\"><span class=\"versanumer_ljod\">4<\/span><\/a>Hann er bjargi\u00f0, verk hans fullkomin<br \/> og allir hans vegir r\u00e9ttl\u00e1tir.<br \/> Hann er tr\u00fafastur Gu\u00f0 og svikalaus,<br \/> r\u00e9ttl\u00e1tur og hreinlyndur.<br \/> <\/span> <span class=\"ljodatexti\"> <a name=\"5\"><span class=\"versanumer_ljod\">5<\/span><\/a>Svikul kynsl\u00f3\u00f0 og spillt br\u00e1st honum;<br \/> s\u00e9r til sv\u00edvir\u00f0u eru \u00feeir ekki synir hans framar.<br \/> <\/span> <span class=\"ljodatexti\"> <a name=\"6\"><span class=\"versanumer_ljod\">6<\/span><\/a>\u00deakkar \u00fe\u00fa Drottni \u00feannig,<br \/> heimska og f\u00e1v\u00edsa \u00fej\u00f3\u00f0?<br \/> Er hann ekki fa\u00f0ir \u00feinn og skapari,<br \/> s\u00e1 er ger\u00f0i \u00feig og fann \u00fe\u00e9r samasta\u00f0?<br \/> <\/span> <span class=\"ljodatexti\"> <a name=\"7\"><span class=\"versanumer_ljod\">7<\/span><\/a>Minnstu fyrri t\u00ed\u00f0a,<br \/> hygg a\u00f0 \u00e1rum genginna kynsl\u00f3\u00f0a.<br \/> Spyr\u00f0u f\u00f6\u00f0ur \u00feinn, hann fr\u00e6\u00f0ir \u00feig,<br \/> \u00f6ldungana, \u00feeir segja \u00fe\u00e9r fr\u00e1.<br \/> <\/span> <span class=\"ljodatexti\"> <a name=\"8\"><span class=\"versanumer_ljod\">8<\/span><\/a>\u00deegar Hinn h\u00e6sti f\u00e9kk gu\u00f0unum \u00fej\u00f3\u00f0irnar, <span class=\"nedan_mal\" title=\" Annar lesh\u00e1ttur: skipti l\u00f6ndum me\u00f0 \u00fej\u00f3\u00f0unum.\">[<\/span> <br \/> er hann greindi mennina a\u00f0,<br \/> \u00fe\u00e1 setti hann \u00fej\u00f3\u00f0unum landamerki<br \/> eftir fj\u00f6lda gu\u00f0anna. <span class=\"nedan_mal\" title=\" Annar lesh\u00e1ttur: eftir fj\u00f6lda \u00cdsraels sona.\">[<\/span> <br \/> <\/span> <span class=\"ljodatexti\"> <a name=\"9\"><span class=\"versanumer_ljod\">9<\/span><\/a>En l\u00fd\u00f0ur Drottins kom \u00ed hlut hans,<br \/> Jakob var\u00f0 erf\u00f0ahlutur hans.<br \/> <\/span> <span class=\"ljodatexti\"> <a name=\"10\"><span class=\"versanumer_ljod\">10<\/span><\/a>Hann fann hann \u00ed au\u00f0ninni,<br \/> \u00ed \u00fdlfrandi \u00f3bygg\u00f0um,<br \/> sveipa\u00f0i hann, hl\u00fa\u00f0i a\u00f0 honum,<br \/> g\u00e6tti hans sem sj\u00e1aldurs auga s\u00edns,<br \/> <\/span> <span class=\"ljodatexti\"> <a name=\"11\"><span class=\"versanumer_ljod\">11<\/span><\/a>eins og \u00f6rn sem g\u00e6tir hrei\u00f0urs s\u00edns<br \/> og sv\u00edfur yfir ungum s\u00ednum,<br \/> eins \u00feandi hann v\u00e6ngi s\u00edna, greip einn \u00feeirra upp<br \/> og bar burt \u00e1 v\u00e6ngjum s\u00e9r.<br \/> <\/span> <span class=\"ljodatexti\"> <a name=\"12\"><span class=\"versanumer_ljod\">12<\/span><\/a>Drottinn einn leiddi Jakob,<br \/> enginn framandi gu\u00f0 er me\u00f0 honum.<br \/> <\/span> <span class=\"ljodatexti\"> <a name=\"13\"><span class=\"versanumer_ljod\">13<\/span><\/a>Hann l\u00e9t hann fara um h\u00e6\u00f0ir landsins<br \/> og n\u00e6rast af \u00e1vexti jar\u00f0ar.<br \/> Hann gaf honum hunang \u00far klettum a\u00f0 sj\u00faga<br \/> og \u00f3l\u00edfuol\u00edu \u00far tinnusteinum.<br \/> <\/span> <span class=\"ljodatexti\"> <a name=\"14\"><span class=\"versanumer_ljod\">14<\/span><\/a>Hann \u00f3l hann \u00e1 rj\u00f3ma og mj\u00f3lk \u00far k\u00fam og \u00e1m,<br \/> feiti lamba, sau\u00f0a, hafra og Basannauta,<br \/> og besta hveiti,<br \/> \u00fer\u00fagnabl\u00f3\u00f0 drakkstu sem frey\u00f0andi v\u00edn.<br \/> <\/span> <span class=\"ljodatexti\"> <a name=\"15\"><span class=\"versanumer_ljod\">15<\/span><\/a>Jakob \u00e1t fylli s\u00edna,<br \/> Jesj\u00far\u00fan <span class=\"nedan_mal\" title=\" \u00de.e. \u00cdsrael.\">[<\/span> var\u00f0 feitur og sparka\u00f0i,<br \/> \u00fe\u00fa fitna\u00f0ir, var\u00f0st digur og s\u00e6llegur.<br \/> Hann hafna\u00f0i Gu\u00f0i sem m\u00f3ta\u00f0i hann,<br \/> forsm\u00e1\u00f0i klettinn sem bjarga\u00f0i honum.<br \/> <\/span> <span class=\"ljodatexti\"> <a name=\"16\"><span class=\"versanumer_ljod\">16<\/span><\/a>\u00deeir v\u00f6ktu afbr\u00fd\u00f0i Drottins me\u00f0 framandi gu\u00f0um,<br \/> \u00f6gru\u00f0u honum me\u00f0 vi\u00f0urstyggilegum skur\u00f0go\u00f0um.<br \/> <\/span> <span class=\"ljodatexti\"> <a name=\"17\"><span class=\"versanumer_ljod\">17<\/span><\/a>\u00deeir f\u00e6r\u00f0u f\u00f3rnir illum \u00f6ndum sem engir gu\u00f0ir eru,<br \/> gu\u00f0um sem \u00feeir \u00feekktu ekki \u00e1\u00f0ur,<br \/> n\u00fdjum gu\u00f0um, n\u00fdlega fram komnum,<br \/> sem v\u00f6ktu fe\u00f0rum y\u00f0ar engan ugg.<br \/> <\/span> <span class=\"ljodatexti\"> <a name=\"18\"><span class=\"versanumer_ljod\">18<\/span><\/a>\u00de\u00fa afr\u00e6ktir bjargi\u00f0 sem gat \u00feig,<br \/> gleymdir Gu\u00f0i sem \u00f3l \u00feig.<br \/> <\/span> <span class=\"ljodatexti\"> <a name=\"19\"><span class=\"versanumer_ljod\">19<\/span><\/a>Drottinn s\u00e1 \u00fea\u00f0 og hafna\u00f0i \u00feeim<br \/> \u00fev\u00ed a\u00f0 synir hans og d\u00e6tur v\u00f6ktu heift hans.<br \/> <\/span> <span class=\"ljodatexti\"> <a name=\"20\"><span class=\"versanumer_ljod\">20<\/span><\/a>Hann sag\u00f0i: \u201e\u00c9g mun byrgja auglit mitt fyrir \u00feeim,<br \/> \u00e6tla a\u00f0 sj\u00e1 hva\u00f0 um \u00feau ver\u00f0ur,<br \/> \u00fev\u00ed a\u00f0 \u00feau eru \u00fever\u00fa\u00f0ug kynsl\u00f3\u00f0,<br \/> b\u00f6rn sem engin trygg\u00f0 finnst \u00ed.<br \/> <\/span> <span class=\"ljodatexti\"> <a name=\"21\"><span class=\"versanumer_ljod\">21<\/span><\/a>\u00deau v\u00f6ktu afbr\u00fd\u00f0i m\u00edna me\u00f0 \u00fev\u00ed sem ekki er gu\u00f0,<br \/> v\u00f6ktu heift m\u00edna me\u00f0 f\u00e1n\u00fdtum skur\u00f0go\u00f0um.<br \/> N\u00fa vek \u00e9g afbr\u00fd\u00f0i \u00feeirra me\u00f0 \u00fev\u00ed sem ekki er \u00fej\u00f3\u00f0,<br \/> \u00f6gra \u00feeim me\u00f0 heimskum l\u00fd\u00f0.<br \/> <\/span> <span class=\"ljodatexti\"> <a name=\"22\"><span class=\"versanumer_ljod\">22<\/span><\/a> \u00dar n\u00f6sum m\u00e9r standa eldtungur<br \/> sem brenna ni\u00f0ur \u00ed dj\u00fap heljar,<br \/> ey\u00f0a j\u00f6r\u00f0 og jar\u00f0argr\u00f3\u00f0a,<br \/> leggja eld \u00ed grundv\u00f6ll fjalla.<br \/> <\/span> <span class=\"ljodatexti\"> <a name=\"23\"><span class=\"versanumer_ljod\">23<\/span><\/a> \u00c9g mun hla\u00f0a a\u00f0 \u00feeim hvers kyns b\u00f6li,<br \/> ey\u00f0a \u00e1 \u00fe\u00e1 \u00f6rvum m\u00ednum.<br \/> <\/span> <span class=\"ljodatexti\"> <a name=\"24\"><span class=\"versanumer_ljod\">24<\/span><\/a> T\u00e6randi hungri, ey\u00f0andi pl\u00e1gu,<br \/> dreps\u00f3tt og v\u00edgtenntu d\u00fdri<br \/> sleppi \u00e9g lausu \u00e1 \u00fe\u00e1<br \/> og eitri \u00feeirra sem \u00ed duftinu skr\u00ed\u00f0a.<br \/> <\/span> <span class=\"ljodatexti\"> <a name=\"25\"><span class=\"versanumer_ljod\">25<\/span><\/a> \u00c1 str\u00e6tum \u00fati sviptir sver\u00f0i\u00f0 \u00fe\u00e1 b\u00f6rnum,<br \/> \u00ed h\u00fasum inni mun skelfingin dey\u00f0a<br \/> \u00e6skumann og yngismey,<br \/> brj\u00f3stmylking og \u00f6ldung.<br \/> <\/span> <span class=\"ljodatexti\"> <a name=\"26\"><span class=\"versanumer_ljod\">26<\/span><\/a> \u00c9g hef\u00f0i geta\u00f0 sagt: \u00deeim mun \u00e9g ey\u00f0a,<br \/> afm\u00e1 minningu \u00feeirra me\u00f0al manna,<br \/> <\/span> <span class=\"ljodatexti\"> <a name=\"27\"><span class=\"versanumer_ljod\">27<\/span><\/a> ef \u00e9g \u00f3tta\u00f0ist ekki a\u00f0 \u00f3vinir \u00cdsraels blekktu me\u00f0 \u00fev\u00ed a\u00f0 segja:<br \/> H\u00f6nd okkar er sigurs\u00e6l,<br \/> ekkert af \u00feessu ger\u00f0i Drottinn.\u201c<br \/> <\/span> <span class=\"ljodatexti\"> <a name=\"28\"><span class=\"versanumer_ljod\">28<\/span><\/a> En \u00feeir eru r\u00e1\u00f0\u00ferota \u00fej\u00f3\u00f0,<br \/> skilning hafa \u00feeir engan.<br \/> <\/span> <span class=\"ljodatexti\"> <a name=\"29\"><span class=\"versanumer_ljod\">29<\/span><\/a> V\u00e6ru \u00feeir vitrir skildu \u00feeir \u00feetta,<br \/> v\u00e6ri lj\u00f3st hva\u00f0 \u00feeir eiga \u00ed v\u00e6ndum.<br \/> <\/span> <span class=\"ljodatexti\"> <a name=\"30\"><span class=\"versanumer_ljod\">30<\/span><\/a> Hvernig f\u00e6r einn elt \u00fe\u00fasund<br \/> e\u00f0a tveir menn hraki\u00f0 t\u00edu \u00fe\u00fasund \u00e1 fl\u00f3tta<br \/> nema bjarg \u00feeirra hafi framselt \u00fe\u00e1,<br \/> Drottinn ofurselt \u00fe\u00e1?<br \/> <\/span> <span class=\"ljodatexti\"> <a name=\"31\"><span class=\"versanumer_ljod\">31<\/span><\/a> En bjarg fjandmannanna er ekki sem bjarg vort,<br \/> um \u00fea\u00f0 geta \u00f3vinir vorir d\u00e6mt.<br \/> <\/span> <span class=\"ljodatexti\"> <a name=\"32\"><span class=\"versanumer_ljod\">32<\/span><\/a> V\u00ednvi\u00f0ur \u00feeirra er af v\u00ednvi\u00f0i S\u00f3d\u00f3mu,<br \/> hann er \u00far v\u00edng\u00f6r\u00f0um G\u00f3morru,<br \/> v\u00ednber \u00feeirra eru eitru\u00f0,<br \/> \u00fer\u00fagurnar beiskar,<br \/> <\/span> <span class=\"ljodatexti\"> <a name=\"33\"><span class=\"versanumer_ljod\">33<\/span><\/a> v\u00edn \u00feeirra er sl\u00f6ngueitur<br \/> \u00far banv\u00e6num n\u00f6\u00f0rum.<br \/> <\/span> <span class=\"ljodatexti\"> <a name=\"34\"><span class=\"versanumer_ljod\">34<\/span><\/a> Er \u00fea\u00f0 ekki \u00ed minni v\u00f6rslu,<br \/> innsigla\u00f0 \u00ed for\u00f0ab\u00fari m\u00ednu?<br \/> <\/span> <span class=\"ljodatexti\"> <a name=\"35\"><span class=\"versanumer_ljod\">35<\/span><\/a> M\u00edn er hefndin og mitt a\u00f0 endurgjalda<br \/> er \u00feeir gerast valtir \u00e1 f\u00f3tum.<br \/> Skapad\u00e6gur \u00feeirra er n\u00e6rri,<br \/> \u00fea\u00f0 sem fyrir \u00feeim liggur ber br\u00e1tt a\u00f0.<br \/> <\/span> <span class=\"ljodatexti\"> <a name=\"36\"><span class=\"versanumer_ljod\">36<\/span><\/a> \u00dev\u00ed a\u00f0 Drottinn mun r\u00e9tta hlut \u00fej\u00f3\u00f0ar sinnar,<br \/> s\u00fdna \u00fej\u00f3num s\u00ednum miskunn<br \/> \u00feegar hann s\u00e9r a\u00f0 hver h\u00f6nd er m\u00e1ttlaus,<br \/> engir eftir nema k\u00faga\u00f0ir menn og hj\u00e1lparvana.<br \/> <\/span> <span class=\"ljodatexti\"> <a name=\"37\"><span class=\"versanumer_ljod\">37<\/span><\/a> \u00de\u00e1 mun hann spyrja: Hvar eru gu\u00f0ir \u00feeirra,<br \/> bjargi\u00f0 sem \u00feeir leitu\u00f0u h\u00e6lis hj\u00e1<br \/> <\/span> <span class=\"ljodatexti\"> <a name=\"38\"><span class=\"versanumer_ljod\">38<\/span><\/a> sem \u00e1tu feiti sl\u00e1turf\u00f3rna \u00feeirra,<br \/> drukku v\u00edn dreypif\u00f3rna \u00feeirra?<br \/> Gangi \u00feeir n\u00fa fram og hj\u00e1lpi y\u00f0ur,<br \/> ver\u00f0i \u00feeir n\u00fa v\u00f6rn y\u00f0ar.<br \/> <\/span> <span class=\"ljodatexti\"> <a name=\"39\"><span class=\"versanumer_ljod\">39<\/span><\/a> Sj\u00e1i\u00f0 n\u00fa a\u00f0 \u00e9g einn er Gu\u00f0,<br \/> enginn r\u00edkir m\u00e9r vi\u00f0 hli\u00f0.<br \/> \u00c9g dey\u00f0i og \u00e9g l\u00edfga,<br \/> \u00e9g s\u00e6ri og \u00e9g gr\u00e6\u00f0i,<br \/> enginn f\u00e6r frelsa\u00f0 \u00far hendi minni.<br \/> <\/span> <span class=\"ljodatexti\"> <a name=\"40\"><span class=\"versanumer_ljod\">40<\/span><\/a> \u00c9g hef h\u00f6nd m\u00edna til himins og segi:<br \/> Svo sannarlega sem \u00e9g lifi a\u00f0 eil\u00edfu,<br \/> <\/span> <span class=\"ljodatexti\"> <a name=\"41\"><span class=\"versanumer_ljod\">41<\/span><\/a> \u00feegar \u00e9g hef hvesst mitt leiftrandi sver\u00f0,<br \/> teki\u00f0 r\u00e9ttinn \u00ed m\u00ednar hendur<br \/> mun \u00e9g hefna m\u00edn \u00e1 fjandm\u00f6nnum m\u00ednum,<br \/> endurgjalda \u00feeim sem hata mig.<br \/> <\/span> <span class=\"ljodatexti\"> <a name=\"42\"><span class=\"versanumer_ljod\">42<\/span><\/a> \u00c9g mun gera \u00f6rvar m\u00ednar \u00f6lva\u00f0ar af bl\u00f3\u00f0i<br \/> og sver\u00f0 mitt skal eta hold,<br \/> \u00fe\u00e6r ver\u00f0a drukknar af bl\u00f3\u00f0i fallinna og fanga<br \/> og \u00e6\u00f0stu foringja fjandmannanna.<br \/> <\/span> <span class=\"ljodatexti\"> <a name=\"43\"><span class=\"versanumer_ljod\">43<\/span><\/a> Himinn, fagna\u00f0u sigri,<br \/>tilbi\u00f0ji\u00f0 hann, gu\u00f0asynir, <span class=\"nedan_mal\" title=\" Annar lesh\u00e1ttur: Vegsami\u00f0, \u00fej\u00f3\u00f0ir, l\u00fd\u00f0 hans.\">[<\/span> \u00fev\u00ed a\u00f0 hann hefnir bl\u00f3\u00f0s \u00fej\u00f3na sinna<br \/>og hefnir s\u00edn \u00e1 fjandm\u00f6nnum s\u00ednum<br \/>en fyrirgefur landi \u00fej\u00f3\u00f0ar sinnar. <\/span> <br \/> <a name=\"44\"><span class=\"versanumer_2007\">44<\/span><\/a> M\u00f3se kom \u00e1samt H\u00f3sea <span class=\"nedan_mal\" title=\" \u00de.e. J\u00f3s\u00faa, sj\u00e1 4M\u00f3s 13.16.\">[<\/span> N\u00fanssyni og flutti \u00fej\u00f3\u00f0inni allt \u00feetta kv\u00e6\u00f0i \u00ed heyranda hlj\u00f3\u00f0i.<br \/> <a name=\"45\"><span class=\"versanumer_2007\">45<\/span><\/a> \u00deegar M\u00f3se haf\u00f0i loki\u00f0 vi\u00f0 a\u00f0 flytja \u00f6ll \u00feessi \u00e1kv\u00e6\u00f0i fyrir \u00f6llum \u00cdsrael <a name=\"46\"><span class=\"versanumer_2007\">46<\/span><\/a> sag\u00f0i hann: \u201eLeggi\u00f0 ykkur \u00e1 hjarta \u00f6ll \u00feau or\u00f0 sem \u00e9g hef flutt ykkur \u00ed dag. Br\u00fdni\u00f0 fyrir b\u00f6rnum ykkar a\u00f0 halda \u00f6ll \u00e1kv\u00e6\u00f0i \u00feessara laga og framfylgja \u00feeim. <a name=\"47\"><span class=\"versanumer_2007\">47<\/span><\/a> \u00deau eru ekki innant\u00f3m or\u00f0 sem engu skipta, \u00feau eru sj\u00e1lft l\u00edf ykkar \u00fev\u00ed a\u00f0 sakir \u00feessara or\u00f0a ver\u00f0i\u00f0 \u00fei\u00f0 langl\u00edf \u00ed landinu sem \u00fei\u00f0 haldi\u00f0 n\u00fa inn \u00ed yfir J\u00f3rdan til a\u00f0 taka \u00fea\u00f0 til eignar.\u201c<\/p>\n<h3 class=\"millifyrirsogn_2007\">Dau\u00f0i M\u00f3se bo\u00f0a\u00f0ur<\/h3>\n<p><a name=\"48\"><span class=\"versanumer_2007\">48<\/span><\/a> \u00deann sama dag \u00e1varpa\u00f0i Drottinn M\u00f3se og sag\u00f0i:<br \/> <a name=\"49\"><span class=\"versanumer_2007\">49<\/span><\/a> \u201eFar\u00f0u upp \u00e1 Abar\u00edmfjall, fjalli\u00f0 Neb\u00f3 \u00ed M\u00f3abslandi, gegnt Jer\u00edk\u00f3, og horf\u00f0u yfir Kanaansland sem \u00e9g f\u00e6 \u00cdsraelsm\u00f6nnum til eignar. <a name=\"50\"><span class=\"versanumer_2007\">50<\/span><\/a> \u00de\u00fa \u00e1tt a\u00f0 deyja \u00e1 fjallinu sem \u00fe\u00fa gengur upp \u00e1 og safnast til \u00fe\u00edns f\u00f3lks eins og Aron br\u00f3\u00f0ir \u00feinn d\u00f3 \u00e1 H\u00f3rfjalli og safna\u00f0ist til s\u00edns f\u00f3lks, <a name=\"51\"><span class=\"versanumer_2007\">51<\/span><\/a> af \u00fev\u00ed a\u00f0 \u00fei\u00f0 b\u00e1\u00f0ir brug\u00f0u\u00f0 tr\u00fana\u00f0i vi\u00f0 mig me\u00f0al \u00cdsraelsmanna hj\u00e1 Mer\u00edbav\u00f6tnum vi\u00f0 Kades \u00ed S\u00edna\u00edey\u00f0im\u00f6rkinni og virtu\u00f0 mig ekki sem hinn heilaga me\u00f0al \u00cdsraelsmanna. <a name=\"52\"><span class=\"versanumer_2007\">52<\/span><\/a> \u00de\u00f3tt \u00fe\u00fa megir horfa yfir til landsins f\u00e6r\u00f0u ekki a\u00f0 koma inn \u00ed landi\u00f0 sem \u00e9g gef \u00cdsraelsm\u00f6nnum.\u201c<\/p>\n","protected":false},"excerpt":{"rendered":"<p>Lj\u00f3\u00f0 M\u00f3se 1Hlusti\u00f0, himnar, og \u00e9g mun m\u00e6la,j\u00f6r\u00f0in hl\u00fd\u00f0i \u00e1 m\u00e1l mitt. 2Kenning m\u00edn streymi sem regn, r\u00e6\u00f0a m\u00edn drj\u00fapi sem d\u00f6gg, eins og gr\u00f3\u00f0rarsk\u00far \u00e1 gr\u00e6ngresi og d\u00f6gg \u00e1 n\u00fdgr\u00e6\u00f0ing. 3\u00c9g vil kunngj\u00f6ra nafn Drottins, lofi\u00f0 m\u00e1tt Gu\u00f0s vors. 4Hann er bjargi\u00f0, verk hans fullkomin og allir hans vegir r\u00e9ttl\u00e1tir. Hann er tr\u00fafastur Gu\u00f0 og svikalaus, r\u00e9ttl\u00e1tur og hreinlyndur. 5Svikul kynsl\u00f3\u00f0 og spillt br\u00e1st honum; s\u00e9r til sv\u00edvir\u00f0u eru \u00feeir ekki synir hans framar. 6\u00deakkar \u00fe\u00fa Drottni \u00feannig, heimska og f\u00e1v\u00edsa \u00fej\u00f3\u00f0? Er hann ekki fa\u00f0ir \u00feinn og skapari, s\u00e1 er ger\u00f0i \u00feig og fann \u00fe\u00e9r samasta\u00f0? 7Minnstu fyrri <a href=\"https:\/\/biblian.is\/biblian\/fimmta-mosebok-32-kafli\/\"> [&#8230;]<\/a><\/p>\n","protected":false},"author":1,"featured_media":0,"parent":0,"menu_order":0,"comment_status":"open","ping_status":"open","template":"bibliukaflar_NT.php","meta":{"footnotes":""},"class_list":["post-1802","page","type-page","status-publish","hentry"],"_links":{"self":[{"href":"https:\/\/biblian.is\/biblian\/wp-json\/wp\/v2\/pages\/1802","targetHints":{"allow":["GET"]}}],"collection":[{"href":"https:\/\/biblian.is\/biblian\/wp-json\/wp\/v2\/pages"}],"about":[{"href":"https:\/\/biblian.is\/biblian\/wp-json\/wp\/v2\/types\/page"}],"author":[{"embeddable":true,"href":"https:\/\/biblian.is\/biblian\/wp-json\/wp\/v2\/users\/1"}],"replies":[{"embeddable":true,"href":"https:\/\/biblian.is\/biblian\/wp-json\/wp\/v2\/comments?post=1802"}],"version-history":[{"count":0,"href":"https:\/\/biblian.is\/biblian\/wp-json\/wp\/v2\/pages\/1802\/revisions"}],"wp:attachment":[{"href":"https:\/\/biblian.is\/biblian\/wp-json\/wp\/v2\/media?parent=1802"}],"curies":[{"name":"wp","href":"https:\/\/api.w.org\/{rel}","templated":true}]}}