{"id":1800,"date":"2017-12-30T21:00:30","date_gmt":"2017-12-30T21:00:30","guid":{"rendered":"http:\/\/biblian.is\/biblian\/fimmta-m%c2%97seb%c2%97k-30-kafli\/"},"modified":"2024-05-06T22:31:59","modified_gmt":"2024-05-06T22:31:59","slug":"fimmta-mosebok-30-kafli","status":"publish","type":"page","link":"https:\/\/biblian.is\/biblian\/fimmta-mosebok-30-kafli\/","title":{"rendered":"Fimmta M\u00f3seb\u00f3k 30. kafli"},"content":{"rendered":"<h3 class=\"millifyrirsogn_2007\"> Heimf\u00f6r heiti\u00f0<\/h3>\n<p><a name=\"1\"><span class=\"versanumer_2007\">1<\/span><\/a> \u00deegar allt \u00feetta, blessunin og b\u00f6lvunin sem \u00e9g hef lagt fyrir \u00feig \u00ed dag, er yfir \u00feig komi\u00f0 og \u00fe\u00fa minnist \u00feeirra or\u00f0a \u00e1 me\u00f0al allra \u00feeirra \u00fej\u00f3\u00f0a sem Drottinn, Gu\u00f0 \u00feinn, hrekur \u00feig til, <a name=\"2\"><span class=\"versanumer_2007\">2<\/span><\/a> munt \u00fe\u00fa og ni\u00f0jar \u00fe\u00ednir sn\u00faa ykkur aftur til Drottins, Gu\u00f0s \u00fe\u00edns. \u00dei\u00f0 munu\u00f0 hl\u00fd\u00f0a bo\u00f0i hans af \u00f6llu hjarta og allri s\u00e1lu, \u00f6llu sem \u00e9g b\u00fd\u00f0 \u00fe\u00e9r \u00ed dag, <a name=\"3\"><span class=\"versanumer_2007\">3<\/span><\/a> \u00fe\u00e1 mun Drottinn, Gu\u00f0 \u00feinn, sn\u00faa vi\u00f0 h\u00f6gum \u00fe\u00ednum. Hann mun s\u00fdna \u00fe\u00e9r miskunn og safna \u00fe\u00e9r saman fr\u00e1 \u00f6llum \u00feeim \u00fej\u00f3\u00f0um sem Drottinn, Gu\u00f0 \u00feinn, haf\u00f0i dreift \u00fe\u00e9r \u00e1 me\u00f0al. <a name=\"4\"><span class=\"versanumer_2007\">4<\/span><\/a> Jafnvel \u00fe\u00f3tt nokkrir ykkar hafi hrakist allt til endimarka himins mun Drottinn, Gu\u00f0 \u00feinn, safna ykkur saman og s\u00e6kja \u00feanga\u00f0. <a name=\"5\"><span class=\"versanumer_2007\">5<\/span><\/a> Og Drottinn, Gu\u00f0 \u00feinn, mun lei\u00f0a \u00feig aftur inn \u00ed landi\u00f0 sem forfe\u00f0ur \u00fe\u00ednir t\u00f3ku til eignar. \u00de\u00fa munt taka \u00fea\u00f0 til eignar og hann mun l\u00e1ta \u00fe\u00e9r farnast betur og gera \u00feig fj\u00f6lmennari en forfe\u00f0ur \u00fe\u00edna.<br \/> <a name=\"6\"><span class=\"versanumer_2007\">6<\/span><\/a> Drottinn, Gu\u00f0 \u00feinn, mun umskera hjarta \u00feitt og hjarta ni\u00f0ja \u00feinna svo a\u00f0 \u00fe\u00fa elskir Drottin, Gu\u00f0 \u00feinn, af \u00f6llu hjarta \u00fe\u00ednu og allri s\u00e1lu \u00feinni svo a\u00f0 \u00fe\u00fa lifir. <a name=\"7\"><span class=\"versanumer_2007\">7<\/span><\/a> \u00de\u00e1 mun Drottinn, Gu\u00f0 \u00feinn, leggja allar \u00feessar b\u00f6lvanir \u00e1 fjandmenn \u00fe\u00edna og andst\u00e6\u00f0inga sem hafa ofs\u00f3tt \u00feig. <a name=\"8\"><span class=\"versanumer_2007\">8<\/span><\/a> En sj\u00e1lfur munt \u00fe\u00fa sn\u00faa vi\u00f0, hl\u00fd\u00f0a bo\u00f0i Drottins og framfylgja \u00f6llum bo\u00f0um hans sem \u00e9g set \u00fe\u00e9r \u00ed dag. <a name=\"9\"><span class=\"versanumer_2007\">9<\/span><\/a> Og Drottinn, Gu\u00f0 \u00feinn, mun veita \u00fe\u00e9r r\u00edkulega \u00ed \u00f6llu sem \u00fe\u00fa tekur \u00fe\u00e9r fyrir hendur og \u00ed \u00e1vexti kvi\u00f0ar \u00fe\u00edns, \u00ed \u00e1vexti b\u00fafj\u00e1r \u00fe\u00edns og \u00ed \u00e1vexti lands \u00fe\u00edns \u00fev\u00ed a\u00f0 Drottinn mun aftur gle\u00f0jast yfir \u00fe\u00e9r, \u00fe\u00e9r til heilla, eins og hann gladdist yfir forfe\u00f0rum \u00fe\u00ednum <a name=\"10\"><span class=\"versanumer_2007\">10<\/span><\/a> ef \u00fe\u00fa hl\u00fd\u00f0ir bo\u00f0i Drottins, Gu\u00f0s \u00fe\u00edns, a\u00f0 halda fyrirm\u00e6li hans og l\u00f6g sem skr\u00e1\u00f0 eru \u00e1 \u00feessa l\u00f6gb\u00f3k og ef \u00fe\u00fa sn\u00fdr\u00f0 aftur til Drottins, Gu\u00f0s \u00fe\u00edns, af \u00f6llu hjarta \u00fe\u00ednu og allri s\u00e1lu \u00feinni. <a name=\"11\"><span class=\"versanumer_2007\">11<\/span><\/a> \u00deetta bo\u00f0, sem \u00e9g legg fyrir \u00feig \u00ed dag, er ekki \u00f3skiljanlegt e\u00f0a fjarl\u00e6gt \u00fe\u00e9r. <a name=\"12\"><span class=\"versanumer_2007\">12<\/span><\/a> \u00dea\u00f0 er ekki uppi \u00ed himninum svo a\u00f0 \u00fe\u00fa \u00feurfir a\u00f0 spyrja: \u201eHver vill st\u00edga upp \u00ed himininn og s\u00e6kja \u00fea\u00f0 og kunngj\u00f6ra okkur \u00fea\u00f0 svo a\u00f0 vi\u00f0 getum framfylgt \u00fev\u00ed?\u201c <a name=\"13\"><span class=\"versanumer_2007\">13<\/span><\/a> \u00dea\u00f0 er ekki heldur handan hafsins svo a\u00f0 \u00fe\u00fa \u00feurfir a\u00f0 spyrja: \u201eHver vill fara yfir hafi\u00f0 fyrir okkur og s\u00e6kja \u00fea\u00f0 og kunngj\u00f6ra okkur \u00fea\u00f0 svo a\u00f0 vi\u00f0 getum framfylgt \u00fev\u00ed?\u201c<br \/> <a name=\"14\"><span class=\"versanumer_2007\">14<\/span><\/a> Nei, or\u00f0i\u00f0 er mj\u00f6g n\u00e6rri \u00fe\u00e9r, \u00ed munni \u00fe\u00ednum og hjarta svo a\u00f0 \u00fe\u00fa getur breytt eftir \u00fev\u00ed.<\/p>\n<h3 class=\"millifyrirsogn_2007\">Blessun og l\u00edf, b\u00f6lvun og dau\u00f0i<\/h3>\n<p><a name=\"15\"><span class=\"versanumer_2007\">15<\/span><\/a> H\u00e9r me\u00f0 legg \u00e9g fyrir \u00feig l\u00edf og heill, dau\u00f0a og \u00f3heill.<br \/> <a name=\"16\"><span class=\"versanumer_2007\">16<\/span><\/a> Ef \u00fe\u00fa hl\u00fd\u00f0ir bo\u00f0um Drottins, sem \u00e9g set \u00fe\u00e9r \u00ed dag, me\u00f0 \u00fev\u00ed a\u00f0 elska Drottin, Gu\u00f0 \u00feinn, ganga \u00e1 vegum hans og halda bo\u00f0 hans, \u00e1kv\u00e6\u00f0i og l\u00f6g, munt \u00fe\u00fa lifa og \u00fe\u00e9r mun fj\u00f6lga og Drottinn, Gu\u00f0 \u00feinn, mun blessa \u00feig \u00ed landinu sem \u00fe\u00fa heldur n\u00fa inn \u00ed til a\u00f0 taka \u00fea\u00f0 til eignar.<br \/> <a name=\"17\"><span class=\"versanumer_2007\">17<\/span><\/a> En ef hjarta \u00feitt gerist fr\u00e1hverft og \u00fe\u00fa hl\u00fd\u00f0ir ekki og l\u00e6tur t\u00e6last til a\u00f0 s\u00fdna \u00f6\u00f0rum gu\u00f0um lotningu og \u00fej\u00f3na \u00feeim, <a name=\"18\"><span class=\"versanumer_2007\">18<\/span><\/a> l\u00fdsi \u00e9g \u00fev\u00ed h\u00e9r me\u00f0 yfir a\u00f0 ykkur ver\u00f0ur gereytt. \u00dei\u00f0 munu\u00f0 \u00fe\u00e1 ekki lifa lengi \u00ed landinu sem \u00fe\u00fa heldur inn \u00ed yfir J\u00f3rdan a\u00f0 taka til eignar.<br \/> <a name=\"19\"><span class=\"versanumer_2007\">19<\/span><\/a> \u00c9g kve\u00f0 b\u00e6\u00f0i himin og j\u00f6r\u00f0 til vitnis gegn ykkur \u00ed dag: \u00c9g hef lagt fyrir \u00feig l\u00edf og dau\u00f0a, blessun og b\u00f6lvun. Veldu \u00fe\u00e1 l\u00edfi\u00f0 svo a\u00f0 \u00fe\u00fa og ni\u00f0jar \u00fe\u00ednir megi\u00f0 lifa <a name=\"20\"><span class=\"versanumer_2007\">20<\/span><\/a> me\u00f0 \u00fev\u00ed a\u00f0 elska Drottin, Gu\u00f0 \u00feinn, hl\u00fd\u00f0a bo\u00f0i hans og halda \u00fe\u00e9r fast vi\u00f0 hann \u00fev\u00ed a\u00f0 \u00fe\u00e1 muntu lifa og ver\u00f0a langl\u00edfur \u00ed landinu sem Drottinn h\u00e9t a\u00f0 gefa fe\u00f0rum \u00fe\u00ednum, Abraham, \u00cdsak og Jakobi.<\/p>\n","protected":false},"excerpt":{"rendered":"<p>Heimf\u00f6r heiti\u00f0 1 \u00deegar allt \u00feetta, blessunin og b\u00f6lvunin sem \u00e9g hef lagt fyrir \u00feig \u00ed dag, er yfir \u00feig komi\u00f0 og \u00fe\u00fa minnist \u00feeirra or\u00f0a \u00e1 me\u00f0al allra \u00feeirra \u00fej\u00f3\u00f0a sem Drottinn, Gu\u00f0 \u00feinn, hrekur \u00feig til, 2 munt \u00fe\u00fa og ni\u00f0jar \u00fe\u00ednir sn\u00faa ykkur aftur til Drottins, Gu\u00f0s \u00fe\u00edns. \u00dei\u00f0 munu\u00f0 hl\u00fd\u00f0a bo\u00f0i hans af \u00f6llu hjarta og allri s\u00e1lu, \u00f6llu sem \u00e9g b\u00fd\u00f0 \u00fe\u00e9r \u00ed dag, 3 \u00fe\u00e1 mun Drottinn, Gu\u00f0 \u00feinn, sn\u00faa vi\u00f0 h\u00f6gum \u00fe\u00ednum. Hann mun s\u00fdna \u00fe\u00e9r miskunn og safna \u00fe\u00e9r saman fr\u00e1 \u00f6llum \u00feeim \u00fej\u00f3\u00f0um sem Drottinn, Gu\u00f0 \u00feinn, haf\u00f0i dreift \u00fe\u00e9r \u00e1 <a href=\"https:\/\/biblian.is\/biblian\/fimmta-mosebok-30-kafli\/\"> [&#8230;]<\/a><\/p>\n","protected":false},"author":1,"featured_media":0,"parent":0,"menu_order":0,"comment_status":"open","ping_status":"open","template":"bibliukaflar_NT.php","meta":{"footnotes":""},"class_list":["post-1800","page","type-page","status-publish","hentry"],"_links":{"self":[{"href":"https:\/\/biblian.is\/biblian\/wp-json\/wp\/v2\/pages\/1800","targetHints":{"allow":["GET"]}}],"collection":[{"href":"https:\/\/biblian.is\/biblian\/wp-json\/wp\/v2\/pages"}],"about":[{"href":"https:\/\/biblian.is\/biblian\/wp-json\/wp\/v2\/types\/page"}],"author":[{"embeddable":true,"href":"https:\/\/biblian.is\/biblian\/wp-json\/wp\/v2\/users\/1"}],"replies":[{"embeddable":true,"href":"https:\/\/biblian.is\/biblian\/wp-json\/wp\/v2\/comments?post=1800"}],"version-history":[{"count":0,"href":"https:\/\/biblian.is\/biblian\/wp-json\/wp\/v2\/pages\/1800\/revisions"}],"wp:attachment":[{"href":"https:\/\/biblian.is\/biblian\/wp-json\/wp\/v2\/media?parent=1800"}],"curies":[{"name":"wp","href":"https:\/\/api.w.org\/{rel}","templated":true}]}}