{"id":1799,"date":"2017-12-30T21:00:30","date_gmt":"2017-12-30T21:00:30","guid":{"rendered":"http:\/\/biblian.is\/biblian\/fimmta-m%c2%97seb%c2%97k-29-kafli\/"},"modified":"2024-05-06T22:31:59","modified_gmt":"2024-05-06T22:31:59","slug":"fimmta-mosebok-29-kafli","status":"publish","type":"page","link":"https:\/\/biblian.is\/biblian\/fimmta-mosebok-29-kafli\/","title":{"rendered":"Fimmta M\u00f3seb\u00f3k 29. kafli"},"content":{"rendered":"<h3 class=\"millifyrirsogn_2007\"> S\u00e1ttm\u00e1linn endurn\u00fdja\u00f0ur \u00ed M\u00f3ab<\/h3>\n<p><a name=\"1\"><span class=\"versanumer_2007\">1<\/span><\/a> M\u00f3se kalla\u00f0i saman allan \u00cdsrael og sag\u00f0i: \u00dei\u00f0 hafi\u00f0 sj\u00e1lfir s\u00e9\u00f0 allt \u00fea\u00f0 sem Drottinn ger\u00f0i fyrir augum ykkar \u00ed Egyptalandi gegn fara\u00f3, \u00f6llum \u00fej\u00f3num hans og \u00f6llu r\u00edki hans. <a name=\"2\"><span class=\"versanumer_2007\">2<\/span><\/a> \u00de\u00fa s\u00e1st me\u00f0 eigin augum hinar miklu raunir, t\u00e1kn og m\u00e1ttarverk. <a name=\"3\"><span class=\"versanumer_2007\">3<\/span><\/a> En allt fram \u00e1 \u00feennan dag hefur Drottinn ekki gefi\u00f0 ykkur hjarta til a\u00f0 skilja, augu til a\u00f0 sj\u00e1 e\u00f0a eyru til a\u00f0 heyra.<br \/> <a name=\"4\"><span class=\"versanumer_2007\">4<\/span><\/a> \u00c9g leiddi ykkur um ey\u00f0im\u00f6rkina \u00ed fj\u00f6rut\u00edu \u00e1r og hvorki slitnu\u00f0u kl\u00e6\u00f0in utan af ykkur n\u00e9 ilsk\u00f3rnir af f\u00f3tum ykkar. <a name=\"5\"><span class=\"versanumer_2007\">5<\/span><\/a> \u00dei\u00f0 hvorki \u00e1tu\u00f0 brau\u00f0 n\u00e9 drukku\u00f0 v\u00edn e\u00f0a \u00e1fengt \u00f6l til \u00feess a\u00f0 \u00fei\u00f0 m\u00e6ttu\u00f0 skilja a\u00f0 \u00e9g er Drottinn, Gu\u00f0 ykkar.<br \/> <a name=\"6\"><span class=\"versanumer_2007\">6<\/span><\/a> \u00deegar \u00fei\u00f0 komu\u00f0 hinga\u00f0 h\u00e9ldu S\u00edhon, konungur \u00ed Hesbon, og \u00d3g, konungur \u00ed Basan, gegn okkur me\u00f0 \u00f3fri\u00f0i en vi\u00f0 sigru\u00f0um \u00fe\u00e1. <a name=\"7\"><span class=\"versanumer_2007\">7<\/span><\/a> Vi\u00f0 t\u00f3kum land \u00feeirra og fengum \u00fea\u00f0 \u00e6ttb\u00e1lkum R\u00fabens, Ga\u00f0s og h\u00e1lfum \u00e6ttb\u00e1lki Manasse a\u00f0 erf\u00f0ahlut. <a name=\"8\"><span class=\"versanumer_2007\">8<\/span><\/a> Haldi\u00f0 \u00fev\u00ed \u00e1kv\u00e6\u00f0i \u00feessa s\u00e1ttm\u00e1la og breyti\u00f0 eftir \u00feeim til \u00feess a\u00f0 ykkur l\u00e1nist allt sem \u00fei\u00f0 geri\u00f0. <a name=\"9\"><span class=\"versanumer_2007\">9<\/span><\/a> \u00cd dag standi\u00f0 \u00fei\u00f0 allir frammi fyrir Drottni, Gu\u00f0i ykkar, h\u00f6f\u00f0ingjar \u00e6ttb\u00e1lka ykkar, \u00f6ldungar ykkar og ritarar, allir karlmenn \u00ed \u00cdsrael, <a name=\"10\"><span class=\"versanumer_2007\">10<\/span><\/a> b\u00f6rn ykkar og konur og a\u00f0komumennirnir sem eru \u00ed b\u00fa\u00f0um \u00fe\u00ednum, b\u00e6\u00f0i vi\u00f0arh\u00f6ggsmenn \u00fe\u00ednir og vatnsberar. <a name=\"11\"><span class=\"versanumer_2007\">11<\/span><\/a> \u00de\u00fa gengst h\u00e9r me\u00f0 undir s\u00e1ttm\u00e1la Drottins, Gu\u00f0s ykkar, og ei\u00f0inn sem Drottinn, Gu\u00f0 \u00feinn, sver \u00fe\u00e9r \u00ed dag. <a name=\"12\"><span class=\"versanumer_2007\">12<\/span><\/a> Hann sta\u00f0festir \u00ed dag a\u00f0 \u00fe\u00fa ert hans \u00fej\u00f3\u00f0 og hann \u00feinn Gu\u00f0 eins og hann hefur heiti\u00f0 \u00fe\u00e9r og hann s\u00f3r fe\u00f0rum \u00fe\u00ednum, Abraham, \u00cdsak og Jakobi. <a name=\"13\"><span class=\"versanumer_2007\">13<\/span><\/a> En \u00e9g geri \u00feennan s\u00e1ttm\u00e1la og legg ei\u00f0 a\u00f0, ekki vi\u00f0 ykkur eina <a name=\"14\"><span class=\"versanumer_2007\">14<\/span><\/a> heldur b\u00e6\u00f0i vi\u00f0 \u00fe\u00e1 sem standa h\u00e9r hj\u00e1 okkur \u00ed dag frammi fyrir Drottni, Gu\u00f0i okkar, og vi\u00f0 \u00fe\u00e1 sem ekki eru h\u00e9r hj\u00e1 okkur \u00ed dag. <a name=\"15\"><span class=\"versanumer_2007\">15<\/span><\/a> \u00dei\u00f0 viti\u00f0 a\u00f0 vi\u00f0 bjuggum \u00ed Egyptalandi og hvernig vi\u00f0 komumst um l\u00f6nd \u00feeirra \u00fej\u00f3\u00f0a sem \u00fei\u00f0 f\u00f3ru\u00f0 um. <a name=\"16\"><span class=\"versanumer_2007\">16<\/span><\/a> \u00dei\u00f0 s\u00e1u\u00f0 hina vi\u00f0urstyggilegu hj\u00e1gu\u00f0i \u00feeirra og skur\u00f0go\u00f0 \u00far tr\u00e9 og grj\u00f3ti, silfri og gulli sem hj\u00e1 \u00feeim voru. <a name=\"17\"><span class=\"versanumer_2007\">17<\/span><\/a> Me\u00f0al ykkar s\u00e9 enginn, karl e\u00f0a kona, \u00e6ttb\u00e1lkur e\u00f0a \u00e6tt, sem \u00ed dag sn\u00fdr fr\u00e1 Drottni, Gu\u00f0i ykkar, og tekur a\u00f0 d\u00fdrka Gu\u00f0i \u00feessara \u00fej\u00f3\u00f0a. Me\u00f0al ykkar m\u00e1 ekki vera r\u00f3t sem eiturplanta e\u00f0a malurt vex upp af, <a name=\"18\"><span class=\"versanumer_2007\">18<\/span><\/a> enginn sem blessar sj\u00e1lfan sig \u00ed hjarta s\u00ednu \u00feegar hann heyrir \u00e1kv\u00e6\u00f0i \u00feessa ei\u00f0s og hugsar me\u00f0 s\u00e9r: \u201eM\u00e9r farnast vel \u00fe\u00f3 a\u00f0 \u00e9g lifi \u00ed \u00ferj\u00f3sku hjarta m\u00edns.\u201c \u00dea\u00f0 mun lei\u00f0a til \u00feess a\u00f0 fl\u00e6\u00f0iengi ver\u00f0ur afm\u00e1\u00f0 \u00e1samt \u00feurrlendi.<br \/> <a name=\"19\"><span class=\"versanumer_2007\">19<\/span><\/a> Drottinn mun ekki vilja fyrirgefa honum heldur mun heift Drottins og vandl\u00e6ting blossa upp gegn \u00feessum manni og \u00f6ll b\u00f6lvun, sem skr\u00e1\u00f0 er \u00e1 b\u00f3k \u00feessa, mun hv\u00edla \u00e1 honum og Drottinn mun afm\u00e1 nafn hans undir himninum. <a name=\"20\"><span class=\"versanumer_2007\">20<\/span><\/a> Drottinn mun greina hann fr\u00e1 \u00f6llum \u00e6ttkv\u00edslum \u00cdsraels svo a\u00f0 illa fari fyrir honum \u00ed samr\u00e6mi vi\u00f0 allar b\u00f6lvanir s\u00e1ttm\u00e1lans sem skr\u00e1\u00f0ar eru \u00e1 \u00feessa l\u00f6gb\u00f3k.<br \/> <a name=\"21\"><span class=\"versanumer_2007\">21<\/span><\/a> Komandi kynsl\u00f3\u00f0, b\u00f6rn ykkar sem \u00e1 eftir ykkur koma og \u00fatlendingar fr\u00e1 fjarl\u00e6gu landi, munu segja \u00feegar \u00feeir sj\u00e1 ey\u00f0ingu landsins, pl\u00e1gur \u00fe\u00e6r og s\u00f3ttir sem Drottinn hefur l\u00e1ti\u00f0 geisa \u00fear: <a name=\"22\"><span class=\"versanumer_2007\">22<\/span><\/a> \u201eAllur jar\u00f0vegur \u00feess er or\u00f0inn a\u00f0 brennisteini og salti, allt er svi\u00f0i\u00f0. Engu ver\u00f0ur \u00fear s\u00e1\u00f0, ekkert sprettur \u00fear, ekkert gr\u00e6r \u00fear, fremur en \u00ed S\u00f3d\u00f3mu og G\u00f3morru, Adma og Seb\u00f3\u00edm sem Drottinn gereyddi \u00ed heift sinni og rei\u00f0i.\u201c<br \/> <a name=\"23\"><span class=\"versanumer_2007\">23<\/span><\/a> \u00de\u00e1 munu \u00feeir og allar \u00fej\u00f3\u00f0ir spyrja: \u201eHvers vegna f\u00f3r Drottinn svona me\u00f0 \u00feetta land? Hvernig stendur \u00e1 \u00feessu heiftarb\u00e1li?\u201c<br \/> <a name=\"24\"><span class=\"versanumer_2007\">24<\/span><\/a> Og \u00feeim mun svara\u00f0: \u201eAf \u00fev\u00ed a\u00f0 \u00feeir yfirg\u00e1fu s\u00e1ttm\u00e1la Drottins, Gu\u00f0s fe\u00f0ra sinna, sem hann ger\u00f0i vi\u00f0 \u00fe\u00e1 \u00feegar hann leiddi \u00fe\u00e1 \u00fat \u00far Egyptalandi. <a name=\"25\"><span class=\"versanumer_2007\">25<\/span><\/a> \u00deeir t\u00f3ku a\u00f0 d\u00fdrka a\u00f0ra gu\u00f0i og s\u00fdna \u00feeim lotningu, gu\u00f0i sem \u00feeir h\u00f6f\u00f0u ekki \u00feekkt \u00e1\u00f0ur og Drottinn haf\u00f0i ekki fengi\u00f0 \u00feeim. <a name=\"26\"><span class=\"versanumer_2007\">26<\/span><\/a> \u00deess vegna blossa\u00f0i heift Drottins upp gegn \u00feessu landi svo a\u00f0 hann l\u00e9t yfir \u00fea\u00f0 koma alla \u00fe\u00e1 b\u00f6lvun sem skr\u00e1\u00f0 er \u00e1 \u00feessa b\u00f3k. <a name=\"27\"><span class=\"versanumer_2007\">27<\/span><\/a> Drottinn reif \u00fe\u00e1 upp \u00far s\u00ednum eigin jar\u00f0vegi \u00ed heift og miklum ofsa og \u00feeytti \u00feeim \u00ed anna\u00f0 land og er svo enn \u00ed dag.\u201c<br \/> <a name=\"28\"><span class=\"versanumer_2007\">28<\/span><\/a> \u00dea\u00f0 sem leynt er heyrir Drottni til, Gu\u00f0i okkar, en \u00fea\u00f0 sem hefur veri\u00f0 opinbera\u00f0 heyrir okkur til og ni\u00f0jum okkar \u00e6vinlega svo a\u00f0 vi\u00f0 getum framfylgt \u00f6llum \u00e1kv\u00e6\u00f0um \u00feessa l\u00f6gm\u00e1ls.<\/p>\n","protected":false},"excerpt":{"rendered":"<p>S\u00e1ttm\u00e1linn endurn\u00fdja\u00f0ur \u00ed M\u00f3ab 1 M\u00f3se kalla\u00f0i saman allan \u00cdsrael og sag\u00f0i: \u00dei\u00f0 hafi\u00f0 sj\u00e1lfir s\u00e9\u00f0 allt \u00fea\u00f0 sem Drottinn ger\u00f0i fyrir augum ykkar \u00ed Egyptalandi gegn fara\u00f3, \u00f6llum \u00fej\u00f3num hans og \u00f6llu r\u00edki hans. 2 \u00de\u00fa s\u00e1st me\u00f0 eigin augum hinar miklu raunir, t\u00e1kn og m\u00e1ttarverk. 3 En allt fram \u00e1 \u00feennan dag hefur Drottinn ekki gefi\u00f0 ykkur hjarta til a\u00f0 skilja, augu til a\u00f0 sj\u00e1 e\u00f0a eyru til a\u00f0 heyra. 4 \u00c9g leiddi ykkur um ey\u00f0im\u00f6rkina \u00ed fj\u00f6rut\u00edu \u00e1r og hvorki slitnu\u00f0u kl\u00e6\u00f0in utan af ykkur n\u00e9 ilsk\u00f3rnir af f\u00f3tum ykkar. 5 \u00dei\u00f0 hvorki \u00e1tu\u00f0 brau\u00f0 n\u00e9 drukku\u00f0 <a href=\"https:\/\/biblian.is\/biblian\/fimmta-mosebok-29-kafli\/\"> [&#8230;]<\/a><\/p>\n","protected":false},"author":1,"featured_media":0,"parent":0,"menu_order":0,"comment_status":"open","ping_status":"open","template":"bibliukaflar_NT.php","meta":{"footnotes":""},"class_list":["post-1799","page","type-page","status-publish","hentry"],"_links":{"self":[{"href":"https:\/\/biblian.is\/biblian\/wp-json\/wp\/v2\/pages\/1799","targetHints":{"allow":["GET"]}}],"collection":[{"href":"https:\/\/biblian.is\/biblian\/wp-json\/wp\/v2\/pages"}],"about":[{"href":"https:\/\/biblian.is\/biblian\/wp-json\/wp\/v2\/types\/page"}],"author":[{"embeddable":true,"href":"https:\/\/biblian.is\/biblian\/wp-json\/wp\/v2\/users\/1"}],"replies":[{"embeddable":true,"href":"https:\/\/biblian.is\/biblian\/wp-json\/wp\/v2\/comments?post=1799"}],"version-history":[{"count":0,"href":"https:\/\/biblian.is\/biblian\/wp-json\/wp\/v2\/pages\/1799\/revisions"}],"wp:attachment":[{"href":"https:\/\/biblian.is\/biblian\/wp-json\/wp\/v2\/media?parent=1799"}],"curies":[{"name":"wp","href":"https:\/\/api.w.org\/{rel}","templated":true}]}}