{"id":1797,"date":"2017-12-30T21:00:25","date_gmt":"2017-12-30T21:00:25","guid":{"rendered":"http:\/\/biblian.is\/biblian\/fimmta-m%c2%97seb%c2%97k-27-kafli\/"},"modified":"2024-05-06T22:31:58","modified_gmt":"2024-05-06T22:31:58","slug":"fimmta-mosebok-27-kafli","status":"publish","type":"page","link":"https:\/\/biblian.is\/biblian\/fimmta-mosebok-27-kafli\/","title":{"rendered":"Fimmta M\u00f3seb\u00f3k 27. kafli"},"content":{"rendered":"<h2 class=\"millifyrirsogn_2007\">Fyrirm\u00e6li um s\u00e1ttm\u00e1lsh\u00e1t\u00ed\u00f0 <\/h2>\n<h3 class=\"millifyrirsogn_2007\">Altari\u00f0 \u00e1 Ebalfjalli<\/h3>\n<p><a name=\"1\"><span class=\"versanumer_2007\">1<\/span><\/a> M\u00f3se og \u00f6ldungar \u00cdsraels g\u00e1fu f\u00f3lkinu eftirfarandi fyrirm\u00e6li:<br \/>\u201eHaldi\u00f0 \u00f6ll \u00feau fyrirm\u00e6li sem \u00e9g set ykkur \u00ed dag. <a name=\"2\"><span class=\"versanumer_2007\">2<\/span><\/a> \u00deegar \u00fei\u00f0 eru\u00f0 komin yfir J\u00f3rdan og inn \u00ed landi\u00f0 sem Drottinn, Gu\u00f0 \u00feinn, gefur \u00fe\u00e9r \u00fe\u00e1 skalt \u00fe\u00fa reisa nokkra st\u00f3ra steina. \u00de\u00fa skalt kalka \u00fe\u00e1 a\u00f0 utan <a name=\"3\"><span class=\"versanumer_2007\">3<\/span><\/a> og skrifa \u00e1 \u00fe\u00e1 \u00f6ll \u00e1kv\u00e6\u00f0i \u00feessa l\u00f6gm\u00e1ls \u00feegar \u00fe\u00fa ert kominn yfir \u00e1na, svo a\u00f0 \u00fe\u00fa komist inn \u00ed landi\u00f0 sem Drottinn, Gu\u00f0 \u00feinn, gefur \u00fe\u00e9r, land sem fl\u00fdtur \u00ed mj\u00f3lk og hunangi, eins og Drottinn, Gu\u00f0 fe\u00f0ra \u00feinna, hefur heiti\u00f0 \u00fe\u00e9r.<br \/> <a name=\"4\"><span class=\"versanumer_2007\">4<\/span><\/a> \u00deegar \u00fei\u00f0 eru\u00f0 komin yfir J\u00f3rdan skulu\u00f0 \u00fei\u00f0 reisa \u00feessa steina \u00e1 Ebalfjalli, sem \u00e9g hef gefi\u00f0 ykkur fyrirm\u00e6li um \u00ed dag, og kalka \u00fe\u00e1. <a name=\"5\"><span class=\"versanumer_2007\">5<\/span><\/a> \u00dear skaltu einnig reisa Drottni, Gu\u00f0i \u00fe\u00ednum, altari. Steinana m\u00e1ttu ekki h\u00f6ggva me\u00f0 j\u00e1rnverkf\u00e6rum. <a name=\"6\"><span class=\"versanumer_2007\">6<\/span><\/a> \u00dar \u00f3h\u00f6ggnum steinum skaltu reisa altari Drottins, Gu\u00f0s \u00fe\u00edns. \u00c1 \u00fev\u00ed skaltu f\u00e6ra Drottni, Gu\u00f0i \u00fe\u00ednum, brennif\u00f3rnir. <a name=\"7\"><span class=\"versanumer_2007\">7<\/span><\/a> \u00de\u00fa skalt sl\u00e1tra \u00e1 \u00fev\u00ed d\u00fdrum til heillaf\u00f3rnar og matast \u00fear og gle\u00f0jast frammi fyrir Drottni, Gu\u00f0i \u00fe\u00ednum. <a name=\"8\"><span class=\"versanumer_2007\">8<\/span><\/a> \u00c1 steinana skaltu skrifa \u00f6ll \u00e1kv\u00e6\u00f0i \u00feessa l\u00f6gm\u00e1ls me\u00f0 sk\u00fdru letri.\u201c<br \/> <a name=\"9\"><span class=\"versanumer_2007\">9<\/span><\/a> M\u00f3se og Lev\u00edtaprestarnir \u00e1v\u00f6rpu\u00f0u allan \u00cdsrael og s\u00f6g\u00f0u: \u201eVer hlj\u00f3\u00f0ur og hl\u00fd\u00f0 \u00e1, \u00cdsrael! \u00cd dag ertu or\u00f0inn l\u00fd\u00f0ur Drottins, Gu\u00f0s \u00fe\u00edns. <a name=\"10\"><span class=\"versanumer_2007\">10<\/span><\/a> \u00de\u00fa \u00e1tt a\u00f0 hl\u00fd\u00f0a r\u00f6dd Drottins, Gu\u00f0s \u00fe\u00edns, og fylgja bo\u00f0um hans og l\u00f6gum sem \u00e9g set \u00fe\u00e9r \u00ed dag.\u201c <a name=\"11\"><span class=\"versanumer_2007\">11<\/span><\/a> Sama dag gaf M\u00f3se f\u00f3lkinu eftirfarandi fyrirm\u00e6li: <a name=\"12\"><span class=\"versanumer_2007\">12<\/span><\/a> \u201e\u00deessir \u00e6ttb\u00e1lkar eiga a\u00f0 standa \u00e1 Gar\u00eds\u00edmfjalli til a\u00f0 blessa f\u00f3lki\u00f0 \u00feegar \u00fei\u00f0 eru\u00f0 komin yfir J\u00f3rdan: S\u00edmeon, Lev\u00ed, J\u00fada, \u00cdssakar, J\u00f3sef og Benjam\u00edn. <a name=\"13\"><span class=\"versanumer_2007\">13<\/span><\/a> En \u00feessir \u00e6ttb\u00e1lkar eiga a\u00f0 standa \u00e1 Ebalfjalli og l\u00fdsa yfir b\u00f6lvun: R\u00faben, Ga\u00f0, Asser, Seb\u00falon, Dan og Naftal\u00ed.<\/p>\n<h3 class=\"millifyrirsogn_2007\">B\u00f6lvanir<\/h3>\n<p><a name=\"14\"><span class=\"versanumer_2007\">14<\/span><\/a> S\u00ed\u00f0an eiga Lev\u00edtarnir a\u00f0 \u00e1varpa alla \u00cdsraelsmenn og hr\u00f3pa h\u00e1rri r\u00f6ddu:<br \/> <a name=\"15\"><span class=\"versanumer_2007\">15<\/span><\/a> B\u00f6lva\u00f0ur er s\u00e1 ma\u00f0ur sem gerir skur\u00f0go\u00f0 e\u00f0a steypt l\u00edkneski sem er Drottni vi\u00f0urstygg\u00f0, handaverk smi\u00f0s, og reisir \u00fea\u00f0 \u00e1 laun. Allt f\u00f3lki\u00f0 skal svara og segja: Amen.<br \/> <a name=\"16\"><span class=\"versanumer_2007\">16<\/span><\/a> B\u00f6lva\u00f0ur er s\u00e1 sem \u00f3vir\u00f0ir f\u00f6\u00f0ur sinn e\u00f0a m\u00f3\u00f0ur. Allt f\u00f3lki\u00f0 skal segja: Amen.<br \/> <a name=\"17\"><span class=\"versanumer_2007\">17<\/span><\/a> B\u00f6lva\u00f0ur er s\u00e1 sem f\u00e6rir landamerki n\u00e1granna s\u00edns \u00far sta\u00f0. Allt f\u00f3lki\u00f0 skal segja: Amen.<br \/> <a name=\"18\"><span class=\"versanumer_2007\">18<\/span><\/a> B\u00f6lva\u00f0ur er s\u00e1 sem lei\u00f0ir blindan mann af r\u00e9ttri lei\u00f0. Allt f\u00f3lki\u00f0 skal segja: Amen.<br \/> <a name=\"19\"><span class=\"versanumer_2007\">19<\/span><\/a> B\u00f6lva\u00f0ur er s\u00e1 sem hallar r\u00e9tti a\u00f0komumanns, muna\u00f0arleysingja e\u00f0a ekkju. Allt f\u00f3lki\u00f0 skal segja: Amen.<br \/> <a name=\"20\"><span class=\"versanumer_2007\">20<\/span><\/a> B\u00f6lva\u00f0ur er s\u00e1 sem leggst me\u00f0 konu f\u00f6\u00f0ur s\u00edns \u00fev\u00ed a\u00f0 hann hefur flett upp \u00e1brei\u00f0u f\u00f6\u00f0ur s\u00edns. Allt f\u00f3lki\u00f0 skal segja: Amen.<br \/> <a name=\"21\"><span class=\"versanumer_2007\">21<\/span><\/a> B\u00f6lva\u00f0ur er s\u00e1 sem hefur samr\u00e6\u00f0i vi\u00f0 nokkra skepnu. Allt f\u00f3lki\u00f0 skal segja: Amen.<br \/> <a name=\"22\"><span class=\"versanumer_2007\">22<\/span><\/a> B\u00f6lva\u00f0ur er s\u00e1 sem leggst me\u00f0 systur sinni, hvort heldur h\u00fan er d\u00f3ttir f\u00f6\u00f0ur hans e\u00f0a m\u00f3\u00f0ur. Allt f\u00f3lki\u00f0 skal segja: Amen.<br \/> <a name=\"23\"><span class=\"versanumer_2007\">23<\/span><\/a> B\u00f6lva\u00f0ur er s\u00e1 sem leggst me\u00f0 tengdam\u00f3\u00f0ur sinni. Allt f\u00f3lki\u00f0 skal segja: Amen.<br \/> <a name=\"24\"><span class=\"versanumer_2007\">24<\/span><\/a> B\u00f6lva\u00f0ur er s\u00e1 sem vegur n\u00e1unga sinn \u00e1 laun. Allt f\u00f3lki\u00f0 skal segja: Amen.<br \/> <a name=\"25\"><span class=\"versanumer_2007\">25<\/span><\/a> B\u00f6lva\u00f0ur er s\u00e1 sem l\u00e6tur m\u00fata s\u00e9r til a\u00f0 vega saklausan mann. Allt f\u00f3lki\u00f0 skal segja: Amen.<br \/> <a name=\"26\"><span class=\"versanumer_2007\">26<\/span><\/a> B\u00f6lva\u00f0ur er s\u00e1 sem ekki vir\u00f0ir \u00e1kv\u00e6\u00f0i \u00feessara laga me\u00f0 \u00fev\u00ed a\u00f0 fylgja \u00feeim. Allt f\u00f3lki\u00f0 skal segja: Amen.\u201c<\/p>\n","protected":false},"excerpt":{"rendered":"<p>Fyrirm\u00e6li um s\u00e1ttm\u00e1lsh\u00e1t\u00ed\u00f0 Altari\u00f0 \u00e1 Ebalfjalli 1 M\u00f3se og \u00f6ldungar \u00cdsraels g\u00e1fu f\u00f3lkinu eftirfarandi fyrirm\u00e6li:\u201eHaldi\u00f0 \u00f6ll \u00feau fyrirm\u00e6li sem \u00e9g set ykkur \u00ed dag. 2 \u00deegar \u00fei\u00f0 eru\u00f0 komin yfir J\u00f3rdan og inn \u00ed landi\u00f0 sem Drottinn, Gu\u00f0 \u00feinn, gefur \u00fe\u00e9r \u00fe\u00e1 skalt \u00fe\u00fa reisa nokkra st\u00f3ra steina. \u00de\u00fa skalt kalka \u00fe\u00e1 a\u00f0 utan 3 og skrifa \u00e1 \u00fe\u00e1 \u00f6ll \u00e1kv\u00e6\u00f0i \u00feessa l\u00f6gm\u00e1ls \u00feegar \u00fe\u00fa ert kominn yfir \u00e1na, svo a\u00f0 \u00fe\u00fa komist inn \u00ed landi\u00f0 sem Drottinn, Gu\u00f0 \u00feinn, gefur \u00fe\u00e9r, land sem fl\u00fdtur \u00ed mj\u00f3lk og hunangi, eins og Drottinn, Gu\u00f0 fe\u00f0ra \u00feinna, hefur heiti\u00f0 \u00fe\u00e9r. 4 \u00deegar <a href=\"https:\/\/biblian.is\/biblian\/fimmta-mosebok-27-kafli\/\"> [&#8230;]<\/a><\/p>\n","protected":false},"author":1,"featured_media":0,"parent":0,"menu_order":0,"comment_status":"open","ping_status":"open","template":"bibliukaflar_NT.php","meta":{"footnotes":""},"class_list":["post-1797","page","type-page","status-publish","hentry"],"_links":{"self":[{"href":"https:\/\/biblian.is\/biblian\/wp-json\/wp\/v2\/pages\/1797","targetHints":{"allow":["GET"]}}],"collection":[{"href":"https:\/\/biblian.is\/biblian\/wp-json\/wp\/v2\/pages"}],"about":[{"href":"https:\/\/biblian.is\/biblian\/wp-json\/wp\/v2\/types\/page"}],"author":[{"embeddable":true,"href":"https:\/\/biblian.is\/biblian\/wp-json\/wp\/v2\/users\/1"}],"replies":[{"embeddable":true,"href":"https:\/\/biblian.is\/biblian\/wp-json\/wp\/v2\/comments?post=1797"}],"version-history":[{"count":0,"href":"https:\/\/biblian.is\/biblian\/wp-json\/wp\/v2\/pages\/1797\/revisions"}],"wp:attachment":[{"href":"https:\/\/biblian.is\/biblian\/wp-json\/wp\/v2\/media?parent=1797"}],"curies":[{"name":"wp","href":"https:\/\/api.w.org\/{rel}","templated":true}]}}