{"id":1796,"date":"2017-12-30T21:00:25","date_gmt":"2017-12-30T21:00:25","guid":{"rendered":"http:\/\/biblian.is\/biblian\/fimmta-m%c2%97seb%c2%97k-26-kafli\/"},"modified":"2024-05-06T22:31:58","modified_gmt":"2024-05-06T22:31:58","slug":"fimmta-mosebok-26-kafli","status":"publish","type":"page","link":"https:\/\/biblian.is\/biblian\/fimmta-mosebok-26-kafli\/","title":{"rendered":"Fimmta M\u00f3seb\u00f3k 26. kafli"},"content":{"rendered":"<h3 class=\"millifyrirsogn_2007\"> Frumgr\u00f3\u00f0af\u00f3rn<\/h3>\n<p><a name=\"1\"><span class=\"versanumer_2007\">1<\/span><\/a> \u00deegar \u00fe\u00fa kemur inn \u00ed landi\u00f0 sem Drottinn, Gu\u00f0 \u00feinn, er \u00ed \u00feann veginn a\u00f0 f\u00e1 \u00fe\u00e9r a\u00f0 erf\u00f0ahlut og \u00fe\u00fa hefur teki\u00f0 \u00fea\u00f0 til eignar og ert sestur \u00fear a\u00f0, <a name=\"2\"><span class=\"versanumer_2007\">2<\/span><\/a> skaltu taka nokku\u00f0 af frumgr\u00f3\u00f0a allra \u00e1vaxta jar\u00f0ar, sem \u00fe\u00fa flytur heim af landi \u00fe\u00ednu og Drottinn, Gu\u00f0 \u00feinn, gefur \u00fe\u00e9r, og l\u00e1ta \u00ed k\u00f6rfu. S\u00ed\u00f0an skaltu fara til \u00feess sta\u00f0ar sem Drottinn, Gu\u00f0 \u00feinn, velur til \u00feess a\u00f0 l\u00e1ta nafn sitt b\u00faa \u00fear. <a name=\"3\"><span class=\"versanumer_2007\">3<\/span><\/a> \u00de\u00fa skalt ganga fyrir prestinn sem \u00fe\u00e1 gegnir emb\u00e6tti og segja vi\u00f0 hann: \u201eN\u00fa j\u00e1ta \u00e9g fyrir Drottni, Gu\u00f0i \u00fe\u00ednum, a\u00f0 \u00e9g er kominn inn \u00ed landi\u00f0 sem Drottinn h\u00e9t forfe\u00f0rum okkar a\u00f0 gefa okkur.\u201c<br \/> <a name=\"4\"><span class=\"versanumer_2007\">4<\/span><\/a> \u00deegar presturinn tekur vi\u00f0 k\u00f6rfunni \u00far hendi \u00fe\u00e9r og setur hana ni\u00f0ur frammi fyrir altari Drottins, Gu\u00f0s \u00fe\u00edns, <a name=\"5\"><span class=\"versanumer_2007\">5<\/span><\/a> skaltu taka til m\u00e1ls og j\u00e1ta frammi fyrir Drottni, Gu\u00f0i \u00fe\u00ednum: \u201eFa\u00f0ir minn var umreikandi Aramei og hann f\u00f3r su\u00f0ur til Egyptalands f\u00e1li\u00f0a\u00f0ur og hlaut \u00fear h\u00e6li sem a\u00f0komuma\u00f0ur og var\u00f0 \u00fear a\u00f0 mikilli, \u00f6flugri og fj\u00f6lmennri \u00fej\u00f3\u00f0. <a name=\"6\"><span class=\"versanumer_2007\">6<\/span><\/a> En Egyptar l\u00e9ku okkur gr\u00e1tt, k\u00fagu\u00f0u okkur og l\u00f6g\u00f0u \u00e1 okkur \u00feunga \u00fer\u00e6lavinnu. <a name=\"7\"><span class=\"versanumer_2007\">7<\/span><\/a> \u00de\u00e1 hr\u00f3pu\u00f0um vi\u00f0 til Drottins, Gu\u00f0s fe\u00f0ra okkar, og Drottinn heyr\u00f0i hr\u00f3p okkar og s\u00e1 eymd okkar, \u00feraut og \u00e1nau\u00f0. <a name=\"8\"><span class=\"versanumer_2007\">8<\/span><\/a> Og Drottinn leiddi okkur \u00fat \u00far Egyptalandi me\u00f0 sterkri hendi og \u00fatr\u00e9ttum armi og me\u00f0 mikilli skelfingu, t\u00e1knum og st\u00f3rmerkjum. <a name=\"9\"><span class=\"versanumer_2007\">9<\/span><\/a> Hann flutti okkur \u00e1 \u00feennan sta\u00f0 og gaf okkur \u00feetta land, land sem fl\u00fdtur \u00ed mj\u00f3lk og hunangi. <a name=\"10\"><span class=\"versanumer_2007\">10<\/span><\/a> N\u00fa f\u00e6ri \u00e9g \u00fe\u00e9r frumgr\u00f3\u00f0ann af \u00e1vexti landsins sem \u00fe\u00fa hefur gefi\u00f0 m\u00e9r, Drottinn.\u201c<br \/>\u00deegar \u00fe\u00fa hefur sett k\u00f6rfuna ni\u00f0ur frammi fyrir Drottni, Gu\u00f0i \u00fe\u00ednum, skaltu falla fram fyrir Drottin, Gu\u00f0 \u00feinn. <a name=\"11\"><span class=\"versanumer_2007\">11<\/span><\/a> S\u00ed\u00f0an skaltu gle\u00f0jast yfir \u00f6llum \u00feeim g\u00e6\u00f0um sem Drottinn, Gu\u00f0 \u00feinn, hefur gefi\u00f0 \u00fe\u00e9r og fj\u00f6lskyldu \u00feinni, b\u00e6\u00f0i \u00fe\u00fa, Lev\u00edtarnir og a\u00f0komumennirnir sem b\u00faa hj\u00e1 \u00fe\u00e9r.<\/p>\n<h3 class=\"millifyrirsogn_2007\">T\u00edund til f\u00e1t\u00e6kra<\/h3>\n<p><a name=\"12\"><span class=\"versanumer_2007\">12<\/span><\/a> \u00deegar \u00fe\u00fa hefur greitt t\u00edund af allri uppskeru \u00feinni \u00e1 \u00feri\u00f0ja \u00e1rinu, t\u00edundar\u00e1rinu, og hefur fengi\u00f0 t\u00edundina Lev\u00edtanum, a\u00f0komumanninum, muna\u00f0arleysingjanum og ekkjunni, svo a\u00f0 \u00feau geti eti\u00f0 sig mett \u00ed borg \u00feinni, <a name=\"13\"><span class=\"versanumer_2007\">13<\/span><\/a> skaltu segja frammi fyrir Drottni, Gu\u00f0i \u00fe\u00ednum: \u201e\u00c9g hef fjarl\u00e6gt hin helgu\u00f0u afgj\u00f6ld \u00far h\u00fasi m\u00ednu og fengi\u00f0 \u00feau Lev\u00edtanum, a\u00f0komumanninum, muna\u00f0arleysingjanum og ekkjunni, n\u00e1kv\u00e6mlega eftir \u00fev\u00ed bo\u00f0i sem \u00fe\u00fa hefur sett m\u00e9r. \u00c9g hef hvorki broti\u00f0 gegn bo\u00f0um \u00fe\u00ednum n\u00e9 gleymt neinu \u00feeirra. <a name=\"14\"><span class=\"versanumer_2007\">14<\/span><\/a> \u00c9g hef ekki eti\u00f0 neitt af t\u00edundinni \u00feegar \u00e9g hef veri\u00f0 \u00ed sorg. \u00c9g hef ekki fjarl\u00e6gt neitt af henni \u00feegar \u00e9g hef veri\u00f0 \u00f3hreinn og ekki gefi\u00f0 dau\u00f0um manni neitt af henni. \u00c9g hef hl\u00fdtt Drottni, Gu\u00f0i m\u00ednum, \u00e9g hef fylgt \u00f6llu sem \u00fe\u00fa hefur bo\u00f0i\u00f0 m\u00e9r. <a name=\"15\"><span class=\"versanumer_2007\">15<\/span><\/a> L\u00edt ni\u00f0ur \u00far \u00fe\u00ednum heilaga b\u00fasta\u00f0, fr\u00e1 himninum, og blessa\u00f0u l\u00fd\u00f0 \u00feinn, \u00cdsrael, og landi\u00f0 sem \u00fe\u00fa hefur gefi\u00f0 okkur eins og \u00fe\u00fa h\u00e9st fe\u00f0rum okkar, land sem fl\u00fdtur \u00ed mj\u00f3lk og hunangi.\u201c<\/p>\n<h2 class=\"millifyrirsogn_2007\">Ni\u00f0urlag r\u00e6\u00f0unnar <\/h2>\n<h3 class=\"millifyrirsogn_2007\">Hl\u00fd\u00f0ni vi\u00f0 l\u00f6gin<\/h3>\n<p><a name=\"16\"><span class=\"versanumer_2007\">16<\/span><\/a> \u00cd dag b\u00fd\u00f0ur Drottinn, Gu\u00f0 \u00feinn, \u00fe\u00e9r a\u00f0 halda \u00feessi l\u00f6g og \u00e1kv\u00e6\u00f0i. \u00de\u00fa skalt halda \u00feau og framfylgja \u00feeim af heilum huga og allri s\u00e1lu \u00feinni. <a name=\"17\"><span class=\"versanumer_2007\">17<\/span><\/a> \u00de\u00fa hefur \u00ed dag l\u00fdst yfir \u00fev\u00ed a\u00f0 Drottinn s\u00e9 Gu\u00f0 \u00feinn og a\u00f0 \u00fe\u00fa viljir ganga \u00e1 hans vegum, a\u00f0 \u00fe\u00fa viljir halda l\u00f6g hans, bo\u00f0 og \u00e1kv\u00e6\u00f0i og hl\u00fd\u00f0a fyrirm\u00e6lum hans.<br \/> <a name=\"18\"><span class=\"versanumer_2007\">18<\/span><\/a> Og Drottinn hefur \u00ed dag l\u00fdst yfir \u00fev\u00ed a\u00f0 \u00fe\u00fa s\u00e9rt hans eignarl\u00fd\u00f0ur, eins og hann h\u00e9t \u00fe\u00e9r, og a\u00f0 \u00fe\u00fa eigir a\u00f0 halda \u00f6ll bo\u00f0 hans. <a name=\"19\"><span class=\"versanumer_2007\">19<\/span><\/a> Hann mun hefja \u00feig yfir allar \u00fej\u00f3\u00f0ir, sem hann hefur skapa\u00f0, til lofgj\u00f6r\u00f0ar, fr\u00e6g\u00f0ar og d\u00fdr\u00f0ar, og \u00fe\u00fa skalt ver\u00f0a l\u00fd\u00f0ur, helga\u00f0ur Drottni, Gu\u00f0i \u00fe\u00ednum, eins og hann hefur heiti\u00f0.<\/p>\n","protected":false},"excerpt":{"rendered":"<p>Frumgr\u00f3\u00f0af\u00f3rn 1 \u00deegar \u00fe\u00fa kemur inn \u00ed landi\u00f0 sem Drottinn, Gu\u00f0 \u00feinn, er \u00ed \u00feann veginn a\u00f0 f\u00e1 \u00fe\u00e9r a\u00f0 erf\u00f0ahlut og \u00fe\u00fa hefur teki\u00f0 \u00fea\u00f0 til eignar og ert sestur \u00fear a\u00f0, 2 skaltu taka nokku\u00f0 af frumgr\u00f3\u00f0a allra \u00e1vaxta jar\u00f0ar, sem \u00fe\u00fa flytur heim af landi \u00fe\u00ednu og Drottinn, Gu\u00f0 \u00feinn, gefur \u00fe\u00e9r, og l\u00e1ta \u00ed k\u00f6rfu. S\u00ed\u00f0an skaltu fara til \u00feess sta\u00f0ar sem Drottinn, Gu\u00f0 \u00feinn, velur til \u00feess a\u00f0 l\u00e1ta nafn sitt b\u00faa \u00fear. 3 \u00de\u00fa skalt ganga fyrir prestinn sem \u00fe\u00e1 gegnir emb\u00e6tti og segja vi\u00f0 hann: \u201eN\u00fa j\u00e1ta \u00e9g fyrir Drottni, Gu\u00f0i \u00fe\u00ednum, a\u00f0 <a href=\"https:\/\/biblian.is\/biblian\/fimmta-mosebok-26-kafli\/\"> [&#8230;]<\/a><\/p>\n","protected":false},"author":1,"featured_media":0,"parent":0,"menu_order":0,"comment_status":"open","ping_status":"open","template":"bibliukaflar_NT.php","meta":{"footnotes":""},"class_list":["post-1796","page","type-page","status-publish","hentry"],"_links":{"self":[{"href":"https:\/\/biblian.is\/biblian\/wp-json\/wp\/v2\/pages\/1796","targetHints":{"allow":["GET"]}}],"collection":[{"href":"https:\/\/biblian.is\/biblian\/wp-json\/wp\/v2\/pages"}],"about":[{"href":"https:\/\/biblian.is\/biblian\/wp-json\/wp\/v2\/types\/page"}],"author":[{"embeddable":true,"href":"https:\/\/biblian.is\/biblian\/wp-json\/wp\/v2\/users\/1"}],"replies":[{"embeddable":true,"href":"https:\/\/biblian.is\/biblian\/wp-json\/wp\/v2\/comments?post=1796"}],"version-history":[{"count":0,"href":"https:\/\/biblian.is\/biblian\/wp-json\/wp\/v2\/pages\/1796\/revisions"}],"wp:attachment":[{"href":"https:\/\/biblian.is\/biblian\/wp-json\/wp\/v2\/media?parent=1796"}],"curies":[{"name":"wp","href":"https:\/\/api.w.org\/{rel}","templated":true}]}}