{"id":1794,"date":"2017-12-30T21:00:25","date_gmt":"2017-12-30T21:00:25","guid":{"rendered":"http:\/\/biblian.is\/biblian\/fimmta-m%c2%97seb%c2%97k-24-kafli\/"},"modified":"2024-05-06T22:31:58","modified_gmt":"2024-05-06T22:31:58","slug":"fimmta-mosebok-24-kafli","status":"publish","type":"page","link":"https:\/\/biblian.is\/biblian\/fimmta-mosebok-24-kafli\/","title":{"rendered":"Fimmta M\u00f3seb\u00f3k 24. kafli"},"content":{"rendered":"<h3 class=\"millifyrirsogn_2007\"> Um hj\u00f3naskilna\u00f0<\/h3>\n<p><a name=\"1\"><span class=\"versanumer_2007\">1<\/span><\/a> N\u00fa gengur ma\u00f0ur a\u00f0 eiga konu. Falli h\u00fan honum ekki \u00ed ge\u00f0 af \u00fev\u00ed a\u00f0 hann finnur eitthva\u00f0 fr\u00e1hrindandi vi\u00f0 hana skrifar hann henni skilna\u00f0arbr\u00e9f, f\u00e6r henni og sendir hana af heimili s\u00ednu. <a name=\"2\"><span class=\"versanumer_2007\">2<\/span><\/a> Ef h\u00fan n\u00fa giftist \u00f6\u00f0rum manni \u00feegar h\u00fan er farin af heimili hans <a name=\"3\"><span class=\"versanumer_2007\">3<\/span><\/a> og \u00feeim manni fellur ekki heldur vi\u00f0 hana, skrifar henni skilna\u00f0arbr\u00e9f, f\u00e6r henni og sendir hana af heimili s\u00ednu, e\u00f0a \u00fe\u00e1 a\u00f0 seinni ma\u00f0urinn deyr, <a name=\"4\"><span class=\"versanumer_2007\">4<\/span><\/a> m\u00e1 fyrri ma\u00f0ur hennar, sem sendi hana fr\u00e1 s\u00e9r, ekki taka hana aftur s\u00e9r a\u00f0 eiginkonu \u00fev\u00ed a\u00f0 h\u00fan er saurgu\u00f0 or\u00f0in. Sl\u00edkt mundi Drottni vi\u00f0urstygg\u00f0 og \u00fe\u00fa skalt ekki lei\u00f0a s\u00f6k yfir landi\u00f0 sem Drottinn, Gu\u00f0 \u00feinn, f\u00e6r \u00fe\u00e9r a\u00f0 erf\u00f0ahlut.<\/p>\n<h3 class=\"millifyrirsogn_2007\">\u00ddmis laga\u00e1kv\u00e6\u00f0i<\/h3>\n<p><a name=\"5\"><span class=\"versanumer_2007\">5<\/span><\/a> \u00deegar ma\u00f0ur er n\u00fdkv\u00e6ntur \u00e1 hann ekki a\u00f0 gegna her\u00fej\u00f3nustu og engar sl\u00edkar kva\u00f0ir skulu \u00e1 hann lag\u00f0ar. Skal hann laus undan \u00feeim \u00ed eitt \u00e1r til gagns fyrir heimili sitt og eiginkonu hans til \u00e1n\u00e6gju.<br \/> <a name=\"6\"><span class=\"versanumer_2007\">6<\/span><\/a> Ekki skal taka handkv\u00f6rn e\u00f0a efri kvarnarstein a\u00f0 ve\u00f0i \u00fev\u00ed a\u00f0 \u00fea\u00f0 v\u00e6ri a\u00f0 taka l\u00edfsbj\u00f6rgina sj\u00e1lfa a\u00f0 ve\u00f0i.<br \/> <a name=\"7\"><span class=\"versanumer_2007\">7<\/span><\/a> Ver\u00f0i uppv\u00edst a\u00f0 ma\u00f0ur hafi r\u00e6nt einhverjum br\u00e6\u00f0ra sinna, einhverjum \u00cdsraelsmanni, og fari\u00f0 me\u00f0 hann eins og \u00fer\u00e6l og selt hann, \u00fe\u00e1 skal s\u00e1 r\u00e6ningi deyja. \u00de\u00fa skalt uppr\u00e6ta hi\u00f0 illa \u00fe\u00edn \u00e1 me\u00f0al.<br \/> <a name=\"8\"><span class=\"versanumer_2007\">8<\/span><\/a> Vertu vark\u00e1r gagnvart holdsveiki. G\u00e6ttu \u00feess vandlega a\u00f0 fara eftir \u00f6llu sem Lev\u00edtaprestarnir m\u00e6la fyrir um. \u00dei\u00f0 skulu\u00f0 fara n\u00e1kv\u00e6mlega eftir \u00fev\u00ed sem \u00e9g hef gefi\u00f0 \u00feeim fyrirm\u00e6li um. <a name=\"9\"><span class=\"versanumer_2007\">9<\/span><\/a> Minnstu \u00feess hvernig Drottinn, Gu\u00f0 \u00feinn, f\u00f3r me\u00f0 Mirjam \u00e1 lei\u00f0inni \u00feegar \u00fei\u00f0 f\u00f3ru\u00f0 \u00fat \u00far Egyptalandi.<br \/> <a name=\"10\"><span class=\"versanumer_2007\">10<\/span><\/a> \u00deegar \u00fe\u00fa l\u00e1nar n\u00e1unga \u00fe\u00ednum eitthva\u00f0 skaltu ekki ganga inn \u00ed h\u00fas hans til a\u00f0 taka ve\u00f0 hj\u00e1 honum. <a name=\"11\"><span class=\"versanumer_2007\">11<\/span><\/a> \u00de\u00fa skalt standa utan dyra og ma\u00f0urinn, sem \u00fe\u00fa l\u00e1na\u00f0ir, skal f\u00e6ra \u00fe\u00e9r ve\u00f0i\u00f0. <a name=\"12\"><span class=\"versanumer_2007\">12<\/span><\/a> S\u00e9 ma\u00f0urinn f\u00e1t\u00e6kur skaltu ekki leggjast til svefns me\u00f0 ve\u00f0 hans <a name=\"13\"><span class=\"versanumer_2007\">13<\/span><\/a> heldur skaltu f\u00e1 honum ve\u00f0 hans aftur um s\u00f3larlagsbil svo a\u00f0 hann geti lagst til svefns \u00ed yfirh\u00f6fn sinni og hann blessi \u00feig og \u00fea\u00f0 mun reiknast \u00fe\u00e9r til r\u00e9ttl\u00e6tis fyrir augliti Drottins, Gu\u00f0s \u00fe\u00edns.<br \/> <a name=\"14\"><span class=\"versanumer_2007\">14<\/span><\/a> \u00de\u00fa skalt ekki halda launum fyrir f\u00e1t\u00e6kum og \u00feurfandi daglaunamanni, hvort heldur hann er einn af br\u00e6\u00f0rum \u00fe\u00ednum e\u00f0a a\u00f0komum\u00f6nnum \u00ed landi \u00fe\u00ednu, \u00ed einhverri af borgum \u00fe\u00ednum. <a name=\"15\"><span class=\"versanumer_2007\">15<\/span><\/a> \u00de\u00fa skalt grei\u00f0a honum kaup sitt samd\u00e6gurs \u00e1\u00f0ur en s\u00f3l er sest, \u00fev\u00ed a\u00f0 hann er f\u00e1t\u00e6kur og \u00fearf mj\u00f6g \u00e1 \u00fev\u00ed a\u00f0 halda, svo a\u00f0 hann hr\u00f3pi ekki til Drottins a\u00f0 \u00fe\u00fa ver\u00f0ir sekur um synd.<br \/> <a name=\"16\"><span class=\"versanumer_2007\">16<\/span><\/a> Fe\u00f0ur skulu hvorki l\u00edfl\u00e1tnir fyrir afbrot sona sinna n\u00e9 synir fyrir afbrot fe\u00f0ra sinna. A\u00f0eins m\u00e1 taka mann af l\u00edfi fyrir eigin afbrot.<br \/> <a name=\"17\"><span class=\"versanumer_2007\">17<\/span><\/a> \u00de\u00fa skalt ekki halla r\u00e9tti a\u00f0komumanns e\u00f0a muna\u00f0arleysingja og \u00fe\u00fa skalt ekki taka fatna\u00f0 ekkju a\u00f0 ve\u00f0i. <a name=\"18\"><span class=\"versanumer_2007\">18<\/span><\/a> Minnstu \u00feess a\u00f0 \u00fe\u00fa varst \u00fer\u00e6ll \u00ed Egyptalandi og a\u00f0 Drottinn, Gu\u00f0 \u00feinn, leysti \u00feig \u00fea\u00f0an. \u00deess vegna b\u00fd\u00f0 \u00e9g \u00fe\u00e9r a\u00f0 gera \u00feetta.<br \/> <a name=\"19\"><span class=\"versanumer_2007\">19<\/span><\/a> \u00deegar \u00fe\u00fa hir\u00f0ir uppskeruna \u00e1 akri \u00fe\u00ednum og gleymir einu kornknippi \u00e1 akrinum skaltu ekki sn\u00faa aftur til a\u00f0 s\u00e6kja \u00fea\u00f0. \u00dea\u00f0 mega a\u00f0komuma\u00f0urinn, muna\u00f0arleysinginn og ekkjan f\u00e1 til \u00feess a\u00f0 Drottinn, Gu\u00f0 \u00feinn, blessi \u00feig \u00ed \u00f6llu sem \u00fe\u00fa tekur \u00fe\u00e9r fyrir hendur.<br \/> <a name=\"20\"><span class=\"versanumer_2007\">20<\/span><\/a> \u00deegar \u00fe\u00fa hefur hrist \u00e1vextina af \u00f3l\u00edfutrj\u00e1m \u00fe\u00ednum skaltu ekki gera eftirleit \u00ed greinum trj\u00e1nna. \u00dea\u00f0 sem eftir er mega a\u00f0komuma\u00f0urinn, muna\u00f0arleysinginn og ekkjan f\u00e1.<br \/> <a name=\"21\"><span class=\"versanumer_2007\">21<\/span><\/a> \u00deegar \u00fe\u00fa hefur t\u00ednt v\u00edngar\u00f0 \u00feinn m\u00e1ttu ekki gera eftirleit. \u00dea\u00f0 sem eftir er mega a\u00f0komuma\u00f0urinn, muna\u00f0arleysinginn og ekkjan f\u00e1. <a name=\"22\"><span class=\"versanumer_2007\">22<\/span><\/a> \u00de\u00fa skalt minnast \u00feess a\u00f0 \u00fe\u00fa varst \u00fer\u00e6ll \u00ed Egyptalandi. \u00deess vegna b\u00fd\u00f0 \u00e9g \u00fe\u00e9r a\u00f0 gera \u00feetta.<\/p>\n","protected":false},"excerpt":{"rendered":"<p>Um hj\u00f3naskilna\u00f0 1 N\u00fa gengur ma\u00f0ur a\u00f0 eiga konu. Falli h\u00fan honum ekki \u00ed ge\u00f0 af \u00fev\u00ed a\u00f0 hann finnur eitthva\u00f0 fr\u00e1hrindandi vi\u00f0 hana skrifar hann henni skilna\u00f0arbr\u00e9f, f\u00e6r henni og sendir hana af heimili s\u00ednu. 2 Ef h\u00fan n\u00fa giftist \u00f6\u00f0rum manni \u00feegar h\u00fan er farin af heimili hans 3 og \u00feeim manni fellur ekki heldur vi\u00f0 hana, skrifar henni skilna\u00f0arbr\u00e9f, f\u00e6r henni og sendir hana af heimili s\u00ednu, e\u00f0a \u00fe\u00e1 a\u00f0 seinni ma\u00f0urinn deyr, 4 m\u00e1 fyrri ma\u00f0ur hennar, sem sendi hana fr\u00e1 s\u00e9r, ekki taka hana aftur s\u00e9r a\u00f0 eiginkonu \u00fev\u00ed a\u00f0 h\u00fan er saurgu\u00f0 or\u00f0in. Sl\u00edkt <a href=\"https:\/\/biblian.is\/biblian\/fimmta-mosebok-24-kafli\/\"> [&#8230;]<\/a><\/p>\n","protected":false},"author":1,"featured_media":0,"parent":0,"menu_order":0,"comment_status":"open","ping_status":"open","template":"bibliukaflar_NT.php","meta":{"footnotes":""},"class_list":["post-1794","page","type-page","status-publish","hentry"],"_links":{"self":[{"href":"https:\/\/biblian.is\/biblian\/wp-json\/wp\/v2\/pages\/1794","targetHints":{"allow":["GET"]}}],"collection":[{"href":"https:\/\/biblian.is\/biblian\/wp-json\/wp\/v2\/pages"}],"about":[{"href":"https:\/\/biblian.is\/biblian\/wp-json\/wp\/v2\/types\/page"}],"author":[{"embeddable":true,"href":"https:\/\/biblian.is\/biblian\/wp-json\/wp\/v2\/users\/1"}],"replies":[{"embeddable":true,"href":"https:\/\/biblian.is\/biblian\/wp-json\/wp\/v2\/comments?post=1794"}],"version-history":[{"count":0,"href":"https:\/\/biblian.is\/biblian\/wp-json\/wp\/v2\/pages\/1794\/revisions"}],"wp:attachment":[{"href":"https:\/\/biblian.is\/biblian\/wp-json\/wp\/v2\/media?parent=1794"}],"curies":[{"name":"wp","href":"https:\/\/api.w.org\/{rel}","templated":true}]}}