{"id":1791,"date":"2017-12-30T21:00:25","date_gmt":"2017-12-30T21:00:25","guid":{"rendered":"http:\/\/biblian.is\/biblian\/fimmta-m%c2%97seb%c2%97k-21-kafli\/"},"modified":"2024-05-06T22:31:57","modified_gmt":"2024-05-06T22:31:57","slug":"fimmta-mosebok-21-kafli","status":"publish","type":"page","link":"https:\/\/biblian.is\/biblian\/fimmta-mosebok-21-kafli\/","title":{"rendered":"Fimmta M\u00f3seb\u00f3k 21. kafli"},"content":{"rendered":"<h3 class=\"millifyrirsogn_2007\"> \u00d3uppl\u00fdst mor\u00f0<\/h3>\n<p><a name=\"1\"><span class=\"versanumer_2007\">1<\/span><\/a> Finnist ma\u00f0ur myrtur \u00fati \u00e1 v\u00ed\u00f0avangi \u00ed landi \u00fe\u00ednu sem Drottinn, Gu\u00f0 \u00feinn, f\u00e6r \u00fe\u00e9r til \u00feess a\u00f0 \u00fe\u00fa takir \u00fea\u00f0 til eignar og enginn veit hver myrti hann, <a name=\"2\"><span class=\"versanumer_2007\">2<\/span><\/a> skulu \u00f6ldungar \u00fe\u00ednir og d\u00f3marar fara \u00fat og m\u00e6la fjarl\u00e6g\u00f0ina til borganna sem eru umhverfis hinn myrta. <a name=\"3\"><span class=\"versanumer_2007\">3<\/span><\/a> \u00de\u00e1 skulu \u00f6ldungarnir \u00ed \u00feeirri borg, sem er n\u00e6st hinum myrta, velja s\u00e9r kv\u00edgu sem hefur ekki enn veri\u00f0 h\u00f6f\u00f0 til vinnu, kv\u00edgu sem hefur ekki enn gengi\u00f0 undir oki. <a name=\"4\"><span class=\"versanumer_2007\">4<\/span><\/a> S\u00ed\u00f0an skulu \u00f6ldungar borgarinnar lei\u00f0a kv\u00edguna ni\u00f0ur \u00ed dal me\u00f0 \u00feurrum \u00e1rfarvegi \u00fear sem hvorki hefur veri\u00f0 pl\u00e6gt n\u00e9 s\u00e1\u00f0. \u00dearna \u00ed dalverpinu skulu \u00feeir h\u00e1lsbrj\u00f3ta kv\u00edguna. <a name=\"5\"><span class=\"versanumer_2007\">5<\/span><\/a> \u00de\u00e1 skulu prestarnir, ni\u00f0jar Lev\u00ed, ganga fram \u00fev\u00ed a\u00f0 \u00fe\u00e1 hefur Drottinn, Gu\u00f0 \u00feinn, vali\u00f0 til \u00feess a\u00f0 \u00fej\u00f3na s\u00e9r og blessa \u00ed nafni Drottins. Skori\u00f0 skal \u00far \u00f6llum deilum\u00e1lum og m\u00e1lum vegna l\u00edkamsmei\u00f0inga me\u00f0 \u00farskur\u00f0i \u00feeirra. <a name=\"6\"><span class=\"versanumer_2007\">6<\/span><\/a> \u00de\u00e1 skulu \u00f6ldungar \u00feeirrar borgar, sem n\u00e6st er hinum myrta, \u00fevo hendur s\u00ednar yfir kv\u00edgunni sem h\u00e1lsbrotin var \u00fearna \u00ed dalverpinu.<br \/> <a name=\"7\"><span class=\"versanumer_2007\">7<\/span><\/a> S\u00ed\u00f0an skulu \u00feeir taka til m\u00e1ls og segja: \u201eHendur okkar hafa ekki \u00fathellt \u00feessu bl\u00f3\u00f0i og augu okkar hafa ekki s\u00e9\u00f0 \u00fev\u00ed \u00fathellt. <a name=\"8\"><span class=\"versanumer_2007\">8<\/span><\/a> Drottinn, fyrirgef l\u00fd\u00f0 \u00fe\u00ednum, \u00cdsrael, sem \u00fe\u00fa leystir. Og l\u00e1t \u00fe\u00fa ekki sekt vegna \u00feessa saklausa bl\u00f3\u00f0s vera hj\u00e1 l\u00fd\u00f0 \u00fe\u00ednum, \u00cdsrael.\u201c \u00dear me\u00f0 er \u00feeim bl\u00f3\u00f0s\u00f6kin fyrirgefin.<br \/> <a name=\"9\"><span class=\"versanumer_2007\">9<\/span><\/a> \u00de\u00fa skalt hreinsa \u00feig af saklausu bl\u00f3\u00f0i sem \u00fathellt var hj\u00e1 \u00fe\u00e9r me\u00f0 \u00fev\u00ed a\u00f0 gera \u00fea\u00f0 sem r\u00e9tt er \u00ed augum Drottins.<\/p>\n<h3 class=\"millifyrirsogn_2007\">Um herteknar konur<\/h3>\n<p><a name=\"10\"><span class=\"versanumer_2007\">10<\/span><\/a> \u00deegar \u00fe\u00fa heldur \u00ed herna\u00f0 gegn fjandm\u00f6nnum \u00fe\u00ednum og Drottinn, Gu\u00f0 \u00feinn, selur \u00fe\u00e1 \u00fe\u00e9r \u00ed hendur og \u00fe\u00fa tekur fanga <a name=\"11\"><span class=\"versanumer_2007\">11<\/span><\/a> og s\u00e9r\u00f0 fr\u00ed\u00f0a konu \u00e1 me\u00f0al fanganna, fellir hug til hennar og vilt taka hana \u00fe\u00e9r fyrir konu, <a name=\"12\"><span class=\"versanumer_2007\">12<\/span><\/a> skaltu fara me\u00f0 hana heim til \u00fe\u00edn. H\u00fan skal skera h\u00e1r sitt og neglur <a name=\"13\"><span class=\"versanumer_2007\">13<\/span><\/a> og fara \u00far f\u00f6tunum sem h\u00fan var \u00ed me\u00f0an h\u00fan var fangi. H\u00fan \u00e1 a\u00f0 vera heima hj\u00e1 \u00fe\u00e9r \u00ed heilan m\u00e1nu\u00f0 og syrgja f\u00f6\u00f0ur sinn og m\u00f3\u00f0ur. Eftir \u00fea\u00f0 m\u00e1tt \u00fe\u00fa ganga inn til hennar og gerast eiginma\u00f0ur hennar og h\u00fan eiginkona \u00fe\u00edn.<br \/> <a name=\"14\"><span class=\"versanumer_2007\">14<\/span><\/a> En ge\u00f0jist h\u00fan \u00fe\u00e9r ekki skalt \u00fe\u00fa gefa henni fullt frelsi. \u00de\u00fa skalt ekki selja hana fyrir f\u00e9 og ekki fara me\u00f0 hana sem amb\u00e1tt \u00fev\u00ed a\u00f0 \u00fe\u00fa hefur spjalla\u00f0 hana.<\/p>\n<h3 class=\"millifyrirsogn_2007\">Erf\u00f0ar\u00e9ttur frumbur\u00f0ar<\/h3>\n<p><a name=\"15\"><span class=\"versanumer_2007\">15<\/span><\/a> Ef ma\u00f0ur \u00e1 tv\u00e6r konur og hefur m\u00e6tur \u00e1 annarri en l\u00e6tur s\u00e9r f\u00e1tt um hina og \u00fe\u00e6r f\u00e6\u00f0a honum syni, s\u00fa sem hann hefur m\u00e6tur \u00e1 og hin sem hann l\u00e6tur s\u00e9r f\u00e1tt um, og frumbur\u00f0urinn er sonur \u00feeirrar sem hann l\u00e6tur s\u00e9r f\u00e1tt um, <a name=\"16\"><span class=\"versanumer_2007\">16<\/span><\/a> \u00fe\u00e1 m\u00e1 hann ekki koma fram vi\u00f0 son konunnar sem hann hefur m\u00e6tur \u00e1 eins og hann v\u00e6ri frumbur\u00f0urinn \u00feegar hann skiptir arfi me\u00f0 sonum s\u00ednum. Hann m\u00e1 ekki taka hann fram yfir son konunnar sem hann l\u00e6tur s\u00e9r f\u00e1tt um en er frumbur\u00f0urinn. <a name=\"17\"><span class=\"versanumer_2007\">17<\/span><\/a> Hann skal heldur vi\u00f0urkenna frumbur\u00f0inn, son konunnar sem hann l\u00e6tur s\u00e9r f\u00e1tt um, me\u00f0 \u00fev\u00ed a\u00f0 f\u00e1 honum tv\u00f6faldan hlut af \u00f6llu sem hann \u00e1. Hann er frumgr\u00f3\u00f0i karlmennsku hans og honum ber frumbur\u00f0arr\u00e9tturinn.<\/p>\n<h3 class=\"millifyrirsogn_2007\">\u00derj\u00f3skur sonur<\/h3>\n<p><a name=\"18\"><span class=\"versanumer_2007\">18<\/span><\/a> Eigi ma\u00f0ur \u00ferj\u00f3skan son og \u00f3d\u00e6lan sem hvorki vill hl\u00fd\u00f0a f\u00f6\u00f0ur s\u00ednum n\u00e9 m\u00f3\u00f0ur og hl\u00fd\u00f0nast \u00feeim ekki heldur \u00fe\u00f3tt \u00feau hirti hann, <a name=\"19\"><span class=\"versanumer_2007\">19<\/span><\/a> skulu fa\u00f0ir hans og m\u00f3\u00f0ir taka hann og f\u00e6ra hann fyrir \u00f6ldunga borgarinnar \u00e1 \u00feingsta\u00f0inn \u00ed borgarhli\u00f0inu. <a name=\"20\"><span class=\"versanumer_2007\">20<\/span><\/a> \u00de\u00e1 skulu \u00feau segja vi\u00f0 \u00f6ldunga borgarinnar: \u201e\u00deessi sonur okkar er \u00ferj\u00f3skur og \u00f3d\u00e6ll og hl\u00fd\u00f0ir ekki \u00e1minningum okkar. Hann er b\u00e6\u00f0i \u00f3nytjungur og svallari.\u201c <a name=\"21\"><span class=\"versanumer_2007\">21<\/span><\/a> \u00de\u00e1 skulu allir karlmenn \u00ed borginni gr\u00fdta hann til bana. \u00de\u00fa skalt uppr\u00e6ta hi\u00f0 illa \u00far \u00fej\u00f3\u00f0 \u00feinni. Allur \u00cdsrael skal fr\u00e9tta \u00feetta svo a\u00f0 \u00feeir \u00f3ttist.<\/p>\n<h3 class=\"millifyrirsogn_2007\">\u00ddmis laga\u00e1kv\u00e6\u00f0i<\/h3>\n<p><a name=\"22\"><span class=\"versanumer_2007\">22<\/span><\/a> Fremji ma\u00f0ur gl\u00e6p sem dau\u00f0arefsing liggur vi\u00f0 og s\u00e9 l\u00edfl\u00e1tinn og \u00fe\u00fa hengir hann \u00e1 tr\u00e9 <a name=\"23\"><span class=\"versanumer_2007\">23<\/span><\/a> m\u00e1 l\u00edki\u00f0 ekki vera \u00e1 staurnum n\u00e1ttlangt. \u00de\u00fa ver\u00f0ur a\u00f0 grafa hann samd\u00e6gurs \u00fev\u00ed a\u00f0 s\u00e1 sem er hengdur er b\u00f6lva\u00f0ur af Gu\u00f0i.<br \/>\u00de\u00fa m\u00e1tt ekki saurga land \u00feitt sem Drottinn, Gu\u00f0 \u00feinn, gefur \u00fe\u00e9r a\u00f0 erf\u00f0ahlut.<\/p>\n","protected":false},"excerpt":{"rendered":"<p>\u00d3uppl\u00fdst mor\u00f0 1 Finnist ma\u00f0ur myrtur \u00fati \u00e1 v\u00ed\u00f0avangi \u00ed landi \u00fe\u00ednu sem Drottinn, Gu\u00f0 \u00feinn, f\u00e6r \u00fe\u00e9r til \u00feess a\u00f0 \u00fe\u00fa takir \u00fea\u00f0 til eignar og enginn veit hver myrti hann, 2 skulu \u00f6ldungar \u00fe\u00ednir og d\u00f3marar fara \u00fat og m\u00e6la fjarl\u00e6g\u00f0ina til borganna sem eru umhverfis hinn myrta. 3 \u00de\u00e1 skulu \u00f6ldungarnir \u00ed \u00feeirri borg, sem er n\u00e6st hinum myrta, velja s\u00e9r kv\u00edgu sem hefur ekki enn veri\u00f0 h\u00f6f\u00f0 til vinnu, kv\u00edgu sem hefur ekki enn gengi\u00f0 undir oki. 4 S\u00ed\u00f0an skulu \u00f6ldungar borgarinnar lei\u00f0a kv\u00edguna ni\u00f0ur \u00ed dal me\u00f0 \u00feurrum \u00e1rfarvegi \u00fear sem hvorki hefur veri\u00f0 pl\u00e6gt <a href=\"https:\/\/biblian.is\/biblian\/fimmta-mosebok-21-kafli\/\"> [&#8230;]<\/a><\/p>\n","protected":false},"author":1,"featured_media":0,"parent":0,"menu_order":0,"comment_status":"open","ping_status":"open","template":"bibliukaflar_NT.php","meta":{"footnotes":""},"class_list":["post-1791","page","type-page","status-publish","hentry"],"_links":{"self":[{"href":"https:\/\/biblian.is\/biblian\/wp-json\/wp\/v2\/pages\/1791","targetHints":{"allow":["GET"]}}],"collection":[{"href":"https:\/\/biblian.is\/biblian\/wp-json\/wp\/v2\/pages"}],"about":[{"href":"https:\/\/biblian.is\/biblian\/wp-json\/wp\/v2\/types\/page"}],"author":[{"embeddable":true,"href":"https:\/\/biblian.is\/biblian\/wp-json\/wp\/v2\/users\/1"}],"replies":[{"embeddable":true,"href":"https:\/\/biblian.is\/biblian\/wp-json\/wp\/v2\/comments?post=1791"}],"version-history":[{"count":0,"href":"https:\/\/biblian.is\/biblian\/wp-json\/wp\/v2\/pages\/1791\/revisions"}],"wp:attachment":[{"href":"https:\/\/biblian.is\/biblian\/wp-json\/wp\/v2\/media?parent=1791"}],"curies":[{"name":"wp","href":"https:\/\/api.w.org\/{rel}","templated":true}]}}