{"id":1790,"date":"2017-12-30T21:00:25","date_gmt":"2017-12-30T21:00:25","guid":{"rendered":"http:\/\/biblian.is\/biblian\/fimmta-m%c2%97seb%c2%97k-20-kafli\/"},"modified":"2024-05-06T22:31:57","modified_gmt":"2024-05-06T22:31:57","slug":"fimmta-mosebok-20-kafli","status":"publish","type":"page","link":"https:\/\/biblian.is\/biblian\/fimmta-mosebok-20-kafli\/","title":{"rendered":"Fimmta M\u00f3seb\u00f3k 20. kafli"},"content":{"rendered":"<h3 class=\"millifyrirsogn_2007\"> Um herna\u00f0<\/h3>\n<p><a name=\"1\"><span class=\"versanumer_2007\">1<\/span><\/a> \u00deegar \u00fe\u00fa fer\u00f0 \u00ed herna\u00f0 gegn fjandm\u00f6nnum \u00fe\u00ednum og s\u00e9r\u00f0 hesta, hervagna og her sem er fj\u00f6lmennari en \u00feinn skaltu ekki \u00f3ttast \u00fe\u00e1 \u00fev\u00ed a\u00f0 Drottinn, Gu\u00f0 \u00feinn, er me\u00f0 \u00fe\u00e9r, hann sem leiddi \u00feig fr\u00e1 Egyptalandi. <a name=\"2\"><span class=\"versanumer_2007\">2<\/span><\/a> \u00deegar \u00fei\u00f0 eru\u00f0 \u00ed \u00feann veginn a\u00f0 leggja til orrustu skal presturinn ganga fram, \u00e1varpa herinn <a name=\"3\"><span class=\"versanumer_2007\">3<\/span><\/a> og segja: \u201eHeyr, \u00cdsrael. \u00cd dag leggi\u00f0 \u00fei\u00f0 til orrustu gegn fjandm\u00f6nnum ykkar. L\u00e1ti\u00f0 ekki hugfallast, \u00f3ttist ekki, skelfist hvorki n\u00e9 hr\u00e6\u00f0ist andsp\u00e6nis \u00feeim <a name=\"4\"><span class=\"versanumer_2007\">4<\/span><\/a> \u00fev\u00ed a\u00f0 Drottinn, Gu\u00f0 ykkar, er me\u00f0 \u00ed f\u00f6r til a\u00f0 berjast fyrir ykkur vi\u00f0 fjandmenn ykkar og veita ykkur sigur.\u201c<br \/> <a name=\"5\"><span class=\"versanumer_2007\">5<\/span><\/a> \u00dev\u00ed n\u00e6st eiga eftirlitsmennirnir a\u00f0 \u00e1varpa herinn og segja: \u201eHver s\u00e1 sem byggt hefur n\u00fdtt h\u00fas en ekki v\u00edgt \u00fea\u00f0 enn skal fara og sn\u00faa aftur heim til s\u00edn svo a\u00f0 hann falli ekki \u00ed orrustunni og einhver annar v\u00edgi \u00fea\u00f0. <a name=\"6\"><span class=\"versanumer_2007\">6<\/span><\/a> Hver s\u00e1 sem planta\u00f0 hefur v\u00edngar\u00f0 en hefur enn engar nytjar haft af honum skal sn\u00faa aftur heim til s\u00edn svo a\u00f0 hann falli ekki \u00ed orrustunni og einhver annar nj\u00f3ti uppskerunnar. <a name=\"7\"><span class=\"versanumer_2007\">7<\/span><\/a> Hver s\u00e1 sem hefur fastna\u00f0 s\u00e9r konu en hefur ekki enn teki\u00f0 saman vi\u00f0 hana skal fara og sn\u00faa aftur heim til s\u00edn svo a\u00f0 hann falli ekki \u00ed orrustunni og einhver annar gangi a\u00f0 eiga hana.\u201c<br \/> <a name=\"8\"><span class=\"versanumer_2007\">8<\/span><\/a> Enn fremur skulu eftirlitsmennirnir b\u00e6ta vi\u00f0 \u00e1varpi\u00f0 til hersins og segja: \u201eHver s\u00e1 ma\u00f0ur, sem er hr\u00e6ddur og hugdeigur, skal fara h\u00e9\u00f0an og sn\u00faa aftur heim til s\u00edn svo a\u00f0 br\u00e6\u00f0rum hans fallist ekki hugur eins og honum.\u201c<br \/> <a name=\"9\"><span class=\"versanumer_2007\">9<\/span><\/a> \u00deegar eftirlitsmennirnir hafa loki\u00f0 \u00e1varpi s\u00ednu til hersins skulu fyrirli\u00f0ar skipa\u00f0ir og \u00feeir taka vi\u00f0 stj\u00f3rn. <a name=\"10\"><span class=\"versanumer_2007\">10<\/span><\/a> \u00deegar \u00fe\u00fa b\u00fdst til a\u00f0 herja \u00e1 borg skaltu fyrst bj\u00f3\u00f0a henni fri\u00f0arskilm\u00e1la. <a name=\"11\"><span class=\"versanumer_2007\">11<\/span><\/a> Ef h\u00fan gengur a\u00f0 \u00feeim og l\u00fdkur hli\u00f0um s\u00ednum upp fyrir \u00fe\u00e9r skulu allir borgarb\u00faar vinna fyrir \u00feig kva\u00f0avinnu og gerast l\u00fd\u00f0skyldir \u00fe\u00e9r. <a name=\"12\"><span class=\"versanumer_2007\">12<\/span><\/a> En hafni h\u00fan \u00fev\u00ed a\u00f0 gera vi\u00f0 \u00feig fri\u00f0ars\u00e1ttm\u00e1la og kj\u00f3si a\u00f0 heyja vi\u00f0 \u00feig orrustu skalt \u00fe\u00fa setjast um hana. <a name=\"13\"><span class=\"versanumer_2007\">13<\/span><\/a> \u00deegar Drottinn, Gu\u00f0 \u00feinn, gefur \u00fe\u00e9r hana \u00e1 vald skaltu h\u00f6ggva allt karlkyns \u00fear me\u00f0 sver\u00f0seggjum. <a name=\"14\"><span class=\"versanumer_2007\">14<\/span><\/a> \u00de\u00fa m\u00e1tt hins vegar taka a\u00f0 herfangi konur, b\u00f6rn og b\u00faf\u00e9 og allt anna\u00f0 sem \u00ed borginni er og \u00fe\u00fa getur r\u00e6nt. \u00de\u00fa m\u00e1tt n\u00fdta \u00fe\u00e9r herfangi\u00f0 sem \u00fe\u00fa hefur teki\u00f0 af fjandm\u00f6nnum \u00fe\u00ednum \u00fev\u00ed a\u00f0 Drottinn, Gu\u00f0 \u00feinn, hefur gefi\u00f0 \u00fe\u00e9r \u00fea\u00f0.<br \/> <a name=\"15\"><span class=\"versanumer_2007\">15<\/span><\/a> \u00deannig skaltu fara me\u00f0 allar \u00fe\u00e6r borgir sem eru mj\u00f6g fjarl\u00e6gar \u00fe\u00e9r og eru ekki me\u00f0al \u00feeirra borga sem \u00fej\u00f3\u00f0irnar h\u00e9r r\u00e1\u00f0a yfir.<br \/> <a name=\"16\"><span class=\"versanumer_2007\">16<\/span><\/a> En \u00fe\u00fa skalt ekki l\u00e1ta neitt, sem l\u00edfsanda dregur, l\u00edfi halda \u00ed borgum \u00fej\u00f3\u00f0anna sem Drottinn, Gu\u00f0 \u00feinn, f\u00e6r \u00fe\u00e9r a\u00f0 erf\u00f0ahlut. <a name=\"17\"><span class=\"versanumer_2007\">17<\/span><\/a> \u00de\u00fa skalt helga \u00feessar \u00fej\u00f3\u00f0ir banni: Het\u00edta, Amor\u00edta, Kanverja, Peres\u00edta, Hev\u00edta og Jeb\u00fas\u00edta eins og Drottinn, Gu\u00f0 \u00feinn, hefur fyrir \u00feig lagt, <a name=\"18\"><span class=\"versanumer_2007\">18<\/span><\/a> \u00fev\u00ed a\u00f0 \u00fe\u00e6r mega ekki f\u00e1 ykkur til a\u00f0 syndga gegn Drottni, Gu\u00f0i ykkar, me\u00f0 \u00fev\u00ed a\u00f0 kenna ykkur a\u00f0 stunda \u00fe\u00e6r sv\u00edvir\u00f0ingar sem \u00fe\u00e6r fremja \u00feegar \u00fe\u00e6r d\u00fdrka gu\u00f0i s\u00edna. <a name=\"19\"><span class=\"versanumer_2007\">19<\/span><\/a> \u00deegar \u00fe\u00fa situr um borg \u00ed langan t\u00edma og herjar \u00e1 hana til \u00feess a\u00f0 vinna hana skaltu ekki spilla trj\u00e1m borgarinnar e\u00f0a ska\u00f0a \u00feau me\u00f0 \u00fev\u00ed a\u00f0 bera a\u00f0 \u00feeim \u00f6xi. Af \u00fev\u00ed a\u00f0 \u00fe\u00fa m\u00e1tt neyta \u00e1vaxta af \u00feeim skaltu ekki fella \u00feau. Eru tr\u00e9n \u00e1 m\u00f6rkinni menn svo a\u00f0 \u00fe\u00fa ver\u00f0ir a\u00f0 sitja um \u00feau?<br \/> <a name=\"20\"><span class=\"versanumer_2007\">20<\/span><\/a> En trj\u00e1m, sem \u00fe\u00fa veist a\u00f0 ekki bera \u00e6ta \u00e1vexti, m\u00e1ttu spilla. \u00deau m\u00e1ttu h\u00f6ggva og byggja \u00far \u00feeim hervirki til ums\u00e1turs gegn borginni sem \u00e1 \u00ed orrustu vi\u00f0 \u00feig \u00fear til h\u00fan fellur.<\/p>\n","protected":false},"excerpt":{"rendered":"<p>Um herna\u00f0 1 \u00deegar \u00fe\u00fa fer\u00f0 \u00ed herna\u00f0 gegn fjandm\u00f6nnum \u00fe\u00ednum og s\u00e9r\u00f0 hesta, hervagna og her sem er fj\u00f6lmennari en \u00feinn skaltu ekki \u00f3ttast \u00fe\u00e1 \u00fev\u00ed a\u00f0 Drottinn, Gu\u00f0 \u00feinn, er me\u00f0 \u00fe\u00e9r, hann sem leiddi \u00feig fr\u00e1 Egyptalandi. 2 \u00deegar \u00fei\u00f0 eru\u00f0 \u00ed \u00feann veginn a\u00f0 leggja til orrustu skal presturinn ganga fram, \u00e1varpa herinn 3 og segja: \u201eHeyr, \u00cdsrael. \u00cd dag leggi\u00f0 \u00fei\u00f0 til orrustu gegn fjandm\u00f6nnum ykkar. L\u00e1ti\u00f0 ekki hugfallast, \u00f3ttist ekki, skelfist hvorki n\u00e9 hr\u00e6\u00f0ist andsp\u00e6nis \u00feeim 4 \u00fev\u00ed a\u00f0 Drottinn, Gu\u00f0 ykkar, er me\u00f0 \u00ed f\u00f6r til a\u00f0 berjast fyrir ykkur vi\u00f0 fjandmenn ykkar <a href=\"https:\/\/biblian.is\/biblian\/fimmta-mosebok-20-kafli\/\"> [&#8230;]<\/a><\/p>\n","protected":false},"author":1,"featured_media":0,"parent":0,"menu_order":0,"comment_status":"open","ping_status":"open","template":"bibliukaflar_NT.php","meta":{"footnotes":""},"class_list":["post-1790","page","type-page","status-publish","hentry"],"_links":{"self":[{"href":"https:\/\/biblian.is\/biblian\/wp-json\/wp\/v2\/pages\/1790","targetHints":{"allow":["GET"]}}],"collection":[{"href":"https:\/\/biblian.is\/biblian\/wp-json\/wp\/v2\/pages"}],"about":[{"href":"https:\/\/biblian.is\/biblian\/wp-json\/wp\/v2\/types\/page"}],"author":[{"embeddable":true,"href":"https:\/\/biblian.is\/biblian\/wp-json\/wp\/v2\/users\/1"}],"replies":[{"embeddable":true,"href":"https:\/\/biblian.is\/biblian\/wp-json\/wp\/v2\/comments?post=1790"}],"version-history":[{"count":0,"href":"https:\/\/biblian.is\/biblian\/wp-json\/wp\/v2\/pages\/1790\/revisions"}],"wp:attachment":[{"href":"https:\/\/biblian.is\/biblian\/wp-json\/wp\/v2\/media?parent=1790"}],"curies":[{"name":"wp","href":"https:\/\/api.w.org\/{rel}","templated":true}]}}