{"id":1788,"date":"2017-12-30T21:00:25","date_gmt":"2017-12-30T21:00:25","guid":{"rendered":"http:\/\/biblian.is\/biblian\/fimmta-m%c2%97seb%c2%97k-18-kafli\/"},"modified":"2024-05-06T22:31:57","modified_gmt":"2024-05-06T22:31:57","slug":"fimmta-mosebok-18-kafli","status":"publish","type":"page","link":"https:\/\/biblian.is\/biblian\/fimmta-mosebok-18-kafli\/","title":{"rendered":"Fimmta M\u00f3seb\u00f3k 18. kafli"},"content":{"rendered":"<h3 class=\"millifyrirsogn_2007\"> R\u00e9ttindi presta og Lev\u00edta<\/h3>\n<p><a name=\"1\"><span class=\"versanumer_2007\">1<\/span><\/a> Enginn Lev\u00edtaprestur, enginn af \u00e6ttkv\u00edsl Lev\u00ed, skal hlj\u00f3ta land e\u00f0a erf\u00f0ahlut eins og a\u00f0rir \u00ed \u00cdsrael. \u00deeir skulu hafa vi\u00f0urv\u00e6ri af eldf\u00f3rnum Drottins, af erf\u00f0ahlut hans. <a name=\"2\"><span class=\"versanumer_2007\">2<\/span><\/a> \u00c6ttb\u00e1lkur Lev\u00ed skal ekki f\u00e1 erf\u00f0ahlut me\u00f0al br\u00e6\u00f0ra sinna. Drottinn er erf\u00f0ahlutur hans eins og Drottinn hefur heiti\u00f0 honum.<br \/> <a name=\"3\"><span class=\"versanumer_2007\">3<\/span><\/a> \u00deennan r\u00e9tt skulu prestarnir hafa hj\u00e1 \u00fej\u00f3\u00f0inni, af h\u00e1lfu \u00feeirra sem f\u00e6ra sl\u00e1turf\u00f3rn, hvort heldur naut e\u00f0a lamb: prestinum skal gefa b\u00f3ginn, b\u00e1\u00f0a kjammana og vinstrina. <a name=\"4\"><span class=\"versanumer_2007\">4<\/span><\/a> \u00de\u00fa skalt gefa prestinum frumgr\u00f3\u00f0ann af korni \u00fe\u00ednu, v\u00edni og ol\u00edu og fyrstu ullina sem \u00fe\u00fa tekur af sau\u00f0f\u00e9 \u00fe\u00ednu. <a name=\"5\"><span class=\"versanumer_2007\">5<\/span><\/a> \u00dev\u00ed a\u00f0 Drottinn, Gu\u00f0 \u00feinn, hefur vali\u00f0 \u00e6ttb\u00e1lk Lev\u00ed \u00far \u00f6llum \u00f6\u00f0rum \u00e6ttb\u00e1lkum \u00fe\u00ednum til \u00feess a\u00f0 hann gegni \u00fej\u00f3nustu \u00ed nafni Drottins alla \u00e6vidaga s\u00edna.<br \/> <a name=\"6\"><span class=\"versanumer_2007\">6<\/span><\/a> \u00deegar Lev\u00edti \u00far einhverri borg \u00feinni, einhvers sta\u00f0ar \u00ed \u00cdsrael, \u00fear sem hann hefur dvalist sem a\u00f0komuma\u00f0ur, vill koma til sta\u00f0arins sem Drottinn velur er hann frj\u00e1ls a\u00f0 \u00fev\u00ed svo oft sem hann vill. <a name=\"7\"><span class=\"versanumer_2007\">7<\/span><\/a> Hann m\u00e1 \u00fej\u00f3na \u00fear \u00ed nafni Drottins eins og allir a\u00f0rir br\u00e6\u00f0ur hans, Lev\u00edtarnir, sem gegna \u00fej\u00f3nustu frammi fyrir Drottni. <a name=\"8\"><span class=\"versanumer_2007\">8<\/span><\/a> \u00deeir skulu f\u00e1 sama hlut og hinir s\u00e9r til vi\u00f0urv\u00e6ris enda \u00fe\u00f3tt \u00feeir hafi \u00feegi\u00f0 f\u00e9 fyrir f\u00f6\u00f0urleif\u00f0 s\u00edna.<\/p>\n<h3 class=\"millifyrirsogn_2007\">Gegn hei\u00f0num si\u00f0um<\/h3>\n<p><a name=\"9\"><span class=\"versanumer_2007\">9<\/span><\/a> \u00deegar \u00fe\u00fa kemur inn \u00ed landi\u00f0 sem Drottinn, Gu\u00f0 \u00feinn, gefur \u00fe\u00e9r skaltu ekki temja \u00fe\u00e9r s\u00f6mu sv\u00edvir\u00f0ingar og \u00fej\u00f3\u00f0irnar \u00fear.<br \/> <a name=\"10\"><span class=\"versanumer_2007\">10<\/span><\/a> \u00c1 me\u00f0al ykkar m\u00e1 enginn finnast sem l\u00e6tur son sinn e\u00f0a d\u00f3ttur ganga gegnum eld, enginn sem leitar go\u00f0svara me\u00f0 hlutkesti, enginn sem les \u00f3or\u00f0na atbur\u00f0i \u00far sk\u00fdjum e\u00f0a \u00far bikar, enginn galdrama\u00f0ur, <a name=\"11\"><span class=\"versanumer_2007\">11<\/span><\/a> enginn sem fer me\u00f0 s\u00e6ringar, leitar r\u00e1\u00f0a hj\u00e1 \u00f6ndum e\u00f0a sp\u00e1sagnarm\u00f6nnum, enginn sem leitar \u00farskur\u00f0ar hj\u00e1 framli\u00f0num.<br \/> <a name=\"12\"><span class=\"versanumer_2007\">12<\/span><\/a> \u00dev\u00ed a\u00f0 hver sem stundar \u00feetta er Drottni vi\u00f0urstygg\u00f0. Sakir \u00feessara vi\u00f0urstygg\u00f0a r\u00fdmdi Drottinn \u00fej\u00f3\u00f0um landsins \u00far vegi ykkar. <a name=\"13\"><span class=\"versanumer_2007\">13<\/span><\/a> \u00de\u00fa skalt vera \u00f3skiptur me\u00f0 Drottni, Gu\u00f0i \u00fe\u00ednum. <a name=\"14\"><span class=\"versanumer_2007\">14<\/span><\/a> \u00deessar \u00fej\u00f3\u00f0ir, sem \u00fe\u00fa hrekur burt, hafa hl\u00fdtt sk\u00fdjasp\u00e1m\u00f6nnum og \u00feeim sem lesa \u00far hlutkesti en Drottinn, Gu\u00f0 \u00feinn, hefur ekki \u00e6tla\u00f0 \u00fe\u00e9r sl\u00edkt.<br \/> <a name=\"15\"><span class=\"versanumer_2007\">15<\/span><\/a> Sp\u00e1mann sl\u00edkan sem \u00e9g er mun Drottinn, Gu\u00f0 \u00feinn, l\u00e1ta fram koma \u00far h\u00f3pi \u00e6ttbr\u00e6\u00f0ra \u00feinna. \u00c1 hann skulu\u00f0 \u00fei\u00f0 hl\u00fd\u00f0a. <a name=\"16\"><span class=\"versanumer_2007\">16<\/span><\/a> Hann mun a\u00f0 \u00f6llu leyti uppfylla \u00fea\u00f0 sem \u00fe\u00fa ba\u00f0st Drottin, Gu\u00f0 \u00feinn, um \u00e1 H\u00f3reb daginn sem \u00fei\u00f0 komu\u00f0 \u00fear saman og \u00fe\u00fa sag\u00f0ir: \u201eL\u00e1t mig ekki heyra aftur \u00ferumuraust Drottins, Gu\u00f0s m\u00edns, n\u00e9 l\u00edta aftur \u00feennan mikla eld svo a\u00f0 \u00e9g deyi ekki.\u201c <a name=\"17\"><span class=\"versanumer_2007\">17<\/span><\/a> \u00de\u00e1 sag\u00f0i Drottinn vi\u00f0 mig: \u201e\u00dea\u00f0 sem \u00feeir segja er r\u00e9tt. <a name=\"18\"><span class=\"versanumer_2007\">18<\/span><\/a> Fyrir \u00fe\u00e1 mun \u00e9g l\u00e1ta fram koma sp\u00e1mann sl\u00edkan sem \u00fe\u00fa ert \u00far h\u00f3pi br\u00e6\u00f0ra \u00feeirra. \u00c9g mun leggja honum or\u00f0 m\u00edn \u00ed munn og hann mun bo\u00f0a \u00feeim allt sem \u00e9g b\u00fd\u00f0 honum. <a name=\"19\"><span class=\"versanumer_2007\">19<\/span><\/a> Og hvern \u00feann sem ekki hl\u00fd\u00f0ir \u00e1 \u00feau or\u00f0, sem sp\u00e1ma\u00f0urinn flytur \u00ed m\u00ednu nafni, mun \u00e9g sj\u00e1lfur draga til \u00e1byrg\u00f0ar.<br \/> <a name=\"20\"><span class=\"versanumer_2007\">20<\/span><\/a> En s\u00e1 sp\u00e1ma\u00f0ur, sem dirfist a\u00f0 tala \u00fea\u00f0 \u00ed m\u00ednu nafni, sem \u00e9g hef ekki fali\u00f0 honum, e\u00f0a flytur bo\u00f0skap \u00ed nafni annarra gu\u00f0a, s\u00e1 sp\u00e1ma\u00f0ur skal deyja.<br \/> <a name=\"21\"><span class=\"versanumer_2007\">21<\/span><\/a> Ef \u00fe\u00fa hugsar me\u00f0 sj\u00e1lfum \u00fe\u00e9r: Hvernig getum vi\u00f0 \u00feekkt \u00fea\u00f0 or\u00f0 sem Drottinn hefur ekki tala\u00f0? <a name=\"22\"><span class=\"versanumer_2007\">22<\/span><\/a> skaltu vita: \u00deegar sp\u00e1ma\u00f0ur talar \u00ed nafni Drottins og \u00fea\u00f0 sem hann hefur sagt kemur hvorki fram n\u00e9 r\u00e6tist, \u00fe\u00e1 eru \u00fea\u00f0 or\u00f0 sem Drottinn hefur ekki tala\u00f0. Sp\u00e1ma\u00f0urinn hefur tala\u00f0 af ofdirfsku sinni, \u00fe\u00fa \u00fearft ekki a\u00f0 \u00f3ttast neitt sem hann segir.\u201c<\/p>\n","protected":false},"excerpt":{"rendered":"<p>R\u00e9ttindi presta og Lev\u00edta 1 Enginn Lev\u00edtaprestur, enginn af \u00e6ttkv\u00edsl Lev\u00ed, skal hlj\u00f3ta land e\u00f0a erf\u00f0ahlut eins og a\u00f0rir \u00ed \u00cdsrael. \u00deeir skulu hafa vi\u00f0urv\u00e6ri af eldf\u00f3rnum Drottins, af erf\u00f0ahlut hans. 2 \u00c6ttb\u00e1lkur Lev\u00ed skal ekki f\u00e1 erf\u00f0ahlut me\u00f0al br\u00e6\u00f0ra sinna. Drottinn er erf\u00f0ahlutur hans eins og Drottinn hefur heiti\u00f0 honum. 3 \u00deennan r\u00e9tt skulu prestarnir hafa hj\u00e1 \u00fej\u00f3\u00f0inni, af h\u00e1lfu \u00feeirra sem f\u00e6ra sl\u00e1turf\u00f3rn, hvort heldur naut e\u00f0a lamb: prestinum skal gefa b\u00f3ginn, b\u00e1\u00f0a kjammana og vinstrina. 4 \u00de\u00fa skalt gefa prestinum frumgr\u00f3\u00f0ann af korni \u00fe\u00ednu, v\u00edni og ol\u00edu og fyrstu ullina sem \u00fe\u00fa tekur af sau\u00f0f\u00e9 \u00fe\u00ednu. 5 <a href=\"https:\/\/biblian.is\/biblian\/fimmta-mosebok-18-kafli\/\"> [&#8230;]<\/a><\/p>\n","protected":false},"author":1,"featured_media":0,"parent":0,"menu_order":0,"comment_status":"open","ping_status":"open","template":"bibliukaflar_NT.php","meta":{"footnotes":""},"class_list":["post-1788","page","type-page","status-publish","hentry"],"_links":{"self":[{"href":"https:\/\/biblian.is\/biblian\/wp-json\/wp\/v2\/pages\/1788","targetHints":{"allow":["GET"]}}],"collection":[{"href":"https:\/\/biblian.is\/biblian\/wp-json\/wp\/v2\/pages"}],"about":[{"href":"https:\/\/biblian.is\/biblian\/wp-json\/wp\/v2\/types\/page"}],"author":[{"embeddable":true,"href":"https:\/\/biblian.is\/biblian\/wp-json\/wp\/v2\/users\/1"}],"replies":[{"embeddable":true,"href":"https:\/\/biblian.is\/biblian\/wp-json\/wp\/v2\/comments?post=1788"}],"version-history":[{"count":0,"href":"https:\/\/biblian.is\/biblian\/wp-json\/wp\/v2\/pages\/1788\/revisions"}],"wp:attachment":[{"href":"https:\/\/biblian.is\/biblian\/wp-json\/wp\/v2\/media?parent=1788"}],"curies":[{"name":"wp","href":"https:\/\/api.w.org\/{rel}","templated":true}]}}