{"id":1787,"date":"2017-12-30T21:00:25","date_gmt":"2017-12-30T21:00:25","guid":{"rendered":"http:\/\/biblian.is\/biblian\/fimmta-m%c2%97seb%c2%97k-17-kafli\/"},"modified":"2024-05-06T22:31:56","modified_gmt":"2024-05-06T22:31:56","slug":"fimmta-mosebok-17-kafli","status":"publish","type":"page","link":"https:\/\/biblian.is\/biblian\/fimmta-mosebok-17-kafli\/","title":{"rendered":"Fimmta M\u00f3seb\u00f3k 17. kafli"},"content":{"rendered":"<p><a name=\"1\"><span class=\"versanumer_2007\">1<\/span><\/a> \u00de\u00fa skalt ekki f\u00f3rna Drottni, Gu\u00f0i \u00fe\u00ednum, nauti e\u00f0a lambi sem hefur eitthvert l\u00fdti e\u00f0a galla \u00fev\u00ed a\u00f0 \u00fea\u00f0 er Drottni, Gu\u00f0i \u00fe\u00ednum, vi\u00f0urstygg\u00f0.<br \/> <a name=\"2\"><span class=\"versanumer_2007\">2<\/span><\/a> Finnist hj\u00e1 \u00fe\u00e9r \u00ed einhverri af borgunum, sem Drottinn, Gu\u00f0 \u00feinn, gefur \u00fe\u00e9r, karl e\u00f0a kona sem gerir \u00fea\u00f0 sem illt er \u00ed augum Drottins, Gu\u00f0s \u00fe\u00edns, me\u00f0 \u00fev\u00ed a\u00f0 rj\u00fafa s\u00e1ttm\u00e1lann vi\u00f0 hann, <a name=\"3\"><span class=\"versanumer_2007\">3<\/span><\/a> og fari og \u00fej\u00f3ni \u00f6\u00f0rum gu\u00f0um gegn bo\u00f0um m\u00ednum og s\u00fdni \u00feeim lotningu, s\u00f3linni, tunglinu e\u00f0a \u00f6llum himinsins her <a name=\"4\"><span class=\"versanumer_2007\">4<\/span><\/a> og \u00fe\u00fa ver\u00f0ir \u00feessa v\u00edsari, skaltu rannsaka \u00fea\u00f0 gaumg\u00e6filega. Reynist r\u00e9tt vera a\u00f0 sl\u00edk sv\u00edvir\u00f0a hafi veri\u00f0 framin \u00ed \u00cdsrael <a name=\"5\"><span class=\"versanumer_2007\">5<\/span><\/a> skaltu lei\u00f0a \u00feann karl e\u00f0a \u00fe\u00e1 konu, sem hefur frami\u00f0 \u00feetta \u00f3d\u00e6\u00f0i, a\u00f0 borgarhli\u00f0i \u00fe\u00ednu og gr\u00fdta \u00fear \u00ed hel, hvort sem \u00fea\u00f0 er karl e\u00f0a kona.<br \/> <a name=\"6\"><span class=\"versanumer_2007\">6<\/span><\/a> Eftir frambur\u00f0i tveggja e\u00f0a \u00feriggja vitna skal fulln\u00e6gja dau\u00f0ad\u00f3mi. Enginn skal l\u00edfl\u00e1tinn vegna frambur\u00f0ar eins vitnis. <a name=\"7\"><span class=\"versanumer_2007\">7<\/span><\/a> Vitnin skulu vera fyrst til a\u00f0 leggja h\u00f6nd \u00e1 hinn dau\u00f0ad\u00e6mda til a\u00f0 l\u00edfl\u00e1ta hann og s\u00ed\u00f0an f\u00f3lki\u00f0 allt. \u00de\u00fa skalt uppr\u00e6ta hi\u00f0 illa sem finnst \u00fe\u00edn \u00e1 me\u00f0al.<\/p>\n<h3 class=\"millifyrirsogn_2007\">\u00c6\u00f0sti d\u00f3mst\u00f3llinn<\/h3>\n<p><a name=\"8\"><span class=\"versanumer_2007\">8<\/span><\/a> Reynist \u00fe\u00e9r um megn a\u00f0 d\u00e6ma eitthvert m\u00e1l, hvort sem \u00fea\u00f0 er vegna bl\u00f3\u00f0s\u00fathellinga, pers\u00f3nulegra deilna e\u00f0a l\u00edkams\u00e1r\u00e1sar e\u00f0a einhvers annars deilum\u00e1ls sem upp kemur \u00ed heimaborg \u00feinni, skaltu halda til sta\u00f0arins sem Drottinn, Gu\u00f0 \u00feinn, velur s\u00e9r. <a name=\"9\"><span class=\"versanumer_2007\">9<\/span><\/a> \u00de\u00fa skalt ganga fyrir Lev\u00edtaprestana og d\u00f3marann sem \u00fe\u00e1 gegnir emb\u00e6tti og spyrja \u00fe\u00e1 r\u00e1\u00f0a. \u00deeir munu kve\u00f0a upp d\u00f3m \u00ed m\u00e1linu <a name=\"10\"><span class=\"versanumer_2007\">10<\/span><\/a> og \u00fe\u00fa skalt framfylgja d\u00f3minum sem \u00feeir kve\u00f0a upp \u00e1 sta\u00f0num sem Drottinn velur. \u00de\u00fa skalt g\u00e6ta \u00feess a\u00f0 fara a\u00f0 \u00f6llu eftir lei\u00f0beiningum \u00feeirra. <a name=\"11\"><span class=\"versanumer_2007\">11<\/span><\/a> \u00de\u00fa skalt fara eftir fyrirm\u00e6lunum, sem \u00feeir gefa \u00fe\u00e9r, og \u00farskur\u00f0inum, sem \u00feeir fella, og hvorki v\u00edkja til h\u00e6gri n\u00e9 vinstri fr\u00e1 \u00feeim d\u00f3mi sem \u00feeir kve\u00f0a upp fyrir \u00feig.<br \/> <a name=\"12\"><span class=\"versanumer_2007\">12<\/span><\/a> En s\u00fdni einhver \u00fe\u00e1 ofdirfsku a\u00f0 hlusta hvorki \u00e1 prestinn, sem stendur \u00fearna til a\u00f0 \u00fej\u00f3na Drottni, Gu\u00f0i \u00fe\u00ednum, n\u00e9 d\u00f3marann, skal hann deyja. \u00de\u00fa skalt ey\u00f0a hinu illa \u00far \u00cdsrael. <a name=\"13\"><span class=\"versanumer_2007\">13<\/span><\/a> \u00d6ll \u00fej\u00f3\u00f0in skal fr\u00e9tta \u00feetta svo a\u00f0 h\u00fan fyllist \u00f3tta og s\u00fdni ekki ofdirfsku framar.<\/p>\n<h3 class=\"millifyrirsogn_2007\">Emb\u00e6tti konungs<\/h3>\n<p><a name=\"14\"><span class=\"versanumer_2007\">14<\/span><\/a> \u00deegar \u00fe\u00fa ert kominn inn \u00ed landi\u00f0 sem Drottinn, Gu\u00f0 \u00feinn, f\u00e6r \u00fe\u00e9r og hefur teki\u00f0 \u00fea\u00f0 til eignar og komi\u00f0 \u00fe\u00e9r \u00fear fyrir og segir: \u201e\u00c9g vil taka m\u00e9r konung eins og \u00fej\u00f3\u00f0irnar umhverfis,\u201c <a name=\"15\"><span class=\"versanumer_2007\">15<\/span><\/a> \u00fe\u00e1 m\u00e1ttu svo sannarlega taka \u00fe\u00e9r konung sem Drottinn, Gu\u00f0 \u00feinn, velur. \u00de\u00fa m\u00e1tt a\u00f0eins taka einhvern af br\u00e6\u00f0rum \u00fe\u00ednum til konungs. \u00de\u00fa m\u00e1tt ekki setja yfir \u00feig erlendan mann \u00fev\u00ed a\u00f0 hann er ekki br\u00f3\u00f0ir \u00feinn.<br \/> <a name=\"16\"><span class=\"versanumer_2007\">16<\/span><\/a> Samt m\u00e1 konungurinn ekki afla s\u00e9r of margra hesta e\u00f0a lei\u00f0a \u00fej\u00f3\u00f0ina aftur til Egyptalands til a\u00f0 afla s\u00e9r fleiri hesta \u00fev\u00ed a\u00f0 Drottinn hefur sagt vi\u00f0 ykkur: \u201e\u00dei\u00f0 skulu\u00f0 aldrei aftur sn\u00faa \u00feessa lei\u00f0.\u201c<br \/> <a name=\"17\"><span class=\"versanumer_2007\">17<\/span><\/a> Hann m\u00e1 ekki heldur taka s\u00e9r of margar konur svo a\u00f0 hjarta hans v\u00edki ekki af r\u00e9ttri lei\u00f0.<br \/>Hann m\u00e1 ekki heldur draga saman of miki\u00f0 af gulli og silfri.<br \/> <a name=\"18\"><span class=\"versanumer_2007\">18<\/span><\/a> \u00deegar hann er sestur \u00ed sitt konunglega h\u00e1s\u00e6ti skal hann l\u00e1ta gera afrit \u00e1 b\u00f3k af \u00feessum l\u00f6gum sem Lev\u00edtaprestarnir var\u00f0veita. <a name=\"19\"><span class=\"versanumer_2007\">19<\/span><\/a> B\u00f3kin skal vera hj\u00e1 honum og hann lesa hana alla \u00e6vidaga s\u00edna svo a\u00f0 hann l\u00e6ri a\u00f0 \u00f3ttast Drottin, Gu\u00f0 sinn, og haldi \u00f6ll fyrirm\u00e6li og \u00e1kv\u00e6\u00f0i \u00feessa l\u00f6gm\u00e1ls og breyti eftir \u00feeim <a name=\"20\"><span class=\"versanumer_2007\">20<\/span><\/a> svo a\u00f0 hann ofmetnist ekki gagnvart \u00e6ttbr\u00e6\u00f0rum s\u00ednum og v\u00edki hvorki til h\u00e6gri n\u00e9 vinstri fr\u00e1 bo\u00f0inu og hann og synir hans r\u00e1\u00f0i lengi r\u00edkjum \u00ed \u00cdsrael.<\/p>\n","protected":false},"excerpt":{"rendered":"<p>1 \u00de\u00fa skalt ekki f\u00f3rna Drottni, Gu\u00f0i \u00fe\u00ednum, nauti e\u00f0a lambi sem hefur eitthvert l\u00fdti e\u00f0a galla \u00fev\u00ed a\u00f0 \u00fea\u00f0 er Drottni, Gu\u00f0i \u00fe\u00ednum, vi\u00f0urstygg\u00f0. 2 Finnist hj\u00e1 \u00fe\u00e9r \u00ed einhverri af borgunum, sem Drottinn, Gu\u00f0 \u00feinn, gefur \u00fe\u00e9r, karl e\u00f0a kona sem gerir \u00fea\u00f0 sem illt er \u00ed augum Drottins, Gu\u00f0s \u00fe\u00edns, me\u00f0 \u00fev\u00ed a\u00f0 rj\u00fafa s\u00e1ttm\u00e1lann vi\u00f0 hann, 3 og fari og \u00fej\u00f3ni \u00f6\u00f0rum gu\u00f0um gegn bo\u00f0um m\u00ednum og s\u00fdni \u00feeim lotningu, s\u00f3linni, tunglinu e\u00f0a \u00f6llum himinsins her 4 og \u00fe\u00fa ver\u00f0ir \u00feessa v\u00edsari, skaltu rannsaka \u00fea\u00f0 gaumg\u00e6filega. Reynist r\u00e9tt vera a\u00f0 sl\u00edk sv\u00edvir\u00f0a hafi veri\u00f0 framin \u00ed <a href=\"https:\/\/biblian.is\/biblian\/fimmta-mosebok-17-kafli\/\"> [&#8230;]<\/a><\/p>\n","protected":false},"author":1,"featured_media":0,"parent":0,"menu_order":0,"comment_status":"open","ping_status":"open","template":"bibliukaflar_NT.php","meta":{"footnotes":""},"class_list":["post-1787","page","type-page","status-publish","hentry"],"_links":{"self":[{"href":"https:\/\/biblian.is\/biblian\/wp-json\/wp\/v2\/pages\/1787","targetHints":{"allow":["GET"]}}],"collection":[{"href":"https:\/\/biblian.is\/biblian\/wp-json\/wp\/v2\/pages"}],"about":[{"href":"https:\/\/biblian.is\/biblian\/wp-json\/wp\/v2\/types\/page"}],"author":[{"embeddable":true,"href":"https:\/\/biblian.is\/biblian\/wp-json\/wp\/v2\/users\/1"}],"replies":[{"embeddable":true,"href":"https:\/\/biblian.is\/biblian\/wp-json\/wp\/v2\/comments?post=1787"}],"version-history":[{"count":0,"href":"https:\/\/biblian.is\/biblian\/wp-json\/wp\/v2\/pages\/1787\/revisions"}],"wp:attachment":[{"href":"https:\/\/biblian.is\/biblian\/wp-json\/wp\/v2\/media?parent=1787"}],"curies":[{"name":"wp","href":"https:\/\/api.w.org\/{rel}","templated":true}]}}