{"id":1786,"date":"2017-12-30T21:00:25","date_gmt":"2017-12-30T21:00:25","guid":{"rendered":"http:\/\/biblian.is\/biblian\/fimmta-m%c2%97seb%c2%97k-16-kafli\/"},"modified":"2024-05-06T22:31:56","modified_gmt":"2024-05-06T22:31:56","slug":"fimmta-mosebok-16-kafli","status":"publish","type":"page","link":"https:\/\/biblian.is\/biblian\/fimmta-mosebok-16-kafli\/","title":{"rendered":"Fimmta M\u00f3seb\u00f3k 16. kafli"},"content":{"rendered":"<h3 class=\"millifyrirsogn_2007\"> P\u00e1skah\u00e1t\u00ed\u00f0in<\/h3>\n<p><a name=\"1\"><span class=\"versanumer_2007\">1<\/span><\/a> G\u00e6t \u00feess a\u00f0 halda Drottni, Gu\u00f0i \u00fe\u00ednum, p\u00e1ska \u00ed ab\u00edbm\u00e1nu\u00f0i. \u00dea\u00f0 var n\u00f3tt eina \u00ed ab\u00edbm\u00e1nu\u00f0i a\u00f0 Drottinn, Gu\u00f0 \u00feinn, leiddi \u00feig \u00fat \u00far Egyptalandi. <a name=\"2\"><span class=\"versanumer_2007\">2<\/span><\/a> \u00de\u00fa skalt sl\u00e1tra Drottni, Gu\u00f0i \u00fe\u00ednum, f\u00f3rnard\u00fdrum p\u00e1skanna, sau\u00f0um og nautum, \u00e1 sta\u00f0num sem Drottinn mun velja til a\u00f0 l\u00e1ta nafn sitt b\u00faa \u00fear. <a name=\"3\"><span class=\"versanumer_2007\">3<\/span><\/a> \u00de\u00fa m\u00e1tt ekki eta s\u00fdrt brau\u00f0 me\u00f0 f\u00f3rninni heldur skalt \u00fe\u00fa eta \u00f3s\u00fdrt brau\u00f0 \u00ed sj\u00f6 daga, ney\u00f0arbrau\u00f0, \u00fev\u00ed a\u00f0 \u00fe\u00fa f\u00f3rst \u00ed fl\u00fdti fr\u00e1 Egyptalandi, svo a\u00f0 \u00fe\u00fa minnist brottfarardags \u00fe\u00edns fr\u00e1 Egyptalandi alla \u00e6vidaga \u00fe\u00edna. <a name=\"4\"><span class=\"versanumer_2007\">4<\/span><\/a> Ekki m\u00e1 s\u00fardeig sj\u00e1st neins sta\u00f0ar \u00e1 landi \u00fe\u00ednu \u00ed sj\u00f6 daga og ekkert af \u00fev\u00ed kj\u00f6ti, sem \u00fe\u00fa f\u00f3rnar a\u00f0 kv\u00f6ldi fyrsta dagsins, m\u00e1 ver\u00f0a eftir til n\u00e6sta morguns.<br \/> <a name=\"5\"><span class=\"versanumer_2007\">5<\/span><\/a> \u00de\u00fa m\u00e1tt ekki sl\u00e1tra f\u00f3rnard\u00fdri p\u00e1skanna hvar sem er \u00ed \u00feeim borgum sem Drottinn, Gu\u00f0 \u00feinn, gefur \u00fe\u00e9r <a name=\"6\"><span class=\"versanumer_2007\">6<\/span><\/a> heldur a\u00f0eins \u00e1 sta\u00f0num sem Drottinn, Gu\u00f0 \u00feinn, mun velja til a\u00f0 l\u00e1ta nafn sitt b\u00faa \u00fear. \u00dear skaltu sl\u00e1tra f\u00f3rnard\u00fdri p\u00e1skanna um kv\u00f6ldi\u00f0, vi\u00f0 s\u00f3larlag, \u00e1 s\u00f6mu stund og \u00fe\u00fa f\u00f3rst \u00fat \u00far Egyptalandi.<br \/> <a name=\"7\"><span class=\"versanumer_2007\">7<\/span><\/a> \u00de\u00fa skalt sj\u00f3\u00f0a kj\u00f6t f\u00f3rnard\u00fdrs p\u00e1skanna og neyta \u00feess \u00e1 \u00feeim sta\u00f0 sem Drottinn, Gu\u00f0 \u00feinn, mun velja s\u00e9r. Morguninn eftir skaltu halda aftur til tjalda \u00feinna.<br \/> <a name=\"8\"><span class=\"versanumer_2007\">8<\/span><\/a> Sex daga skalt \u00fe\u00fa eta \u00f3s\u00fdrt brau\u00f0. Sj\u00f6unda daginn er h\u00e1t\u00ed\u00f0arsamkoma Drottni, Gu\u00f0i \u00fe\u00ednum, til d\u00fdr\u00f0ar. \u00de\u00e1 skaltu ekkert verk vinna.<\/p>\n<h3 class=\"millifyrirsogn_2007\">Viknah\u00e1t\u00ed\u00f0in<\/h3>\n<p><a name=\"9\"><span class=\"versanumer_2007\">9<\/span><\/a> Sj\u00f6 vikur skaltu telja. \u00de\u00e6r skaltu telja fr\u00e1 \u00fev\u00ed a\u00f0 sig\u00f0in er fyrst l\u00f6g\u00f0 a\u00f0 kornst\u00f6ngunum. <a name=\"10\"><span class=\"versanumer_2007\">10<\/span><\/a> \u00de\u00e1 skaltu halda Drottni, Gu\u00f0i \u00fe\u00ednum, viknah\u00e1t\u00ed\u00f0ina me\u00f0 \u00fev\u00ed a\u00f0 f\u00e6ra honum gjafir af f\u00fasum og frj\u00e1lsum vilja \u00ed samr\u00e6mi vi\u00f0 \u00fe\u00e1 blessun sem Drottinn, Gu\u00f0 \u00feinn, hefur veitt \u00fe\u00e9r.<br \/> <a name=\"11\"><span class=\"versanumer_2007\">11<\/span><\/a> \u00de\u00fa skalt gle\u00f0jast frammi fyrir Drottni, Gu\u00f0i \u00fe\u00ednum, \u00fe\u00fa og synir \u00fe\u00ednir og d\u00e6tur, \u00fer\u00e6lar \u00fe\u00ednir og amb\u00e1ttir \u00e1samt Lev\u00edtunum, sem b\u00faa \u00ed borg \u00feinni, og a\u00f0komum\u00f6nnunum sem nj\u00f3ta verndar \u00feinnar, muna\u00f0arleysingjum og ekkjum sem hj\u00e1 \u00fe\u00e9r eru. \u00de\u00fa skalt gle\u00f0jast \u00e1 sta\u00f0num sem Drottinn, Gu\u00f0 \u00feinn, mun velja til \u00feess a\u00f0 l\u00e1ta nafn sitt b\u00faa \u00e1. <a name=\"12\"><span class=\"versanumer_2007\">12<\/span><\/a> Og minnstu \u00feess a\u00f0 \u00fe\u00fa varst sj\u00e1lfur \u00fer\u00e6ll \u00ed Egyptalandi og \u00fe\u00fa skalt halda \u00feessi l\u00f6g og fylgja \u00feeim.<\/p>\n<h3 class=\"millifyrirsogn_2007\">Laufsk\u00e1lah\u00e1t\u00ed\u00f0in<\/h3>\n<p><a name=\"13\"><span class=\"versanumer_2007\">13<\/span><\/a> Laufsk\u00e1lah\u00e1t\u00ed\u00f0ina skaltu halda \u00ed sj\u00f6 daga \u00feegar \u00fe\u00fa hefur hirt uppskeruna af \u00fereskivelli \u00fe\u00ednum og v\u00edni\u00f0 \u00far v\u00ednpressu \u00feinni. <a name=\"14\"><span class=\"versanumer_2007\">14<\/span><\/a> \u00de\u00fa skalt gle\u00f0jast \u00e1 h\u00e1t\u00ed\u00f0 \u00feinni, \u00fe\u00fa og synir \u00fe\u00ednir og d\u00e6tur, \u00fer\u00e6lar \u00fe\u00ednir og amb\u00e1ttir \u00e1samt Lev\u00edtunum, a\u00f0komum\u00f6nnunum, muna\u00f0arleysingjum og ekkjum sem b\u00faa \u00ed borg \u00feinni. <a name=\"15\"><span class=\"versanumer_2007\">15<\/span><\/a> \u00de\u00fa skalt halda Drottni, Gu\u00f0i \u00fe\u00ednum, h\u00e1t\u00ed\u00f0 \u00ed sj\u00f6 daga \u00e1 sta\u00f0num sem Drottinn mun velja. \u00deegar Drottinn, Gu\u00f0 \u00feinn, hefur blessa\u00f0 \u00feig me\u00f0 allri uppskeru \u00feinni og \u00ed \u00f6llu sem \u00fe\u00fa tekur \u00fe\u00e9r fyrir hendur skaltu fagna st\u00f3rum.<br \/> <a name=\"16\"><span class=\"versanumer_2007\">16<\/span><\/a> \u00derisvar \u00e1 \u00e1ri, \u00e1 h\u00e1t\u00ed\u00f0 hinna \u00f3s\u00fdr\u00f0u brau\u00f0a, viknah\u00e1t\u00ed\u00f0inni og laufsk\u00e1lah\u00e1t\u00ed\u00f0inni, skulu allir karlmenn \u00fe\u00ednir sj\u00e1 auglit Drottins, Gu\u00f0s \u00fe\u00edns, <span class=\"nedan_mal\" title=\" Annar lesh\u00e1ttur: \u2026 skulu allir karlmenn \u00fe\u00ednir birtast frammi fyrir Drottni, Gu\u00f0i \u00fe\u00ednum.\">[<\/span> \u00e1 sta\u00f0num sem hann velur. Enginn skal koma t\u00f3mhentur til a\u00f0 sj\u00e1 auglit Drottins <a name=\"17\"><span class=\"versanumer_2007\">17<\/span><\/a> heldur skal hver koma me\u00f0 s\u00edna gj\u00f6f \u00ed samr\u00e6mi vi\u00f0 \u00fe\u00e1 blessun sem Drottinn, Gu\u00f0 \u00feinn, hefur veitt \u00fe\u00e9r.<\/p>\n<h3 class=\"millifyrirsogn_2007\">D\u00f3marar og st\u00f6rf \u00feeirra<\/h3>\n<p><a name=\"18\"><span class=\"versanumer_2007\">18<\/span><\/a> \u00de\u00fa skalt skipa d\u00f3mara og eftirlitsmenn fyrir \u00e6ttb\u00e1lka \u00fe\u00edna \u00ed \u00f6llum borgunum sem Drottinn, Gu\u00f0 \u00feinn, gefur \u00fe\u00e9r. \u00deeir eiga a\u00f0 stj\u00f3rna f\u00f3lkinu og d\u00e6ma r\u00e9ttl\u00e1tlega.<br \/> <a name=\"19\"><span class=\"versanumer_2007\">19<\/span><\/a> \u00de\u00fa skalt ekki halla r\u00e9ttinum. \u00de\u00fa skalt ekki s\u00fdna hlutdr\u00e6gni. \u00de\u00fa skalt ekki \u00feiggja m\u00fatur \u00fev\u00ed a\u00f0 m\u00fatur blinda augu hins vitra og afbaka m\u00e1l \u00feeirra sem hafa \u00e1 r\u00e9ttu a\u00f0 standa. <a name=\"20\"><span class=\"versanumer_2007\">20<\/span><\/a> R\u00e9ttl\u00e6tinu einu skalt \u00fe\u00fa framfylgja svo a\u00f0 \u00fe\u00fa megir lifa og taka landi\u00f0 til eignar sem Drottinn, Gu\u00f0 \u00feinn, f\u00e6r \u00fe\u00e9r.<\/p>\n<h3 class=\"millifyrirsogn_2007\">Bann vi\u00f0 hj\u00e1gu\u00f0ad\u00fdrkun<\/h3>\n<p><a name=\"21\"><span class=\"versanumer_2007\">21<\/span><\/a> \u00de\u00fa skalt ekki gr\u00f3\u00f0ursetja neins konar tr\u00e9 sem As\u00e9rust\u00f3lpa vi\u00f0 hli\u00f0ina \u00e1 altari Drottins, Gu\u00f0s \u00fe\u00edns, sem \u00fe\u00fa reisir. <a name=\"22\"><span class=\"versanumer_2007\">22<\/span><\/a> \u00de\u00fa skalt ekki setja upp neinn merkistein sem Drottinn, Gu\u00f0 \u00feinn, hatar.<\/p>\n","protected":false},"excerpt":{"rendered":"<p>P\u00e1skah\u00e1t\u00ed\u00f0in 1 G\u00e6t \u00feess a\u00f0 halda Drottni, Gu\u00f0i \u00fe\u00ednum, p\u00e1ska \u00ed ab\u00edbm\u00e1nu\u00f0i. \u00dea\u00f0 var n\u00f3tt eina \u00ed ab\u00edbm\u00e1nu\u00f0i a\u00f0 Drottinn, Gu\u00f0 \u00feinn, leiddi \u00feig \u00fat \u00far Egyptalandi. 2 \u00de\u00fa skalt sl\u00e1tra Drottni, Gu\u00f0i \u00fe\u00ednum, f\u00f3rnard\u00fdrum p\u00e1skanna, sau\u00f0um og nautum, \u00e1 sta\u00f0num sem Drottinn mun velja til a\u00f0 l\u00e1ta nafn sitt b\u00faa \u00fear. 3 \u00de\u00fa m\u00e1tt ekki eta s\u00fdrt brau\u00f0 me\u00f0 f\u00f3rninni heldur skalt \u00fe\u00fa eta \u00f3s\u00fdrt brau\u00f0 \u00ed sj\u00f6 daga, ney\u00f0arbrau\u00f0, \u00fev\u00ed a\u00f0 \u00fe\u00fa f\u00f3rst \u00ed fl\u00fdti fr\u00e1 Egyptalandi, svo a\u00f0 \u00fe\u00fa minnist brottfarardags \u00fe\u00edns fr\u00e1 Egyptalandi alla \u00e6vidaga \u00fe\u00edna. 4 Ekki m\u00e1 s\u00fardeig sj\u00e1st neins sta\u00f0ar \u00e1 landi \u00fe\u00ednu <a href=\"https:\/\/biblian.is\/biblian\/fimmta-mosebok-16-kafli\/\"> [&#8230;]<\/a><\/p>\n","protected":false},"author":1,"featured_media":0,"parent":0,"menu_order":0,"comment_status":"open","ping_status":"open","template":"bibliukaflar_NT.php","meta":{"footnotes":""},"class_list":["post-1786","page","type-page","status-publish","hentry"],"_links":{"self":[{"href":"https:\/\/biblian.is\/biblian\/wp-json\/wp\/v2\/pages\/1786","targetHints":{"allow":["GET"]}}],"collection":[{"href":"https:\/\/biblian.is\/biblian\/wp-json\/wp\/v2\/pages"}],"about":[{"href":"https:\/\/biblian.is\/biblian\/wp-json\/wp\/v2\/types\/page"}],"author":[{"embeddable":true,"href":"https:\/\/biblian.is\/biblian\/wp-json\/wp\/v2\/users\/1"}],"replies":[{"embeddable":true,"href":"https:\/\/biblian.is\/biblian\/wp-json\/wp\/v2\/comments?post=1786"}],"version-history":[{"count":0,"href":"https:\/\/biblian.is\/biblian\/wp-json\/wp\/v2\/pages\/1786\/revisions"}],"wp:attachment":[{"href":"https:\/\/biblian.is\/biblian\/wp-json\/wp\/v2\/media?parent=1786"}],"curies":[{"name":"wp","href":"https:\/\/api.w.org\/{rel}","templated":true}]}}