{"id":1783,"date":"2017-12-30T21:00:25","date_gmt":"2017-12-30T21:00:25","guid":{"rendered":"http:\/\/biblian.is\/biblian\/fimmta-m%c2%97seb%c2%97k-13-kafli\/"},"modified":"2024-05-06T22:31:56","modified_gmt":"2024-05-06T22:31:56","slug":"fimmta-mosebok-13-kafli","status":"publish","type":"page","link":"https:\/\/biblian.is\/biblian\/fimmta-mosebok-13-kafli\/","title":{"rendered":"Fimmta M\u00f3seb\u00f3k 13. kafli"},"content":{"rendered":"<p><a name=\"1\"><span class=\"versanumer_2007\">1<\/span><\/a> \u00dei\u00f0 skulu\u00f0 halda kostg\u00e6filega s\u00e9rhvert bo\u00f0 sem \u00e9g set ykkur. \u00de\u00fa skalt engu vi\u00f0 auka n\u00e9 heldur draga nokku\u00f0 undan.<span class=\"nedan_mal\" title=\" \u00d6nnur versaskipting en \u00ed Bibl\u00edunni sem gefin var \u00fat \u00e1ri\u00f0 1981. H\u00e9r er fylgt versaskiptingu \u00e1 hebreska textanum.\">[<\/span> <br \/> <a name=\"2\"><span class=\"versanumer_2007\">2<\/span><\/a> Komi sp\u00e1ma\u00f0ur e\u00f0a draumama\u00f0ur fram ykkar \u00e1 me\u00f0al og bo\u00f0i \u00fe\u00e9r t\u00e1kn og undur <a name=\"3\"><span class=\"versanumer_2007\">3<\/span><\/a> og t\u00e1kni\u00f0 e\u00f0a undri\u00f0 r\u00e6tist og hann segir: \u201eVi\u00f0 skulum fylgja \u00f6\u00f0rum gu\u00f0um en \u00feeim sem \u00fei\u00f0 hafi\u00f0 \u00feekkt \u00e1\u00f0ur og vi\u00f0 skulum \u00fej\u00f3na \u00feeim,\u201c <a name=\"4\"><span class=\"versanumer_2007\">4<\/span><\/a> skaltu ekki hlusta \u00e1 or\u00f0 \u00feessa sp\u00e1manns e\u00f0a draumamanns \u00fev\u00ed a\u00f0 Drottinn, Gu\u00f0 ykkar, er a\u00f0 reyna ykkur til a\u00f0 komast a\u00f0 \u00fev\u00ed hvort \u00fei\u00f0 elski\u00f0 Drottin, Gu\u00f0 ykkar, af \u00f6llu hjarta ykkar og allri s\u00e1lu.<br \/> <a name=\"5\"><span class=\"versanumer_2007\">5<\/span><\/a> \u00dei\u00f0 skulu\u00f0 fylgja Drottni, Gu\u00f0i ykkar, \u00f3ttast hann, halda bo\u00f0or\u00f0 hans, hl\u00fd\u00f0a \u00e1 bo\u00f0skap hans, \u00fej\u00f3na honum og halda ykkur fast vi\u00f0 hann. <a name=\"6\"><span class=\"versanumer_2007\">6<\/span><\/a> En sp\u00e1manninn e\u00f0a draumamanninn skal taka af l\u00edfi \u00fev\u00ed a\u00f0 hann hefur hvatt til fr\u00e1hvarfs fr\u00e1 Drottni, Gu\u00f0i ykkar, sem leiddi ykkur \u00fat \u00far Egyptalandi og keypti ykkur frj\u00e1ls \u00far \u00fer\u00e6lah\u00fasinu. Hann reyndi a\u00f0 t\u00e6la \u00feig af \u00feeim vegi sem Drottinn, Gu\u00f0 \u00feinn, hefur bo\u00f0i\u00f0 \u00fe\u00e9r a\u00f0 ganga. \u00de\u00fa skalt ey\u00f0a hinu illa \u00fe\u00edn \u00e1 me\u00f0al.<br \/> <a name=\"7\"><span class=\"versanumer_2007\">7<\/span><\/a> Ef br\u00f3\u00f0ir \u00feinn samm\u00e6\u00f0ra, sonur, d\u00f3ttir, konan \u00ed fa\u00f0mi \u00fe\u00ednum e\u00f0a vinur, sem \u00fe\u00fa elskar eins og sj\u00e1lfan \u00feig, reynir \u00e1 laun a\u00f0 lei\u00f0a \u00feig afvega me\u00f0 \u00fev\u00ed a\u00f0 segja: \u201eVi\u00f0 skulum \u00fej\u00f3na \u00f6\u00f0rum gu\u00f0um,\u201c sem hvorki \u00fe\u00fa n\u00e9 forfe\u00f0ur \u00fe\u00ednir hafa \u00feekkt, <a name=\"8\"><span class=\"versanumer_2007\">8<\/span><\/a> einhverjum af gu\u00f0um \u00fej\u00f3\u00f0anna sem b\u00faa \u00ed kringum ykkur, n\u00e6r e\u00f0a fj\u00e6r fr\u00e1 einu heimskauti til annars, <a name=\"9\"><span class=\"versanumer_2007\">9<\/span><\/a> skalt \u00fe\u00fa ekki l\u00e1ta undan honum og ekki hlusta \u00e1 hann. \u00de\u00fa skalt hvorki hafa sam\u00fa\u00f0 me\u00f0 honum, hl\u00edfa honum n\u00e9 hylma yfir me\u00f0 honum <a name=\"10\"><span class=\"versanumer_2007\">10<\/span><\/a> heldur skaltu taka hann af l\u00edfi. \u00de\u00fa skalt vera fyrstur til a\u00f0 leggja h\u00f6nd \u00e1 hann til a\u00f0 taka hann af l\u00edfi. \u00dev\u00ed n\u00e6st skal allt f\u00f3lki\u00f0 leggja \u00e1 hann hendur. <a name=\"11\"><span class=\"versanumer_2007\">11<\/span><\/a> \u00de\u00fa skalt gr\u00fdta hann til bana \u00fev\u00ed a\u00f0 hann reyndi a\u00f0 t\u00e6la \u00feig fr\u00e1 Drottni, Gu\u00f0i \u00fe\u00ednum, sem leiddi \u00feig \u00fat \u00far Egyptalandi, \u00fat \u00far \u00fer\u00e6lah\u00fasinu.<br \/> <a name=\"12\"><span class=\"versanumer_2007\">12<\/span><\/a> Allur \u00cdsrael skal heyra um \u00feetta svo a\u00f0 hann skelfist og enginn vinni framar sl\u00edkt illvirki mitt \u00e1 me\u00f0al \u00fe\u00edn.<br \/> <a name=\"13\"><span class=\"versanumer_2007\">13<\/span><\/a> Ef til vill heyrir \u00fe\u00fa sagt um einhverja af borgum \u00feeim sem Drottinn, Gu\u00f0 \u00feinn, gefur \u00fe\u00e9r til a\u00f0 b\u00faa \u00ed: <a name=\"14\"><span class=\"versanumer_2007\">14<\/span><\/a> \u201eIllmenni af \u00feinni eigin \u00fej\u00f3\u00f0 hafa leitt \u00edb\u00faa borgarinnar afvega me\u00f0 \u00fev\u00ed a\u00f0 segja: Vi\u00f0 skulum fara og \u00fej\u00f3na \u00f6\u00f0rum gu\u00f0um sem \u00fei\u00f0 hafi\u00f0 ekki \u00feekkt \u00e1\u00f0ur.\u201c<br \/> <a name=\"15\"><span class=\"versanumer_2007\">15<\/span><\/a> \u00de\u00e1 skalt \u00fe\u00fa rannsaka \u00feetta r\u00e6kilega, spyrjast fyrir og grennslast eftir. Reynist \u00feetta r\u00e9tt og \u00fea\u00f0 sannast a\u00f0 \u00feessi vi\u00f0urstygg\u00f0 hafi veri\u00f0 framin \u00fe\u00edn \u00e1 me\u00f0al, <a name=\"16\"><span class=\"versanumer_2007\">16<\/span><\/a> skaltu h\u00f6ggva \u00edb\u00faa \u00feessarar borgar me\u00f0 sver\u00f0i, helga borgina banni og allt sem \u00ed henni er \u00e1samt b\u00faf\u00e9na\u00f0i. <a name=\"17\"><span class=\"versanumer_2007\">17<\/span><\/a> \u00d6llu herfangi skaltu safna saman mitt \u00e1 marka\u00f0storgi borgarinnar. \u00dev\u00ed n\u00e6st skaltu brenna borgina og allt herfangi\u00f0 \u00ed eldi sem alf\u00f3rn handa Drottni, Gu\u00f0i \u00fe\u00ednum. H\u00fan skal ver\u00f0a \u00e6varandi r\u00fast og aldrei ver\u00f0a endurreist <a name=\"18\"><span class=\"versanumer_2007\">18<\/span><\/a> og ekkert af hinu bannf\u00e6r\u00f0a m\u00e1ttu taka til handargagns.<br \/>\u00de\u00e1 mun Drottinn l\u00e1ta af brennandi heift sinni og s\u00fdna \u00fe\u00e9r miskunn. \u00de\u00e1 mun hann aftur miskunna sig yfir \u00feig og fj\u00f6lga \u00fe\u00e9r eins og hann h\u00e9t forfe\u00f0rum \u00fe\u00ednum <a name=\"19\"><span class=\"versanumer_2007\">19<\/span><\/a> af \u00fev\u00ed a\u00f0 \u00fe\u00fa hl\u00fd\u00f0ir bo\u00f0i Drottins, Gu\u00f0s \u00fe\u00edns, og heldur \u00f6ll bo\u00f0or\u00f0 hans, sem \u00e9g set \u00ed dag, og gerir \u00fea\u00f0 sem er r\u00e9tt \u00ed augum Drottins, Gu\u00f0s \u00fe\u00edns.<\/p>\n","protected":false},"excerpt":{"rendered":"<p>1 \u00dei\u00f0 skulu\u00f0 halda kostg\u00e6filega s\u00e9rhvert bo\u00f0 sem \u00e9g set ykkur. \u00de\u00fa skalt engu vi\u00f0 auka n\u00e9 heldur draga nokku\u00f0 undan.[ 2 Komi sp\u00e1ma\u00f0ur e\u00f0a draumama\u00f0ur fram ykkar \u00e1 me\u00f0al og bo\u00f0i \u00fe\u00e9r t\u00e1kn og undur 3 og t\u00e1kni\u00f0 e\u00f0a undri\u00f0 r\u00e6tist og hann segir: \u201eVi\u00f0 skulum fylgja \u00f6\u00f0rum gu\u00f0um en \u00feeim sem \u00fei\u00f0 hafi\u00f0 \u00feekkt \u00e1\u00f0ur og vi\u00f0 skulum \u00fej\u00f3na \u00feeim,\u201c 4 skaltu ekki hlusta \u00e1 or\u00f0 \u00feessa sp\u00e1manns e\u00f0a draumamanns \u00fev\u00ed a\u00f0 Drottinn, Gu\u00f0 ykkar, er a\u00f0 reyna ykkur til a\u00f0 komast a\u00f0 \u00fev\u00ed hvort \u00fei\u00f0 elski\u00f0 Drottin, Gu\u00f0 ykkar, af \u00f6llu hjarta ykkar og allri s\u00e1lu. 5 <a href=\"https:\/\/biblian.is\/biblian\/fimmta-mosebok-13-kafli\/\"> [&#8230;]<\/a><\/p>\n","protected":false},"author":1,"featured_media":0,"parent":0,"menu_order":0,"comment_status":"open","ping_status":"open","template":"bibliukaflar_NT.php","meta":{"footnotes":""},"class_list":["post-1783","page","type-page","status-publish","hentry"],"_links":{"self":[{"href":"https:\/\/biblian.is\/biblian\/wp-json\/wp\/v2\/pages\/1783","targetHints":{"allow":["GET"]}}],"collection":[{"href":"https:\/\/biblian.is\/biblian\/wp-json\/wp\/v2\/pages"}],"about":[{"href":"https:\/\/biblian.is\/biblian\/wp-json\/wp\/v2\/types\/page"}],"author":[{"embeddable":true,"href":"https:\/\/biblian.is\/biblian\/wp-json\/wp\/v2\/users\/1"}],"replies":[{"embeddable":true,"href":"https:\/\/biblian.is\/biblian\/wp-json\/wp\/v2\/comments?post=1783"}],"version-history":[{"count":0,"href":"https:\/\/biblian.is\/biblian\/wp-json\/wp\/v2\/pages\/1783\/revisions"}],"wp:attachment":[{"href":"https:\/\/biblian.is\/biblian\/wp-json\/wp\/v2\/media?parent=1783"}],"curies":[{"name":"wp","href":"https:\/\/api.w.org\/{rel}","templated":true}]}}