{"id":1782,"date":"2017-12-30T21:00:25","date_gmt":"2017-12-30T21:00:25","guid":{"rendered":"http:\/\/biblian.is\/biblian\/fimmta-m%c2%97seb%c2%97k-12-kafli\/"},"modified":"2024-05-06T22:31:55","modified_gmt":"2024-05-06T22:31:55","slug":"fimmta-mosebok-12-kafli","status":"publish","type":"page","link":"https:\/\/biblian.is\/biblian\/fimmta-mosebok-12-kafli\/","title":{"rendered":"Fimmta M\u00f3seb\u00f3k 12. kafli"},"content":{"rendered":"<h3 class=\"millifyrirsogn_2007\"> L\u00f6gb\u00f3kin<\/h3>\n<p><a name=\"1\"><span class=\"versanumer_2007\">1<\/span><\/a> \u00deetta eru \u00feau l\u00f6g og \u00e1kv\u00e6\u00f0i sem \u00fei\u00f0 skulu\u00f0 fylgja af kostg\u00e6fni svo lengi sem \u00fei\u00f0 lifi\u00f0 \u00ed landinu sem Drottinn, Gu\u00f0 forfe\u00f0ra \u00feinna, hefur fengi\u00f0 \u00fe\u00e9r. \u00dei\u00f0 skulu\u00f0 fylgja \u00feeim svo lengi sem \u00fei\u00f0 lifi\u00f0 \u00ed landinu.<\/p>\n<h3 class=\"millifyrirsogn_2007\">Gu\u00f0sd\u00fdrkun \u00e1 einum sta\u00f0<\/h3>\n<p><a name=\"2\"><span class=\"versanumer_2007\">2<\/span><\/a> \u00dei\u00f0 skulu\u00f0 gerey\u00f0a \u00f6llum helgist\u00f6\u00f0unum \u00fear sem \u00fej\u00f3\u00f0irnar, sem \u00fei\u00f0 eigi\u00f0 a\u00f0 ry\u00f0ja \u00far vegi, \u00fej\u00f3nu\u00f0u gu\u00f0um s\u00ednum \u00e1 h\u00e1um fj\u00f6llum, h\u00f3lum og undir hverju gr\u00e6nu tr\u00e9. <a name=\"3\"><span class=\"versanumer_2007\">3<\/span><\/a> \u00dei\u00f0 skulu\u00f0 r\u00edfa ni\u00f0ur \u00f6lturu \u00feeirra, brj\u00f3ta merkisteina \u00feeirra, brenna As\u00e9rust\u00f3lpa \u00feeirra \u00ed eldi og h\u00f6ggva skur\u00f0go\u00f0 \u00feeirra ni\u00f0ur og afm\u00e1 nafn \u00feeirra af sta\u00f0num.<br \/> <a name=\"4\"><span class=\"versanumer_2007\">4<\/span><\/a> \u00dei\u00f0 skulu\u00f0 ekki d\u00fdrka Drottin, Gu\u00f0 ykkar, \u00e1 sama h\u00e1tt og \u00feessar \u00fej\u00f3\u00f0ir <a name=\"5\"><span class=\"versanumer_2007\">5<\/span><\/a> heldur skulu\u00f0 \u00fei\u00f0 leita til \u00feess sta\u00f0ar sem Drottinn, Gu\u00f0 ykkar, mun velja \u00far \u00f6llum l\u00f6ndum \u00e6ttb\u00e1lka ykkar me\u00f0 \u00fev\u00ed a\u00f0 setja nafn sitt \u00e1 hann svo a\u00f0 \u00fea\u00f0 b\u00fai \u00fear. \u00deanga\u00f0 skalt \u00fe\u00fa fara <a name=\"6\"><span class=\"versanumer_2007\">6<\/span><\/a> og \u00feanga\u00f0 skulu\u00f0 \u00fei\u00f0 f\u00e6ra brennif\u00f3rnir ykkar og sl\u00e1turf\u00f3rnir, t\u00edundir og afgj\u00f6ld, heitf\u00f3rnir og sj\u00e1lfviljaf\u00f3rnir og frumbur\u00f0i nautgripa ykkar og f\u00e9na\u00f0ar. <a name=\"7\"><span class=\"versanumer_2007\">7<\/span><\/a> \u00dear skulu\u00f0 \u00fei\u00f0 halda f\u00f3rnarm\u00e1lt\u00ed\u00f0 frammi fyrir Drottni, Gu\u00f0i ykkar, og gle\u00f0jast \u00e1samt fj\u00f6lskyldum ykkar yfir \u00f6llu sem \u00fei\u00f0 hafi\u00f0 afla\u00f0 me\u00f0 h\u00f6ndum ykkar og Drottinn, Gu\u00f0 \u00feinn, hefur blessa\u00f0 \u00feig me\u00f0.<br \/> <a name=\"8\"><span class=\"versanumer_2007\">8<\/span><\/a> \u00dei\u00f0 skulu\u00f0 ekki heg\u00f0a ykkur \u00fe\u00e1 eins og vi\u00f0 gerum h\u00e9r \u00ed dag \u00feegar hver gerir \u00fea\u00f0 sem honum gott \u00feykir <a name=\"9\"><span class=\"versanumer_2007\">9<\/span><\/a> \u00fev\u00ed a\u00f0 \u00fei\u00f0 eru\u00f0 ekki enn komin \u00e1 hv\u00edldarsta\u00f0inn og inn \u00ed erf\u00f0alandi\u00f0 sem Drottinn, Gu\u00f0 \u00feinn, gefur \u00fe\u00e9r.<br \/> <a name=\"10\"><span class=\"versanumer_2007\">10<\/span><\/a> \u00deegar \u00fei\u00f0 eru\u00f0 komin yfir J\u00f3rdan og eru\u00f0 sest a\u00f0 \u00ed landinu sem Drottinn, Gu\u00f0 ykkar, skiptir \u00e1 milli ykkar \u00ed erf\u00f0al\u00f6nd veitir hann ykkur fri\u00f0 fyrir \u00f6llum fjandm\u00f6nnum ykkar umhverfis. \u00deegar \u00fei\u00f0 b\u00fai\u00f0 \u00fear \u00f3hult <a name=\"11\"><span class=\"versanumer_2007\">11<\/span><\/a> skulu\u00f0 \u00fei\u00f0 koma me\u00f0 allt sem \u00e9g b\u00fd\u00f0 ykkur \u00e1 sta\u00f0inn sem Drottinn, Gu\u00f0 ykkar, velur s\u00e9r til a\u00f0 l\u00e1ta nafn sitt b\u00faa \u00e1, brennif\u00f3rnir og sl\u00e1turf\u00f3rnir, t\u00edundir og afgj\u00f6ld og allar d\u00fdrm\u00e6tu gjafirnar sem \u00fei\u00f0 heiti\u00f0 Drottni. <a name=\"12\"><span class=\"versanumer_2007\">12<\/span><\/a> \u00de\u00e1 skulu\u00f0 \u00fei\u00f0 gle\u00f0jast frammi fyrir Drottni, Gu\u00f0i ykkar, \u00fei\u00f0 sj\u00e1lf, synir ykkar og d\u00e6tur, \u00fer\u00e6lar ykkar og amb\u00e1ttir og Lev\u00edtarnir sem b\u00faa \u00ed borgum ykkar \u00fev\u00ed a\u00f0 \u00feeir hafa hvorki fengi\u00f0 jar\u00f0n\u00e6\u00f0i n\u00e9 erf\u00f0aland eins og \u00fei\u00f0. <a name=\"13\"><span class=\"versanumer_2007\">13<\/span><\/a> En g\u00e6t \u00feess vel a\u00f0 f\u00e6ra ekki brennif\u00f3rnir \u00fe\u00ednar \u00e1 hva\u00f0a sta\u00f0 sem \u00fe\u00e9r s\u00fdnist <a name=\"14\"><span class=\"versanumer_2007\">14<\/span><\/a> heldur \u00e1 sta\u00f0num sem Drottinn velur \u00ed landi eins af \u00e6ttb\u00e1lkum \u00fe\u00ednum. \u00dear skaltu f\u00e6ra brennif\u00f3rnir \u00fe\u00ednar og gera allt sem \u00e9g b\u00fd\u00f0 \u00fe\u00e9r.<br \/> <a name=\"15\"><span class=\"versanumer_2007\">15<\/span><\/a> Hins vegar m\u00e1ttu sl\u00e1tra og neyta kj\u00f6ts eins oft og \u00feig lystir, \u00ed hva\u00f0a borg \u00feinni sem vera skal \u00ed \u00feeim m\u00e6li sem blessun Drottins, Gu\u00f0s \u00fe\u00edns, veitir \u00fe\u00e9r. Jafnt \u00f3hreinir menn sem hreinir mega eta \u00fea\u00f0 eins og sk\u00f3gargeita- og hjartakj\u00f6t. <a name=\"16\"><span class=\"versanumer_2007\">16<\/span><\/a> En bl\u00f3\u00f0sins megi\u00f0 \u00fei\u00f0 ekki neyta heldur eigi\u00f0 \u00fei\u00f0 a\u00f0 hella \u00fev\u00ed \u00e1 j\u00f6r\u00f0ina eins og vatni.<br \/> <a name=\"17\"><span class=\"versanumer_2007\">17<\/span><\/a> \u00de\u00fa skalt ekki neyta t\u00edundar af korni \u00fe\u00ednu, v\u00edni e\u00f0a ol\u00edu \u00ed borgum \u00fe\u00ednum n\u00e9 heldur frumbur\u00f0a nautgripa \u00feinna og sau\u00f0fj\u00e1r og ekki neinna \u00feeirra gjafa, sem \u00fe\u00fa hefur heiti\u00f0 a\u00f0 f\u00e6ra Drottni, e\u00f0a sj\u00e1lfviljagjafa og afgjalda. <a name=\"18\"><span class=\"versanumer_2007\">18<\/span><\/a> \u00deessa skalt \u00fe\u00fa neyta frammi fyrir Drottni, Gu\u00f0i \u00fe\u00ednum, \u00e1 sta\u00f0num sem Drottinn, Gu\u00f0 \u00feinn, velur s\u00e9r. \u00de\u00fa skalt neyta \u00feess me\u00f0 sonum \u00fe\u00ednum og d\u00e6trum, \u00fer\u00e6lum \u00fe\u00ednum og amb\u00e1ttum og Lev\u00edtunum sem b\u00faa \u00ed borg \u00feinni. \u00de\u00e1 skaltu gle\u00f0jast frammi fyrir Drottni, Gu\u00f0i \u00fe\u00ednum, yfir \u00f6llu sem \u00fe\u00fa hefur afla\u00f0. <a name=\"19\"><span class=\"versanumer_2007\">19<\/span><\/a> En g\u00e6t \u00feess vel a\u00f0 setja Lev\u00edtana aldrei hj\u00e1 svo lengi sem \u00fe\u00fa lifir \u00ed landi \u00fe\u00ednu.<br \/> <a name=\"20\"><span class=\"versanumer_2007\">20<\/span><\/a> \u00deegar Drottinn, Gu\u00f0 \u00feinn, st\u00e6kkar land \u00feitt eins og hann hefur heiti\u00f0 \u00fe\u00e9r og \u00fe\u00fa segir: \u201e\u00c9g \u00e6tla a\u00f0 f\u00e1 m\u00e9r kj\u00f6t,\u201c af \u00fev\u00ed a\u00f0 \u00feig langar \u00ed kj\u00f6t, \u00fe\u00e1 m\u00e1ttu eta eins miki\u00f0 kj\u00f6t og \u00feig lystir. <a name=\"21\"><span class=\"versanumer_2007\">21<\/span><\/a> Ef sta\u00f0urinn, sem Drottinn, Gu\u00f0 \u00feinn, velur me\u00f0 \u00fev\u00ed a\u00f0 setja nafn sitt \u00e1 hann, er mj\u00f6g fjarri \u00fe\u00e9r skaltu sl\u00e1tra nautpeningi og sau\u00f0f\u00e9 sem Drottinn hefur gefi\u00f0 \u00fe\u00e9r eins og \u00e9g hef bo\u00f0i\u00f0 og eta eins miki\u00f0 og \u00feig lystir \u00ed heimaborg \u00feinni. <a name=\"22\"><span class=\"versanumer_2007\">22<\/span><\/a> \u00de\u00fa m\u00e1tt neyta \u00feess eins og \u00feegar sk\u00f3gargeitar e\u00f0a hjartar er neytt, \u00fea\u00f0 mega b\u00e6\u00f0i \u00f3hreinir menn og hreinir eta saman. <a name=\"23\"><span class=\"versanumer_2007\">23<\/span><\/a> En varastu a\u00f0 neyta nokkurs af bl\u00f3\u00f0inu \u00fev\u00ed a\u00f0 bl\u00f3\u00f0i\u00f0 er l\u00edfi\u00f0 sj\u00e1lft og \u00fe\u00fa m\u00e1tt ekki neyta l\u00edfsins \u00e1samt kj\u00f6tinu. <a name=\"24\"><span class=\"versanumer_2007\">24<\/span><\/a> \u00de\u00fa m\u00e1tt ekki neyta \u00feess heldur skaltu hella \u00fev\u00ed \u00e1 j\u00f6r\u00f0ina eins og vatni. <a name=\"25\"><span class=\"versanumer_2007\">25<\/span><\/a> \u00de\u00fa m\u00e1tt ekki neyta \u00feess svo a\u00f0 \u00fe\u00e9r og ni\u00f0jum \u00fe\u00ednum vegni vel af \u00fev\u00ed a\u00f0 \u00fe\u00fa gerir \u00fea\u00f0 sem er r\u00e9tt \u00ed augum Drottins.<br \/> <a name=\"26\"><span class=\"versanumer_2007\">26<\/span><\/a> En hin heil\u00f6gu afgj\u00f6ld, sem \u00fe\u00e9r ber a\u00f0 grei\u00f0a, og \u00e1heit, sem \u00fe\u00fa hefur lofa\u00f0 Drottni, skaltu hafa me\u00f0 \u00fe\u00e9r til \u00feess sta\u00f0ar sem Drottinn velur. <a name=\"27\"><span class=\"versanumer_2007\">27<\/span><\/a> Brennif\u00f3rn \u00fe\u00edna, b\u00e6\u00f0i kj\u00f6ti\u00f0 og bl\u00f3\u00f0i\u00f0, skaltu f\u00e6ra \u00e1 altari Drottins, Gu\u00f0s \u00fe\u00edns. Bl\u00f3\u00f0i sl\u00e1turf\u00f3rna \u00feinna skal hellt \u00e1 altari Drottins, Gu\u00f0s \u00fe\u00edns, en kj\u00f6ti\u00f0 skalt \u00fe\u00fa eta.<br \/> <a name=\"28\"><span class=\"versanumer_2007\">28<\/span><\/a> G\u00e6t \u00feess a\u00f0 halda \u00f6ll \u00feessi bo\u00f0, sem \u00e9g hef sett \u00fe\u00e9r, svo a\u00f0 \u00fe\u00e9r og ni\u00f0jum \u00fe\u00ednum vegni \u00e6vinlega vel af \u00fev\u00ed a\u00f0 \u00fe\u00fa gerir \u00fea\u00f0 sem gott er og r\u00e9tt \u00ed augum Drottins, Gu\u00f0s \u00fe\u00edns.<\/p>\n<h3 class=\"millifyrirsogn_2007\">Vara\u00f0 vi\u00f0 kanverskri gu\u00f0sd\u00fdrkun<\/h3>\n<p><a name=\"29\"><span class=\"versanumer_2007\">29<\/span><\/a> \u00deegar Drottinn, Gu\u00f0 \u00feinn, hefur rutt \u00fej\u00f3\u00f0unum \u00far vegi \u00ed landinu, sem \u00fe\u00fa fer\u00f0 inn \u00ed til a\u00f0 vinna, og \u00fe\u00fa ert sestur a\u00f0, <a name=\"30\"><span class=\"versanumer_2007\">30<\/span><\/a> g\u00e6t \u00fe\u00edn \u00fe\u00e1. \u00c1netjast ekki h\u00e1ttum \u00feeirra eftir a\u00f0 \u00feeim hefur veri\u00f0 rutt \u00far vegi \u00fe\u00ednum og \u00fe\u00fa skalt ekki spyrja um gu\u00f0i \u00feeirra og segja: \u201eHvernig \u00fej\u00f3nu\u00f0u \u00feessar \u00fej\u00f3\u00f0ir gu\u00f0um s\u00ednum? \u00c9g \u00e6tla a\u00f0 fara a\u00f0 eins og \u00fe\u00e6r.\u201c <a name=\"31\"><span class=\"versanumer_2007\">31<\/span><\/a> \u00deannig skaltu ekki breyta vi\u00f0 Drottin, Gu\u00f0 \u00feinn, \u00fev\u00ed a\u00f0 \u00feegar \u00feessar \u00fej\u00f3\u00f0ir \u00fej\u00f3nu\u00f0u gu\u00f0um s\u00ednum ger\u00f0u \u00fe\u00e6r allt sem Drottni, Gu\u00f0i \u00fe\u00ednum, er vi\u00f0urstygg\u00f0 og hann hatar. Jafnvel syni s\u00edna og d\u00e6tur brenndu \u00fe\u00e6r \u00ed eldi fyrir gu\u00f0i s\u00edna.<\/p>\n","protected":false},"excerpt":{"rendered":"<p>L\u00f6gb\u00f3kin 1 \u00deetta eru \u00feau l\u00f6g og \u00e1kv\u00e6\u00f0i sem \u00fei\u00f0 skulu\u00f0 fylgja af kostg\u00e6fni svo lengi sem \u00fei\u00f0 lifi\u00f0 \u00ed landinu sem Drottinn, Gu\u00f0 forfe\u00f0ra \u00feinna, hefur fengi\u00f0 \u00fe\u00e9r. \u00dei\u00f0 skulu\u00f0 fylgja \u00feeim svo lengi sem \u00fei\u00f0 lifi\u00f0 \u00ed landinu. Gu\u00f0sd\u00fdrkun \u00e1 einum sta\u00f0 2 \u00dei\u00f0 skulu\u00f0 gerey\u00f0a \u00f6llum helgist\u00f6\u00f0unum \u00fear sem \u00fej\u00f3\u00f0irnar, sem \u00fei\u00f0 eigi\u00f0 a\u00f0 ry\u00f0ja \u00far vegi, \u00fej\u00f3nu\u00f0u gu\u00f0um s\u00ednum \u00e1 h\u00e1um fj\u00f6llum, h\u00f3lum og undir hverju gr\u00e6nu tr\u00e9. 3 \u00dei\u00f0 skulu\u00f0 r\u00edfa ni\u00f0ur \u00f6lturu \u00feeirra, brj\u00f3ta merkisteina \u00feeirra, brenna As\u00e9rust\u00f3lpa \u00feeirra \u00ed eldi og h\u00f6ggva skur\u00f0go\u00f0 \u00feeirra ni\u00f0ur og afm\u00e1 nafn \u00feeirra af sta\u00f0num. 4 \u00dei\u00f0 <a href=\"https:\/\/biblian.is\/biblian\/fimmta-mosebok-12-kafli\/\"> [&#8230;]<\/a><\/p>\n","protected":false},"author":1,"featured_media":0,"parent":0,"menu_order":0,"comment_status":"open","ping_status":"open","template":"bibliukaflar_NT.php","meta":{"footnotes":""},"class_list":["post-1782","page","type-page","status-publish","hentry"],"_links":{"self":[{"href":"https:\/\/biblian.is\/biblian\/wp-json\/wp\/v2\/pages\/1782","targetHints":{"allow":["GET"]}}],"collection":[{"href":"https:\/\/biblian.is\/biblian\/wp-json\/wp\/v2\/pages"}],"about":[{"href":"https:\/\/biblian.is\/biblian\/wp-json\/wp\/v2\/types\/page"}],"author":[{"embeddable":true,"href":"https:\/\/biblian.is\/biblian\/wp-json\/wp\/v2\/users\/1"}],"replies":[{"embeddable":true,"href":"https:\/\/biblian.is\/biblian\/wp-json\/wp\/v2\/comments?post=1782"}],"version-history":[{"count":0,"href":"https:\/\/biblian.is\/biblian\/wp-json\/wp\/v2\/pages\/1782\/revisions"}],"wp:attachment":[{"href":"https:\/\/biblian.is\/biblian\/wp-json\/wp\/v2\/media?parent=1782"}],"curies":[{"name":"wp","href":"https:\/\/api.w.org\/{rel}","templated":true}]}}