{"id":1781,"date":"2017-12-30T21:00:25","date_gmt":"2017-12-30T21:00:25","guid":{"rendered":"http:\/\/biblian.is\/biblian\/fimmta-m%c2%97seb%c2%97k-11-kafli\/"},"modified":"2024-05-06T22:31:55","modified_gmt":"2024-05-06T22:31:55","slug":"fimmta-mosebok-11-kafli","status":"publish","type":"page","link":"https:\/\/biblian.is\/biblian\/fimmta-mosebok-11-kafli\/","title":{"rendered":"Fimmta M\u00f3seb\u00f3k 11. kafli"},"content":{"rendered":"<p><a name=\"1\"><span class=\"versanumer_2007\">1<\/span><\/a> \u00de\u00fa skalt elska Drottin, Gu\u00f0 \u00feinn, og \u00e6t\u00ed\u00f0 halda fyrirm\u00e6li hans, l\u00f6g, \u00e1kv\u00e6\u00f0i og skipanir. <a name=\"2\"><span class=\"versanumer_2007\">2<\/span><\/a> \u00cd dag skulu\u00f0 \u00fei\u00f0 j\u00e1ta a\u00f0 \u00fea\u00f0 voru ekki b\u00f6rn ykkar sem s\u00e1u og hlutu uppeldi Drottins, Gu\u00f0s ykkar, heldur \u00fei\u00f0 sem s\u00e1u\u00f0 tign hans, m\u00e1ttuga h\u00f6nd hans og \u00fatr\u00e9ttan arm, <a name=\"3\"><span class=\"versanumer_2007\">3<\/span><\/a> t\u00e1knin og afrekin sem hann vann mitt \u00ed Egyptalandi gegn fara\u00f3, konungi Egyptalands, og \u00f6llu landi hans, <a name=\"4\"><span class=\"versanumer_2007\">4<\/span><\/a> hvernig hann f\u00f3r me\u00f0 her Egypta, hesta \u00feeirra og hestvagna, hvernig hann l\u00e9t \u00f6ldur Sefhafsins steypast yfir \u00fe\u00e1 \u00feegar \u00feeir eltu ykkur. Drottinn gereyddi \u00feeim \u00ed eitt skipti fyrir \u00f6ll.<br \/> <a name=\"5\"><span class=\"versanumer_2007\">5<\/span><\/a> \u00dei\u00f0 s\u00e1u\u00f0 hva\u00f0 hann ger\u00f0i fyrir ykkur \u00ed ey\u00f0im\u00f6rkinni \u00fear til \u00fei\u00f0 komu\u00f0 til \u00feessa sta\u00f0ar <a name=\"6\"><span class=\"versanumer_2007\">6<\/span><\/a> og hvernig hann f\u00f3r me\u00f0 Datan og Ab\u00edram, syni El\u00edabs R\u00fabenssonar, \u00feegar j\u00f6r\u00f0in glennti upp gini\u00f0 og gleypti \u00fe\u00e1 \u00e1samt fj\u00f6lskyldum \u00feeirra, tj\u00f6ldum og \u00f6llum b\u00faf\u00e9na\u00f0i sem \u00feeim fylgdi. <a name=\"7\"><span class=\"versanumer_2007\">7<\/span><\/a> Me\u00f0 eigin augum s\u00e1u\u00f0 \u00fei\u00f0 \u00f6ll hin miklu m\u00e1ttarverk sem Drottinn vann.<br \/> <a name=\"8\"><span class=\"versanumer_2007\">8<\/span><\/a> Haldi\u00f0 \u00feess vegna \u00f6ll bo\u00f0in sem \u00e9g set ykkur \u00ed dag svo a\u00f0 \u00fei\u00f0 f\u00e1i\u00f0 kraft til a\u00f0 komast inn \u00ed og f\u00e1i\u00f0 til eignar landi\u00f0 sem \u00fei\u00f0 eru\u00f0 a\u00f0 halda til og sl\u00e1 eign ykkar \u00e1, <a name=\"9\"><span class=\"versanumer_2007\">9<\/span><\/a> og svo a\u00f0 \u00fei\u00f0 ver\u00f0i\u00f0 langl\u00edf \u00ed landinu sem Drottinn h\u00e9t a\u00f0 gefa forfe\u00f0rum ykkar og ni\u00f0jum \u00feeirra, landi sem fl\u00fdtur \u00ed mj\u00f3lk og hunangi. <a name=\"10\"><span class=\"versanumer_2007\">10<\/span><\/a> \u00dev\u00ed a\u00f0 landi\u00f0, sem \u00fe\u00fa ert \u00ed \u00feann veginn a\u00f0 fara inn \u00ed til \u00feess a\u00f0 sl\u00e1 eign \u00e1, er ekki eins og Egyptaland sem \u00fei\u00f0 f\u00f3ru\u00f0 fr\u00e1. \u00dear \u00feurftir \u00fe\u00fa a\u00f0 v\u00f6kva akurinn me\u00f0 f\u00e6ti \u00fe\u00ednum eins og k\u00e1lgar\u00f0 \u00feegar \u00fe\u00fa haf\u00f0ir s\u00e1\u00f0 \u00ed hann korni. <a name=\"11\"><span class=\"versanumer_2007\">11<\/span><\/a> En landi\u00f0, sem \u00fei\u00f0 eru\u00f0 \u00ed \u00feann veginn a\u00f0 fara inn \u00ed til a\u00f0 taka til eignar, er land me\u00f0 fj\u00f6llum og d\u00f6lum sem drekkur \u00ed sig regni\u00f0 sem fellur af himni. <a name=\"12\"><span class=\"versanumer_2007\">12<\/span><\/a> \u00dea\u00f0 er land sem Drottinn, Gu\u00f0 \u00feinn, annast: Augu Drottins, Gu\u00f0s \u00fe\u00edns, hv\u00edla s\u00edfellt \u00e1 \u00fev\u00ed fr\u00e1 \u00e1rsbyrjun til \u00e1rsloka.<br \/> <a name=\"13\"><span class=\"versanumer_2007\">13<\/span><\/a> Ef \u00fei\u00f0 hl\u00fd\u00f0i\u00f0 skipunum m\u00ednum sem \u00e9g legg fyrir ykkur \u00ed dag, elski\u00f0 Drottin, Gu\u00f0 ykkar, og \u00fej\u00f3ni\u00f0 honum af \u00f6llu hjarta og allri s\u00e1lu <a name=\"14\"><span class=\"versanumer_2007\">14<\/span><\/a> mun \u00e9g gefa landi ykkar regn \u00e1 r\u00e9ttum t\u00edma, haustregn og vorregn, svo a\u00f0 \u00fe\u00fa getir skori\u00f0 upp korn, v\u00edn og ol\u00edu. <a name=\"15\"><span class=\"versanumer_2007\">15<\/span><\/a> Og \u00e9g mun sj\u00e1 b\u00faf\u00e9 \u00fe\u00ednu fyrir grasi \u00ed haglendi \u00fe\u00ednu og \u00fe\u00fa munt eta og ver\u00f0a mettur.<br \/> <a name=\"16\"><span class=\"versanumer_2007\">16<\/span><\/a> En g\u00e6ti\u00f0 \u00feess a\u00f0 l\u00e1ta ekki ginna ykkur til a\u00f0 v\u00edkja af lei\u00f0 og \u00fej\u00f3na \u00f6\u00f0rum gu\u00f0um og s\u00fdna \u00feeim lotningu. <a name=\"17\"><span class=\"versanumer_2007\">17<\/span><\/a> \u00de\u00e1 mun rei\u00f0i Drottins blossa upp gegn ykkur og hann lokar himninum svo a\u00f0 ekki mun rigna og akurinn ekkert gefa af s\u00e9r. \u00de\u00e1 ver\u00f0ur ykkur br\u00e1tt eytt \u00far landinu g\u00f3\u00f0a sem Drottinn gefur ykkur.<br \/> <a name=\"18\"><span class=\"versanumer_2007\">18<\/span><\/a> Leggi\u00f0 \u00feessi or\u00f0 m\u00edn ykkur \u00e1 hjarta og huga, bindi\u00f0 \u00feau sem t\u00e1kn \u00e1 h\u00f6nd ykkar og \u00feau skulu vera merki \u00e1 milli augna ykkar. <a name=\"19\"><span class=\"versanumer_2007\">19<\/span><\/a> Kenni\u00f0 \u00feau b\u00f6rnum ykkar me\u00f0 \u00fev\u00ed a\u00f0 hafa \u00feau yfir, b\u00e6\u00f0i \u00feegar \u00fe\u00fa ert heima e\u00f0a \u00e1 faraldsf\u00e6ti og \u00feegar \u00fe\u00fa leggst til svefns og fer\u00f0 \u00e1 f\u00e6tur. <a name=\"20\"><span class=\"versanumer_2007\">20<\/span><\/a> \u00de\u00fa skalt skrifa \u00feau \u00e1 dyrastafi h\u00fass \u00fe\u00edns og borgarhli\u00f0 \u00fe\u00edn <a name=\"21\"><span class=\"versanumer_2007\">21<\/span><\/a> til \u00feess a\u00f0 \u00fei\u00f0 og b\u00f6rn ykkar lifi\u00f0 \u00ed landinu sem Drottinn h\u00e9t fe\u00f0rum ykkar a\u00f0 gefa \u00feeim svo lengi sem himinn er yfir j\u00f6r\u00f0u.<br \/> <a name=\"22\"><span class=\"versanumer_2007\">22<\/span><\/a> Ef \u00fei\u00f0 haldi\u00f0 \u00f6ll \u00feau bo\u00f0 sem \u00e9g set ykkur til \u00feess a\u00f0 framfylgja \u00feeim og elski\u00f0 Drottin, Gu\u00f0 ykkar, fylgi\u00f0 \u00f6llum vegum hans og haldi\u00f0 ykkur fast vi\u00f0 hann, <a name=\"23\"><span class=\"versanumer_2007\">23<\/span><\/a> mun Drottinn ry\u00f0ja \u00f6llum \u00feessum \u00fej\u00f3\u00f0um \u00far vegi ykkar og \u00fei\u00f0 vinna \u00fej\u00f3\u00f0ir sem eru fj\u00f6lmennari og voldugri en \u00fei\u00f0.<br \/> <a name=\"24\"><span class=\"versanumer_2007\">24<\/span><\/a> Hver s\u00e1 sta\u00f0ur, sem \u00fei\u00f0 st\u00edgi\u00f0 f\u00e6ti \u00e1, skal ver\u00f0a eign ykkar. Land ykkar skal n\u00e1 fr\u00e1 ey\u00f0im\u00f6rkinni til L\u00edbanons, fr\u00e1 flj\u00f3tinu, Efratflj\u00f3tinu, og til hafsins \u00ed vestri. <a name=\"25\"><span class=\"versanumer_2007\">25<\/span><\/a> Enginn skal geta sta\u00f0i\u00f0 gegn ykkur. Drottinn, Gu\u00f0 ykkar, mun senda \u00f3gn og skelfingu yfir allt landi\u00f0 sem \u00fei\u00f0 st\u00edgi\u00f0 \u00e1 eins og hann hefur heiti\u00f0 ykkur.<\/p>\n<h3 class=\"millifyrirsogn_2007\">Blessun og b\u00f6lvun<\/h3>\n<p><a name=\"26\"><span class=\"versanumer_2007\">26<\/span><\/a> Sj\u00e1, \u00ed dag legg \u00e9g fyrir ykkur blessun og b\u00f6lvun, <span class=\"nedan_mal\" title=\" Blessun og bannf\u00e6ringar voru li\u00f0ir \u00ed helgisi\u00f0um s\u00e1ttm\u00e1lsh\u00e1t\u00ed\u00f0arinnar er S\u00edna\u00ed-s\u00e1ttm\u00e1linn var endurn\u00fdja\u00f0ur.\">[<\/span> <a name=\"27\"><span class=\"versanumer_2007\">27<\/span><\/a> blessunina ef \u00fei\u00f0 hl\u00fd\u00f0i\u00f0 bo\u00f0um Drottins, Gu\u00f0s ykkar, sem \u00e9g set ykkur \u00ed dag, <a name=\"28\"><span class=\"versanumer_2007\">28<\/span><\/a> en b\u00f6lvunina ef \u00fei\u00f0 hl\u00fd\u00f0i\u00f0 ekki bo\u00f0um Drottins, Gu\u00f0s ykkar, og v\u00edki\u00f0 af veginum sem \u00e9g legg fyrir ykkur a\u00f0 ganga og fylgi\u00f0 \u00f6\u00f0rum gu\u00f0um sem \u00fei\u00f0 hafi\u00f0 ekki \u00e1\u00f0ur \u00feekkt.<br \/> <a name=\"29\"><span class=\"versanumer_2007\">29<\/span><\/a> \u00deegar Drottinn, Gu\u00f0 \u00feinn, hefur leitt \u00feig inn \u00ed landi\u00f0, sem \u00fe\u00fa heldur n\u00fa inn \u00ed til a\u00f0 taka til eignar, skalt \u00fe\u00fa kunngj\u00f6ra blessunina \u00e1 Gar\u00eds\u00edmfjalli og b\u00f6lvunina \u00e1 Ebalfjalli. <span class=\"nedan_mal\" title=\" Milli Ebalfjalls og Gar\u00eds\u00edmfjalls er dalur og st\u00f3\u00f0 \u00fear borgin S\u00edkem en \u00fear \u00ed dalnum f\u00f3r fram endurn\u00fdjun s\u00e1ttm\u00e1lans.\">[<\/span> <a name=\"30\"><span class=\"versanumer_2007\">30<\/span><\/a> Eru \u00feau ekki handan vi\u00f0 J\u00f3rdan, vi\u00f0 veginn til vesturs \u00ed landi Kanverja sem b\u00faa vi\u00f0 M\u00f3reeikurnar \u00ed J\u00f3rdanardal gegnt Gilgal?<br \/> <a name=\"31\"><span class=\"versanumer_2007\">31<\/span><\/a> \u00dei\u00f0 fari\u00f0 n\u00fa yfir J\u00f3rdan inn \u00ed landi\u00f0 sem Drottinn, Gu\u00f0 ykkar, gefur ykkur til a\u00f0 taka \u00fea\u00f0 til eignar. \u00deegar \u00fei\u00f0 hafi\u00f0 slegi\u00f0 eign ykkar \u00e1 \u00fea\u00f0 og eru\u00f0 sestir \u00fear a\u00f0 <a name=\"32\"><span class=\"versanumer_2007\">32<\/span><\/a> skulu\u00f0 \u00fei\u00f0 g\u00e6ta \u00feess a\u00f0 fylgja \u00f6llum l\u00f6gunum og \u00e1kv\u00e6\u00f0unum sem \u00e9g legg fyrir ykkur n\u00fa \u00ed dag.<\/p>\n","protected":false},"excerpt":{"rendered":"<p>1 \u00de\u00fa skalt elska Drottin, Gu\u00f0 \u00feinn, og \u00e6t\u00ed\u00f0 halda fyrirm\u00e6li hans, l\u00f6g, \u00e1kv\u00e6\u00f0i og skipanir. 2 \u00cd dag skulu\u00f0 \u00fei\u00f0 j\u00e1ta a\u00f0 \u00fea\u00f0 voru ekki b\u00f6rn ykkar sem s\u00e1u og hlutu uppeldi Drottins, Gu\u00f0s ykkar, heldur \u00fei\u00f0 sem s\u00e1u\u00f0 tign hans, m\u00e1ttuga h\u00f6nd hans og \u00fatr\u00e9ttan arm, 3 t\u00e1knin og afrekin sem hann vann mitt \u00ed Egyptalandi gegn fara\u00f3, konungi Egyptalands, og \u00f6llu landi hans, 4 hvernig hann f\u00f3r me\u00f0 her Egypta, hesta \u00feeirra og hestvagna, hvernig hann l\u00e9t \u00f6ldur Sefhafsins steypast yfir \u00fe\u00e1 \u00feegar \u00feeir eltu ykkur. Drottinn gereyddi \u00feeim \u00ed eitt skipti fyrir \u00f6ll. 5 \u00dei\u00f0 s\u00e1u\u00f0 <a href=\"https:\/\/biblian.is\/biblian\/fimmta-mosebok-11-kafli\/\"> [&#8230;]<\/a><\/p>\n","protected":false},"author":1,"featured_media":0,"parent":0,"menu_order":0,"comment_status":"open","ping_status":"open","template":"bibliukaflar_NT.php","meta":{"footnotes":""},"class_list":["post-1781","page","type-page","status-publish","hentry"],"_links":{"self":[{"href":"https:\/\/biblian.is\/biblian\/wp-json\/wp\/v2\/pages\/1781","targetHints":{"allow":["GET"]}}],"collection":[{"href":"https:\/\/biblian.is\/biblian\/wp-json\/wp\/v2\/pages"}],"about":[{"href":"https:\/\/biblian.is\/biblian\/wp-json\/wp\/v2\/types\/page"}],"author":[{"embeddable":true,"href":"https:\/\/biblian.is\/biblian\/wp-json\/wp\/v2\/users\/1"}],"replies":[{"embeddable":true,"href":"https:\/\/biblian.is\/biblian\/wp-json\/wp\/v2\/comments?post=1781"}],"version-history":[{"count":0,"href":"https:\/\/biblian.is\/biblian\/wp-json\/wp\/v2\/pages\/1781\/revisions"}],"wp:attachment":[{"href":"https:\/\/biblian.is\/biblian\/wp-json\/wp\/v2\/media?parent=1781"}],"curies":[{"name":"wp","href":"https:\/\/api.w.org\/{rel}","templated":true}]}}