{"id":1780,"date":"2017-12-30T21:00:25","date_gmt":"2017-12-30T21:00:25","guid":{"rendered":"http:\/\/biblian.is\/biblian\/fimmta-m%c2%97seb%c2%97k-10-kafli\/"},"modified":"2024-05-06T22:31:55","modified_gmt":"2024-05-06T22:31:55","slug":"fimmta-mosebok-10-kafli","status":"publish","type":"page","link":"https:\/\/biblian.is\/biblian\/fimmta-mosebok-10-kafli\/","title":{"rendered":"Fimmta M\u00f3seb\u00f3k 10. kafli"},"content":{"rendered":"<h3 class=\"millifyrirsogn_2007\"> N\u00fdjar s\u00e1ttm\u00e1lst\u00f6flur<\/h3>\n<p><a name=\"1\"><span class=\"versanumer_2007\">1<\/span><\/a> \u00de\u00e1 sag\u00f0i Drottinn vi\u00f0 mig: \u201eH\u00f6gg\u00f0u til tv\u00e6r steint\u00f6flur eins og \u00fe\u00e6r fyrri og komdu s\u00ed\u00f0an til m\u00edn upp \u00e1 fjalli\u00f0. \u00de\u00fa skalt einnig sm\u00ed\u00f0a \u00f6rk \u00far tr\u00e9. <a name=\"2\"><span class=\"versanumer_2007\">2<\/span><\/a> \u00c9g \u00e6tla a\u00f0 rita s\u00f6mu or\u00f0 \u00e1 \u00feessar t\u00f6flur og voru \u00e1 \u00feeim fyrri sem \u00fe\u00fa braust. S\u00ed\u00f0an skaltu koma \u00feeim fyrir \u00ed \u00f6rkinni.\u201c<br \/> <a name=\"3\"><span class=\"versanumer_2007\">3<\/span><\/a> \u00c9g sm\u00ed\u00f0a\u00f0i \u00fe\u00e1 \u00f6rk \u00far akas\u00eduvi\u00f0i, hj\u00f3 til tv\u00e6r steint\u00f6flur eins og \u00fe\u00e6r fyrri, f\u00f3r upp \u00e1 fjalli\u00f0 og h\u00e9lt \u00e1 b\u00e1\u00f0um t\u00f6flunum. <a name=\"4\"><span class=\"versanumer_2007\">4<\/span><\/a> \u00de\u00e1 rita\u00f0i Drottinn \u00e1 t\u00f6flurnar eins og \u00ed fyrra skipti\u00f0 \u00feegar hann rita\u00f0i bo\u00f0or\u00f0in t\u00edu sem hann haf\u00f0i tala\u00f0 til ykkar \u00e1 fjallinu, \u00far eldinum, daginn sem samkoman var haldin. \u00dev\u00ed n\u00e6st f\u00e9kk Drottinn m\u00e9r \u00fe\u00e6r. <a name=\"5\"><span class=\"versanumer_2007\">5<\/span><\/a> \u00c9g sneri m\u00e9r vi\u00f0 og f\u00f3r ni\u00f0ur af fjallinu, kom t\u00f6flunum fyrir \u00ed \u00f6rkinni, sem \u00e9g haf\u00f0i sm\u00ed\u00f0a\u00f0, og l\u00e9t \u00fe\u00e6r liggja \u00fear eins og Drottinn haf\u00f0i bo\u00f0i\u00f0.<br \/> <a name=\"6\"><span class=\"versanumer_2007\">6<\/span><\/a> \u00cdsraelsmenn h\u00e9ldu n\u00fa fr\u00e1 Beer\u00f3t Bene Jaakan til M\u00f3sera. \u00dear d\u00f3 Aron og var grafinn. Eleasar, sonur hans, var\u00f0 prestur eftir hann. <a name=\"7\"><span class=\"versanumer_2007\">7<\/span><\/a> \u00dea\u00f0an h\u00e9ldu \u00feeir til G\u00fadg\u00f3da og fr\u00e1 G\u00fadg\u00f3da til Jotbata \u00fear sem gn\u00e6g\u00f0 er vatnsl\u00e6kja.<br \/> <a name=\"8\"><span class=\"versanumer_2007\">8<\/span><\/a> \u00de\u00e1 f\u00e9kk Drottinn \u00e6ttb\u00e1lki Lev\u00ed s\u00e9rstakt hlutverk. Hann \u00e1tti a\u00f0 bera s\u00e1ttm\u00e1ls\u00f6rk Drottins, standa frammi fyrir augliti Drottins, \u00fej\u00f3na honum og blessa \u00ed nafni hans eins og gert er enn \u00ed dag. <a name=\"9\"><span class=\"versanumer_2007\">9<\/span><\/a> \u00deess vegna hlaut Lev\u00ed hvorki land n\u00e9 erf\u00f0ahlut eins og br\u00e6\u00f0ur hans. Drottinn er erf\u00f0ahlutur hans eins og Drottinn, Gu\u00f0 \u00feinn, h\u00e9t honum.<br \/> <a name=\"10\"><span class=\"versanumer_2007\">10<\/span><\/a> \u00deegar \u00e9g haf\u00f0i veri\u00f0 \u00e1 fjallinu \u00ed fj\u00f6rut\u00edu daga og fj\u00f6rut\u00edu n\u00e6tur eins og \u00ed fyrra skipti\u00f0 b\u00e6nheyr\u00f0i Drottinn mig enn a\u00f0 n\u00fdju \u00fev\u00ed a\u00f0 \u00fea\u00f0 var ekki \u00e6tlun hans a\u00f0 tort\u00edma \u00fe\u00e9r. <a name=\"11\"><span class=\"versanumer_2007\">11<\/span><\/a> Og Drottinn sag\u00f0i vi\u00f0 mig: \u201eLegg\u00f0u af sta\u00f0 og far\u00f0u fyrir f\u00f3lkinu vi\u00f0 brottf\u00f6r \u00feess \u00feegar \u00fea\u00f0 fer a\u00f0 sl\u00e1 eign ykkar \u00e1 landi\u00f0 sem \u00e9g h\u00e9t fe\u00f0rum \u00feess a\u00f0 gefa \u00fev\u00ed.\u201c<\/p>\n<h3 class=\"millifyrirsogn_2007\">Hvatning til a\u00f0 halda s\u00e1ttm\u00e1lann<\/h3>\n<p><a name=\"12\"><span class=\"versanumer_2007\">12<\/span><\/a> Og n\u00fa, \u00cdsrael, hvers krefst Drottinn, Gu\u00f0 \u00feinn, annars af \u00fe\u00e9r en a\u00f0 \u00fe\u00fa \u00f3ttist Drottin, Gu\u00f0 \u00feinn, gangir \u00e1 \u00f6llum vegum hans og elskir hann, a\u00f0 \u00fe\u00fa \u00fej\u00f3nir Drottni, Gu\u00f0i \u00fe\u00ednum, af \u00f6llu hjarta \u00fe\u00ednu og allri s\u00e1lu \u00feinni <a name=\"13\"><span class=\"versanumer_2007\">13<\/span><\/a> og haldir bo\u00f0 Drottins og l\u00f6g sem \u00e9g set \u00fe\u00e9r \u00ed dag svo a\u00f0 \u00fe\u00e9r vegni vel?<br \/> <a name=\"14\"><span class=\"versanumer_2007\">14<\/span><\/a> Sj\u00e1, Drottni, Gu\u00f0i \u00fe\u00ednum, heyrir himinninn og himnanna himinn og j\u00f6r\u00f0in og allt sem \u00e1 henni er. <a name=\"15\"><span class=\"versanumer_2007\">15<\/span><\/a> Eigi a\u00f0 s\u00ed\u00f0ur beindist k\u00e6rleikur Drottins a\u00f0 fe\u00f0rum \u00fe\u00ednum einum svo a\u00f0 hann elska\u00f0i \u00fe\u00e1. S\u00ed\u00f0an valdi hann ykkur, ni\u00f0ja \u00feeirra, \u00far \u00f6llum \u00fej\u00f3\u00f0um og er svo enn \u00ed dag.<br \/> <a name=\"16\"><span class=\"versanumer_2007\">16<\/span><\/a> Umskeri\u00f0 \u00fev\u00ed forh\u00fa\u00f0 hjartna ykkar og veri\u00f0 ekki framar har\u00f0sv\u00edru\u00f0. <a name=\"17\"><span class=\"versanumer_2007\">17<\/span><\/a> \u00dev\u00ed a\u00f0 Drottinn, Gu\u00f0 ykkar, er Gu\u00f0 gu\u00f0anna og Drottinn drottnanna. Hann er hinn mikli Gu\u00f0, hetjan og \u00f3gnvaldurinn, sem gerir s\u00e9r engan mannamun og \u00feiggur ekki m\u00fatur. <a name=\"18\"><span class=\"versanumer_2007\">18<\/span><\/a> Hann rekur r\u00e9ttar muna\u00f0arleysingjans og ekkjunnar og s\u00fdnir a\u00f0komumanninum k\u00e6rleika og gefur honum f\u00e6\u00f0i og kl\u00e6\u00f0i. <a name=\"19\"><span class=\"versanumer_2007\">19<\/span><\/a> \u00dei\u00f0 skulu\u00f0 \u00fev\u00ed sj\u00e1lfir elska a\u00f0komumanninn \u00fev\u00ed a\u00f0 \u00fei\u00f0 voru\u00f0 sj\u00e1lfir a\u00f0komumenn \u00ed Egyptalandi.<br \/> <a name=\"20\"><span class=\"versanumer_2007\">20<\/span><\/a> \u00de\u00fa skalt \u00f3ttast Drottin, Gu\u00f0 \u00feinn. \u00de\u00fa skalt \u00fej\u00f3na honum, vera honum tr\u00far og sverja vi\u00f0 nafn hans. <a name=\"21\"><span class=\"versanumer_2007\">21<\/span><\/a> Hann er \u00feinn lofs\u00f6ngur og hann er \u00feinn Gu\u00f0 sem hefur unni\u00f0 fyrir \u00feig \u00f6ll \u00feessi miklu og \u00f3gnvekjandi verk sem \u00fe\u00fa hefur s\u00e9\u00f0 me\u00f0 eigin augum.<br \/> <a name=\"22\"><span class=\"versanumer_2007\">22<\/span><\/a> \u00deegar forfe\u00f0ur \u00fe\u00ednir h\u00e9ldu ni\u00f0ur til Egyptalands voru \u00feeir sj\u00f6t\u00edu a\u00f0 t\u00f6lu en n\u00fa hefur Drottinn, Gu\u00f0 \u00feinn, gert \u00feig a\u00f0 fj\u00f6lda til sem stj\u00f6rnur himins.<\/p>\n","protected":false},"excerpt":{"rendered":"<p>N\u00fdjar s\u00e1ttm\u00e1lst\u00f6flur 1 \u00de\u00e1 sag\u00f0i Drottinn vi\u00f0 mig: \u201eH\u00f6gg\u00f0u til tv\u00e6r steint\u00f6flur eins og \u00fe\u00e6r fyrri og komdu s\u00ed\u00f0an til m\u00edn upp \u00e1 fjalli\u00f0. \u00de\u00fa skalt einnig sm\u00ed\u00f0a \u00f6rk \u00far tr\u00e9. 2 \u00c9g \u00e6tla a\u00f0 rita s\u00f6mu or\u00f0 \u00e1 \u00feessar t\u00f6flur og voru \u00e1 \u00feeim fyrri sem \u00fe\u00fa braust. S\u00ed\u00f0an skaltu koma \u00feeim fyrir \u00ed \u00f6rkinni.\u201c 3 \u00c9g sm\u00ed\u00f0a\u00f0i \u00fe\u00e1 \u00f6rk \u00far akas\u00eduvi\u00f0i, hj\u00f3 til tv\u00e6r steint\u00f6flur eins og \u00fe\u00e6r fyrri, f\u00f3r upp \u00e1 fjalli\u00f0 og h\u00e9lt \u00e1 b\u00e1\u00f0um t\u00f6flunum. 4 \u00de\u00e1 rita\u00f0i Drottinn \u00e1 t\u00f6flurnar eins og \u00ed fyrra skipti\u00f0 \u00feegar hann rita\u00f0i bo\u00f0or\u00f0in t\u00edu sem hann haf\u00f0i tala\u00f0 <a href=\"https:\/\/biblian.is\/biblian\/fimmta-mosebok-10-kafli\/\"> [&#8230;]<\/a><\/p>\n","protected":false},"author":1,"featured_media":0,"parent":0,"menu_order":0,"comment_status":"open","ping_status":"open","template":"bibliukaflar_NT.php","meta":{"footnotes":""},"class_list":["post-1780","page","type-page","status-publish","hentry"],"_links":{"self":[{"href":"https:\/\/biblian.is\/biblian\/wp-json\/wp\/v2\/pages\/1780","targetHints":{"allow":["GET"]}}],"collection":[{"href":"https:\/\/biblian.is\/biblian\/wp-json\/wp\/v2\/pages"}],"about":[{"href":"https:\/\/biblian.is\/biblian\/wp-json\/wp\/v2\/types\/page"}],"author":[{"embeddable":true,"href":"https:\/\/biblian.is\/biblian\/wp-json\/wp\/v2\/users\/1"}],"replies":[{"embeddable":true,"href":"https:\/\/biblian.is\/biblian\/wp-json\/wp\/v2\/comments?post=1780"}],"version-history":[{"count":0,"href":"https:\/\/biblian.is\/biblian\/wp-json\/wp\/v2\/pages\/1780\/revisions"}],"wp:attachment":[{"href":"https:\/\/biblian.is\/biblian\/wp-json\/wp\/v2\/media?parent=1780"}],"curies":[{"name":"wp","href":"https:\/\/api.w.org\/{rel}","templated":true}]}}