{"id":1779,"date":"2017-12-30T21:00:25","date_gmt":"2017-12-30T21:00:25","guid":{"rendered":"http:\/\/biblian.is\/biblian\/fimmta-m%c2%97seb%c2%97k-9-kafli\/"},"modified":"2024-05-06T22:32:01","modified_gmt":"2024-05-06T22:32:01","slug":"fimmta-mosebok-9-kafli","status":"publish","type":"page","link":"https:\/\/biblian.is\/biblian\/fimmta-mosebok-9-kafli\/","title":{"rendered":"Fimmta M\u00f3seb\u00f3k 9. kafli"},"content":{"rendered":"<h3 class=\"millifyrirsogn_2007\"> Landi\u00f0 er \u00f3ver\u00f0skuldu\u00f0 gj\u00f6f Drottins<\/h3>\n<p><a name=\"1\"><span class=\"versanumer_2007\">1<\/span><\/a> Heyr, \u00cdsrael. \u00cd dag muntu fara yfir J\u00f3rdan til a\u00f0 vinna \u00fej\u00f3\u00f0ir sem eru fj\u00f6lmennari og voldugri en \u00fe\u00fa, st\u00f3rar borgir sem eru v\u00edggirtar himinh\u00e1um m\u00farum. <a name=\"2\"><span class=\"versanumer_2007\">2<\/span><\/a> \u00dear er st\u00f3r og h\u00e1vaxin \u00fej\u00f3\u00f0, Anak\u00edtar, sem \u00fe\u00fa \u00feekkir og hefur sj\u00e1lfur heyrt sagt um: \u201eHver stenst Anak\u00edtum sn\u00faning?\u201c<br \/> <a name=\"3\"><span class=\"versanumer_2007\">3<\/span><\/a> \u00cd dag munt \u00fe\u00fa komast a\u00f0 raun um a\u00f0 enginn annar en Drottinn, Gu\u00f0 \u00feinn, fer fyrir \u00fe\u00e9r yfir \u00e1na eins og ey\u00f0andi eldur. Hann mun tort\u00edma \u00fej\u00f3\u00f0unum og beygja \u00fe\u00e6r undir \u00feig svo a\u00f0 \u00fe\u00fa getir \u00feegar \u00ed sta\u00f0 rutt \u00feeim \u00far vegi eins og Drottinn hefur heiti\u00f0 \u00fe\u00e9r.<br \/> <a name=\"4\"><span class=\"versanumer_2007\">4<\/span><\/a> \u00deegar Drottinn, Gu\u00f0 \u00feinn, hefur rutt \u00feeim \u00far vegi \u00fe\u00ednum skaltu ekki hugsa me\u00f0 \u00fe\u00e9r: \u00dea\u00f0 var sakir r\u00e9ttl\u00e6tis m\u00edns a\u00f0 Drottinn leiddi mig hinga\u00f0 til a\u00f0 taka \u00feetta land til eignar. Nei, \u00fea\u00f0 er sakir rangl\u00e6tis \u00feessara \u00fej\u00f3\u00f0a a\u00f0 Drottinn fl\u00e6mir \u00fe\u00e6r burt. <a name=\"5\"><span class=\"versanumer_2007\">5<\/span><\/a> \u00dea\u00f0 er hvorki vegna r\u00e9ttl\u00e6tis \u00fe\u00edns n\u00e9 r\u00e1\u00f0vendni a\u00f0 \u00fe\u00fa kemst inn \u00ed land \u00feeirra og sl\u00e6r\u00f0 eign \u00feinni \u00e1 \u00fea\u00f0 heldur hrekur Drottinn \u00fe\u00e6r \u00e1 brott vegna \u00feess a\u00f0 \u00fe\u00e6r eru rangl\u00e1tar og til \u00feess a\u00f0 uppfylla heiti\u00f0 sem hann vann fe\u00f0rum \u00fe\u00ednum, Abraham, \u00cdsak og Jakobi. <a name=\"6\"><span class=\"versanumer_2007\">6<\/span><\/a> \u00de\u00fa skalt j\u00e1ta a\u00f0 \u00fea\u00f0 er ekki vegna r\u00e9ttl\u00e6tis \u00fe\u00edns a\u00f0 Drottinn, Gu\u00f0 \u00feinn, f\u00e6r \u00fe\u00e9r \u00feetta g\u00f3\u00f0a land \u00fev\u00ed a\u00f0 \u00fe\u00fa ert har\u00f0sv\u00edru\u00f0 \u00fej\u00f3\u00f0. <a name=\"7\"><span class=\"versanumer_2007\">7<\/span><\/a> Minnstu \u00feess og gleymdu \u00fev\u00ed ekki a\u00f0 \u00fe\u00fa vaktir rei\u00f0i Drottins, Gu\u00f0s \u00fe\u00edns, \u00ed ey\u00f0im\u00f6rkinni. Fr\u00e1 \u00feeim degi, er \u00fe\u00fa f\u00f3rst fr\u00e1 Egyptalandi og \u00fear til \u00fei\u00f0 komu\u00f0 \u00e1 \u00feennan sta\u00f0, hafi\u00f0 \u00fei\u00f0 s\u00edfellt risi\u00f0 gegn Drottni. <a name=\"8\"><span class=\"versanumer_2007\">8<\/span><\/a> Hj\u00e1 H\u00f3reb reittu\u00f0 \u00fei\u00f0 Drottin til rei\u00f0i og v\u00f6ktu\u00f0 honum sl\u00edka heift a\u00f0 hann \u00e6tla\u00f0i a\u00f0 ey\u00f0a ykkur.<\/p>\n<h3 class=\"millifyrirsogn_2007\">Gullk\u00e1lfurinn<\/h3>\n<p><a name=\"9\"><span class=\"versanumer_2007\">9<\/span><\/a> \u00deegar \u00e9g var kominn upp \u00e1 fjalli\u00f0 til a\u00f0 taka vi\u00f0 steint\u00f6flunum, t\u00f6flum s\u00e1ttm\u00e1lans sem Drottinn haf\u00f0i gert vi\u00f0 ykkur, var \u00e9g um kyrrt \u00e1 fjallinu \u00ed fj\u00f6rut\u00edu daga og fj\u00f6rut\u00edu n\u00e6tur og neytti hvorki brau\u00f0s n\u00e9 vatns. <a name=\"10\"><span class=\"versanumer_2007\">10<\/span><\/a> Drottinn f\u00e9kk m\u00e9r b\u00e1\u00f0ar steint\u00f6flurnar sem voru rita\u00f0ar me\u00f0 fingri Gu\u00f0s. \u00c1 t\u00f6flunum st\u00f3\u00f0u \u00f6ll bo\u00f0or\u00f0in sem Drottinn haf\u00f0i flutt ykkur \u00e1 fjallinu, \u00far eldinum, daginn sem \u00fei\u00f0 komu\u00f0 \u00fear saman.<br \/> <a name=\"11\"><span class=\"versanumer_2007\">11<\/span><\/a> \u00deegar fj\u00f6rut\u00edu dagar og fj\u00f6rut\u00edu n\u00e6tur voru li\u00f0nar f\u00e9kk Drottinn m\u00e9r b\u00e1\u00f0ar steint\u00f6flurnar, s\u00e1ttm\u00e1lst\u00f6flurnar. <a name=\"12\"><span class=\"versanumer_2007\">12<\/span><\/a> \u00de\u00e1 sag\u00f0i Drottinn: \u201eR\u00edstu upp og hra\u00f0a\u00f0u \u00fe\u00e9r ni\u00f0ur \u00fev\u00ed a\u00f0 \u00fej\u00f3\u00f0 \u00fe\u00edn, sem \u00fe\u00fa leiddir \u00fat \u00far Egyptalandi, hefur breytt illa. H\u00fan v\u00e9k skj\u00f3tt af \u00feeim vegi sem \u00e9g haf\u00f0i bo\u00f0i\u00f0 henni a\u00f0 fylgja: H\u00fan hefur steypt s\u00e9r l\u00edkneski.\u201c <a name=\"13\"><span class=\"versanumer_2007\">13<\/span><\/a> Enn fremur sag\u00f0i Drottinn vi\u00f0 mig: \u201e\u00c9g s\u00e9 n\u00fa a\u00f0 \u00feetta er har\u00f0sv\u00edra\u00f0 f\u00f3lk. <a name=\"14\"><span class=\"versanumer_2007\">14<\/span><\/a> Far\u00f0u fr\u00e1 m\u00e9r \u00fev\u00ed a\u00f0 \u00e9g \u00e6tla a\u00f0 ey\u00f0a \u00fev\u00ed og afm\u00e1 nafn \u00feess undir himninum. S\u00ed\u00f0an mun \u00e9g gera \u00feig a\u00f0 voldugri \u00fej\u00f3\u00f0, fj\u00f6lmennari en \u00feessi er.\u201c<br \/> <a name=\"15\"><span class=\"versanumer_2007\">15<\/span><\/a> \u00de\u00e1 sneri \u00e9g \u00e1lei\u00f0is ni\u00f0ur fjalli\u00f0 sem st\u00f3\u00f0 \u00ed lj\u00f3sum loga og h\u00e9lt \u00e1 b\u00e1\u00f0um steint\u00f6flunum. <a name=\"16\"><span class=\"versanumer_2007\">16<\/span><\/a> Og \u00e9g s\u00e1 hva\u00f0 gerst haf\u00f0i: \u00dei\u00f0 h\u00f6f\u00f0u\u00f0 syndga\u00f0 gegn Drottni, Gu\u00f0i ykkar. \u00dei\u00f0 h\u00f6f\u00f0u\u00f0 steypt ykkur l\u00edkneski af k\u00e1lfi og veri\u00f0 skj\u00f3t til a\u00f0 v\u00edkja af \u00feeim vegi sem Drottinn haf\u00f0i bo\u00f0i\u00f0 ykkur a\u00f0 fylgja. <a name=\"17\"><span class=\"versanumer_2007\">17<\/span><\/a> \u00de\u00e1 \u00fereif \u00e9g b\u00e1\u00f0ar steint\u00f6flurnar og kasta\u00f0i \u00feeim fr\u00e1 m\u00e9r og braut \u00fe\u00e6r \u00ed sm\u00e1tt fyrir augum ykkar.<br \/> <a name=\"18\"><span class=\"versanumer_2007\">18<\/span><\/a> S\u00ed\u00f0an varpa\u00f0i \u00e9g m\u00e9r ni\u00f0ur fyrir Drottni eins og \u00ed fyrra skipti\u00f0. \u00cd fj\u00f6rut\u00edu daga og fj\u00f6rut\u00edu n\u00e6tur neytti \u00e9g hvorki brau\u00f0s n\u00e9 vatns vegna allra \u00feeirra synda sem \u00fei\u00f0 h\u00f6f\u00f0u\u00f0 dr\u00fdgt \u00feegar \u00fei\u00f0 ger\u00f0u\u00f0 \u00fea\u00f0 sem illt er \u00ed augum Drottins og v\u00f6ktu\u00f0 heift hans. <a name=\"19\"><span class=\"versanumer_2007\">19<\/span><\/a> En \u00e9g \u00f3tta\u00f0ist hina brennandi rei\u00f0i Drottins \u00ed ykkar gar\u00f0 sem var sl\u00edk a\u00f0 hann kynni a\u00f0 ey\u00f0a ykkur. En hann b\u00e6nheyr\u00f0i mig einnig \u00ed \u00feetta sinn. <a name=\"20\"><span class=\"versanumer_2007\">20<\/span><\/a> Drottinn haf\u00f0i einnig rei\u00f0st Aroni mj\u00f6g svo a\u00f0 hann \u00e6tla\u00f0i a\u00f0 ey\u00f0a honum en \u00fe\u00e1 ba\u00f0 \u00e9g einnig fyrir honum.<br \/> <a name=\"21\"><span class=\"versanumer_2007\">21<\/span><\/a> S\u00ed\u00f0an t\u00f3k \u00e9g k\u00e1lfinn, hi\u00f0 syndsamlega verk ykkar, og brenndi \u00ed eldi. \u00dev\u00ed n\u00e6st braut \u00e9g hann og muldi m\u00e9linu sm\u00e6rra og fleyg\u00f0i duftinu \u00ed l\u00e6kinn sem rennur \u00fear ni\u00f0ur fjalli\u00f0.<br \/> <a name=\"22\"><span class=\"versanumer_2007\">22<\/span><\/a> \u00dei\u00f0 v\u00f6ktu\u00f0 enn heift Drottins vi\u00f0 Tabera, Massa og Kibr\u00f3t-Hattava. <a name=\"23\"><span class=\"versanumer_2007\">23<\/span><\/a> Og \u00feegar Drottinn sendi ykkur fr\u00e1 Kades Barnea og bau\u00f0 ykkur: \u201eFari\u00f0 og sl\u00e1i\u00f0 eign ykkar \u00e1 landi\u00f0 sem \u00e9g hef fengi\u00f0 ykkur,\u201c \u00fe\u00e1 risu\u00f0 \u00fei\u00f0 gegn bo\u00f0i Drottins, Gu\u00f0s ykkar, tr\u00fa\u00f0u\u00f0 ekki \u00e1 hann og hl\u00fdddu\u00f0 ekki raust hans. <a name=\"24\"><span class=\"versanumer_2007\">24<\/span><\/a> \u00dei\u00f0 hafi\u00f0 risi\u00f0 gegn Drottni fr\u00e1 \u00fev\u00ed a\u00f0 \u00e9g kynntist ykkur fyrst.<\/p>\n<h3 class=\"millifyrirsogn_2007\">Fyrirb\u00e6n M\u00f3se<\/h3>\n<p><a name=\"25\"><span class=\"versanumer_2007\">25<\/span><\/a> \u00c9g varpa\u00f0i m\u00e9r ni\u00f0ur frammi fyrir Drottni og l\u00e1 frammi fyrir honum \u00ed fj\u00f6rut\u00edu daga og fj\u00f6rut\u00edu n\u00e6tur af \u00fev\u00ed a\u00f0 Drottinn haf\u00f0i sagst \u00e6tla a\u00f0 tort\u00edma ykkur. <a name=\"26\"><span class=\"versanumer_2007\">26<\/span><\/a> Og \u00e9g ba\u00f0 til Drottins og sag\u00f0i: \u201eDrottinn Gu\u00f0, eyddu ekki \u00fej\u00f3\u00f0 \u00feinni, erf\u00f0ahlut \u00fe\u00ednum sem \u00fe\u00fa endurleystir me\u00f0 \u00fe\u00ednum mikla m\u00e6tti og leiddir sterkri hendi \u00fat \u00far Egyptalandi. <a name=\"27\"><span class=\"versanumer_2007\">27<\/span><\/a> Minnstu \u00fej\u00f3na \u00feinna, Abrahams, \u00cdsaks og Jakobs, l\u00edt ekki \u00e1 har\u00f0\u00fd\u00f0gi \u00feessa f\u00f3lks, rangindi \u00feess og synd <a name=\"28\"><span class=\"versanumer_2007\">28<\/span><\/a> svo a\u00f0 ekki ver\u00f0i sagt \u00ed landinu sem \u00fe\u00fa leiddir okkur \u00fat \u00far: Drottinn getur ekki leitt \u00fe\u00e1 inn \u00ed landi\u00f0, sem hann h\u00e9t \u00feeim, og af \u00fev\u00ed a\u00f0 hann hatar \u00fe\u00e1 leiddi hann \u00fe\u00e1 \u00fat \u00ed ey\u00f0im\u00f6rkina til \u00feess a\u00f0 l\u00e1ta \u00fe\u00e1 deyja. <a name=\"29\"><span class=\"versanumer_2007\">29<\/span><\/a> En \u00feeir eru samt \u00fej\u00f3\u00f0 \u00fe\u00edn og erf\u00f0ahlutur \u00feinn sem \u00fe\u00fa leiddir \u00fat me\u00f0 \u00fe\u00ednum mikla m\u00e6tti og \u00fatr\u00e9ttum armi.\u201c<\/p>\n","protected":false},"excerpt":{"rendered":"<p>Landi\u00f0 er \u00f3ver\u00f0skuldu\u00f0 gj\u00f6f Drottins 1 Heyr, \u00cdsrael. \u00cd dag muntu fara yfir J\u00f3rdan til a\u00f0 vinna \u00fej\u00f3\u00f0ir sem eru fj\u00f6lmennari og voldugri en \u00fe\u00fa, st\u00f3rar borgir sem eru v\u00edggirtar himinh\u00e1um m\u00farum. 2 \u00dear er st\u00f3r og h\u00e1vaxin \u00fej\u00f3\u00f0, Anak\u00edtar, sem \u00fe\u00fa \u00feekkir og hefur sj\u00e1lfur heyrt sagt um: \u201eHver stenst Anak\u00edtum sn\u00faning?\u201c 3 \u00cd dag munt \u00fe\u00fa komast a\u00f0 raun um a\u00f0 enginn annar en Drottinn, Gu\u00f0 \u00feinn, fer fyrir \u00fe\u00e9r yfir \u00e1na eins og ey\u00f0andi eldur. Hann mun tort\u00edma \u00fej\u00f3\u00f0unum og beygja \u00fe\u00e6r undir \u00feig svo a\u00f0 \u00fe\u00fa getir \u00feegar \u00ed sta\u00f0 rutt \u00feeim \u00far vegi eins og <a href=\"https:\/\/biblian.is\/biblian\/fimmta-mosebok-9-kafli\/\"> [&#8230;]<\/a><\/p>\n","protected":false},"author":1,"featured_media":0,"parent":0,"menu_order":0,"comment_status":"open","ping_status":"open","template":"bibliukaflar_NT.php","meta":{"footnotes":""},"class_list":["post-1779","page","type-page","status-publish","hentry"],"_links":{"self":[{"href":"https:\/\/biblian.is\/biblian\/wp-json\/wp\/v2\/pages\/1779","targetHints":{"allow":["GET"]}}],"collection":[{"href":"https:\/\/biblian.is\/biblian\/wp-json\/wp\/v2\/pages"}],"about":[{"href":"https:\/\/biblian.is\/biblian\/wp-json\/wp\/v2\/types\/page"}],"author":[{"embeddable":true,"href":"https:\/\/biblian.is\/biblian\/wp-json\/wp\/v2\/users\/1"}],"replies":[{"embeddable":true,"href":"https:\/\/biblian.is\/biblian\/wp-json\/wp\/v2\/comments?post=1779"}],"version-history":[{"count":0,"href":"https:\/\/biblian.is\/biblian\/wp-json\/wp\/v2\/pages\/1779\/revisions"}],"wp:attachment":[{"href":"https:\/\/biblian.is\/biblian\/wp-json\/wp\/v2\/media?parent=1779"}],"curies":[{"name":"wp","href":"https:\/\/api.w.org\/{rel}","templated":true}]}}