{"id":1776,"date":"2017-12-30T21:00:21","date_gmt":"2017-12-30T21:00:21","guid":{"rendered":"http:\/\/biblian.is\/biblian\/fimmta-m%c2%97seb%c2%97k-6-kafli\/"},"modified":"2024-05-06T22:32:01","modified_gmt":"2024-05-06T22:32:01","slug":"fimmta-mosebok-6-kafli","status":"publish","type":"page","link":"https:\/\/biblian.is\/biblian\/fimmta-mosebok-6-kafli\/","title":{"rendered":"Fimmta M\u00f3seb\u00f3k 6. kafli"},"content":{"rendered":"<h3 class=\"millifyrirsogn_2007\"> \u00de\u00fa skalt elska Gu\u00f0 einan<\/h3>\n<p><a name=\"1\"><span class=\"versanumer_2007\">1<\/span><\/a> \u00deetta eru fyrirm\u00e6lin, l\u00f6gin og \u00e1kv\u00e6\u00f0in, sem Drottinn, Gu\u00f0 okkar, hefur fali\u00f0 m\u00e9r a\u00f0 kenna ykkur a\u00f0 halda \u00ed landinu sem \u00fei\u00f0 eru\u00f0 a\u00f0 fara yfir til og sl\u00e1 eign ykkar \u00e1 <a name=\"2\"><span class=\"versanumer_2007\">2<\/span><\/a> svo a\u00f0 \u00fe\u00fa, b\u00f6rn \u00fe\u00edn og barnab\u00f6rn vir\u00f0i\u00f0 Drottin, Gu\u00f0 ykkar, alla \u00e6vidaga \u00fe\u00edna me\u00f0 \u00fev\u00ed a\u00f0 halda \u00f6ll l\u00f6g hans og fyrirm\u00e6li sem \u00e9g set ykkur til \u00feess a\u00f0 \u00fe\u00fa ver\u00f0ir langl\u00edfur. <a name=\"3\"><span class=\"versanumer_2007\">3<\/span><\/a> Hl\u00fd\u00f0 \u00fev\u00ed \u00e1 \u00feau, \u00cdsrael, og g\u00e6ttu \u00feess a\u00f0 halda \u00feau svo a\u00f0 \u00fe\u00e9r vegni vel og \u00fe\u00e9r fj\u00f6lgi st\u00f3rum \u00ed landinu sem fl\u00fdtur \u00ed mj\u00f3lk og hunangi eins og Drottinn, Gu\u00f0 \u00feinn, h\u00e9t \u00fe\u00e9r.<br \/> <a name=\"4\"><span class=\"versanumer_2007\">4<\/span><\/a> Heyr, \u00cdsrael. Drottinn, Gu\u00f0 vor, Drottinn er einn. <span class=\"nedan_mal\" title=\" \u00d6nnur hugsanleg \u00fe\u00fd\u00f0ing: Drottinn er Gu\u00f0 vor, Drottinn einn.\">[<\/span> <a name=\"5\"><span class=\"versanumer_2007\">5<\/span><\/a> \u00de\u00fa skalt elska Drottin, Gu\u00f0 \u00feinn, af \u00f6llu hjarta \u00fe\u00ednu, allri s\u00e1lu \u00feinni og af \u00f6llum m\u00e6tti \u00fe\u00ednum.<br \/> <a name=\"6\"><span class=\"versanumer_2007\">6<\/span><\/a> \u00deessi or\u00f0, sem \u00e9g bo\u00f0a \u00fe\u00e9r \u00ed dag, skulu vera \u00fe\u00e9r hugf\u00f6st. <a name=\"7\"><span class=\"versanumer_2007\">7<\/span><\/a> \u00de\u00fa skalt br\u00fdna \u00feau fyrir b\u00f6rnum \u00fe\u00ednum. \u00de\u00fa skalt hafa \u00feau yfir \u00feegar \u00fe\u00fa situr heima og \u00feegar \u00fe\u00fa ert \u00e1 faraldsf\u00e6ti, \u00feegar \u00fe\u00fa leggst til svefns og \u00feegar \u00fe\u00fa fer\u00f0 \u00e1 f\u00e6tur. <a name=\"8\"><span class=\"versanumer_2007\">8<\/span><\/a> \u00de\u00fa skalt binda \u00feau sem t\u00e1kn \u00e1 h\u00f6nd \u00fe\u00edna og hafa \u00feau sem merki milli augna \u00feinna. <a name=\"9\"><span class=\"versanumer_2007\">9<\/span><\/a> \u00de\u00fa skalt skrifa \u00feau \u00e1 dyrastafi h\u00fass \u00fe\u00edns og borgarhli\u00f0 \u00fe\u00edn.<br \/> <a name=\"10\"><span class=\"versanumer_2007\">10<\/span><\/a> Drottinn, Gu\u00f0 \u00feinn, mun lei\u00f0a \u00feig inn \u00ed landi\u00f0 sem hann s\u00f3r fe\u00f0rum \u00fe\u00ednum, Abraham, \u00cdsak og Jakobi, a\u00f0 gefa \u00fe\u00e9r, land me\u00f0 st\u00f3rum og f\u00f6grum borgum sem \u00fe\u00fa bygg\u00f0ir ekki, <a name=\"11\"><span class=\"versanumer_2007\">11<\/span><\/a> me\u00f0 h\u00fasum fullum af alls kyns g\u00f3\u00f0um hlutum sem \u00fe\u00fa safna\u00f0ir ekki, \u00fath\u00f6ggnum brunnum sem \u00fe\u00fa hj\u00f3st ekki, v\u00edng\u00f6r\u00f0um og \u00f3l\u00edfutrj\u00e1m sem \u00fe\u00fa gr\u00f3\u00f0ursettir ekki. \u00deegar \u00fe\u00fa matast og ver\u00f0ur mettur, <a name=\"12\"><span class=\"versanumer_2007\">12<\/span><\/a> g\u00e6t \u00feess \u00fe\u00e1 a\u00f0 \u00fe\u00fa gleymir ekki Drottni sem leiddi \u00feig \u00fat \u00far Egyptalandi, \u00far \u00fer\u00e6lah\u00fasinu. <a name=\"13\"><span class=\"versanumer_2007\">13<\/span><\/a> \u00de\u00fa skalt \u00f3ttast Drottin, Gu\u00f0 \u00feinn, \u00fe\u00fa skalt \u00fej\u00f3na honum og sverja vi\u00f0 nafn hans.<br \/> <a name=\"14\"><span class=\"versanumer_2007\">14<\/span><\/a> \u00dei\u00f0 skulu\u00f0 ekki fylgja \u00f6\u00f0rum gu\u00f0um, ekki neinum af gu\u00f0um \u00fej\u00f3\u00f0anna sem b\u00faa umhverfis ykkur <a name=\"15\"><span class=\"versanumer_2007\">15<\/span><\/a> \u00fev\u00ed a\u00f0 Drottinn, Gu\u00f0 \u00feinn, sem er me\u00f0 \u00fe\u00e9r, hann er vandl\u00e1tur Gu\u00f0. Rei\u00f0i Drottins, Gu\u00f0s \u00fe\u00edns, g\u00e6ti blossa\u00f0 upp gegn \u00fe\u00e9r og hann kynni a\u00f0 afm\u00e1 \u00feig af yfirbor\u00f0i jar\u00f0ar. <a name=\"16\"><span class=\"versanumer_2007\">16<\/span><\/a> \u00dei\u00f0 skulu\u00f0 ekki reyna Drottin eins og \u00fei\u00f0 reyndu\u00f0 hann vi\u00f0 Massa.<span class=\"nedan_mal\" title=\" E\u00f0a: \u00dei\u00f0 skulu\u00f0 ekki freista Drottins eins og \u00fei\u00f0 freistu\u00f0u\u00f0 hans vi\u00f0 Massa.\">[<\/span> <br \/> <a name=\"17\"><span class=\"versanumer_2007\">17<\/span><\/a> \u00dei\u00f0 eigi\u00f0 a\u00f0 halda fyrirm\u00e6li Drottins, Gu\u00f0s ykkar, \u00ed einu og \u00f6llu, l\u00f6g \u00feau og \u00e1kv\u00e6\u00f0i sem hann hefur sett ykkur. <a name=\"18\"><span class=\"versanumer_2007\">18<\/span><\/a> \u00de\u00fa skalt gera \u00fea\u00f0 sem r\u00e9tt er og gott \u00ed augum Drottins svo a\u00f0 \u00fe\u00e9r vegni vel og \u00fe\u00fa komist inn \u00ed og f\u00e1ir til eignar landi\u00f0 g\u00f3\u00f0a sem Drottinn h\u00e9t fe\u00f0rum \u00fe\u00ednum. <a name=\"19\"><span class=\"versanumer_2007\">19<\/span><\/a> Drottinn mun ry\u00f0ja \u00f6llum fjandm\u00f6nnum \u00far vegi \u00fe\u00ednum eins og hann hefur heiti\u00f0.<br \/> <a name=\"20\"><span class=\"versanumer_2007\">20<\/span><\/a> \u00deegar sonur \u00feinn spyr \u00feig seinna meir: \u201eHva\u00f0a fyrirm\u00e6li, l\u00f6g og \u00e1kv\u00e6\u00f0i eru \u00feetta sem Drottinn, Gu\u00f0 okkar, setti ykkur?\u201c <a name=\"21\"><span class=\"versanumer_2007\">21<\/span><\/a> skaltu svara syni \u00fe\u00ednum: \u201eVi\u00f0 vorum \u00fer\u00e6lar fara\u00f3s \u00ed Egyptalandi en Drottinn leiddi okkur \u00fat \u00far Egyptalandi me\u00f0 sterkri hendi. <a name=\"22\"><span class=\"versanumer_2007\">22<\/span><\/a> Fyrir augum okkar ger\u00f0i Drottinn mikil t\u00e1kn og m\u00e1ttarverk sem sk\u00e6\u00f0 ur\u00f0u Egyptalandi, fara\u00f3 og allri fj\u00f6lskyldu hans. <a name=\"23\"><span class=\"versanumer_2007\">23<\/span><\/a> En okkur leiddi hann \u00fea\u00f0an til \u00feess a\u00f0 fara me\u00f0 okkur inn \u00ed landi\u00f0 sem hann haf\u00f0i heiti\u00f0 fe\u00f0rum okkar a\u00f0 gefa okkur. <a name=\"24\"><span class=\"versanumer_2007\">24<\/span><\/a> Drottinn bau\u00f0 okkur a\u00f0 fara a\u00f0 \u00f6llum \u00feessum l\u00f6gum og \u00f3ttast Drottin, Gu\u00f0 okkar, svo a\u00f0 okkur vegna\u00f0i \u00e6t\u00ed\u00f0 vel og hann l\u00e9ti okkur l\u00edfi halda eins og allt til \u00feessa. <a name=\"25\"><span class=\"versanumer_2007\">25<\/span><\/a> \u00dev\u00ed a\u00f0eins hlj\u00f3tum vi\u00f0 r\u00e9ttl\u00e6ti a\u00f0 vi\u00f0 g\u00e6tum \u00feess a\u00f0 fylgja \u00f6llum \u00feessum fyrirm\u00e6lum frammi fyrir augliti Drottins, Gu\u00f0s okkar, eins og hann hefur bo\u00f0i\u00f0 okkur.\u201c<\/p>\n","protected":false},"excerpt":{"rendered":"<p>\u00de\u00fa skalt elska Gu\u00f0 einan 1 \u00deetta eru fyrirm\u00e6lin, l\u00f6gin og \u00e1kv\u00e6\u00f0in, sem Drottinn, Gu\u00f0 okkar, hefur fali\u00f0 m\u00e9r a\u00f0 kenna ykkur a\u00f0 halda \u00ed landinu sem \u00fei\u00f0 eru\u00f0 a\u00f0 fara yfir til og sl\u00e1 eign ykkar \u00e1 2 svo a\u00f0 \u00fe\u00fa, b\u00f6rn \u00fe\u00edn og barnab\u00f6rn vir\u00f0i\u00f0 Drottin, Gu\u00f0 ykkar, alla \u00e6vidaga \u00fe\u00edna me\u00f0 \u00fev\u00ed a\u00f0 halda \u00f6ll l\u00f6g hans og fyrirm\u00e6li sem \u00e9g set ykkur til \u00feess a\u00f0 \u00fe\u00fa ver\u00f0ir langl\u00edfur. 3 Hl\u00fd\u00f0 \u00fev\u00ed \u00e1 \u00feau, \u00cdsrael, og g\u00e6ttu \u00feess a\u00f0 halda \u00feau svo a\u00f0 \u00fe\u00e9r vegni vel og \u00fe\u00e9r fj\u00f6lgi st\u00f3rum \u00ed landinu sem fl\u00fdtur \u00ed mj\u00f3lk og <a href=\"https:\/\/biblian.is\/biblian\/fimmta-mosebok-6-kafli\/\"> [&#8230;]<\/a><\/p>\n","protected":false},"author":1,"featured_media":0,"parent":0,"menu_order":0,"comment_status":"open","ping_status":"open","template":"bibliukaflar_NT.php","meta":{"footnotes":""},"class_list":["post-1776","page","type-page","status-publish","hentry"],"_links":{"self":[{"href":"https:\/\/biblian.is\/biblian\/wp-json\/wp\/v2\/pages\/1776","targetHints":{"allow":["GET"]}}],"collection":[{"href":"https:\/\/biblian.is\/biblian\/wp-json\/wp\/v2\/pages"}],"about":[{"href":"https:\/\/biblian.is\/biblian\/wp-json\/wp\/v2\/types\/page"}],"author":[{"embeddable":true,"href":"https:\/\/biblian.is\/biblian\/wp-json\/wp\/v2\/users\/1"}],"replies":[{"embeddable":true,"href":"https:\/\/biblian.is\/biblian\/wp-json\/wp\/v2\/comments?post=1776"}],"version-history":[{"count":0,"href":"https:\/\/biblian.is\/biblian\/wp-json\/wp\/v2\/pages\/1776\/revisions"}],"wp:attachment":[{"href":"https:\/\/biblian.is\/biblian\/wp-json\/wp\/v2\/media?parent=1776"}],"curies":[{"name":"wp","href":"https:\/\/api.w.org\/{rel}","templated":true}]}}