{"id":1771,"date":"2017-12-30T21:00:21","date_gmt":"2017-12-30T21:00:21","guid":{"rendered":"http:\/\/biblian.is\/biblian\/fimmta-m%c2%97seb%c2%97k-1-kafli\/"},"modified":"2024-05-06T22:31:55","modified_gmt":"2024-05-06T22:31:55","slug":"fimmta-mosebok-1-kafli","status":"publish","type":"page","link":"https:\/\/biblian.is\/biblian\/fimmta-mosebok-1-kafli\/","title":{"rendered":"Fimmta M\u00f3seb\u00f3k 1. kafli"},"content":{"rendered":"<h2 class=\"millifyrirsogn_2007\">F\u00f6rin fr\u00e1 Egyptalandi <\/h2>\n<h3 class=\"millifyrirsogn_2007\">Lagt upp fr\u00e1 H\u00f3reb<\/h3>\n<p><a name=\"1\"><span class=\"versanumer_2007\">1<\/span><\/a> H\u00e9r \u00e1 eftir fer r\u00e6\u00f0an sem M\u00f3se flutti \u00f6llum \u00cdsraelsm\u00f6nnum \u00ed ey\u00f0im\u00f6rkinni austan vi\u00f0 J\u00f3rdan. Hann flutti hana \u00ed Araba, <span class=\"nedan_mal\" title=\" Araba: J\u00f3rdandalurinn og d\u00e6ldin sunnan Dau\u00f0ahafsins allt til Elat.\">[<\/span> austan vi\u00f0 S\u00faf, milli Paran og T\u00f3fel, Laban, Hatser\u00f3t og D\u00ed Sabab.<br \/> <a name=\"2\"><span class=\"versanumer_2007\">2<\/span><\/a> Fr\u00e1 H\u00f3reb til Kades Barnea eru ellefu daglei\u00f0ir ef farin er lei\u00f0in \u00ed \u00e1tt til Se\u00edrfjalla. <a name=\"3\"><span class=\"versanumer_2007\">3<\/span><\/a> M\u00f3se \u00e1varpa\u00f0i \u00cdsraelsmenn \u00e1 fertugasta \u00e1rinu, \u00e1 fyrsta degi ellefta m\u00e1na\u00f0arins. Hann flutti \u00cdsraelsm\u00f6nnum allt sem Drottinn haf\u00f0i fali\u00f0 honum. <a name=\"4\"><span class=\"versanumer_2007\">4<\/span><\/a> Vi\u00f0 Edrei haf\u00f0i hann sigra\u00f0 S\u00edhon, konung Amor\u00edta, sem r\u00edkti \u00ed Hesbon og \u00d3g, konung \u00ed Basan, sem r\u00edkti \u00ed Astar\u00f3t. <a name=\"5\"><span class=\"versanumer_2007\">5<\/span><\/a> Eftir \u00fea\u00f0 h\u00f3f M\u00f3se a\u00f0 br\u00fdna \u00feennan bo\u00f0skap fyrir f\u00f3lkinu austan vi\u00f0 J\u00f3rdan, \u00ed M\u00f3abslandi: <a name=\"6\"><span class=\"versanumer_2007\">6<\/span><\/a> Drottinn, Gu\u00f0 okkar, sag\u00f0i vi\u00f0 okkur vi\u00f0 H\u00f3reb: \u201e\u00dei\u00f0 hafi\u00f0 dvalist n\u00f3gu lengi vi\u00f0 \u00feetta fjall. <a name=\"7\"><span class=\"versanumer_2007\">7<\/span><\/a> Sn\u00fai\u00f0 ykkur n\u00fa \u00ed \u00e1tt a\u00f0 fjalllendi Amor\u00edta, leggi\u00f0 af sta\u00f0 og fari\u00f0 \u00feanga\u00f0. Haldi\u00f0 gegn \u00f6llum \u00edb\u00faum \u00feess \u00ed Araba, \u00e1 fjalllendinu og \u00e1 l\u00e1glendinu, \u00ed Su\u00f0urlandinu <span class=\"nedan_mal\" title=\" \u00cd Negeb.\">[<\/span> og \u00e1 str\u00f6nd hafsins. Haldi\u00f0 inn \u00ed land Kanverja og landsv\u00e6\u00f0i\u00f0 vi\u00f0 L\u00edbanon, alveg a\u00f0 hinu mikla flj\u00f3ti Efrat. <a name=\"8\"><span class=\"versanumer_2007\">8<\/span><\/a> H\u00e9r me\u00f0 f\u00e6 \u00e9g ykkur landi\u00f0. Fari\u00f0 og sl\u00e1i\u00f0 eign ykkar \u00e1 landi\u00f0 sem Drottinn s\u00f3r a\u00f0 gefa fe\u00f0rum ykkar, Abraham, \u00cdsak og Jakobi, og ni\u00f0jum \u00feeirra.\u201c<\/p>\n<h3 class=\"millifyrirsogn_2007\">Emb\u00e6ttismenn skipa\u00f0ir<\/h3>\n<p><a name=\"9\"><span class=\"versanumer_2007\">9<\/span><\/a> \u00de\u00e1 sag\u00f0i \u00e9g vi\u00f0 ykkur: \u201eEinn get \u00e9g ekki bori\u00f0 ykkur. <a name=\"10\"><span class=\"versanumer_2007\">10<\/span><\/a> Drottinn, Gu\u00f0 ykkar, hefur fj\u00f6lga\u00f0 ykkur svo mj\u00f6g a\u00f0 \u00fei\u00f0 eru\u00f0 n\u00fa jafnm\u00f6rg stj\u00f6rnum himinsins. <a name=\"11\"><span class=\"versanumer_2007\">11<\/span><\/a> Megi Drottinn, Gu\u00f0 fe\u00f0ra ykkar, enn fj\u00f6lga ykkur \u00fe\u00fasundfalt og blessa ykkur eins og hann hefur heiti\u00f0 ykkur.<br \/> <a name=\"12\"><span class=\"versanumer_2007\">12<\/span><\/a> En hvernig \u00e1 \u00e9g einn a\u00f0 geta bori\u00f0 \u00feyngslin af ykkur, vandam\u00e1l ykkar og deilur? <a name=\"13\"><span class=\"versanumer_2007\">13<\/span><\/a> Velji\u00f0 \u00fei\u00f0 n\u00fa vitra, skilningsr\u00edka og valinkunna menn \u00far hverjum \u00e6ttb\u00e1lki og mun \u00e9g skipa \u00fe\u00e1 h\u00f6f\u00f0ingja ykkar.\u201c <a name=\"14\"><span class=\"versanumer_2007\">14<\/span><\/a> \u00dei\u00f0 sv\u00f6ru\u00f0u\u00f0 m\u00e9r og s\u00f6g\u00f0u\u00f0: \u201eGott er \u00fea\u00f0 sem \u00fe\u00fa r\u00e6\u00f0ur okkur a\u00f0 gera.\u201c <a name=\"15\"><span class=\"versanumer_2007\">15<\/span><\/a> \u00de\u00e1 s\u00f3tti \u00e9g lei\u00f0toga \u00e6ttb\u00e1lka ykkar, vitra menn og valinkunna, og setti \u00fe\u00e1 h\u00f6f\u00f0ingja yfir ykkur, yfir \u00fe\u00fasund manna flokka, hundra\u00f0 manna, fimmt\u00edu manna og t\u00edu manna flokka. \u00c9g setti \u00fe\u00e1 einnig ritara fyrir hvern \u00e6ttb\u00e1lk ykkar.<br \/> <a name=\"16\"><span class=\"versanumer_2007\">16<\/span><\/a> S\u00ed\u00f0an gaf \u00e9g d\u00f3murum ykkar \u00feessi fyrirm\u00e6li: \u201eHl\u00fd\u00f0i\u00f0 \u00e1 m\u00e1l br\u00e6\u00f0ra ykkar. Kve\u00f0i\u00f0 upp r\u00e9ttl\u00e1ta d\u00f3ma, hvort heldur m\u00e1laferlin eru milli br\u00e6\u00f0ra e\u00f0a vi\u00f0 a\u00f0komumann sem n\u00fdtur verndar. <a name=\"17\"><span class=\"versanumer_2007\">17<\/span><\/a> Veri\u00f0 ekki hlutdr\u00e6gir \u00ed d\u00f3mum, hl\u00fd\u00f0i\u00f0 jafnt \u00e1 h\u00e1an sem l\u00e1gan. \u00d3ttist engan mann \u00fev\u00ed a\u00f0 d\u00f3murinn er Gu\u00f0s. Reynist eitthvert m\u00e1l ykkur um megn, \u00fe\u00e1 skj\u00f3ti\u00f0 \u00fev\u00ed til m\u00edn og \u00e9g mun hl\u00fd\u00f0a \u00e1 \u00fea\u00f0.\u201c<br \/> <a name=\"18\"><span class=\"versanumer_2007\">18<\/span><\/a> \u00de\u00e1 gaf \u00e9g ykkur fyrirm\u00e6li um allt sem ykkur ber a\u00f0 gera.<\/p>\n<h3 class=\"millifyrirsogn_2007\">Nj\u00f3snarar sendir<\/h3>\n<p><a name=\"19\"><span class=\"versanumer_2007\">19<\/span><\/a> \u00dev\u00ed n\u00e6st h\u00e9ldum vi\u00f0 af sta\u00f0 fr\u00e1 H\u00f3reb og f\u00f3rum gegnum alla \u00feessa miklu og skelfilegu ey\u00f0im\u00f6rk sem \u00fei\u00f0 hafi\u00f0 sj\u00e1lf s\u00e9\u00f0. Vi\u00f0 f\u00f3rum \u00e1lei\u00f0is til fjalllendis Amor\u00edta eins og Drottinn, Gu\u00f0 okkar, haf\u00f0i bo\u00f0i\u00f0. \u00deegar vi\u00f0 komum til Kades Barnea <a name=\"20\"><span class=\"versanumer_2007\">20<\/span><\/a> sag\u00f0i \u00e9g vi\u00f0 ykkur: \u201eN\u00fa eru\u00f0 \u00fei\u00f0 komin a\u00f0 fjalllendi Amor\u00edta sem Drottinn, Gu\u00f0 okkar, gefur okkur. <a name=\"21\"><span class=\"versanumer_2007\">21<\/span><\/a> Sj\u00e1! Drottinn, Gu\u00f0 \u00feinn, hefur fengi\u00f0 \u00fe\u00e9r landi\u00f0 \u00ed hendur. Far\u00f0u \u00feanga\u00f0 og taktu \u00fea\u00f0 til eignar eins og Drottinn, Gu\u00f0 fe\u00f0ra \u00feinna, hefur bo\u00f0i\u00f0 \u00fe\u00e9r. \u00d3ttastu ekki og l\u00e1ttu ekki hugfallast!\u201c<br \/> <a name=\"22\"><span class=\"versanumer_2007\">22<\/span><\/a> \u00de\u00e1 komu\u00f0 \u00fei\u00f0 \u00f6ll til m\u00edn og s\u00f6g\u00f0u\u00f0: \u201eVi\u00f0 skulum senda nokkra menn \u00e1 undan okkur til \u00feess a\u00f0 kanna landi\u00f0 fyrir okkur. \u00deeir geta s\u00ed\u00f0an l\u00fdst lei\u00f0inni, sem vi\u00f0 eigum a\u00f0 fara, og borgunum sem vi\u00f0 eigum a\u00f0 fara inn \u00ed.\u201c <a name=\"23\"><span class=\"versanumer_2007\">23<\/span><\/a> M\u00e9r f\u00e9ll \u00feetta vel \u00ed ge\u00f0 og valdi \u00far h\u00f3pi ykkar t\u00f3lf menn, einn \u00far hverjum \u00e6ttb\u00e1lki. <a name=\"24\"><span class=\"versanumer_2007\">24<\/span><\/a> \u00deeir h\u00e9ldu \u00e1 lei\u00f0 til fjalllendisins og f\u00f3ru upp \u00ed Esk\u00f3ldal og k\u00f6nnu\u00f0u hann. <a name=\"25\"><span class=\"versanumer_2007\">25<\/span><\/a> \u00deeir t\u00f3ku me\u00f0 s\u00e9r nokku\u00f0 af \u00e1v\u00f6xtum landsins og f\u00e6r\u00f0u okkur og s\u00f6g\u00f0u: \u201e\u00dea\u00f0 er gott land sem Drottinn, Gu\u00f0 okkar, gefur okkur.\u201c<\/p>\n<h3 class=\"millifyrirsogn_2007\">M\u00f6gla\u00f0 gegn Drottni<\/h3>\n<p><a name=\"26\"><span class=\"versanumer_2007\">26<\/span><\/a> En \u00fei\u00f0 neitu\u00f0u\u00f0 a\u00f0 fara \u00feanga\u00f0 upp eftir og risu\u00f0 gegn bo\u00f0um Drottins, Gu\u00f0s ykkar. <a name=\"27\"><span class=\"versanumer_2007\">27<\/span><\/a> \u00dei\u00f0 m\u00f6glu\u00f0u\u00f0 \u00ed tj\u00f6ldum ykkar og s\u00f6g\u00f0u\u00f0: \u201eDrottinn leiddi okkur \u00fat \u00far Egyptalandi af \u00fev\u00ed a\u00f0 hann hatar okkur. Hann \u00e6tlar a\u00f0 selja okkur Amor\u00edtum \u00ed hendur svo a\u00f0 \u00feeir tort\u00edmi okkur. <a name=\"28\"><span class=\"versanumer_2007\">28<\/span><\/a> Hvert erum vi\u00f0 a\u00f0 fara? Br\u00e6\u00f0ur okkar ger\u00f0u okkur skelfingu lostin. \u00deeir segja \u00fej\u00f3\u00f0ina h\u00e6rri vexti og fj\u00f6lmennari en okkur, borgirnar miklar og girtar m\u00farum sem gn\u00e6fa vi\u00f0 himin, og segjast auk \u00feess hafa s\u00e9\u00f0 Anak\u00edta \u00fear.\u201c<br \/> <a name=\"29\"><span class=\"versanumer_2007\">29<\/span><\/a> \u00de\u00e1 sag\u00f0i \u00e9g vi\u00f0 ykkur: \u201e\u00d3ttist \u00fe\u00e1 ekki og veri\u00f0 ekki hr\u00e6dd. <a name=\"30\"><span class=\"versanumer_2007\">30<\/span><\/a> Drottinn, Gu\u00f0 ykkar, sem fer fyrir ykkur, mun berjast fyrir ykkur eins og hann ger\u00f0i fyrir augum ykkar \u00ed Egyptalandi. <a name=\"31\"><span class=\"versanumer_2007\">31<\/span><\/a> \u00cd ey\u00f0im\u00f6rkinni s\u00e1st \u00fe\u00fa hvernig Drottinn, Gu\u00f0 \u00feinn, bar \u00feig eins og ma\u00f0ur ber son sinn hvert sem \u00fei\u00f0 f\u00f3ru\u00f0 uns \u00fei\u00f0 komu\u00f0 \u00e1 \u00feennan sta\u00f0.\u201c <a name=\"32\"><span class=\"versanumer_2007\">32<\/span><\/a> En \u00fer\u00e1tt fyrir \u00feetta tr\u00fa\u00f0u\u00f0 \u00fei\u00f0 ekki \u00e1 Drottin, Gu\u00f0 ykkar, <a name=\"33\"><span class=\"versanumer_2007\">33<\/span><\/a> sem gekk \u00e1 undan ykkur \u00e1 lei\u00f0inni til a\u00f0 finna tjaldsta\u00f0 handa ykkur. Hann f\u00f3r fyrir ykkur um n\u00e6tur \u00ed eldi en um daga \u00ed sk\u00fdi til a\u00f0 v\u00edsa ykkur veginn sem \u00fei\u00f0 \u00e1ttu\u00f0 a\u00f0 halda.<br \/> <a name=\"34\"><span class=\"versanumer_2007\">34<\/span><\/a> \u00deegar Drottinn heyr\u00f0i \u00fea\u00f0 sem \u00fei\u00f0 s\u00f6g\u00f0u\u00f0 reiddist hann og s\u00f3r: <a name=\"35\"><span class=\"versanumer_2007\">35<\/span><\/a> \u201eEnginn af \u00feessari illu kynsl\u00f3\u00f0 skal f\u00e1 a\u00f0 sj\u00e1 landi\u00f0 g\u00f3\u00f0a, sem \u00e9g s\u00f3r a\u00f0 gefa forfe\u00f0rum ykkar, <a name=\"36\"><span class=\"versanumer_2007\">36<\/span><\/a> nema Kaleb Jef\u00fanneson, hann skal sj\u00e1 \u00fea\u00f0. \u00c9g mun gefa honum og sonum hans landi\u00f0 sem hann hefur stigi\u00f0 \u00e1 \u00fev\u00ed a\u00f0 hann hefur fylgt Drottni heils hugar.\u201c <a name=\"37\"><span class=\"versanumer_2007\">37<\/span><\/a> Drottinn reiddist m\u00e9r einnig vegna ykkar og sag\u00f0i: \u201e\u00de\u00fa skalt ekki heldur komast \u00feanga\u00f0. <a name=\"38\"><span class=\"versanumer_2007\">38<\/span><\/a> En J\u00f3s\u00faa N\u00fansson, sem \u00fej\u00f3nar \u00fe\u00e9r, skal komast \u00feanga\u00f0. Stappa\u00f0u \u00ed hann st\u00e1linu \u00fev\u00ed a\u00f0 hann \u00e1 a\u00f0 skipta landinu \u00ed erf\u00f0al\u00f6nd handa \u00cdsrael. <a name=\"39\"><span class=\"versanumer_2007\">39<\/span><\/a> En b\u00f6rn ykkar, sem \u00fei\u00f0 s\u00f6g\u00f0u\u00f0 a\u00f0 yr\u00f0u tekin herfangi, og synir ykkar, sem enn kunna ekki skil g\u00f3\u00f0s og ills, munu komast \u00feanga\u00f0 og \u00feeim mun \u00e9g f\u00e1 landi\u00f0 og \u00feeir munu taka \u00fea\u00f0 til eignar. <a name=\"40\"><span class=\"versanumer_2007\">40<\/span><\/a> En \u00fei\u00f0 skulu\u00f0 sn\u00faa aftur \u00ed \u00e1tt til ey\u00f0imerkurinnar og halda \u00e1lei\u00f0is til Sefhafsins.\u201c<br \/> <a name=\"41\"><span class=\"versanumer_2007\">41<\/span><\/a> \u00dei\u00f0 sv\u00f6ru\u00f0u\u00f0 og s\u00f6g\u00f0u\u00f0 vi\u00f0 mig: \u201eVi\u00f0 h\u00f6fum syndga\u00f0 gegn Drottni. En n\u00fa skulum vi\u00f0 fara og berjast eins og Drottinn, Gu\u00f0 okkar, bau\u00f0.\u201c \u00dev\u00ed n\u00e6st bj\u00f3st hver og einn ykkar herkl\u00e6\u00f0um, t\u00f3k vopn s\u00edn og taldi \u00fea\u00f0 h\u00e6g\u00f0arleik a\u00f0 halda upp \u00ed fjalllendi\u00f0.<br \/> <a name=\"42\"><span class=\"versanumer_2007\">42<\/span><\/a> En Drottinn sag\u00f0i vi\u00f0 mig: \u201eSeg\u00f0u vi\u00f0 \u00fe\u00e1: \u00dei\u00f0 skulu\u00f0 ekki fara og berjast \u00fev\u00ed a\u00f0 \u00e9g ver\u00f0 ekki me\u00f0 ykkur. Ella b\u00ed\u00f0i\u00f0 \u00fei\u00f0 \u00f3sigur fyrir fjandm\u00f6nnum ykkar.\u201c <a name=\"43\"><span class=\"versanumer_2007\">43<\/span><\/a> \u00c9g sag\u00f0i ykkur \u00feetta en \u00fei\u00f0 hlustu\u00f0u\u00f0 ekki og risu\u00f0 gegn bo\u00f0i Drottins. \u00cd ofdirfsku ykkar f\u00f3ru\u00f0 \u00fei\u00f0 upp \u00ed fjalllendi\u00f0 <a name=\"44\"><span class=\"versanumer_2007\">44<\/span><\/a> og Amor\u00edtarnir, sem b\u00faa \u00ed \u00feessu fjalllendi, r\u00e9\u00f0ust gegn ykkur, r\u00e1ku ykkur \u00e1 fl\u00f3tta og eltu ykkur eins og b\u00fdflugnager og tv\u00edstru\u00f0u ykkur fr\u00e1 Se\u00edr allt til Horma. <a name=\"45\"><span class=\"versanumer_2007\">45<\/span><\/a> \u00deegar \u00fei\u00f0 komu\u00f0 aftur gr\u00e9tu\u00f0 \u00fei\u00f0 frammi fyrir Drottni. En hann heyr\u00f0i ekki kveinstafi ykkar og hlusta\u00f0i ekki \u00e1 ykkur. <a name=\"46\"><span class=\"versanumer_2007\">46<\/span><\/a> S\u00ed\u00f0an voru\u00f0 \u00fei\u00f0 langa hr\u00ed\u00f0 um kyrrt \u00ed Kades, allan \u00feann t\u00edma sem \u00fei\u00f0 dv\u00f6ldust \u00fear.<\/p>\n","protected":false},"excerpt":{"rendered":"<p>F\u00f6rin fr\u00e1 Egyptalandi Lagt upp fr\u00e1 H\u00f3reb 1 H\u00e9r \u00e1 eftir fer r\u00e6\u00f0an sem M\u00f3se flutti \u00f6llum \u00cdsraelsm\u00f6nnum \u00ed ey\u00f0im\u00f6rkinni austan vi\u00f0 J\u00f3rdan. Hann flutti hana \u00ed Araba, [ austan vi\u00f0 S\u00faf, milli Paran og T\u00f3fel, Laban, Hatser\u00f3t og D\u00ed Sabab. 2 Fr\u00e1 H\u00f3reb til Kades Barnea eru ellefu daglei\u00f0ir ef farin er lei\u00f0in \u00ed \u00e1tt til Se\u00edrfjalla. 3 M\u00f3se \u00e1varpa\u00f0i \u00cdsraelsmenn \u00e1 fertugasta \u00e1rinu, \u00e1 fyrsta degi ellefta m\u00e1na\u00f0arins. Hann flutti \u00cdsraelsm\u00f6nnum allt sem Drottinn haf\u00f0i fali\u00f0 honum. 4 Vi\u00f0 Edrei haf\u00f0i hann sigra\u00f0 S\u00edhon, konung Amor\u00edta, sem r\u00edkti \u00ed Hesbon og \u00d3g, konung \u00ed Basan, sem r\u00edkti \u00ed <a href=\"https:\/\/biblian.is\/biblian\/fimmta-mosebok-1-kafli\/\"> [&#8230;]<\/a><\/p>\n","protected":false},"author":1,"featured_media":0,"parent":0,"menu_order":0,"comment_status":"open","ping_status":"open","template":"bibliukaflar_NT.php","meta":{"footnotes":""},"class_list":["post-1771","page","type-page","status-publish","hentry"],"_links":{"self":[{"href":"https:\/\/biblian.is\/biblian\/wp-json\/wp\/v2\/pages\/1771","targetHints":{"allow":["GET"]}}],"collection":[{"href":"https:\/\/biblian.is\/biblian\/wp-json\/wp\/v2\/pages"}],"about":[{"href":"https:\/\/biblian.is\/biblian\/wp-json\/wp\/v2\/types\/page"}],"author":[{"embeddable":true,"href":"https:\/\/biblian.is\/biblian\/wp-json\/wp\/v2\/users\/1"}],"replies":[{"embeddable":true,"href":"https:\/\/biblian.is\/biblian\/wp-json\/wp\/v2\/comments?post=1771"}],"version-history":[{"count":0,"href":"https:\/\/biblian.is\/biblian\/wp-json\/wp\/v2\/pages\/1771\/revisions"}],"wp:attachment":[{"href":"https:\/\/biblian.is\/biblian\/wp-json\/wp\/v2\/media?parent=1771"}],"curies":[{"name":"wp","href":"https:\/\/api.w.org\/{rel}","templated":true}]}}