{"id":1768,"date":"2017-12-30T21:00:21","date_gmt":"2017-12-30T21:00:21","guid":{"rendered":"http:\/\/biblian.is\/biblian\/fj%c2%97r_a-m%c2%97seb%c2%97k-34-kafli\/"},"modified":"2024-05-06T22:31:21","modified_gmt":"2024-05-06T22:31:21","slug":"fjorda-mosebok-34-kafli","status":"publish","type":"page","link":"https:\/\/biblian.is\/biblian\/fjorda-mosebok-34-kafli\/","title":{"rendered":"Fj\u00f3r\u00f0a M\u00f3seb\u00f3k 34. kafli"},"content":{"rendered":"<p><a name=\"1\"><span class=\"versanumer_2007\">1<\/span><\/a> Drottinn tala\u00f0i til M\u00f3se og sag\u00f0i:<br \/> <a name=\"2\"><span class=\"versanumer_2007\">2<\/span><\/a> \u201eGef\u00f0u \u00cdsraelsm\u00f6nnum fyrirm\u00e6li og seg\u00f0u vi\u00f0 \u00fe\u00e1: \u00deegar \u00fei\u00f0 komi\u00f0 inn \u00ed landi\u00f0 er \u00fea\u00f0 landi\u00f0 sem ver\u00f0ur erf\u00f0aland ykkar, Kanaansland, \u00feetta eru m\u00f6rk \u00feess:<br \/> <a name=\"3\"><span class=\"versanumer_2007\">3<\/span><\/a> Su\u00f0urm\u00f6rk ykkar skulu liggja fr\u00e1 S\u00edney\u00f0im\u00f6rk me\u00f0 fram Ed\u00f3m. \u00dea\u00f0 ver\u00f0a su\u00f0urlandam\u00e6ri ykkar fr\u00e1 enda salta hafsins <span class=\"nedan_mal\" title=\" \u00de.e. Dau\u00f0ahafi\u00f0.\">[<\/span> a\u00f0 austan. <a name=\"4\"><span class=\"versanumer_2007\">4<\/span><\/a> \u00de\u00e1 skulu landam\u00e6ri ykkar liggja \u00ed boga sunnan vi\u00f0 Spor\u00f0drekast\u00edg, liggja s\u00ed\u00f0an \u00e1fram til S\u00edn og stefna sunnan vi\u00f0 Kades Barnea til Hasar Addar og \u00fea\u00f0an til Asm\u00f3n. <a name=\"5\"><span class=\"versanumer_2007\">5<\/span><\/a> S\u00ed\u00f0an skulu landam\u00e6rin liggja \u00ed boga fr\u00e1 Asm\u00f3n \u00ed \u00e1tt til Egyptalands\u00e1r og alla lei\u00f0 til sj\u00e1var.<br \/> <a name=\"6\"><span class=\"versanumer_2007\">6<\/span><\/a> Vesturlandam\u00e6ri ykkar skulu vera hafi\u00f0 mikla. <span class=\"nedan_mal\" title=\" \u00de.e. Mi\u00f0jar\u00f0arhaf.\">[<\/span> \u00dea\u00f0 skulu vera vesturlandam\u00e6ri ykkar.<br \/> <a name=\"7\"><span class=\"versanumer_2007\">7<\/span><\/a> Nor\u00f0urlandam\u00e6ri ykkar skulu vera: Fr\u00e1 hafinu mikla skulu\u00f0 \u00fei\u00f0 draga l\u00ednu til fjallsins H\u00f3r <a name=\"8\"><span class=\"versanumer_2007\">8<\/span><\/a> og fr\u00e1 fjallinu H\u00f3r til Leb\u00f3 Hamat. Landam\u00e6rin skulu liggja til Sedad, <a name=\"9\"><span class=\"versanumer_2007\">9<\/span><\/a> s\u00ed\u00f0an skulu \u00feau liggja til S\u00edfr\u00f3n og \u00fea\u00f0an til Hasar Enan. <a name=\"10\"><span class=\"versanumer_2007\">10<\/span><\/a> \u00dei\u00f0 skulu\u00f0 merkja austurlandam\u00e6ri ykkar me\u00f0 l\u00ednu fr\u00e1 Hasar Enan til Sefam, <a name=\"11\"><span class=\"versanumer_2007\">11<\/span><\/a> s\u00ed\u00f0an skulu landam\u00e6rin liggja ni\u00f0ur fr\u00e1 Sefam til Ribla austan vi\u00f0 A\u00edn. Landam\u00e6rin skulu \u00fev\u00ed n\u00e6st liggja ni\u00f0ur eftir og nema vi\u00f0 fjalls\u00f6xlina vi\u00f0 Kinneretvatn <span class=\"nedan_mal\" title=\"\u00de.e. Gal\u00edleuvatn; Genesaretvatn.\">[<\/span> austanvert. <a name=\"12\"><span class=\"versanumer_2007\">12<\/span><\/a> Loks skulu landam\u00e6rin liggja ni\u00f0ur a\u00f0 J\u00f3rdan og \u00fea\u00f0an \u00ed stefnu a\u00f0 salta hafinu.<br \/>\u00deannig skal landi\u00f0, sem \u00fei\u00f0 f\u00e1i\u00f0, vera afmarka\u00f0 af landam\u00e6rum s\u00ednum \u00e1 alla vegu.\u201c<br \/> <a name=\"13\"><span class=\"versanumer_2007\">13<\/span><\/a> M\u00f3se gaf \u00cdsraelsm\u00f6nnum fyrirm\u00e6li og sag\u00f0i:<br \/>\u201e\u00deetta er landi\u00f0 sem \u00fei\u00f0 eigi\u00f0 a\u00f0 skipta \u00e1 milli ykkar \u00ed erf\u00f0al\u00f6nd me\u00f0 hlutkesti og Drottinn hefur bo\u00f0i\u00f0 a\u00f0 ver\u00f0i fengi\u00f0 \u00feessum n\u00edu \u00e6ttb\u00e1lkum og h\u00e1lfum \u00e6ttb\u00e1lki a\u00f0 auki. <a name=\"14\"><span class=\"versanumer_2007\">14<\/span><\/a> \u00dev\u00ed a\u00f0 \u00e6ttb\u00e1lkur sona R\u00fabens, hver \u00e6tt fyrir sig, og \u00e6ttb\u00e1lkur sona Ga\u00f0s, hver \u00e6tt fyrir sig, \u00e1samt h\u00e1lfum \u00e6ttb\u00e1lki ni\u00f0ja Manasse, hafa \u00feegar teki\u00f0 vi\u00f0 erf\u00f0al\u00f6ndum s\u00ednum. <a name=\"15\"><span class=\"versanumer_2007\">15<\/span><\/a> \u00deessir tveir og h\u00e1lfur \u00e6ttb\u00e1lkur hafa teki\u00f0 vi\u00f0 erf\u00f0alandi s\u00ednu hinum megin vi\u00f0 J\u00f3rdan, austan vi\u00f0 Jer\u00edk\u00f3.\u201c<br \/> <a name=\"16\"><span class=\"versanumer_2007\">16<\/span><\/a> Drottinn sag\u00f0i vi\u00f0 M\u00f3se:<br \/> <a name=\"17\"><span class=\"versanumer_2007\">17<\/span><\/a> \u201e\u00deetta eru n\u00f6fn \u00feeirra manna sem eiga a\u00f0 skipta landinu \u00ed erf\u00f0al\u00f6nd \u00e1 milli ykkar: Eleasar prestur og J\u00f3s\u00faa N\u00fansson <a name=\"18\"><span class=\"versanumer_2007\">18<\/span><\/a> og a\u00f0 auki skulu\u00f0 \u00fei\u00f0 velja einn h\u00f6f\u00f0ingja fr\u00e1 hverjum \u00e6ttb\u00e1lki til \u00feess a\u00f0 skipta landinu \u00ed erf\u00f0al\u00f6nd. <a name=\"19\"><span class=\"versanumer_2007\">19<\/span><\/a> \u00deetta eru n\u00f6fn \u00feessara manna: Kaleb Jef\u00fanneson fr\u00e1 \u00e6ttb\u00e1lki J\u00fada, <a name=\"20\"><span class=\"versanumer_2007\">20<\/span><\/a> Sam\u00fael Amm\u00edh\u00fadsson fr\u00e1 \u00e6ttb\u00e1lki S\u00edmeonssona, <a name=\"21\"><span class=\"versanumer_2007\">21<\/span><\/a> El\u00eddad K\u00edslonsson fr\u00e1 \u00e6ttb\u00e1lki Benjam\u00edns, <a name=\"22\"><span class=\"versanumer_2007\">22<\/span><\/a> h\u00f6f\u00f0inginn B\u00fakk\u00ed Jogl\u00edson fr\u00e1 \u00e6ttb\u00e1lki Dansni\u00f0ja. <a name=\"23\"><span class=\"versanumer_2007\">23<\/span><\/a> Fr\u00e1 ni\u00f0jum J\u00f3sefs: h\u00f6f\u00f0inginn Kam\u00fael Ef\u00f3\u00f0sson fr\u00e1 \u00e6ttb\u00e1lki Manasseni\u00f0ja <a name=\"24\"><span class=\"versanumer_2007\">24<\/span><\/a> og h\u00f6f\u00f0inginn Kem\u00fael Siftansson fr\u00e1 \u00e6ttb\u00e1lki Efra\u00edmsni\u00f0ja, <a name=\"25\"><span class=\"versanumer_2007\">25<\/span><\/a> h\u00f6f\u00f0inginn El\u00edsafan Parnaksson fr\u00e1 \u00e6ttb\u00e1lki Seb\u00falonssona, <a name=\"26\"><span class=\"versanumer_2007\">26<\/span><\/a> h\u00f6f\u00f0inginn Palt\u00edel Asansson fr\u00e1 \u00e6ttb\u00e1lki \u00cdssakarssona, <a name=\"27\"><span class=\"versanumer_2007\">27<\/span><\/a> h\u00f6f\u00f0inginn Ak\u00edh\u00fa\u00f0 Selom\u00edson fr\u00e1 \u00e6ttb\u00e1lki Asserssona, <a name=\"28\"><span class=\"versanumer_2007\">28<\/span><\/a> h\u00f6f\u00f0inginn Pedahel Amm\u00edh\u00fadsson fr\u00e1 \u00e6ttb\u00e1lki Naftal\u00edsona. <a name=\"29\"><span class=\"versanumer_2007\">29<\/span><\/a> \u00dea\u00f0 voru \u00feessir menn sem Drottinn bau\u00f0 a\u00f0 skipta landinu \u00ed erf\u00f0al\u00f6nd \u00e1 milli \u00cdsraelsmanna \u00ed Kanaanslandi.<\/p>\n","protected":false},"excerpt":{"rendered":"<p>1 Drottinn tala\u00f0i til M\u00f3se og sag\u00f0i: 2 \u201eGef\u00f0u \u00cdsraelsm\u00f6nnum fyrirm\u00e6li og seg\u00f0u vi\u00f0 \u00fe\u00e1: \u00deegar \u00fei\u00f0 komi\u00f0 inn \u00ed landi\u00f0 er \u00fea\u00f0 landi\u00f0 sem ver\u00f0ur erf\u00f0aland ykkar, Kanaansland, \u00feetta eru m\u00f6rk \u00feess: 3 Su\u00f0urm\u00f6rk ykkar skulu liggja fr\u00e1 S\u00edney\u00f0im\u00f6rk me\u00f0 fram Ed\u00f3m. \u00dea\u00f0 ver\u00f0a su\u00f0urlandam\u00e6ri ykkar fr\u00e1 enda salta hafsins [ a\u00f0 austan. 4 \u00de\u00e1 skulu landam\u00e6ri ykkar liggja \u00ed boga sunnan vi\u00f0 Spor\u00f0drekast\u00edg, liggja s\u00ed\u00f0an \u00e1fram til S\u00edn og stefna sunnan vi\u00f0 Kades Barnea til Hasar Addar og \u00fea\u00f0an til Asm\u00f3n. 5 S\u00ed\u00f0an skulu landam\u00e6rin liggja \u00ed boga fr\u00e1 Asm\u00f3n \u00ed \u00e1tt til Egyptalands\u00e1r og alla lei\u00f0 til <a href=\"https:\/\/biblian.is\/biblian\/fjorda-mosebok-34-kafli\/\"> [&#8230;]<\/a><\/p>\n","protected":false},"author":1,"featured_media":0,"parent":0,"menu_order":0,"comment_status":"open","ping_status":"open","template":"bibliukaflar_NT.php","meta":{"footnotes":""},"class_list":["post-1768","page","type-page","status-publish","hentry"],"_links":{"self":[{"href":"https:\/\/biblian.is\/biblian\/wp-json\/wp\/v2\/pages\/1768","targetHints":{"allow":["GET"]}}],"collection":[{"href":"https:\/\/biblian.is\/biblian\/wp-json\/wp\/v2\/pages"}],"about":[{"href":"https:\/\/biblian.is\/biblian\/wp-json\/wp\/v2\/types\/page"}],"author":[{"embeddable":true,"href":"https:\/\/biblian.is\/biblian\/wp-json\/wp\/v2\/users\/1"}],"replies":[{"embeddable":true,"href":"https:\/\/biblian.is\/biblian\/wp-json\/wp\/v2\/comments?post=1768"}],"version-history":[{"count":0,"href":"https:\/\/biblian.is\/biblian\/wp-json\/wp\/v2\/pages\/1768\/revisions"}],"wp:attachment":[{"href":"https:\/\/biblian.is\/biblian\/wp-json\/wp\/v2\/media?parent=1768"}],"curies":[{"name":"wp","href":"https:\/\/api.w.org\/{rel}","templated":true}]}}