{"id":1767,"date":"2017-12-30T21:00:21","date_gmt":"2017-12-30T21:00:21","guid":{"rendered":"http:\/\/biblian.is\/biblian\/fj%c2%97r_a-m%c2%97seb%c2%97k-33-kafli\/"},"modified":"2024-05-06T22:31:21","modified_gmt":"2024-05-06T22:31:21","slug":"fjorda-mosebok-33-kafli","status":"publish","type":"page","link":"https:\/\/biblian.is\/biblian\/fjorda-mosebok-33-kafli\/","title":{"rendered":"Fj\u00f3r\u00f0a M\u00f3seb\u00f3k 33. kafli"},"content":{"rendered":"<h3 class=\"millifyrirsogn_2007\"> \u00c1fangasta\u00f0ir \u00cdsraels \u00e1 lei\u00f0 til Kanaanslands<\/h3>\n<p><a name=\"1\"><span class=\"versanumer_2007\">1<\/span><\/a> \u00deetta eru \u00e1fangar \u00cdsraelsmanna sem f\u00f3ru \u00fat \u00far Egyptalandi \u00ed herfylkingum undir stj\u00f3rn M\u00f3se og Arons. <a name=\"2\"><span class=\"versanumer_2007\">2<\/span><\/a> M\u00f3se skr\u00e1\u00f0i sta\u00f0ina, sem \u00feeir h\u00e9ldu fr\u00e1 \u00ed hverjum \u00e1fanga, a\u00f0 bo\u00f0i Drottins. \u00deetta eru \u00e1fangar \u00feeirra mi\u00f0a\u00f0 vi\u00f0 brottfararsta\u00f0i.<br \/> <a name=\"3\"><span class=\"versanumer_2007\">3<\/span><\/a> \u00deeir l\u00f6g\u00f0u af sta\u00f0 fr\u00e1 Ramses \u00ed fyrsta m\u00e1nu\u00f0inum, fimmt\u00e1nda dag fyrsta m\u00e1na\u00f0arins. Morguninn eftir p\u00e1ska h\u00e9ldu \u00cdsraelsmenn af sta\u00f0 me\u00f0 dj\u00f6rfung <span class=\"nedan_mal\" title=\" Or\u00f0r\u00e9tt: me\u00f0 uppr\u00e9ttri hendi.\">[<\/span> \u00ed augs\u00fdn allra Egypta. <a name=\"4\"><span class=\"versanumer_2007\">4<\/span><\/a> En Egyptar voru \u00fe\u00e1 a\u00f0 grafa alla \u00fe\u00e1 sem Drottinn haf\u00f0i deytt, alla frumbur\u00f0ina, og Drottinn framfylgdi refsid\u00f3mum s\u00ednum \u00e1 gu\u00f0um \u00feeirra. <a name=\"5\"><span class=\"versanumer_2007\">5<\/span><\/a> \u00cdsraelsmenn l\u00f6g\u00f0u af sta\u00f0 fr\u00e1 Ramses og settu b\u00fa\u00f0ir s\u00ednar \u00ed S\u00fakk\u00f3t. <a name=\"6\"><span class=\"versanumer_2007\">6<\/span><\/a> \u00deeir l\u00f6g\u00f0u af sta\u00f0 fr\u00e1 S\u00fakk\u00f3t og settu b\u00fa\u00f0ir s\u00ednar \u00ed Etam sem er \u00ed ja\u00f0ri ey\u00f0imerkurinnar. <a name=\"7\"><span class=\"versanumer_2007\">7<\/span><\/a> \u00deeir l\u00f6g\u00f0u af sta\u00f0 fr\u00e1 Etam, sneru s\u00ed\u00f0an til P\u00ed Hak\u00edr\u00f3t, sem er gegnt Baal Sef\u00f3n, og settu b\u00fa\u00f0ir s\u00ednar gegnt M\u00edgdol. <a name=\"8\"><span class=\"versanumer_2007\">8<\/span><\/a> \u00deeir l\u00f6g\u00f0u af sta\u00f0 fr\u00e1 P\u00ed Hak\u00edr\u00f3t og f\u00f3ru mitt \u00ed gegnum hafi\u00f0 \u00ed \u00e1tt til ey\u00f0imerkurinnar. S\u00ed\u00f0an gengu \u00feeir \u00ed \u00ferj\u00e1 daga um Etamsey\u00f0im\u00f6rk og settu b\u00fa\u00f0ir s\u00ednar \u00ed Mara. <a name=\"9\"><span class=\"versanumer_2007\">9<\/span><\/a> \u00deeir l\u00f6g\u00f0u af sta\u00f0 fr\u00e1 Mara og komu til El\u00edm. \u00cd El\u00edm voru t\u00f3lf uppsprettur og sj\u00f6t\u00edu p\u00e1lmar og \u00feeir settu b\u00fa\u00f0ir s\u00ednar \u00fear. <a name=\"10\"><span class=\"versanumer_2007\">10<\/span><\/a> \u00deeir l\u00f6g\u00f0u af sta\u00f0 fr\u00e1 El\u00edm og settu b\u00fa\u00f0ir s\u00ednar vi\u00f0 Sefhafi\u00f0. <a name=\"11\"><span class=\"versanumer_2007\">11<\/span><\/a> \u00deeir l\u00f6g\u00f0u af sta\u00f0 fr\u00e1 Sefhafinu og settu b\u00fa\u00f0ir s\u00ednar \u00ed S\u00edney\u00f0im\u00f6rk. <a name=\"12\"><span class=\"versanumer_2007\">12<\/span><\/a> \u00deeir l\u00f6g\u00f0u af sta\u00f0 fr\u00e1 S\u00edney\u00f0im\u00f6rk og settu b\u00fa\u00f0ir s\u00ednar \u00ed Dofka. <a name=\"13\"><span class=\"versanumer_2007\">13<\/span><\/a> \u00deeir l\u00f6g\u00f0u af sta\u00f0 fr\u00e1 Dofka og settu b\u00fa\u00f0ir s\u00ednar \u00ed Al\u00fas. <a name=\"14\"><span class=\"versanumer_2007\">14<\/span><\/a> \u00deeir l\u00f6g\u00f0u af sta\u00f0 fr\u00e1 Al\u00fas og settu b\u00fa\u00f0ir s\u00ednar \u00ed Ref\u00edd\u00edm. \u00dear var ekkert vatn handa f\u00f3lkinu a\u00f0 drekka. <a name=\"15\"><span class=\"versanumer_2007\">15<\/span><\/a> \u00deeir l\u00f6g\u00f0u af sta\u00f0 fr\u00e1 Ref\u00edd\u00edm og settu b\u00fa\u00f0ir s\u00ednar \u00ed S\u00edna\u00edey\u00f0im\u00f6rk. <a name=\"16\"><span class=\"versanumer_2007\">16<\/span><\/a> \u00deeir l\u00f6g\u00f0u af sta\u00f0 fr\u00e1 S\u00edna\u00edey\u00f0im\u00f6rk og settu b\u00fa\u00f0ir s\u00ednar \u00ed Kibr\u00f3t-Hattava. <a name=\"17\"><span class=\"versanumer_2007\">17<\/span><\/a> \u00deeir l\u00f6g\u00f0u af sta\u00f0 fr\u00e1 Kibr\u00f3t Hattava og settu b\u00fa\u00f0ir s\u00ednar \u00ed Haser\u00f3t. <a name=\"18\"><span class=\"versanumer_2007\">18<\/span><\/a> \u00deeir l\u00f6g\u00f0u af sta\u00f0 fr\u00e1 Haser\u00f3t og settu b\u00fa\u00f0ir s\u00ednar \u00ed Ritma. <a name=\"19\"><span class=\"versanumer_2007\">19<\/span><\/a> \u00deeir l\u00f6g\u00f0u af sta\u00f0 fr\u00e1 Ritma og settu b\u00fa\u00f0ir s\u00ednar \u00ed Rimm\u00f3n Peres. <a name=\"20\"><span class=\"versanumer_2007\">20<\/span><\/a> \u00deeir l\u00f6g\u00f0u af sta\u00f0 fr\u00e1 Rimm\u00f3n Peres og settu b\u00fa\u00f0ir s\u00ednar \u00ed L\u00edbna. <a name=\"21\"><span class=\"versanumer_2007\">21<\/span><\/a> \u00deeir l\u00f6g\u00f0u af sta\u00f0 fr\u00e1 L\u00edbna og settu b\u00fa\u00f0ir s\u00ednar \u00ed R\u00edssa. <a name=\"22\"><span class=\"versanumer_2007\">22<\/span><\/a> \u00deeir l\u00f6g\u00f0u af sta\u00f0 fr\u00e1 R\u00edssa og settu b\u00fa\u00f0ir s\u00ednar \u00ed Kehelata. <a name=\"23\"><span class=\"versanumer_2007\">23<\/span><\/a> \u00deeir l\u00f6g\u00f0u af sta\u00f0 fr\u00e1 Kehelata og settu b\u00fa\u00f0ir s\u00ednar vi\u00f0 Seferfjall. <a name=\"24\"><span class=\"versanumer_2007\">24<\/span><\/a> \u00deeir l\u00f6g\u00f0u af sta\u00f0 fr\u00e1 Seferfjalli og settu b\u00fa\u00f0ir s\u00ednar \u00ed Harada. <a name=\"25\"><span class=\"versanumer_2007\">25<\/span><\/a> \u00deeir l\u00f6g\u00f0u af sta\u00f0 fr\u00e1 Harada og settu b\u00fa\u00f0ir s\u00ednar \u00ed Makkel\u00f3t. <a name=\"26\"><span class=\"versanumer_2007\">26<\/span><\/a> \u00deeir l\u00f6g\u00f0u af sta\u00f0 fr\u00e1 Makkel\u00f3t og settu b\u00fa\u00f0ir s\u00ednar \u00ed Tahat. <a name=\"27\"><span class=\"versanumer_2007\">27<\/span><\/a> \u00deeir l\u00f6g\u00f0u af sta\u00f0 fr\u00e1 Tahat og settu b\u00fa\u00f0ir s\u00ednar \u00ed Tara. <a name=\"28\"><span class=\"versanumer_2007\">28<\/span><\/a> \u00deeir l\u00f6g\u00f0u af sta\u00f0 fr\u00e1 Tara og settu b\u00fa\u00f0ir s\u00ednar \u00ed M\u00edtka. <a name=\"29\"><span class=\"versanumer_2007\">29<\/span><\/a> \u00deeir l\u00f6g\u00f0u af sta\u00f0 fr\u00e1 M\u00edtka og settu b\u00fa\u00f0ir s\u00ednar \u00ed Hasm\u00f3na. <a name=\"30\"><span class=\"versanumer_2007\">30<\/span><\/a> \u00deeir l\u00f6g\u00f0u af sta\u00f0 fr\u00e1 Hasm\u00f3na og settu b\u00fa\u00f0ir s\u00ednar \u00ed M\u00f3ser\u00f3t. <a name=\"31\"><span class=\"versanumer_2007\">31<\/span><\/a> \u00deeir l\u00f6g\u00f0u af sta\u00f0 fr\u00e1 M\u00f3ser\u00f3t og settu b\u00fa\u00f0ir s\u00ednar \u00ed Bene Jaakan. <a name=\"32\"><span class=\"versanumer_2007\">32<\/span><\/a> \u00deeir l\u00f6g\u00f0u af sta\u00f0 fr\u00e1 Bene Jaakan og settu b\u00fa\u00f0ir s\u00ednar \u00ed H\u00f3r Hagg\u00ed\u00f0ga\u00f0. <a name=\"33\"><span class=\"versanumer_2007\">33<\/span><\/a> \u00deeir l\u00f6g\u00f0u af sta\u00f0 fr\u00e1 H\u00f3r Hagg\u00ed\u00f0ga\u00f0 og settu b\u00fa\u00f0ir s\u00ednar \u00ed J\u00f3tbata. <a name=\"34\"><span class=\"versanumer_2007\">34<\/span><\/a> \u00deeir l\u00f6g\u00f0u af sta\u00f0 fr\u00e1 J\u00f3tbata og settu b\u00fa\u00f0ir s\u00ednar \u00ed Abr\u00f3na. <a name=\"35\"><span class=\"versanumer_2007\">35<\/span><\/a> \u00deeir l\u00f6g\u00f0u af sta\u00f0 fr\u00e1 Abr\u00f3na og settu b\u00fa\u00f0ir s\u00ednar \u00ed Esj\u00f3n Geber. <a name=\"36\"><span class=\"versanumer_2007\">36<\/span><\/a> \u00deeir l\u00f6g\u00f0u af sta\u00f0 fr\u00e1 Esj\u00f3n Geber og settu b\u00fa\u00f0ir s\u00ednar \u00ed S\u00edney\u00f0im\u00f6rk, \u00fea\u00f0 er a\u00f0 segja \u00ed Kades. <a name=\"37\"><span class=\"versanumer_2007\">37<\/span><\/a> \u00deeir l\u00f6g\u00f0u af sta\u00f0 fr\u00e1 Kades og settu b\u00fa\u00f0ir s\u00ednar vi\u00f0 H\u00f3rfjall, \u00ed ja\u00f0ri lands Ed\u00f3ms. <a name=\"38\"><span class=\"versanumer_2007\">38<\/span><\/a> Aron prestur gekk upp \u00e1 fjalli\u00f0 H\u00f3r a\u00f0 bo\u00f0i Drottins og d\u00f3 \u00fear \u00e1 fertugasta \u00e1ri eftir brottf\u00f6r \u00cdsraelsmanna fr\u00e1 Egyptalandi, fyrsta dag fimmta m\u00e1na\u00f0ar. <a name=\"39\"><span class=\"versanumer_2007\">39<\/span><\/a> Aron var hundra\u00f0 tuttugu og \u00feriggja \u00e1ra \u00feegar hann d\u00f3 \u00e1 H\u00f3rfjalli. <a name=\"40\"><span class=\"versanumer_2007\">40<\/span><\/a> Kanverjinn, konungur Arads, sem bj\u00f3 \u00ed Negeb \u00ed Kanaanslandi, fr\u00e9tti a\u00f0 \u00cdsraelsmenn v\u00e6ru a\u00f0 koma. <a name=\"41\"><span class=\"versanumer_2007\">41<\/span><\/a> \u00deeir l\u00f6g\u00f0u af sta\u00f0 fr\u00e1 H\u00f3rfjalli og settu b\u00fa\u00f0ir s\u00ednar \u00ed Salm\u00f3na. <a name=\"42\"><span class=\"versanumer_2007\">42<\/span><\/a> \u00deeir l\u00f6g\u00f0u af sta\u00f0 fr\u00e1 Salm\u00f3na og settu b\u00fa\u00f0ir s\u00ednar \u00ed F\u00fan\u00f3n. <a name=\"43\"><span class=\"versanumer_2007\">43<\/span><\/a> \u00deeir l\u00f6g\u00f0u af sta\u00f0 fr\u00e1 F\u00fan\u00f3n og settu b\u00fa\u00f0ir s\u00ednar \u00ed \u00d3bot. <a name=\"44\"><span class=\"versanumer_2007\">44<\/span><\/a> \u00deeir l\u00f6g\u00f0u af sta\u00f0 fr\u00e1 \u00d3bot og settu b\u00fa\u00f0ir s\u00ednar \u00ed \u00cdje Haabar\u00edm vi\u00f0 landam\u00e6ri M\u00f3abs. <a name=\"45\"><span class=\"versanumer_2007\">45<\/span><\/a> \u00deeir l\u00f6g\u00f0u af sta\u00f0 fr\u00e1 \u00cdj\u00edm og settu b\u00fa\u00f0ir s\u00ednar \u00ed D\u00edbon Ga\u00f0. <a name=\"46\"><span class=\"versanumer_2007\">46<\/span><\/a> \u00deeir l\u00f6g\u00f0u af sta\u00f0 fr\u00e1 D\u00edbon Ga\u00f0 og settu b\u00fa\u00f0ir s\u00ednar \u00ed Almon D\u00edblata\u00edm. <a name=\"47\"><span class=\"versanumer_2007\">47<\/span><\/a> \u00deeir l\u00f6g\u00f0u af sta\u00f0 fr\u00e1 Almon D\u00edblata\u00edm og settu b\u00fa\u00f0ir s\u00ednar \u00ed Abara\u00edmfj\u00f6llum gegnt Neb\u00f3. <a name=\"48\"><span class=\"versanumer_2007\">48<\/span><\/a> \u00deeir l\u00f6g\u00f0u af sta\u00f0 fr\u00e1 Abara\u00edmfj\u00f6llum og settu b\u00fa\u00f0ir s\u00ednar \u00e1 gresjunum \u00ed M\u00f3ab vi\u00f0 J\u00f3rdan gegnt Jer\u00edk\u00f3. <a name=\"49\"><span class=\"versanumer_2007\">49<\/span><\/a> \u00deeir settu b\u00fa\u00f0ir s\u00ednar vi\u00f0 J\u00f3rdan, fr\u00e1 Bet Jes\u00edm\u00f3t til Abel Sitt\u00edm \u00e1 gresjunum \u00ed M\u00f3ab.<\/p>\n<h3 class=\"millifyrirsogn_2007\">Fyrirm\u00e6li um skiptingu landsins vestan vi\u00f0 J\u00f3rdan<\/h3>\n<p><a name=\"50\"><span class=\"versanumer_2007\">50<\/span><\/a> Drottinn tala\u00f0i til M\u00f3se \u00e1 gresjunum \u00ed M\u00f3ab vi\u00f0 J\u00f3rdan gegnt Jer\u00edk\u00f3 og sag\u00f0i:<br \/> <a name=\"51\"><span class=\"versanumer_2007\">51<\/span><\/a> \u201e\u00c1varpa\u00f0u \u00cdsraelsmenn og seg\u00f0u vi\u00f0 \u00fe\u00e1: \u00deegar \u00fei\u00f0 fari\u00f0 yfir J\u00f3rdan inn \u00ed Kanaansland <a name=\"52\"><span class=\"versanumer_2007\">52<\/span><\/a> skulu\u00f0 \u00fei\u00f0 hrekja alla \u00edb\u00faa landsins undan ykkur og ey\u00f0a \u00f6llum skur\u00f0go\u00f0um \u00feeirra. <a name=\"53\"><span class=\"versanumer_2007\">53<\/span><\/a> \u00dei\u00f0 skulu\u00f0 taka landi\u00f0 til eignar og setjast \u00fear a\u00f0 \u00fev\u00ed a\u00f0 \u00e9g f\u00e9kk ykkur landi\u00f0 til \u00feess a\u00f0 \u00fei\u00f0 t\u00e6kju\u00f0 \u00fea\u00f0 til eignar. <a name=\"54\"><span class=\"versanumer_2007\">54<\/span><\/a> \u00dei\u00f0 skulu\u00f0 skipta landinu \u00ed erf\u00f0al\u00f6nd me\u00f0 hlutkesti \u00e1 milli \u00e6ttb\u00e1lka ykkar. \u00dei\u00f0 skulu\u00f0 f\u00e1 fj\u00f6lmennum \u00e6ttb\u00e1lki st\u00f3rt erf\u00f0aland en f\u00e1mennum l\u00edti\u00f0. Hlutkesti\u00f0 r\u00e6\u00f0ur eign hvers og eins. <a name=\"55\"><span class=\"versanumer_2007\">55<\/span><\/a> Ef \u00fei\u00f0 hreki\u00f0 ekki \u00edb\u00faa landsins undan ykkur ver\u00f0a \u00feeir sem \u00fei\u00f0 skilji\u00f0 eftir \u00feyrnir \u00ed augum ykkar og broddur \u00ed s\u00ed\u00f0u ykkar. \u00deeir munu \u00ferengja a\u00f0 ykkur \u00ed landinu \u00fear sem \u00fei\u00f0 setjist a\u00f0. <a name=\"56\"><span class=\"versanumer_2007\">56<\/span><\/a> \u00de\u00e1 mun \u00e9g fara me\u00f0 ykkur eins og \u00e9g \u00e6tla\u00f0i a\u00f0 fara me\u00f0 \u00fe\u00e1.\u201c<\/p>\n","protected":false},"excerpt":{"rendered":"<p>\u00c1fangasta\u00f0ir \u00cdsraels \u00e1 lei\u00f0 til Kanaanslands 1 \u00deetta eru \u00e1fangar \u00cdsraelsmanna sem f\u00f3ru \u00fat \u00far Egyptalandi \u00ed herfylkingum undir stj\u00f3rn M\u00f3se og Arons. 2 M\u00f3se skr\u00e1\u00f0i sta\u00f0ina, sem \u00feeir h\u00e9ldu fr\u00e1 \u00ed hverjum \u00e1fanga, a\u00f0 bo\u00f0i Drottins. \u00deetta eru \u00e1fangar \u00feeirra mi\u00f0a\u00f0 vi\u00f0 brottfararsta\u00f0i. 3 \u00deeir l\u00f6g\u00f0u af sta\u00f0 fr\u00e1 Ramses \u00ed fyrsta m\u00e1nu\u00f0inum, fimmt\u00e1nda dag fyrsta m\u00e1na\u00f0arins. Morguninn eftir p\u00e1ska h\u00e9ldu \u00cdsraelsmenn af sta\u00f0 me\u00f0 dj\u00f6rfung [ \u00ed augs\u00fdn allra Egypta. 4 En Egyptar voru \u00fe\u00e1 a\u00f0 grafa alla \u00fe\u00e1 sem Drottinn haf\u00f0i deytt, alla frumbur\u00f0ina, og Drottinn framfylgdi refsid\u00f3mum s\u00ednum \u00e1 gu\u00f0um \u00feeirra. 5 \u00cdsraelsmenn l\u00f6g\u00f0u af sta\u00f0 <a href=\"https:\/\/biblian.is\/biblian\/fjorda-mosebok-33-kafli\/\"> [&#8230;]<\/a><\/p>\n","protected":false},"author":1,"featured_media":0,"parent":0,"menu_order":0,"comment_status":"open","ping_status":"open","template":"bibliukaflar_NT.php","meta":{"footnotes":""},"class_list":["post-1767","page","type-page","status-publish","hentry"],"_links":{"self":[{"href":"https:\/\/biblian.is\/biblian\/wp-json\/wp\/v2\/pages\/1767","targetHints":{"allow":["GET"]}}],"collection":[{"href":"https:\/\/biblian.is\/biblian\/wp-json\/wp\/v2\/pages"}],"about":[{"href":"https:\/\/biblian.is\/biblian\/wp-json\/wp\/v2\/types\/page"}],"author":[{"embeddable":true,"href":"https:\/\/biblian.is\/biblian\/wp-json\/wp\/v2\/users\/1"}],"replies":[{"embeddable":true,"href":"https:\/\/biblian.is\/biblian\/wp-json\/wp\/v2\/comments?post=1767"}],"version-history":[{"count":0,"href":"https:\/\/biblian.is\/biblian\/wp-json\/wp\/v2\/pages\/1767\/revisions"}],"wp:attachment":[{"href":"https:\/\/biblian.is\/biblian\/wp-json\/wp\/v2\/media?parent=1767"}],"curies":[{"name":"wp","href":"https:\/\/api.w.org\/{rel}","templated":true}]}}