{"id":1765,"date":"2017-12-30T21:00:21","date_gmt":"2017-12-30T21:00:21","guid":{"rendered":"http:\/\/biblian.is\/biblian\/fj%c2%97r_a-m%c2%97seb%c2%97k-31-kafli\/"},"modified":"2024-05-06T22:31:21","modified_gmt":"2024-05-06T22:31:21","slug":"fjorda-mosebok-31-kafli","status":"publish","type":"page","link":"https:\/\/biblian.is\/biblian\/fjorda-mosebok-31-kafli\/","title":{"rendered":"Fj\u00f3r\u00f0a M\u00f3seb\u00f3k 31. kafli"},"content":{"rendered":"<h3 class=\"millifyrirsogn_2007\"> Str\u00ed\u00f0 vi\u00f0 Mid\u00edan<\/h3>\n<p><a name=\"1\"><span class=\"versanumer_2007\">1<\/span><\/a> Drottinn tala\u00f0i til M\u00f3se og sag\u00f0i:<br \/> <a name=\"2\"><span class=\"versanumer_2007\">2<\/span><\/a> \u201eL\u00e1ttu \u00cdsraelsmenn hefna s\u00edn \u00e1 Mid\u00edan\u00edtum. Eftir \u00fea\u00f0 skaltu safnast til fe\u00f0ra \u00feinna.\u201c<br \/> <a name=\"3\"><span class=\"versanumer_2007\">3<\/span><\/a> \u00de\u00e1 \u00e1varpa\u00f0i M\u00f3se \u00fej\u00f3\u00f0ina og sag\u00f0i: \u201eL\u00e1ti\u00f0 nokkra af m\u00f6nnum ykkar b\u00faast til her\u00fej\u00f3nustu. \u00deeir skulu r\u00e1\u00f0ast \u00e1 Mid\u00edan til \u00feess a\u00f0 koma fram hefnd Drottins \u00e1 Mid\u00edan. <a name=\"4\"><span class=\"versanumer_2007\">4<\/span><\/a> \u00dei\u00f0 skulu\u00f0 senda \u00fe\u00fasund manns \u00far hverjum \u00e6ttb\u00e1lki alls \u00cdsraels til her\u00fej\u00f3nustu.\u201c<br \/> <a name=\"5\"><span class=\"versanumer_2007\">5<\/span><\/a> Voru \u00fe\u00e1 \u00fe\u00fasund menn valdir til her\u00fej\u00f3nustu af hverjum \u00e6ttb\u00e1lki \u00cdsraels, t\u00f3lf \u00fe\u00fasund v\u00edgb\u00fanir menn. <a name=\"6\"><span class=\"versanumer_2007\">6<\/span><\/a> M\u00f3se sendi \u00feessa \u00fe\u00fasund menn fr\u00e1 hverjum \u00e6ttb\u00e1lki \u00ed herinn \u00e1samt P\u00ednehas Eleasarssyni presti sem haf\u00f0i me\u00f0 s\u00e9r hin heil\u00f6gu \u00e1h\u00f6ld og l\u00fa\u00f0ra til a\u00f0 gefa merki. <a name=\"7\"><span class=\"versanumer_2007\">7<\/span><\/a> \u00deeir r\u00e9\u00f0ust gegn Mid\u00edan eins og Drottinn haf\u00f0i bo\u00f0i\u00f0 M\u00f3se og dr\u00e1pu alla karlmenn. <a name=\"8\"><span class=\"versanumer_2007\">8<\/span><\/a> \u00deeir dr\u00e1pu einnig konunga Mid\u00edans auk annarra sem h\u00f6f\u00f0u veri\u00f0 felldir, \u00fe\u00e1 Ev\u00ed, Rekem, S\u00far, H\u00far og Reba, fimm konunga Mid\u00edans. \u00deeir dr\u00e1pu einnig B\u00edleam Be\u00f3rsson me\u00f0 sver\u00f0i. <a name=\"9\"><span class=\"versanumer_2007\">9<\/span><\/a> \u00cdsraelsmenn t\u00f3ku konur Mid\u00edan\u00edta og b\u00f6rn \u00feeirra a\u00f0 herfangi og auk \u00feess allt b\u00faf\u00e9 \u00feeirra, nautgripi og \u00f6ll au\u00f0\u00e6fi. <a name=\"10\"><span class=\"versanumer_2007\">10<\/span><\/a> \u00deeir brenndu allar borgir \u00e1 landsv\u00e6\u00f0i \u00feeirra og einnig tjaldb\u00fa\u00f0ir \u00feeirra til \u00f6sku. <a name=\"11\"><span class=\"versanumer_2007\">11<\/span><\/a> \u00deeir t\u00f3ku me\u00f0 s\u00e9r allt herfangi\u00f0 og r\u00e1nsfenginn, b\u00e6\u00f0i menn og skepnur. <a name=\"12\"><span class=\"versanumer_2007\">12<\/span><\/a> \u00deeir f\u00f3ru me\u00f0 fangana, r\u00e1nsfenginn og herfangi\u00f0 til M\u00f3se og Eleasars prests og alls safna\u00f0ar \u00cdsraelsmanna inn \u00ed herb\u00fa\u00f0irnar \u00e1 gresjum M\u00f3abs vi\u00f0 J\u00f3rdan gegnt Jer\u00edk\u00f3.<br \/> <a name=\"13\"><span class=\"versanumer_2007\">13<\/span><\/a> M\u00f3se, Eleasar prestur og allir h\u00f6f\u00f0ingjar safna\u00f0arins gengu \u00fat \u00far herb\u00fa\u00f0unum til m\u00f3ts vi\u00f0 \u00fe\u00e1. <a name=\"14\"><span class=\"versanumer_2007\">14<\/span><\/a> En M\u00f3se reiddist hersh\u00f6f\u00f0ingjunum, h\u00f6fu\u00f0sm\u00f6nnum \u00fe\u00fasundmannali\u00f0a og hundra\u00f0sh\u00f6f\u00f0ingjunum sem komu heim \u00far str\u00ed\u00f0inu <a name=\"15\"><span class=\"versanumer_2007\">15<\/span><\/a> og sag\u00f0i vi\u00f0 \u00fe\u00e1: \u201eHvers vegna hafi\u00f0 \u00fei\u00f0 gefi\u00f0 \u00f6llum konunum l\u00edf? <a name=\"16\"><span class=\"versanumer_2007\">16<\/span><\/a> \u00dea\u00f0 voru einmitt \u00fe\u00e6r sem fylgdu r\u00e1\u00f0i B\u00edleams og ur\u00f0u til \u00feess a\u00f0 \u00cdsrael br\u00e1st Drottni \u00ed m\u00e1linu vi\u00f0 Pe\u00f3r svo a\u00f0 pl\u00e1ga kom yfir s\u00f6fnu\u00f0 Drottins. <a name=\"17\"><span class=\"versanumer_2007\">17<\/span><\/a> Drepi\u00f0 n\u00fa \u00f6ll sveinb\u00f6rn, drepi\u00f0 einnig allar konur sem hafa haft m\u00f6k vi\u00f0 karlmann og sofi\u00f0 hj\u00e1 honum. <a name=\"18\"><span class=\"versanumer_2007\">18<\/span><\/a> En \u00f6llum st\u00falkub\u00f6rnum, sem ekki hafa enn haft m\u00f6k vi\u00f0 karlmann, skulu\u00f0 \u00fei\u00f0 gefa l\u00edf og halda \u00feeim fyrir ykkur sj\u00e1lfa. <a name=\"19\"><span class=\"versanumer_2007\">19<\/span><\/a> En sj\u00e1lfir skulu\u00f0 \u00fei\u00f0 tjalda \u00ed sj\u00f6 daga utan vi\u00f0 herb\u00fa\u00f0irnar. S\u00e9rhver sem hefur drepi\u00f0 einhvern og s\u00e9rhver sem hefur snert veginn mann ver\u00f0ur a\u00f0 hreinsa sig af synd \u00e1 \u00feri\u00f0ja og sj\u00f6unda degi, b\u00e6\u00f0i \u00fei\u00f0 sj\u00e1lfir og fangar ykkar. <a name=\"20\"><span class=\"versanumer_2007\">20<\/span><\/a> \u00dei\u00f0 ver\u00f0i\u00f0 einnig a\u00f0 hreinsa synd af \u00f6llum kl\u00e6\u00f0ispl\u00f6ggum, \u00f6llu sem gert er \u00far le\u00f0ri, \u00f6llu sem gert er \u00far geitah\u00e1ri og \u00f6llum \u00e1h\u00f6ldum \u00far tr\u00e9.\u201c<br \/> <a name=\"21\"><span class=\"versanumer_2007\">21<\/span><\/a> Eleasar prestur sag\u00f0i vi\u00f0 hermennina sem h\u00f6f\u00f0u fari\u00f0 \u00ed str\u00ed\u00f0i\u00f0: \u201e\u00deetta er laga\u00e1kv\u00e6\u00f0i sem Drottinn hefur bo\u00f0i\u00f0 M\u00f3se: <a name=\"22\"><span class=\"versanumer_2007\">22<\/span><\/a> Gull, silfur, eir, j\u00e1rn, tin og bl\u00fd, <a name=\"23\"><span class=\"versanumer_2007\">23<\/span><\/a> \u00ed stuttu m\u00e1li allt sem \u00feolir a\u00f0 fara gegnum eld, skulu\u00f0 \u00fei\u00f0 senda gegnum eld svo a\u00f0 \u00fea\u00f0 ver\u00f0i hreint. En \u00fea\u00f0 \u00fearf einnig a\u00f0 hreinsa \u00fea\u00f0 af synd me\u00f0 hreinsunarvatni. Allt, sem ekki \u00feolir a\u00f0 fara gegnum eld, skulu\u00f0 \u00fei\u00f0 senda gegnum vatn. <a name=\"24\"><span class=\"versanumer_2007\">24<\/span><\/a> \u00dei\u00f0 skulu\u00f0 \u00fevo kl\u00e6\u00f0i ykkar sj\u00f6unda daginn svo a\u00f0 \u00fei\u00f0 ver\u00f0i\u00f0 hreinir. \u00dev\u00ed n\u00e6st megi\u00f0 \u00fei\u00f0 ganga aftur inn \u00ed herb\u00fa\u00f0irnar.\u201c<br \/> <a name=\"25\"><span class=\"versanumer_2007\">25<\/span><\/a> Drottinn tala\u00f0i til M\u00f3se og sag\u00f0i:<br \/> <a name=\"26\"><span class=\"versanumer_2007\">26<\/span><\/a> \u201eKasta\u00f0u t\u00f6lu \u00e1 herfangi\u00f0, b\u00e6\u00f0i menn og skepnur, \u00fe\u00fa sj\u00e1lfur, Eleasar prestur og \u00e6ttarh\u00f6f\u00f0ingjar safna\u00f0arins. <a name=\"27\"><span class=\"versanumer_2007\">27<\/span><\/a> S\u00ed\u00f0an skaltu skipta \u00fev\u00ed sem teki\u00f0 var til helminga \u00e1 milli \u00feeirra sem t\u00f3ku \u00fe\u00e1tt \u00ed str\u00ed\u00f0inu, \u00feeirra sem f\u00f3ru \u00e1 v\u00edgv\u00f6llinn og alls safna\u00f0arins. <a name=\"28\"><span class=\"versanumer_2007\">28<\/span><\/a> \u00de\u00fa skalt taka gjald til Drottins af herm\u00f6nnunum sem f\u00f3ru \u00ed str\u00ed\u00f0i\u00f0, eitt af hverjum fimm hundru\u00f0 sem tekin voru herfangi, af m\u00f6nnum, nautum, \u00f6snum, sau\u00f0f\u00e9 og geitf\u00e9. <a name=\"29\"><span class=\"versanumer_2007\">29<\/span><\/a> \u00de\u00fa skalt taka \u00feetta af hlut hermannanna og f\u00e1 \u00fea\u00f0 Eleasar presti \u00ed afgjald til Drottins. <a name=\"30\"><span class=\"versanumer_2007\">30<\/span><\/a> Af helmingi \u00cdsraelsmanna skaltu taka af handah\u00f3fi eitt af hverjum fimmt\u00edu, af m\u00f6nnum, nautum, \u00f6snum, sau\u00f0f\u00e9 og geitf\u00e9, \u00fea\u00f0 er af \u00f6llu b\u00faf\u00e9, og f\u00e1 \u00fea\u00f0 Lev\u00edtunum sem g\u00e6ta b\u00fasta\u00f0ar Drottins.\u201c<br \/> <a name=\"31\"><span class=\"versanumer_2007\">31<\/span><\/a> M\u00f3se og Eleasar prestur ger\u00f0u \u00fea\u00f0 sem Drottinn bau\u00f0 M\u00f3se. <a name=\"32\"><span class=\"versanumer_2007\">32<\/span><\/a> Herfangi\u00f0, \u00fea\u00f0 sem eftir var af \u00fev\u00ed sem hermennirnir h\u00f6f\u00f0u teki\u00f0, taldist vera 675.000 sau\u00f0fj\u00e1r og geitfj\u00e1r, <a name=\"33\"><span class=\"versanumer_2007\">33<\/span><\/a> 72.000 nautgripir, <a name=\"34\"><span class=\"versanumer_2007\">34<\/span><\/a> 61.000 asnar <a name=\"35\"><span class=\"versanumer_2007\">35<\/span><\/a> og 32.000 konur sem ekki h\u00f6f\u00f0u haft m\u00f6k vi\u00f0 karlmann. <a name=\"36\"><span class=\"versanumer_2007\">36<\/span><\/a> Helmingur hlutar \u00feeirra sem h\u00f6f\u00f0u fari\u00f0 \u00ed str\u00ed\u00f0i\u00f0 taldist vera 337.500 sau\u00f0fj\u00e1r og geitfj\u00e1r, <a name=\"37\"><span class=\"versanumer_2007\">37<\/span><\/a> af \u00feeim komu 675 \u00ed hlut Drottins. <a name=\"38\"><span class=\"versanumer_2007\">38<\/span><\/a> Nautin voru 36.000 og 72 voru hlutur Drottins. <a name=\"39\"><span class=\"versanumer_2007\">39<\/span><\/a> Asnar voru 30.500 og var 61 hlutur Drottins. <a name=\"40\"><span class=\"versanumer_2007\">40<\/span><\/a> Konurnar voru 16.000 og 32 voru hlutur Drottins.<br \/> <a name=\"41\"><span class=\"versanumer_2007\">41<\/span><\/a> M\u00f3se f\u00e9kk Eleasar presti hlut Drottins eins og Drottinn haf\u00f0i bo\u00f0i\u00f0 M\u00f3se.<br \/> <a name=\"42\"><span class=\"versanumer_2007\">42<\/span><\/a> S\u00e1 hlutur \u00cdsraelsmanna, sem M\u00f3se haf\u00f0i teki\u00f0 af \u00f6llu herfangi hermannanna, <a name=\"43\"><span class=\"versanumer_2007\">43<\/span><\/a> taldist vera 337.500 sau\u00f0fj\u00e1r og geitfj\u00e1r, <a name=\"44\"><span class=\"versanumer_2007\">44<\/span><\/a> 36.000 naut, <a name=\"45\"><span class=\"versanumer_2007\">45<\/span><\/a> 30.500 asnar <a name=\"46\"><span class=\"versanumer_2007\">46<\/span><\/a> og 16.000 konur. <a name=\"47\"><span class=\"versanumer_2007\">47<\/span><\/a> Af \u00feessum helmingi, sem \u00e6tla\u00f0ur var \u00cdsraelsm\u00f6nnum, t\u00f3k M\u00f3se einn af hverjum fimmt\u00edu, b\u00e6\u00f0i af m\u00f6nnum og b\u00faf\u00e9na\u00f0i, og f\u00e9kk Lev\u00edtunum sem g\u00e6ttu b\u00fasta\u00f0ar Drottins eins og Drottinn haf\u00f0i bo\u00f0i\u00f0 honum.<br \/> <a name=\"48\"><span class=\"versanumer_2007\">48<\/span><\/a> Lei\u00f0togarnir, sem settir voru yfir \u00fe\u00fasundir \u00cdsraels, h\u00f6fu\u00f0smenn \u00fe\u00fasundmannali\u00f0a og hundra\u00f0sh\u00f6f\u00f0ingjar, komu til M\u00f3se <a name=\"49\"><span class=\"versanumer_2007\">49<\/span><\/a> og s\u00f6g\u00f0u: \u201e\u00dej\u00f3nar \u00fe\u00ednir hafa tali\u00f0 hermennina sem voru undir stj\u00f3rn okkar og einskis \u00feeirra var sakna\u00f0. <a name=\"50\"><span class=\"versanumer_2007\">50<\/span><\/a> Vi\u00f0 f\u00e6rum \u00fev\u00ed fram gj\u00f6f til Drottins, s\u00e9rhver \u00fea\u00f0 sem hann hefur fundi\u00f0: gripi \u00far gulli, armb\u00f6nd, armhringi, fingurgull, eyrnahringi og h\u00e1lsmen til a\u00f0 fri\u00f0\u00fe\u00e6gja fyrir l\u00edf okkar.\u201c<br \/> <a name=\"51\"><span class=\"versanumer_2007\">51<\/span><\/a> M\u00f3se og Eleasar prestur t\u00f3ku vi\u00f0 gullinu af \u00feeim og var \u00fea\u00f0 allt listasm\u00ed\u00f0. <a name=\"52\"><span class=\"versanumer_2007\">52<\/span><\/a> Allt gulli\u00f0, sem \u00feeir f\u00e6r\u00f0u Drottni \u00ed f\u00f3rnargj\u00f6f, var 16.750 siklar. <a name=\"53\"><span class=\"versanumer_2007\">53<\/span><\/a> Hermennirnir h\u00f6f\u00f0u teki\u00f0 herfang handa sj\u00e1lfum s\u00e9r. <a name=\"54\"><span class=\"versanumer_2007\">54<\/span><\/a> M\u00f3se og Eleasar prestur t\u00f3ku vi\u00f0 gullinu og f\u00f3ru me\u00f0 \u00fea\u00f0 \u00ed samfundatjaldi\u00f0 til \u00feess a\u00f0 \u00cdsraelsmanna yr\u00f0i minnst frammi fyrir augliti Drottins.<\/p>\n","protected":false},"excerpt":{"rendered":"<p>Str\u00ed\u00f0 vi\u00f0 Mid\u00edan 1 Drottinn tala\u00f0i til M\u00f3se og sag\u00f0i: 2 \u201eL\u00e1ttu \u00cdsraelsmenn hefna s\u00edn \u00e1 Mid\u00edan\u00edtum. Eftir \u00fea\u00f0 skaltu safnast til fe\u00f0ra \u00feinna.\u201c 3 \u00de\u00e1 \u00e1varpa\u00f0i M\u00f3se \u00fej\u00f3\u00f0ina og sag\u00f0i: \u201eL\u00e1ti\u00f0 nokkra af m\u00f6nnum ykkar b\u00faast til her\u00fej\u00f3nustu. \u00deeir skulu r\u00e1\u00f0ast \u00e1 Mid\u00edan til \u00feess a\u00f0 koma fram hefnd Drottins \u00e1 Mid\u00edan. 4 \u00dei\u00f0 skulu\u00f0 senda \u00fe\u00fasund manns \u00far hverjum \u00e6ttb\u00e1lki alls \u00cdsraels til her\u00fej\u00f3nustu.\u201c 5 Voru \u00fe\u00e1 \u00fe\u00fasund menn valdir til her\u00fej\u00f3nustu af hverjum \u00e6ttb\u00e1lki \u00cdsraels, t\u00f3lf \u00fe\u00fasund v\u00edgb\u00fanir menn. 6 M\u00f3se sendi \u00feessa \u00fe\u00fasund menn fr\u00e1 hverjum \u00e6ttb\u00e1lki \u00ed herinn \u00e1samt P\u00ednehas Eleasarssyni presti sem haf\u00f0i me\u00f0 <a href=\"https:\/\/biblian.is\/biblian\/fjorda-mosebok-31-kafli\/\"> [&#8230;]<\/a><\/p>\n","protected":false},"author":1,"featured_media":0,"parent":0,"menu_order":0,"comment_status":"open","ping_status":"open","template":"bibliukaflar_NT.php","meta":{"footnotes":""},"class_list":["post-1765","page","type-page","status-publish","hentry"],"_links":{"self":[{"href":"https:\/\/biblian.is\/biblian\/wp-json\/wp\/v2\/pages\/1765","targetHints":{"allow":["GET"]}}],"collection":[{"href":"https:\/\/biblian.is\/biblian\/wp-json\/wp\/v2\/pages"}],"about":[{"href":"https:\/\/biblian.is\/biblian\/wp-json\/wp\/v2\/types\/page"}],"author":[{"embeddable":true,"href":"https:\/\/biblian.is\/biblian\/wp-json\/wp\/v2\/users\/1"}],"replies":[{"embeddable":true,"href":"https:\/\/biblian.is\/biblian\/wp-json\/wp\/v2\/comments?post=1765"}],"version-history":[{"count":0,"href":"https:\/\/biblian.is\/biblian\/wp-json\/wp\/v2\/pages\/1765\/revisions"}],"wp:attachment":[{"href":"https:\/\/biblian.is\/biblian\/wp-json\/wp\/v2\/media?parent=1765"}],"curies":[{"name":"wp","href":"https:\/\/api.w.org\/{rel}","templated":true}]}}