{"id":1764,"date":"2017-12-30T21:00:21","date_gmt":"2017-12-30T21:00:21","guid":{"rendered":"http:\/\/biblian.is\/biblian\/fj%c2%97r_a-m%c2%97seb%c2%97k-30-kafli\/"},"modified":"2024-05-06T22:31:20","modified_gmt":"2024-05-06T22:31:20","slug":"fjorda-mosebok-30-kafli","status":"publish","type":"page","link":"https:\/\/biblian.is\/biblian\/fjorda-mosebok-30-kafli\/","title":{"rendered":"Fj\u00f3r\u00f0a M\u00f3seb\u00f3k 30. kafli"},"content":{"rendered":"<h3 class=\"millifyrirsogn_2007\"> Lofor\u00f0 og heit<\/h3>\n<p><a name=\"1\"><span class=\"versanumer_2007\">1<\/span><\/a> M\u00f3se sk\u00fdr\u00f0i \u00cdsraelsm\u00f6nnum fr\u00e1 \u00feessu eins og Drottinn haf\u00f0i bo\u00f0i\u00f0.<br \/> <a name=\"2\"><span class=\"versanumer_2007\">2<\/span><\/a> M\u00f3se tala\u00f0i til lei\u00f0toga \u00e6ttb\u00e1lka \u00cdsraels og sag\u00f0i: \u201e\u00deetta er \u00fea\u00f0 sem Drottinn hefur bo\u00f0i\u00f0: <a name=\"3\"><span class=\"versanumer_2007\">3<\/span><\/a> N\u00fa vinnur ma\u00f0ur Drottni heit e\u00f0a skuldbindur sig me\u00f0 ei\u00f0i a\u00f0 neita s\u00e9r um eitthva\u00f0 og skal hann ekki hvika fr\u00e1 lofor\u00f0i s\u00ednu, hann skal \u00ed einu og \u00f6llu standa vi\u00f0 \u00fea\u00f0 sem hann sag\u00f0i.<br \/> <a name=\"4\"><span class=\"versanumer_2007\">4<\/span><\/a> Vinni ung kona, sem er \u00f3gefin \u00ed f\u00f6\u00f0urh\u00fasum, Drottni heit e\u00f0a skuldbindi sig me\u00f0 ei\u00f0i a\u00f0 neita s\u00e9r um eitthva\u00f0 <a name=\"5\"><span class=\"versanumer_2007\">5<\/span><\/a> og fa\u00f0ir hennar heyrir um heit hennar e\u00f0a skuldbindingu og segir ekkert vi\u00f0 hana, skulu \u00f6ll heit hennar og allar skuldbindingar standa. <a name=\"6\"><span class=\"versanumer_2007\">6<\/span><\/a> En komi fa\u00f0ir hennar me\u00f0 m\u00f3tb\u00e1rur gegn henni daginn sem hann heyrir um einhver heit hennar e\u00f0a skuldbindingar standa \u00feau ekki. Drottinn mun fyrirgefa henni \u00fev\u00ed a\u00f0 fa\u00f0ir hennar kom me\u00f0 m\u00f3tb\u00e1rur gegn henni. <a name=\"7\"><span class=\"versanumer_2007\">7<\/span><\/a> En ver\u00f0i h\u00fan gefin manni og heit hennar hv\u00edla \u00e1 henni e\u00f0a h\u00fan hefur skuldbundi\u00f0 sig me\u00f0 g\u00e1lausu tali <a name=\"8\"><span class=\"versanumer_2007\">8<\/span><\/a> og ma\u00f0ur hennar heyrir um \u00fea\u00f0 en segir ekkert vi\u00f0 hana daginn, sem hann heyrir \u00fea\u00f0, skulu heit hennar og skuldbindingar standa. <a name=\"9\"><span class=\"versanumer_2007\">9<\/span><\/a> En komi ma\u00f0ur hennar me\u00f0 m\u00f3tb\u00e1rur gegn henni daginn sem hann heyrir um \u00feetta og hann r\u00fdfur heiti\u00f0, sem hv\u00edlir \u00e1 henni e\u00f0a \u00f3merkir g\u00e1lausar skuldbindingar hennar, mun Drottinn fyrirgefa henni.<br \/> <a name=\"10\"><span class=\"versanumer_2007\">10<\/span><\/a> Heit ekkju e\u00f0a fr\u00e1skilinnar konu stendur, sem og allt anna\u00f0 sem h\u00fan hefur skuldbundi\u00f0 sj\u00e1lfa sig me\u00f0. <a name=\"11\"><span class=\"versanumer_2007\">11<\/span><\/a> Hafi h\u00fan unni\u00f0 heit \u00ed h\u00fasi manns s\u00edns e\u00f0a skuldbundi\u00f0 sj\u00e1lfa sig me\u00f0 ei\u00f0i heima hj\u00e1 manni s\u00ednum <a name=\"12\"><span class=\"versanumer_2007\">12<\/span><\/a> og ma\u00f0ur hennar heyrir um \u00fea\u00f0 en segir ekkert vi\u00f0 hana e\u00f0a kemur ekki me\u00f0 neinar m\u00f3tb\u00e1rur, skulu \u00f6ll heit hennar og standa. <a name=\"13\"><span class=\"versanumer_2007\">13<\/span><\/a> En ef hann r\u00fdfur \u00feau daginn sem hann heyrir um \u00feau stendur ekkert sem h\u00fan hefur sagt um heit s\u00edn e\u00f0a skuldbindingu sj\u00e1lfrar s\u00edn. Ma\u00f0ur hennar hefur rofi\u00f0 \u00feau og Drottinn mun fyrirgefa henni. <a name=\"14\"><span class=\"versanumer_2007\">14<\/span><\/a> Ma\u00f0ur hennar getur sam\u00feykkt e\u00f0a rofi\u00f0 s\u00e9rhvert heit hennar og s\u00e9rhverja skuldbindingu. <a name=\"15\"><span class=\"versanumer_2007\">15<\/span><\/a> \u00deegi ma\u00f0ur hennar um \u00feau dag eftir dag sam\u00feykkir hann \u00f6ll heit hennar og skuldbindingar sem \u00e1 henni hv\u00edla. Hann hefur sam\u00feykkt \u00fe\u00e6r \u00fev\u00ed a\u00f0 hann \u00feag\u00f0i fr\u00e1 \u00feeim degi er hann heyr\u00f0i um \u00fe\u00e6r. <a name=\"16\"><span class=\"versanumer_2007\">16<\/span><\/a> Ef hann r\u00fdfur \u00fe\u00e6r eftir a\u00f0 hafa heyrt um \u00fe\u00e6r skal hann taka \u00e1 sig sekt hennar.\u201c<br \/> <a name=\"17\"><span class=\"versanumer_2007\">17<\/span><\/a> \u00deetta eru laga\u00e1kv\u00e6\u00f0i sem Drottinn lag\u00f0i fyrir M\u00f3se um samband eiginmanns og eiginkonu og milli f\u00f6\u00f0ur og \u00f3gefinnar d\u00f3ttur \u00ed f\u00f6\u00f0urgar\u00f0i.<\/p>\n","protected":false},"excerpt":{"rendered":"<p>Lofor\u00f0 og heit 1 M\u00f3se sk\u00fdr\u00f0i \u00cdsraelsm\u00f6nnum fr\u00e1 \u00feessu eins og Drottinn haf\u00f0i bo\u00f0i\u00f0. 2 M\u00f3se tala\u00f0i til lei\u00f0toga \u00e6ttb\u00e1lka \u00cdsraels og sag\u00f0i: \u201e\u00deetta er \u00fea\u00f0 sem Drottinn hefur bo\u00f0i\u00f0: 3 N\u00fa vinnur ma\u00f0ur Drottni heit e\u00f0a skuldbindur sig me\u00f0 ei\u00f0i a\u00f0 neita s\u00e9r um eitthva\u00f0 og skal hann ekki hvika fr\u00e1 lofor\u00f0i s\u00ednu, hann skal \u00ed einu og \u00f6llu standa vi\u00f0 \u00fea\u00f0 sem hann sag\u00f0i. 4 Vinni ung kona, sem er \u00f3gefin \u00ed f\u00f6\u00f0urh\u00fasum, Drottni heit e\u00f0a skuldbindi sig me\u00f0 ei\u00f0i a\u00f0 neita s\u00e9r um eitthva\u00f0 5 og fa\u00f0ir hennar heyrir um heit hennar e\u00f0a skuldbindingu og segir ekkert <a href=\"https:\/\/biblian.is\/biblian\/fjorda-mosebok-30-kafli\/\"> [&#8230;]<\/a><\/p>\n","protected":false},"author":1,"featured_media":0,"parent":0,"menu_order":0,"comment_status":"open","ping_status":"open","template":"bibliukaflar_NT.php","meta":{"footnotes":""},"class_list":["post-1764","page","type-page","status-publish","hentry"],"_links":{"self":[{"href":"https:\/\/biblian.is\/biblian\/wp-json\/wp\/v2\/pages\/1764","targetHints":{"allow":["GET"]}}],"collection":[{"href":"https:\/\/biblian.is\/biblian\/wp-json\/wp\/v2\/pages"}],"about":[{"href":"https:\/\/biblian.is\/biblian\/wp-json\/wp\/v2\/types\/page"}],"author":[{"embeddable":true,"href":"https:\/\/biblian.is\/biblian\/wp-json\/wp\/v2\/users\/1"}],"replies":[{"embeddable":true,"href":"https:\/\/biblian.is\/biblian\/wp-json\/wp\/v2\/comments?post=1764"}],"version-history":[{"count":0,"href":"https:\/\/biblian.is\/biblian\/wp-json\/wp\/v2\/pages\/1764\/revisions"}],"wp:attachment":[{"href":"https:\/\/biblian.is\/biblian\/wp-json\/wp\/v2\/media?parent=1764"}],"curies":[{"name":"wp","href":"https:\/\/api.w.org\/{rel}","templated":true}]}}