{"id":1763,"date":"2017-12-30T21:00:21","date_gmt":"2017-12-30T21:00:21","guid":{"rendered":"http:\/\/biblian.is\/biblian\/fj%c2%97r_a-m%c2%97seb%c2%97k-29-kafli\/"},"modified":"2024-05-06T22:31:20","modified_gmt":"2024-05-06T22:31:20","slug":"fjorda-mosebok-29-kafli","status":"publish","type":"page","link":"https:\/\/biblian.is\/biblian\/fjorda-mosebok-29-kafli\/","title":{"rendered":"Fj\u00f3r\u00f0a M\u00f3seb\u00f3k 29. kafli"},"content":{"rendered":"<p><a name=\"1\"><span class=\"versanumer_2007\">1<\/span><\/a> \u00c1 fyrsta degi sj\u00f6unda m\u00e1na\u00f0arins skulu\u00f0 \u00fei\u00f0 halda helga samkomu og \u00fe\u00e1 megi\u00f0 \u00fei\u00f0 ekki vinna nein st\u00f6rf. \u00deann dag skulu hornin \u00feeytt. <a name=\"2\"><span class=\"versanumer_2007\">2<\/span><\/a> \u00dei\u00f0 skulu\u00f0 f\u00e6ra brennif\u00f3rn, \u00feekkan ilm handa Drottni, eitt naut, einn hr\u00fat og sj\u00f6 veturg\u00f6mul, l\u00fdtalaus l\u00f6mb, <a name=\"3\"><span class=\"versanumer_2007\">3<\/span><\/a> \u00e1samt f\u00ednu mj\u00f6li, bl\u00f6ndu\u00f0u ol\u00edu, og \u00ed kornf\u00f3rn me\u00f0 \u00feeim \u00ferj\u00e1 t\u00edundu hluta \u00far efu me\u00f0 hverju nauti, tvo t\u00edundu me\u00f0 hverjum hr\u00fat <a name=\"4\"><span class=\"versanumer_2007\">4<\/span><\/a> og einn t\u00edunda me\u00f0 hverju lambanna sj\u00f6, <a name=\"5\"><span class=\"versanumer_2007\">5<\/span><\/a> enn fremur einn geithafur \u00ed syndaf\u00f3rn til a\u00f0 fri\u00f0\u00fe\u00e6gja fyrir ykkur. <a name=\"6\"><span class=\"versanumer_2007\">6<\/span><\/a> \u00deetta er eldf\u00f3rn, \u00feekkur ilmur handa Drottni auk brennif\u00f3rnar vi\u00f0 n\u00fdtt tungl me\u00f0 kornf\u00f3rn sem henni heyrir til og hinnar daglegu brennif\u00f3rnar me\u00f0 kornf\u00f3rn sem henni heyrir til og \u00feeim dreypif\u00f3rnum sem \u00feeim heyra til, samkv\u00e6mt reglunum um \u00fe\u00e6r.<br \/> <a name=\"7\"><span class=\"versanumer_2007\">7<\/span><\/a> \u00c1 t\u00edunda degi \u00feessa sama sj\u00f6unda m\u00e1na\u00f0ar skulu\u00f0 \u00fei\u00f0 halda helga samkomu. \u00de\u00e1 skulu\u00f0 \u00fei\u00f0 aga l\u00edkama ykkar og ekkert starfa. <span class=\"nedan_mal\" title=\" \u00d6nnur hugsanleg \u00fe\u00fd\u00f0ing: \u00de\u00e1 skulu\u00f0 \u00fei\u00f0 fasta.\">[<\/span> <a name=\"8\"><span class=\"versanumer_2007\">8<\/span><\/a> \u00dei\u00f0 skulu\u00f0 f\u00e6ra Drottni brennif\u00f3rn, \u00feekkan ilm, eitt naut, einn hr\u00fat og sj\u00f6 veturg\u00f6mul l\u00f6mb. F\u00f3rnard\u00fdrin skulu vera l\u00fdtalaus. <a name=\"9\"><span class=\"versanumer_2007\">9<\/span><\/a> \u00dei\u00f0 skulu\u00f0 f\u00e6ra f\u00ednt mj\u00f6l, blanda\u00f0 ol\u00edu, \u00ed \u00fe\u00e1 kornf\u00f3rn sem heyrir til, \u00ferj\u00e1 t\u00edundu hluta \u00far efu me\u00f0 hverju nauti, tvo t\u00edundu me\u00f0 hverjum hr\u00fat <a name=\"10\"><span class=\"versanumer_2007\">10<\/span><\/a> og einn t\u00edunda me\u00f0 hverju hinna sj\u00f6 lamba, <a name=\"11\"><span class=\"versanumer_2007\">11<\/span><\/a> enn fremur einn geithafur \u00ed syndaf\u00f3rn auk syndaf\u00f3rnar til fri\u00f0\u00fe\u00e6gingar og hinnar reglulegu brennif\u00f3rnar \u00e1samt \u00feeirri kornf\u00f3rn sem heyrir til.<br \/> <a name=\"12\"><span class=\"versanumer_2007\">12<\/span><\/a> \u00c1 fimmt\u00e1nda degi sj\u00f6unda m\u00e1na\u00f0ar skulu\u00f0 \u00fei\u00f0 halda helga samkomu. \u00deann dag skulu\u00f0 \u00fei\u00f0 ekki vinna nein dagleg st\u00f6rf. \u00dei\u00f0 skulu\u00f0 halda Drottni h\u00e1t\u00ed\u00f0 \u00ed sj\u00f6 daga. <a name=\"13\"><span class=\"versanumer_2007\">13<\/span><\/a> \u00dei\u00f0 skulu\u00f0 f\u00e6ra \u00ed brennif\u00f3rn, \u00ed eldf\u00f3rn til \u00fe\u00e6gilegs ilms handa Drottni, \u00ferett\u00e1n naut, tvo hr\u00fata og fj\u00f3rt\u00e1n veturg\u00f6mul l\u00f6mb. F\u00f3rnard\u00fdrin skulu vera l\u00fdtalaus. <a name=\"14\"><span class=\"versanumer_2007\">14<\/span><\/a> \u00cd kornf\u00f3rn, sem heyrir til, skal f\u00e6ra f\u00ednt mj\u00f6l, blanda\u00f0 ol\u00edu, \u00ferj\u00e1 t\u00edundu \u00far efu me\u00f0 hverju nauti, tvo t\u00edundu me\u00f0 hverjum hr\u00fat <a name=\"15\"><span class=\"versanumer_2007\">15<\/span><\/a> og einn t\u00edunda me\u00f0 hverju hinna fj\u00f3rt\u00e1n lamba, <a name=\"16\"><span class=\"versanumer_2007\">16<\/span><\/a> enn fremur geithafur \u00ed syndaf\u00f3rn. \u00deetta skal f\u00e6ra \u00ed f\u00f3rn auk hinnar reglulegu brennif\u00f3rnar me\u00f0 \u00feeirri kornf\u00f3rn og dreypif\u00f3rn sem heyrir til.<br \/> <a name=\"17\"><span class=\"versanumer_2007\">17<\/span><\/a> Annan daginn skal f\u00e6ra \u00ed f\u00f3rn t\u00f3lf naut, tvo hr\u00fata og fj\u00f3rt\u00e1n veturg\u00f6mul l\u00f6mb, l\u00fdtalaus d\u00fdr, <a name=\"18\"><span class=\"versanumer_2007\">18<\/span><\/a> einnig \u00fe\u00e6r kornf\u00f3rnir og dreypif\u00f3rnir sem heyra til eftir fj\u00f6lda nautanna, hr\u00fatanna og lambanna samkv\u00e6mt reglunum, <a name=\"19\"><span class=\"versanumer_2007\">19<\/span><\/a> enn fremur einn geithafur \u00ed syndaf\u00f3rn. \u00deetta skal f\u00e6ra \u00ed f\u00f3rn auk hinnar reglulegu brennif\u00f3rnar me\u00f0 \u00feeirri kornf\u00f3rn og dreypif\u00f3rn sem heyrir henni til.<br \/> <a name=\"20\"><span class=\"versanumer_2007\">20<\/span><\/a> \u00deri\u00f0ja daginn skal f\u00e6ra \u00ed f\u00f3rn ellefu naut, tvo hr\u00fata og fj\u00f3rt\u00e1n veturg\u00f6mul l\u00f6mb, l\u00fdtalaus d\u00fdr, <a name=\"21\"><span class=\"versanumer_2007\">21<\/span><\/a> einnig \u00fe\u00e6r kornf\u00f3rnir og dreypif\u00f3rnir sem heyra til eftir fj\u00f6lda nautanna, hr\u00fatanna og lambanna samkv\u00e6mt reglunum, <a name=\"22\"><span class=\"versanumer_2007\">22<\/span><\/a> enn fremur einn geithafur \u00ed syndaf\u00f3rn. \u00deetta skal f\u00e6ra \u00ed f\u00f3rn auk hinnar reglulegu brennif\u00f3rnar me\u00f0 \u00feeirri kornf\u00f3rn og dreypif\u00f3rn sem heyrir henni til.<br \/> <a name=\"23\"><span class=\"versanumer_2007\">23<\/span><\/a> Fj\u00f3r\u00f0a daginn skal f\u00e6ra \u00ed f\u00f3rn t\u00edu naut, tvo hr\u00fata og fj\u00f3rt\u00e1n veturg\u00f6mul l\u00f6mb, l\u00fdtalaus d\u00fdr, <a name=\"24\"><span class=\"versanumer_2007\">24<\/span><\/a> einnig \u00fe\u00e6r kornf\u00f3rnir og dreypif\u00f3rnir sem heyra til eftir fj\u00f6lda nautanna, hr\u00fatanna og lambanna samkv\u00e6mt reglunum, <a name=\"25\"><span class=\"versanumer_2007\">25<\/span><\/a> enn fremur einn geithafur \u00ed syndaf\u00f3rn. \u00deetta skal f\u00e6ra \u00ed f\u00f3rn auk hinnar reglulegu brennif\u00f3rnar me\u00f0 \u00feeirri kornf\u00f3rn og dreypif\u00f3rn sem heyrir henni til.<br \/> <a name=\"26\"><span class=\"versanumer_2007\">26<\/span><\/a> Fimmta daginn skal f\u00e6ra \u00ed f\u00f3rn n\u00edu naut, tvo hr\u00fata og fj\u00f3rt\u00e1n veturg\u00f6mul l\u00f6mb, l\u00fdtalaus d\u00fdr, <a name=\"27\"><span class=\"versanumer_2007\">27<\/span><\/a> einnig \u00fe\u00e6r kornf\u00f3rnir og dreypif\u00f3rnir sem heyra til eftir fj\u00f6lda nautanna, hr\u00fatanna og lambanna samkv\u00e6mt reglunum, <a name=\"28\"><span class=\"versanumer_2007\">28<\/span><\/a> enn fremur einn geithafur \u00ed syndaf\u00f3rn. \u00deetta skal f\u00e6ra \u00ed f\u00f3rn auk hinnar reglulegu brennif\u00f3rnar me\u00f0 \u00feeirri kornf\u00f3rn og dreypif\u00f3rn sem heyrir henni til.<br \/> <a name=\"29\"><span class=\"versanumer_2007\">29<\/span><\/a> Sj\u00f6tta daginn skal f\u00e6ra \u00ed f\u00f3rn \u00e1tta naut, tvo hr\u00fata og fj\u00f3rt\u00e1n veturg\u00f6mul l\u00f6mb, l\u00fdtalaus d\u00fdr, <a name=\"30\"><span class=\"versanumer_2007\">30<\/span><\/a> einnig \u00fe\u00e6r kornf\u00f3rnir og dreypif\u00f3rnir sem heyra til eftir fj\u00f6lda nautanna, hr\u00fatanna og lambanna samkv\u00e6mt reglunum, <a name=\"31\"><span class=\"versanumer_2007\">31<\/span><\/a> enn fremur einn geithafur \u00ed syndaf\u00f3rn. \u00deetta skal f\u00e6ra \u00ed f\u00f3rn auk hinnar reglulegu brennif\u00f3rnar me\u00f0 \u00feeirri kornf\u00f3rn og dreypif\u00f3rn sem heyrir henni til.<br \/> <a name=\"32\"><span class=\"versanumer_2007\">32<\/span><\/a> Sj\u00f6unda daginn skal f\u00e6ra \u00ed f\u00f3rn sj\u00f6 naut, tvo hr\u00fata og fj\u00f3rt\u00e1n veturg\u00f6mul l\u00f6mb, l\u00fdtalaus d\u00fdr, <a name=\"33\"><span class=\"versanumer_2007\">33<\/span><\/a> einnig \u00fe\u00e6r kornf\u00f3rnir og dreypif\u00f3rnir sem heyra til eftir fj\u00f6lda nautanna, hr\u00fatanna og lambanna samkv\u00e6mt reglunum, <a name=\"34\"><span class=\"versanumer_2007\">34<\/span><\/a> enn fremur einn geithafur \u00ed syndaf\u00f3rn. \u00deetta skal f\u00e6ra \u00ed f\u00f3rn auk hinnar reglulegu brennif\u00f3rnar me\u00f0 \u00feeirri kornf\u00f3rn og dreypif\u00f3rn sem heyrir henni til.<br \/> <a name=\"35\"><span class=\"versanumer_2007\">35<\/span><\/a> \u00c1ttunda daginn skulu\u00f0 \u00fei\u00f0 halda h\u00e1t\u00ed\u00f0arsamkomu. \u00de\u00e1 skulu\u00f0 \u00fei\u00f0 ekki vinna dagleg st\u00f6rf. <a name=\"36\"><span class=\"versanumer_2007\">36<\/span><\/a> \u00dei\u00f0 skulu\u00f0 f\u00e6ra \u00ed brennif\u00f3rn, \u00ed eldf\u00f3rn til \u00feekks ilms handa Drottni, eitt naut, einn hr\u00fat og sj\u00f6 veturg\u00f6mul l\u00f6mb, l\u00fdtalaus d\u00fdr, <a name=\"37\"><span class=\"versanumer_2007\">37<\/span><\/a> einnig \u00fe\u00e6r kornf\u00f3rnir og dreypif\u00f3rnir sem heyra til eftir fj\u00f6lda nautanna, hr\u00fatanna og lambanna samkv\u00e6mt reglunum, <a name=\"38\"><span class=\"versanumer_2007\">38<\/span><\/a> enn fremur einn geithafur \u00ed syndaf\u00f3rn. \u00deetta skal f\u00e6ra \u00ed f\u00f3rn auk hinnar reglulegu brennif\u00f3rnar me\u00f0 \u00feeirri kornf\u00f3rn og dreypif\u00f3rn sem heyrir henni til.<br \/> <a name=\"39\"><span class=\"versanumer_2007\">39<\/span><\/a> \u00deessu skulu\u00f0 \u00fei\u00f0 f\u00f3rna Drottni \u00e1 h\u00e1t\u00ed\u00f0um ykkar auk heitgjafa ykkar og sj\u00e1lfviljaf\u00f3rna, hvort sem \u00fea\u00f0 eru brennif\u00f3rnir, kornf\u00f3rnir, dreypif\u00f3rnir e\u00f0a heillaf\u00f3rnir.\u201c<\/p>\n","protected":false},"excerpt":{"rendered":"<p>1 \u00c1 fyrsta degi sj\u00f6unda m\u00e1na\u00f0arins skulu\u00f0 \u00fei\u00f0 halda helga samkomu og \u00fe\u00e1 megi\u00f0 \u00fei\u00f0 ekki vinna nein st\u00f6rf. \u00deann dag skulu hornin \u00feeytt. 2 \u00dei\u00f0 skulu\u00f0 f\u00e6ra brennif\u00f3rn, \u00feekkan ilm handa Drottni, eitt naut, einn hr\u00fat og sj\u00f6 veturg\u00f6mul, l\u00fdtalaus l\u00f6mb, 3 \u00e1samt f\u00ednu mj\u00f6li, bl\u00f6ndu\u00f0u ol\u00edu, og \u00ed kornf\u00f3rn me\u00f0 \u00feeim \u00ferj\u00e1 t\u00edundu hluta \u00far efu me\u00f0 hverju nauti, tvo t\u00edundu me\u00f0 hverjum hr\u00fat 4 og einn t\u00edunda me\u00f0 hverju lambanna sj\u00f6, 5 enn fremur einn geithafur \u00ed syndaf\u00f3rn til a\u00f0 fri\u00f0\u00fe\u00e6gja fyrir ykkur. 6 \u00deetta er eldf\u00f3rn, \u00feekkur ilmur handa Drottni auk brennif\u00f3rnar vi\u00f0 n\u00fdtt tungl me\u00f0 <a href=\"https:\/\/biblian.is\/biblian\/fjorda-mosebok-29-kafli\/\"> [&#8230;]<\/a><\/p>\n","protected":false},"author":1,"featured_media":0,"parent":0,"menu_order":0,"comment_status":"open","ping_status":"open","template":"bibliukaflar_NT.php","meta":{"footnotes":""},"class_list":["post-1763","page","type-page","status-publish","hentry"],"_links":{"self":[{"href":"https:\/\/biblian.is\/biblian\/wp-json\/wp\/v2\/pages\/1763","targetHints":{"allow":["GET"]}}],"collection":[{"href":"https:\/\/biblian.is\/biblian\/wp-json\/wp\/v2\/pages"}],"about":[{"href":"https:\/\/biblian.is\/biblian\/wp-json\/wp\/v2\/types\/page"}],"author":[{"embeddable":true,"href":"https:\/\/biblian.is\/biblian\/wp-json\/wp\/v2\/users\/1"}],"replies":[{"embeddable":true,"href":"https:\/\/biblian.is\/biblian\/wp-json\/wp\/v2\/comments?post=1763"}],"version-history":[{"count":0,"href":"https:\/\/biblian.is\/biblian\/wp-json\/wp\/v2\/pages\/1763\/revisions"}],"wp:attachment":[{"href":"https:\/\/biblian.is\/biblian\/wp-json\/wp\/v2\/media?parent=1763"}],"curies":[{"name":"wp","href":"https:\/\/api.w.org\/{rel}","templated":true}]}}