{"id":1762,"date":"2017-12-30T21:00:21","date_gmt":"2017-12-30T21:00:21","guid":{"rendered":"http:\/\/biblian.is\/biblian\/fj%c2%97r_a-m%c2%97seb%c2%97k-28-kafli\/"},"modified":"2024-05-06T22:31:20","modified_gmt":"2024-05-06T22:31:20","slug":"fjorda-mosebok-28-kafli","status":"publish","type":"page","link":"https:\/\/biblian.is\/biblian\/fjorda-mosebok-28-kafli\/","title":{"rendered":"Fj\u00f3r\u00f0a M\u00f3seb\u00f3k 28. kafli"},"content":{"rendered":"<h3 class=\"millifyrirsogn_2007\"> F\u00f3rnir og h\u00e1t\u00ed\u00f0ir<\/h3>\n<p><a name=\"1\"><span class=\"versanumer_2007\">1<\/span><\/a> Drottinn tala\u00f0i til M\u00f3se og sag\u00f0i:<br \/> <a name=\"2\"><span class=\"versanumer_2007\">2<\/span><\/a> \u201eGef\u00f0u \u00cdsraelsm\u00f6nnum fyrirm\u00e6li og seg\u00f0u vi\u00f0 \u00fe\u00e1: \u00dei\u00f0 skulu\u00f0 g\u00e6ta \u00feess a\u00f0 f\u00e6ra m\u00e9r f\u00f3rnargjafir \u00e1 tilteknum t\u00edma, mat handa m\u00e9r, til \u00fe\u00e6gilegs ilms. <a name=\"3\"><span class=\"versanumer_2007\">3<\/span><\/a> \u00de\u00fa skalt segja vi\u00f0 \u00fe\u00e1: \u00deetta er eldf\u00f3rn sem \u00fei\u00f0 skulu\u00f0 f\u00e6ra Drottni: tv\u00e6r veturgamlar, l\u00fdtalausar \u00e6r daglega \u00ed brennif\u00f3rn. <a name=\"4\"><span class=\"versanumer_2007\">4<\/span><\/a> Anna\u00f0 lambi\u00f0 skaltu b\u00faa til f\u00f3rnar a\u00f0 morgni en hitt lambi\u00f0 skaltu b\u00faa til f\u00f3rnar \u00ed r\u00f6kkrinu \u00e1\u00f0ur en dimmt er or\u00f0i\u00f0. <a name=\"5\"><span class=\"versanumer_2007\">5<\/span><\/a> A\u00f0 auki skal f\u00e6ra einn t\u00edunda hluta \u00far efu af f\u00ednu mj\u00f6li \u00ed kornf\u00f3rn, bl\u00f6ndu\u00f0u ol\u00edu \u00far steyttum \u00f3l\u00edfum. <a name=\"6\"><span class=\"versanumer_2007\">6<\/span><\/a> \u00deetta er dagleg brennif\u00f3rn sem var f\u00e6r\u00f0 \u00e1 S\u00edna\u00ed, \u00feekkur ilmur, eldf\u00f3rn handa Drottni. <a name=\"7\"><span class=\"versanumer_2007\">7<\/span><\/a> Dreypif\u00f3rnin, sem heyrir til, er fj\u00f3r\u00f0ungur h\u00ednar me\u00f0 hverju lambi. \u00cd helgid\u00f3minum skaltu f\u00e6ra Drottni \u00e1fengan drykk sem dreypif\u00f3rn.<br \/> <a name=\"8\"><span class=\"versanumer_2007\">8<\/span><\/a> \u00de\u00fa skalt b\u00faa seinna lambi\u00f0 til f\u00f3rnar \u00ed r\u00f6kkrinu \u00e1\u00f0ur en dimmt er or\u00f0i\u00f0. \u00de\u00fa skalt f\u00e6ra \u00fea\u00f0 a\u00f0 f\u00f3rn me\u00f0 s\u00f6mu kornf\u00f3rn og s\u00f6mu dreypif\u00f3rn sem um morguninn sem eldf\u00f3rn Drottni til \u00fe\u00e6gilegs ilms.<br \/> <a name=\"9\"><span class=\"versanumer_2007\">9<\/span><\/a> Hv\u00edldardaginn skaltu b\u00faa tv\u00e6r veturgamlar, l\u00fdtalausar \u00e6r til f\u00f3rnar, a\u00f0 auki tvo t\u00edundu hluta af f\u00ednu mj\u00f6li, bl\u00f6ndu\u00f0u ol\u00edu, \u00e1samt \u00feeirri dreypif\u00f3rn sem heyrir til. <a name=\"10\"><span class=\"versanumer_2007\">10<\/span><\/a> \u00deetta er brennif\u00f3rn sem skal f\u00e6ra \u00e1 hverjum hv\u00edldardegi auk hinnar s\u00edendurteknu brennif\u00f3rnar \u00e1samt \u00feeirri dreypif\u00f3rn sem heyrir til.<br \/> <a name=\"11\"><span class=\"versanumer_2007\">11<\/span><\/a> Vi\u00f0 upphaf hvers m\u00e1na\u00f0ar skulu\u00f0 \u00fei\u00f0 f\u00e6ra Drottni \u00ed brennif\u00f3rn tv\u00f6 naut, einn hr\u00fat og sj\u00f6 veturg\u00f6mul l\u00f6mb. <a name=\"12\"><span class=\"versanumer_2007\">12<\/span><\/a> Me\u00f0 hverju nauti skulu\u00f0 \u00fei\u00f0 f\u00e6ra \u00ed kornf\u00f3rn \u00ferj\u00e1 t\u00edundu hluta \u00far efu af f\u00ednu mj\u00f6li, bl\u00f6ndu\u00f0u ol\u00edu, og tvo t\u00edundu hluta af f\u00ednu mj\u00f6li, bl\u00f6ndu\u00f0u ol\u00edu, me\u00f0 hverjum hr\u00fat <a name=\"13\"><span class=\"versanumer_2007\">13<\/span><\/a> og einn t\u00edunda hluta af f\u00ednu mj\u00f6li, bl\u00f6ndu\u00f0u ol\u00edu, me\u00f0 hverju lambi. \u00deetta er brennif\u00f3rn, \u00feekkur ilmur, eldf\u00f3rn handa Drottni. <a name=\"14\"><span class=\"versanumer_2007\">14<\/span><\/a> Dreypif\u00f3rnirnar, sem heyra til, skulu vera h\u00e1lf h\u00edn af v\u00edni me\u00f0 nauti, \u00feri\u00f0jungur \u00far h\u00edn me\u00f0 hr\u00fat og fj\u00f3r\u00f0ungur \u00far h\u00edn me\u00f0 lambi. \u00deetta er brennif\u00f3rn n\u00fds tungls sem f\u00e6ra skal vi\u00f0 n\u00fdtt tungl \u00ed hverjum m\u00e1nu\u00f0i \u00e1rsins. <a name=\"15\"><span class=\"versanumer_2007\">15<\/span><\/a> Enn fremur skal f\u00e6ra Drottni einn geithafur \u00ed syndaf\u00f3rn auk hinnar s\u00edendurteknu brennif\u00f3rnar \u00e1samt \u00feeirri dreypif\u00f3rn sem heyrir til.<br \/> <a name=\"16\"><span class=\"versanumer_2007\">16<\/span><\/a> Fj\u00f3rt\u00e1nda dag fyrsta m\u00e1na\u00f0arins eru p\u00e1skar Drottins. <a name=\"17\"><span class=\"versanumer_2007\">17<\/span><\/a> Fimmt\u00e1nda dag \u00feess m\u00e1na\u00f0ar er h\u00e1t\u00ed\u00f0. Sj\u00f6 daga skal neyta \u00f3s\u00fdr\u00f0s brau\u00f0s. <a name=\"18\"><span class=\"versanumer_2007\">18<\/span><\/a> Fyrsta daginn er helg samkoma. \u00de\u00e1 skulu\u00f0 \u00fei\u00f0 ekkert starfa. <a name=\"19\"><span class=\"versanumer_2007\">19<\/span><\/a> \u00dei\u00f0 skulu\u00f0 f\u00e6ra tv\u00f6 naut, einn hr\u00fat og sj\u00f6 veturg\u00f6mul l\u00f6mb, l\u00fdtalaus d\u00fdr, \u00ed eldf\u00f3rn, brennif\u00f3rn handa Drottni. <a name=\"20\"><span class=\"versanumer_2007\">20<\/span><\/a> Me\u00f0 hverju nauti skulu\u00f0 \u00fei\u00f0 f\u00e6ra \u00ferj\u00e1 t\u00edundu hluta \u00far efu af f\u00ednu mj\u00f6li, bl\u00f6ndu\u00f0u ol\u00edu, og tvo t\u00edundu me\u00f0 hverjum hr\u00fat. <a name=\"21\"><span class=\"versanumer_2007\">21<\/span><\/a> Me\u00f0 hverju hinna sj\u00f6 lamba skaltu f\u00e6ra einn t\u00edunda hluta af f\u00ednu mj\u00f6li <a name=\"22\"><span class=\"versanumer_2007\">22<\/span><\/a> og einn geithafur \u00ed syndaf\u00f3rn til a\u00f0 fri\u00f0\u00fe\u00e6gja fyrir ykkur. <a name=\"23\"><span class=\"versanumer_2007\">23<\/span><\/a> \u00deetta skulu\u00f0 \u00fei\u00f0 b\u00faa til f\u00f3rnar auk brennif\u00f3rnarinnar a\u00f0 morgni sem er \u00fe\u00e1ttur \u00ed hinni s\u00edendurteknu brennif\u00f3rn. <a name=\"24\"><span class=\"versanumer_2007\">24<\/span><\/a> \u00deessa brennif\u00f3rn skulu\u00f0 \u00fei\u00f0 f\u00e6ra \u00e1 hverjum degi \u00ed sj\u00f6 daga sem mat, eldf\u00f3rn, \u00feekkan ilm handa Drottni. H\u00fan skal f\u00e6r\u00f0 auk hinnar daglegu f\u00f3rnar og dreypif\u00f3rnarinnar sem henni heyrir til. <a name=\"25\"><span class=\"versanumer_2007\">25<\/span><\/a> Sj\u00f6unda daginn skulu\u00f0 \u00fei\u00f0 halda helga samkomu. \u00deann dag skulu\u00f0 \u00fei\u00f0 ekkert starfa.<br \/> <a name=\"26\"><span class=\"versanumer_2007\">26<\/span><\/a> \u00c1 degi frumgr\u00f3\u00f0ans, \u00feegar \u00fei\u00f0 f\u00e6ri\u00f0 Drottni kornf\u00f3rn af n\u00fdrri uppskeru \u00e1 viknah\u00e1t\u00ed\u00f0 ykkar, skulu\u00f0 \u00fei\u00f0 halda heilaga samkomu. \u00dei\u00f0 megi\u00f0 ekkert starfa. <a name=\"27\"><span class=\"versanumer_2007\">27<\/span><\/a> \u00dei\u00f0 skulu\u00f0 f\u00e6ra tv\u00f6 naut, einn hr\u00fat og sj\u00f6 veturg\u00f6mul l\u00f6mb \u00ed brennif\u00f3rn sem \u00feekkan ilm handa Drottni. <a name=\"28\"><span class=\"versanumer_2007\">28<\/span><\/a> Enn fremur \u00fe\u00e1 kornf\u00f3rn sem heyrir til, f\u00ednt mj\u00f6l, blanda\u00f0 ol\u00edu, \u00ferj\u00e1 t\u00edundu hluta \u00far efu me\u00f0 hverju nauti, tvo t\u00edundu me\u00f0 hverjum hr\u00fat, <a name=\"29\"><span class=\"versanumer_2007\">29<\/span><\/a> einn t\u00edunda me\u00f0 hverju \u00feessara sj\u00f6 lamba <a name=\"30\"><span class=\"versanumer_2007\">30<\/span><\/a> og a\u00f0 auki einn geithafur til a\u00f0 fri\u00f0\u00fe\u00e6gja fyrir ykkur. <a name=\"31\"><span class=\"versanumer_2007\">31<\/span><\/a> \u00dei\u00f0 skulu\u00f0 f\u00e6ra \u00feessar f\u00f3rnir auk hinnar reglulegu f\u00f3rnar \u00e1samt \u00feeirri kornf\u00f3rn sem henni heyrir til. F\u00f3rnard\u00fdrin skulu vera l\u00fdtalaus og \u00fei\u00f0 skulu\u00f0 f\u00e6ra me\u00f0 \u00feeim \u00fe\u00e6r dreypif\u00f3rnir sem heyra til.<\/p>\n","protected":false},"excerpt":{"rendered":"<p>F\u00f3rnir og h\u00e1t\u00ed\u00f0ir 1 Drottinn tala\u00f0i til M\u00f3se og sag\u00f0i: 2 \u201eGef\u00f0u \u00cdsraelsm\u00f6nnum fyrirm\u00e6li og seg\u00f0u vi\u00f0 \u00fe\u00e1: \u00dei\u00f0 skulu\u00f0 g\u00e6ta \u00feess a\u00f0 f\u00e6ra m\u00e9r f\u00f3rnargjafir \u00e1 tilteknum t\u00edma, mat handa m\u00e9r, til \u00fe\u00e6gilegs ilms. 3 \u00de\u00fa skalt segja vi\u00f0 \u00fe\u00e1: \u00deetta er eldf\u00f3rn sem \u00fei\u00f0 skulu\u00f0 f\u00e6ra Drottni: tv\u00e6r veturgamlar, l\u00fdtalausar \u00e6r daglega \u00ed brennif\u00f3rn. 4 Anna\u00f0 lambi\u00f0 skaltu b\u00faa til f\u00f3rnar a\u00f0 morgni en hitt lambi\u00f0 skaltu b\u00faa til f\u00f3rnar \u00ed r\u00f6kkrinu \u00e1\u00f0ur en dimmt er or\u00f0i\u00f0. 5 A\u00f0 auki skal f\u00e6ra einn t\u00edunda hluta \u00far efu af f\u00ednu mj\u00f6li \u00ed kornf\u00f3rn, bl\u00f6ndu\u00f0u ol\u00edu \u00far steyttum \u00f3l\u00edfum. 6 <a href=\"https:\/\/biblian.is\/biblian\/fjorda-mosebok-28-kafli\/\"> [&#8230;]<\/a><\/p>\n","protected":false},"author":1,"featured_media":0,"parent":0,"menu_order":0,"comment_status":"open","ping_status":"open","template":"bibliukaflar_NT.php","meta":{"footnotes":""},"class_list":["post-1762","page","type-page","status-publish","hentry"],"_links":{"self":[{"href":"https:\/\/biblian.is\/biblian\/wp-json\/wp\/v2\/pages\/1762","targetHints":{"allow":["GET"]}}],"collection":[{"href":"https:\/\/biblian.is\/biblian\/wp-json\/wp\/v2\/pages"}],"about":[{"href":"https:\/\/biblian.is\/biblian\/wp-json\/wp\/v2\/types\/page"}],"author":[{"embeddable":true,"href":"https:\/\/biblian.is\/biblian\/wp-json\/wp\/v2\/users\/1"}],"replies":[{"embeddable":true,"href":"https:\/\/biblian.is\/biblian\/wp-json\/wp\/v2\/comments?post=1762"}],"version-history":[{"count":0,"href":"https:\/\/biblian.is\/biblian\/wp-json\/wp\/v2\/pages\/1762\/revisions"}],"wp:attachment":[{"href":"https:\/\/biblian.is\/biblian\/wp-json\/wp\/v2\/media?parent=1762"}],"curies":[{"name":"wp","href":"https:\/\/api.w.org\/{rel}","templated":true}]}}