{"id":1760,"date":"2017-12-30T21:00:21","date_gmt":"2017-12-30T21:00:21","guid":{"rendered":"http:\/\/biblian.is\/biblian\/fj%c2%97r_a-m%c2%97seb%c2%97k-26-kafli\/"},"modified":"2024-05-06T22:31:19","modified_gmt":"2024-05-06T22:31:19","slug":"fjorda-mosebok-26-kafli","status":"publish","type":"page","link":"https:\/\/biblian.is\/biblian\/fjorda-mosebok-26-kafli\/","title":{"rendered":"Fj\u00f3r\u00f0a M\u00f3seb\u00f3k 26. kafli"},"content":{"rendered":"<h3 class=\"millifyrirsogn_2007\"> N\u00fdtt manntal<\/h3>\n<p><a name=\"1\"><span class=\"versanumer_2007\">1<\/span><\/a> Eftir pl\u00e1guna \u00e1varpa\u00f0i Drottinn M\u00f3se og Eleasar Aronsson prests og sag\u00f0i: <a name=\"2\"><span class=\"versanumer_2007\">2<\/span><\/a> \u201eTaki\u00f0 manntal hj\u00e1 \u00f6llum s\u00f6fnu\u00f0i \u00cdsraelsmanna sem eru tuttugu \u00e1ra og eldri, eftir fj\u00f6lskyldum \u00feeirra, allra vopnf\u00e6rra manna \u00ed \u00cdsrael.\u201c<br \/> <a name=\"3\"><span class=\"versanumer_2007\">3<\/span><\/a> M\u00f3se og Eleasar prestur t\u00f6ldu \u00fe\u00e1 \u00e1 gresjum M\u00f3abs vi\u00f0 J\u00f3rdan gegnt Jer\u00edk\u00f3 alla sem voru tuttugu \u00e1ra og eldri eins og Drottinn bau\u00f0 M\u00f3se.<br \/> <a name=\"4\"><span class=\"versanumer_2007\">4<\/span><\/a> \u00deeir \u00cdsraelsmenn, sem f\u00f3ru fr\u00e1 Egyptalandi, voru \u00feessir: <a name=\"5\"><span class=\"versanumer_2007\">5<\/span><\/a> R\u00faben var frumbur\u00f0ur \u00cdsraels. Ni\u00f0jar R\u00fabens voru Henok, \u00fat af honum \u00e6tt Henok\u00edta, \u00fat af Pall\u00fa \u00e6tt Pall\u00fa\u00edta, <a name=\"6\"><span class=\"versanumer_2007\">6<\/span><\/a> \u00fat af Hesr\u00f3n \u00e6tt Hesr\u00f3n\u00edta, \u00fat af Karm\u00ed \u00e6tt Karm\u00edta. <a name=\"7\"><span class=\"versanumer_2007\">7<\/span><\/a> \u00deetta voru \u00e6ttir R\u00faben\u00edta. \u00deeir sem taldir voru af \u00feeim reyndust vera 43.730.<br \/> <a name=\"8\"><span class=\"versanumer_2007\">8<\/span><\/a> Sonur Pall\u00fa var El\u00edab <a name=\"9\"><span class=\"versanumer_2007\">9<\/span><\/a> og synir El\u00edabs voru Nem\u00fael, Datan og Ab\u00edram. \u00deetta voru \u00feeir s\u00f6mu Datan og Ab\u00edram sem voru fulltr\u00faar safna\u00f0arins og r\u00e9\u00f0ust \u00e1samt s\u00f6fnu\u00f0i K\u00f3ra gegn M\u00f3se og Aroni \u00feegar s\u00f6fnu\u00f0urinn r\u00e9\u00f0st gegn Drottni. <a name=\"10\"><span class=\"versanumer_2007\">10<\/span><\/a> \u00de\u00e1 opna\u00f0i j\u00f6r\u00f0in gin sitt og gleypti \u00fe\u00e1 \u00e1samt K\u00f3ra \u00fear sem s\u00f6fnu\u00f0urinn f\u00f3rst og eldur gleypti tv\u00f6 hundru\u00f0 og fimmt\u00edu menn sem ur\u00f0u a\u00f0 t\u00e1kni til vi\u00f0v\u00f6runar. <a name=\"11\"><span class=\"versanumer_2007\">11<\/span><\/a> En synir K\u00f3ra d\u00f3u ekki.<br \/> <a name=\"12\"><span class=\"versanumer_2007\">12<\/span><\/a> Ni\u00f0jar S\u00edmeons voru eftir \u00e6ttum \u00feeirra: \u00fat af Nem\u00fael er \u00e6tt Nem\u00fael\u00edta komin, \u00fat af Jam\u00edn \u00e6tt Jam\u00edn\u00edta, \u00fat af Jak\u00edn \u00e6tt Jak\u00edn\u00edta, <a name=\"13\"><span class=\"versanumer_2007\">13<\/span><\/a> \u00fat af Sera \u00e6tt Sera\u00edta, \u00fat af S\u00e1l \u00e6tt S\u00e1l\u00edta. <a name=\"14\"><span class=\"versanumer_2007\">14<\/span><\/a> \u00deetta voru \u00e6ttir S\u00edmeon\u00edta. \u00deeir voru 22.200.<br \/> <a name=\"15\"><span class=\"versanumer_2007\">15<\/span><\/a> Ni\u00f0jar Ga\u00f0s voru eftir \u00e6ttum \u00feeirra: \u00fat af Sef\u00f3n er \u00e6tt Sef\u00f3n\u00edta, \u00fat af Hagg\u00ed \u00e6tt Hagg\u00edta, \u00fat af S\u00fan\u00ed \u00e6tt S\u00fan\u00edta, <a name=\"16\"><span class=\"versanumer_2007\">16<\/span><\/a> \u00fat af Osn\u00ed \u00e6tt Osn\u00edta, \u00fat af Er\u00ed \u00e6tt Er\u00edta, <a name=\"17\"><span class=\"versanumer_2007\">17<\/span><\/a> \u00fat af Ar\u00f3d \u00e6tt Ar\u00f3d\u00edta, \u00fat af Arel\u00ed \u00e6tt Arel\u00edta. <a name=\"18\"><span class=\"versanumer_2007\">18<\/span><\/a> \u00deetta voru \u00e6ttir Ga\u00f0\u00edta. \u00deeir sem taldir voru af \u00feeim reyndust 40.500.<br \/> <a name=\"19\"><span class=\"versanumer_2007\">19<\/span><\/a> Ni\u00f0jar J\u00fada voru: Ger og \u00d3nan en Ger og \u00d3nan d\u00f3u \u00ed Kanaanslandi. <a name=\"20\"><span class=\"versanumer_2007\">20<\/span><\/a> Ni\u00f0jar J\u00fada voru eftir \u00e6ttum \u00feeirra: \u00fat af Sela kom \u00e6tt Selan\u00edta, \u00fat af Peres \u00e6tt Peres\u00edta, \u00fat af Sera \u00e6tt Sera\u00edta.<br \/> <a name=\"21\"><span class=\"versanumer_2007\">21<\/span><\/a> Ni\u00f0jar Peresar voru: \u00fat af Hesr\u00f3n kom \u00e6tt Hesr\u00f3n\u00edta, \u00fat af Ham\u00fal \u00e6tt Ham\u00fal\u00edta. <a name=\"22\"><span class=\"versanumer_2007\">22<\/span><\/a> \u00deetta voru \u00e6ttir J\u00fada. \u00deeir sem taldir voru af \u00feeim reyndust 76.500.<br \/> <a name=\"23\"><span class=\"versanumer_2007\">23<\/span><\/a> Ni\u00f0jar \u00cdssakars voru eftir \u00e6ttum \u00feeirra: \u00fat af T\u00f3la kom \u00e6tt T\u00f3la\u00edta, \u00fat af P\u00fava \u00e6tt P\u00fan\u00edta, <a name=\"24\"><span class=\"versanumer_2007\">24<\/span><\/a> \u00fat af Jasj\u00fab \u00e6tt Jasj\u00fab\u00edta, \u00fat af S\u00edmron \u00e6tt S\u00edmron\u00edta. <a name=\"25\"><span class=\"versanumer_2007\">25<\/span><\/a> \u00deetta voru \u00e6ttir \u00cdssakars. \u00deeir sem taldir voru af \u00feeim reyndust 64.300.<br \/> <a name=\"26\"><span class=\"versanumer_2007\">26<\/span><\/a> Ni\u00f0jar Seb\u00falons voru eftir \u00e6ttum \u00feeirra: \u00fat af Sered kom \u00e6tt Sered\u00edta, \u00fat af Elon \u00e6tt Elon\u00edta, \u00fat af Jahleel \u00e6tt Jahleel\u00edta. <a name=\"27\"><span class=\"versanumer_2007\">27<\/span><\/a> \u00deetta voru \u00e6ttir Seb\u00falons. \u00deeir sem taldir voru af \u00feeim reyndust 60.500.<br \/> <a name=\"28\"><span class=\"versanumer_2007\">28<\/span><\/a> Ni\u00f0jar J\u00f3sefs voru eftir \u00e6ttum \u00feeirra Manasse og Efra\u00edms. <a name=\"29\"><span class=\"versanumer_2007\">29<\/span><\/a> Ni\u00f0jar Manasse voru eftir \u00e6ttum \u00feeirra: \u00fat af Mak\u00edr kom \u00e6tt Mak\u00edr\u00edta. Mak\u00edr \u00e1tti G\u00edlea\u00f0, \u00fat af G\u00edlea\u00f0 kom \u00e6tt G\u00edlea\u00f0\u00edta. <a name=\"30\"><span class=\"versanumer_2007\">30<\/span><\/a> \u00deetta eru ni\u00f0jar G\u00edlea\u00f0s: \u00fat af Jeser kom \u00e6tt Jesr\u00edta, \u00fat af Helek \u00e6tt Helek\u00edta, <a name=\"31\"><span class=\"versanumer_2007\">31<\/span><\/a> \u00fat af Asr\u00edel \u00e6tt Asr\u00edel\u00edta, \u00fat af S\u00edkem \u00e6tt S\u00edkem\u00edta, <a name=\"32\"><span class=\"versanumer_2007\">32<\/span><\/a> \u00fat af Sem\u00edda \u00e6tt Sem\u00edd\u00edta, \u00fat af Hefer \u00e6tt Hefr\u00edta. <a name=\"33\"><span class=\"versanumer_2007\">33<\/span><\/a> Selofha\u00f0, sonur Hefers, \u00e1tti enga syni, a\u00f0eins d\u00e6tur. D\u00e6tur Selofha\u00f0s h\u00e9tu Mahla, N\u00f3a, Hogla, Milka og Tirsa. <a name=\"34\"><span class=\"versanumer_2007\">34<\/span><\/a> \u00deetta voru \u00e6ttir Manasse. \u00deeir sem taldir voru af \u00feeim reyndust 52.700.<br \/> <a name=\"35\"><span class=\"versanumer_2007\">35<\/span><\/a> \u00deetta voru ni\u00f0jar Efra\u00edms eftir \u00e6ttum \u00feeirra: \u00fat af S\u00fatela kom \u00e6tt S\u00fatela\u00edta, \u00fat af Beker \u00e6tt Beker\u00edta, \u00fat af Tahan \u00e6tt Tahan\u00edta. <a name=\"36\"><span class=\"versanumer_2007\">36<\/span><\/a> \u00deetta voru ni\u00f0jar S\u00fatela: \u00fat af Eran kom \u00e6tt Eran\u00edta. <a name=\"37\"><span class=\"versanumer_2007\">37<\/span><\/a> \u00deetta voru \u00e6ttir ni\u00f0ja Efra\u00edms. \u00deeir sem taldir voru af \u00feeim reyndust 32.500. \u00deetta voru ni\u00f0jar J\u00f3sefs eftir \u00e6ttum \u00feeirra.<br \/> <a name=\"38\"><span class=\"versanumer_2007\">38<\/span><\/a> Ni\u00f0jar Benjam\u00edns voru eftir \u00e6ttum \u00feeirra: \u00fat af Bela kom \u00e6tt Bela\u00edta, \u00fat af Asbel \u00e6tt Asbel\u00edta, \u00fat af Ah\u00edram \u00e6tt Ah\u00edram\u00edta, <a name=\"39\"><span class=\"versanumer_2007\">39<\/span><\/a> \u00fat af S\u00fafam \u00e6tt S\u00fafam\u00edta, \u00fat af H\u00fafam \u00e6tt H\u00fafam\u00edta. <a name=\"40\"><span class=\"versanumer_2007\">40<\/span><\/a> Synir Bela voru Ard og Naaman. \u00dat af Ard kom \u00e6tt Ard\u00edta, \u00fat af Naaman \u00e6tt Naam\u00edta. <a name=\"41\"><span class=\"versanumer_2007\">41<\/span><\/a> \u00deetta voru ni\u00f0jar Benjam\u00edns eftir \u00e6ttum \u00feeirra. \u00deeir sem taldir voru af \u00feeim reyndust 45.600.<br \/> <a name=\"42\"><span class=\"versanumer_2007\">42<\/span><\/a> Ni\u00f0jar Dans voru eftir \u00e6ttum \u00feeirra: \u00fat af S\u00faham kom \u00e6tt S\u00faham\u00edta. \u00deetta voru \u00e6ttir Dans. <a name=\"43\"><span class=\"versanumer_2007\">43<\/span><\/a> Allar \u00e6ttir S\u00faham\u00edta, \u00feeir sem taldir voru af \u00feeim, reyndust 64.400.<br \/> <a name=\"44\"><span class=\"versanumer_2007\">44<\/span><\/a> Ni\u00f0jar Assers voru eftir \u00e6ttum \u00feeirra: \u00fat af J\u00edmna kom \u00e6tt J\u00edmn\u00edta, \u00fat af J\u00edsv\u00ed \u00e6tt J\u00edsv\u00edta, \u00fat af Br\u00eda \u00e6tt Br\u00ed\u00edta. <a name=\"45\"><span class=\"versanumer_2007\">45<\/span><\/a> \u00dat af sonum Br\u00eda kom \u00e6tt Hebr\u00edta \u00fat af Heber, \u00e6tt Malk\u00edel\u00edta \u00fat af Malk\u00edel. <a name=\"46\"><span class=\"versanumer_2007\">46<\/span><\/a> D\u00f3ttir Assers h\u00e9t Sera. <a name=\"47\"><span class=\"versanumer_2007\">47<\/span><\/a> \u00deetta voru \u00e6ttir ni\u00f0ja Assers. \u00deeir sem taldir voru af \u00feeim reyndust 53.400.<br \/> <a name=\"48\"><span class=\"versanumer_2007\">48<\/span><\/a> Ni\u00f0jar Naftal\u00ed voru eftir \u00e6ttum \u00feeirra: \u00fat af Jahseel kom \u00e6tt Jahseel\u00edta, \u00fat af G\u00fan\u00ed \u00e6tt G\u00fan\u00edta, <a name=\"49\"><span class=\"versanumer_2007\">49<\/span><\/a> \u00fat af Jeser \u00e6tt Jesr\u00edta, \u00fat af Sillem \u00e6tt Sillem\u00edta. <a name=\"50\"><span class=\"versanumer_2007\">50<\/span><\/a> \u00deetta voru \u00e6ttir Naftal\u00ed. \u00deeir sem taldir voru af \u00feeim reyndust 45.400.<br \/> <a name=\"51\"><span class=\"versanumer_2007\">51<\/span><\/a> \u00deetta voru \u00feeir sem taldir voru af \u00cdsraelsm\u00f6nnum. \u00deeir reyndust 601.730.<br \/> <a name=\"52\"><span class=\"versanumer_2007\">52<\/span><\/a> Drottinn tala\u00f0i til M\u00f3se og sag\u00f0i: <a name=\"53\"><span class=\"versanumer_2007\">53<\/span><\/a> \u201eLandinu skal skipt \u00ed erf\u00f0ahluti \u00e1 milli \u00feessara manna eftir t\u00f6lu nafnanna: <a name=\"54\"><span class=\"versanumer_2007\">54<\/span><\/a> \u00deeim sem eru fj\u00f6lmennir skal fengi\u00f0 st\u00f3rt erf\u00f0aland en \u00feeim sem eru f\u00e1mennir l\u00edti\u00f0. Hverjum skal fengi\u00f0 erf\u00f0aland eftir t\u00f6lu \u00feeirra sem taldir voru. <a name=\"55\"><span class=\"versanumer_2007\">55<\/span><\/a> Samt skal landinu skipt me\u00f0 hlutkesti. \u00deeir skulu taka vi\u00f0 erf\u00f0al\u00f6ndum \u00ed landinu eftir n\u00f6fnum \u00e6ttb\u00e1lka fe\u00f0ra \u00feeirra. <a name=\"56\"><span class=\"versanumer_2007\">56<\/span><\/a> Landinu skal skipt me\u00f0 hlutkesti \u00e1 milli fj\u00f6lmennra \u00e6tta og f\u00e1mennra.\u201c<br \/> <a name=\"57\"><span class=\"versanumer_2007\">57<\/span><\/a> \u00deetta eru \u00feeir sem taldir voru af Lev\u00edtum eftir \u00e6ttum \u00feeirra: \u00fat af Gerson kom \u00e6tt Gerson\u00edta, \u00fat af Kahat \u00e6tt Kahat\u00edta, \u00fat af Merar\u00ed \u00e6tt Merar\u00edta. <a name=\"58\"><span class=\"versanumer_2007\">58<\/span><\/a> \u00deetta voru \u00e6ttir Lev\u00ed: \u00e6tt Libn\u00edta, \u00e6tt Hebron\u00edta, \u00e6tt Mahel\u00edta, \u00e6tt M\u00fas\u00edta, \u00e6tt K\u00f3ra\u00edta. En Kahat \u00e1tti Amram <a name=\"59\"><span class=\"versanumer_2007\">59<\/span><\/a> en eiginkona Amrams h\u00e9t J\u00f3kebed Lev\u00edd\u00f3ttir. H\u00fan f\u00e6ddist Lev\u00ed \u00ed Egyptalandi. H\u00fan \u00f3l Amram \u00fe\u00e1 Aron og M\u00f3se og Mirjam, systur \u00feeirra. <a name=\"60\"><span class=\"versanumer_2007\">60<\/span><\/a> En Aroni voru aldir \u00feeir Nadab, Ab\u00edh\u00fa, Eleasar og \u00cdtamar. <a name=\"61\"><span class=\"versanumer_2007\">61<\/span><\/a> Nadab og Ab\u00edh\u00fa d\u00f3u \u00feegar \u00feeir f\u00e6r\u00f0u \u00f3helga\u00f0an eld fram fyrir auglit Drottins.<br \/> <a name=\"62\"><span class=\"versanumer_2007\">62<\/span><\/a> \u00deeir sem taldir voru af \u00feeim reyndust 23.000, allt karlar fr\u00e1 eins m\u00e1na\u00f0ar aldri og eldri. \u00deeir voru ekki taldir me\u00f0 \u00f6\u00f0rum \u00cdsraelsm\u00f6nnum.<br \/> <a name=\"63\"><span class=\"versanumer_2007\">63<\/span><\/a> \u00deetta voru \u00feeir sem voru taldir af M\u00f3se og Eleasar presti \u00feegar \u00feeir t\u00f6ldu \u00cdsraelsmenn \u00e1 gresjum M\u00f3abs vi\u00f0 J\u00f3rdan gegnt Jer\u00edk\u00f3. <a name=\"64\"><span class=\"versanumer_2007\">64<\/span><\/a> Enginn \u00feeirra var \u00e1 manntalinu sem M\u00f3se og Aron prestur t\u00f3ku me\u00f0al \u00cdsraelsmanna \u00ed S\u00edna\u00edey\u00f0im\u00f6rk <a name=\"65\"><span class=\"versanumer_2007\">65<\/span><\/a> \u00fev\u00ed a\u00f0 Drottinn haf\u00f0i sagt vi\u00f0 \u00fe\u00e1 a\u00f0 \u00feeir yr\u00f0u a\u00f0 deyja \u00ed ey\u00f0im\u00f6rkinni enda var enginn or\u00f0inn eftir af \u00feeim nema Kaleb Jef\u00fanneson og J\u00f3s\u00faa N\u00fansson.<\/p>\n","protected":false},"excerpt":{"rendered":"<p>N\u00fdtt manntal 1 Eftir pl\u00e1guna \u00e1varpa\u00f0i Drottinn M\u00f3se og Eleasar Aronsson prests og sag\u00f0i: 2 \u201eTaki\u00f0 manntal hj\u00e1 \u00f6llum s\u00f6fnu\u00f0i \u00cdsraelsmanna sem eru tuttugu \u00e1ra og eldri, eftir fj\u00f6lskyldum \u00feeirra, allra vopnf\u00e6rra manna \u00ed \u00cdsrael.\u201c 3 M\u00f3se og Eleasar prestur t\u00f6ldu \u00fe\u00e1 \u00e1 gresjum M\u00f3abs vi\u00f0 J\u00f3rdan gegnt Jer\u00edk\u00f3 alla sem voru tuttugu \u00e1ra og eldri eins og Drottinn bau\u00f0 M\u00f3se. 4 \u00deeir \u00cdsraelsmenn, sem f\u00f3ru fr\u00e1 Egyptalandi, voru \u00feessir: 5 R\u00faben var frumbur\u00f0ur \u00cdsraels. Ni\u00f0jar R\u00fabens voru Henok, \u00fat af honum \u00e6tt Henok\u00edta, \u00fat af Pall\u00fa \u00e6tt Pall\u00fa\u00edta, 6 \u00fat af Hesr\u00f3n \u00e6tt Hesr\u00f3n\u00edta, \u00fat af Karm\u00ed \u00e6tt Karm\u00edta. <a href=\"https:\/\/biblian.is\/biblian\/fjorda-mosebok-26-kafli\/\"> [&#8230;]<\/a><\/p>\n","protected":false},"author":1,"featured_media":0,"parent":0,"menu_order":0,"comment_status":"open","ping_status":"open","template":"bibliukaflar_NT.php","meta":{"footnotes":""},"class_list":["post-1760","page","type-page","status-publish","hentry"],"_links":{"self":[{"href":"https:\/\/biblian.is\/biblian\/wp-json\/wp\/v2\/pages\/1760","targetHints":{"allow":["GET"]}}],"collection":[{"href":"https:\/\/biblian.is\/biblian\/wp-json\/wp\/v2\/pages"}],"about":[{"href":"https:\/\/biblian.is\/biblian\/wp-json\/wp\/v2\/types\/page"}],"author":[{"embeddable":true,"href":"https:\/\/biblian.is\/biblian\/wp-json\/wp\/v2\/users\/1"}],"replies":[{"embeddable":true,"href":"https:\/\/biblian.is\/biblian\/wp-json\/wp\/v2\/comments?post=1760"}],"version-history":[{"count":0,"href":"https:\/\/biblian.is\/biblian\/wp-json\/wp\/v2\/pages\/1760\/revisions"}],"wp:attachment":[{"href":"https:\/\/biblian.is\/biblian\/wp-json\/wp\/v2\/media?parent=1760"}],"curies":[{"name":"wp","href":"https:\/\/api.w.org\/{rel}","templated":true}]}}