{"id":1758,"date":"2017-12-30T21:00:21","date_gmt":"2017-12-30T21:00:21","guid":{"rendered":"http:\/\/biblian.is\/biblian\/fj%c2%97r_a-m%c2%97seb%c2%97k-24-kafli\/"},"modified":"2024-05-06T22:31:19","modified_gmt":"2024-05-06T22:31:19","slug":"fjorda-mosebok-24-kafli","status":"publish","type":"page","link":"https:\/\/biblian.is\/biblian\/fjorda-mosebok-24-kafli\/","title":{"rendered":"Fj\u00f3r\u00f0a M\u00f3seb\u00f3k 24. kafli"},"content":{"rendered":"<p><a name=\"1\"><span class=\"versanumer_2007\">1<\/span><\/a> \u00deegar B\u00edleam skildi a\u00f0 \u00fea\u00f0 var Drottni \u00fe\u00f3knanlegt a\u00f0 blessa \u00cdsrael v\u00e9k hann ekki afs\u00ed\u00f0is til a\u00f0 leita sp\u00e1fregna eins og fyrri skiptin, heldur sneri hann \u00ed \u00e1tt til ey\u00f0imerkurinnar. <a name=\"2\"><span class=\"versanumer_2007\">2<\/span><\/a> \u00deegar B\u00edleam leit upp s\u00e1 hann \u00cdsrael sem haf\u00f0i sest a\u00f0 eftir \u00e6ttb\u00e1lkum. \u00de\u00e1 kom andi Gu\u00f0s yfir hann <a name=\"3\"><span class=\"versanumer_2007\">3<\/span><\/a> og hann t\u00f3k a\u00f0 flytja bo\u00f0skap sinn og sag\u00f0i:<br \/> <span class=\"ljodatexti\"> Svo segir B\u00edleam Be\u00f3rsson,<br \/>svo segir ma\u00f0ur me\u00f0 loku\u00f0 augu,<br \/> <\/span> <span class=\"ljodatexti\"> <a name=\"4\"><span class=\"versanumer_ljod\">4<\/span><\/a>svo segir s\u00e1 sem heyrir or\u00f0 Gu\u00f0s,<br \/>sem s\u00e9r \u00fea\u00f0 sem Alvaldur birtir,<br \/>hann liggur me\u00f0 opin augu.<br \/> <\/span> <span class=\"ljodatexti\"> <a name=\"5\"><span class=\"versanumer_ljod\">5<\/span><\/a>Hve f\u00f6gur eru tj\u00f6ld \u00fe\u00edn, Jakob,<br \/>b\u00fasta\u00f0ir \u00fe\u00ednir, \u00cdsrael.<br \/> <\/span> <span class=\"ljodatexti\"> <a name=\"6\"><span class=\"versanumer_ljod\">6<\/span><\/a>\u00deeir eru breiddir \u00fat sem \u00e1rkv\u00edslir,<br \/>eins og trj\u00e1gar\u00f0ar \u00e1 flj\u00f3tsbakka,<br \/>eins og eik gr\u00f3\u00f0ursett af Drottni,<br \/>sedrustr\u00e9 vi\u00f0 vatn.<br \/> <\/span> <span class=\"ljodatexti\"> <a name=\"7\"><span class=\"versanumer_ljod\">7<\/span><\/a>Vatn fl\u00fdtur \u00far f\u00f6tu hans<br \/>og \u00fats\u00e6\u00f0i hans er ba\u00f0a\u00f0 \u00ed vatni.<br \/>Konungur hans er voldugri en Agag<br \/>og konungsvald hans eflist.<br \/> <\/span> <span class=\"ljodatexti\"> <a name=\"8\"><span class=\"versanumer_ljod\">8<\/span><\/a>Gu\u00f0 leiddi hann \u00fat \u00far Egyptalandi,<br \/>hann ber horn sem villinaut,<br \/>gleypir \u00fej\u00f3\u00f0ir sem \u00ferengja a\u00f0 honum,<br \/>molar bein \u00feeirra<br \/>og br\u00fdtur \u00f6rvar \u00feeirra.<br \/> <\/span> <span class=\"ljodatexti\"> <a name=\"9\"><span class=\"versanumer_ljod\">9<\/span><\/a>Hann b\u00e6lir sig, leggst eins og lj\u00f3n,<br \/>ungt lj\u00f3n, hver rekur \u00fea\u00f0 \u00e1 f\u00e6tur?<br \/>Blessa\u00f0ur s\u00e9 hver sem blessar \u00feig,<br \/>b\u00f6lva\u00f0ur hver sem b\u00f6lvar \u00fe\u00e9r. <\/span> <br \/> <a name=\"10\"><span class=\"versanumer_2007\">10<\/span><\/a> Rei\u00f0i Balaks blossa\u00f0i n\u00fa upp gegn B\u00edleam, hann sl\u00f3 saman l\u00f3fum og sag\u00f0i vi\u00f0 hann: \u201e\u00c9g s\u00f3tti \u00feig til a\u00f0 b\u00f6lva fjandm\u00f6nnum m\u00ednum en \u00fe\u00fa hefur blessa\u00f0 \u00fe\u00e1 \u00ferisvar. <a name=\"11\"><span class=\"versanumer_2007\">11<\/span><\/a> Far\u00f0u n\u00fa heim til \u00fe\u00edn. \u00c9g lofa\u00f0i \u00fe\u00e9r miklum launum en Drottinn kom \u00ed veg fyrir \u00fea\u00f0.\u201c <a name=\"12\"><span class=\"versanumer_2007\">12<\/span><\/a> \u00de\u00e1 sag\u00f0i B\u00edleam vi\u00f0 Balak: \u201eSag\u00f0i \u00e9g ekki vi\u00f0 mennina sem \u00fe\u00fa sendir til m\u00edn: <a name=\"13\"><span class=\"versanumer_2007\">13<\/span><\/a> \u00de\u00f3 a\u00f0 Balak g\u00e6fi m\u00e9r h\u00fas sitt fullt af silfri og gulli g\u00e6ti \u00e9g ekki gengi\u00f0 gegn bo\u00f0um Drottins og gert gott e\u00f0a illt a\u00f0 eigin ge\u00f0\u00fe\u00f3tta. \u00c9g hl\u00fdt a\u00f0 segja \u00fea\u00f0 eitt sem Drottinn b\u00fd\u00f0ur. <a name=\"14\"><span class=\"versanumer_2007\">14<\/span><\/a> En n\u00fa \u00e6tla \u00e9g a\u00f0 fara heim til \u00fej\u00f3\u00f0ar minnar. Samt \u00e6tla \u00e9g a\u00f0 sk\u00fdra \u00fe\u00e9r fr\u00e1 \u00fev\u00ed hvernig \u00feessi \u00fej\u00f3\u00f0 mun fara me\u00f0 \u00fej\u00f3\u00f0 \u00fe\u00edna \u00feegar fram l\u00ed\u00f0a stundir.\u201c <a name=\"15\"><span class=\"versanumer_2007\">15<\/span><\/a> Hann t\u00f3k a\u00f0 flytja bo\u00f0skap sinn og sag\u00f0i:<br \/> <span class=\"ljodatexti\"> Svo segir B\u00edleam Be\u00f3rsson,<br \/>svo segir ma\u00f0ur me\u00f0 loka\u00f0 auga, <span class=\"nedan_mal\" title=\" \u00d6nnur hugsanleg \u00fe\u00fd\u00f0ing: \u2026 me\u00f0 skarpa sj\u00f3n.\">[<\/span> <br \/> <\/span> <span class=\"ljodatexti\"> <a name=\"16\"><span class=\"versanumer_ljod\">16<\/span><\/a>svo segir s\u00e1 sem heyrir or\u00f0 Gu\u00f0s,<br \/>sem s\u00e9r \u00fea\u00f0 sem Alvaldur birtir<br \/>og hefur hnigi\u00f0 ni\u00f0ur me\u00f0 opin augu.<br \/> <\/span> <span class=\"ljodatexti\"> <a name=\"17\"><span class=\"versanumer_ljod\">17<\/span><\/a>\u00c9g s\u00e9 hann, en ekki n\u00fa,<br \/>horfi \u00e1 hann, samt er hann ekki n\u00e6rri.<br \/>Stjarna r\u00eds upp fr\u00e1 Jakobi,<br \/>veldissproti hefst upp \u00ed \u00cdsrael<br \/>sem merja mun gagnaugu M\u00f3abs<br \/>og hvirfil allra sona Sets.<br \/> <\/span> <span class=\"ljodatexti\"> <a name=\"18\"><span class=\"versanumer_ljod\">18<\/span><\/a>Ed\u00f3m ver\u00f0ur tekinn til eignar<br \/>og Se\u00edr, fjandma\u00f0ur hans, ver\u00f0ur einnig tekinn til eignar<br \/>en \u00cdsrael eflist<br \/> <\/span> <span class=\"ljodatexti\"> <a name=\"19\"><span class=\"versanumer_ljod\">19<\/span><\/a>og Jakob mun r\u00edkja.<br \/>Hann mun ey\u00f0a \u00feeim sem komust undan fr\u00e1 borginni. <\/span> <br \/> <a name=\"20\"><span class=\"versanumer_2007\">20<\/span><\/a> \u00deegar hann s\u00e1 Amalek flutti hann bo\u00f0skap sinn og sag\u00f0i:<br \/> <span class=\"ljodatexti\"> Amalek var fremstur \u00fej\u00f3\u00f0a<br \/>en fellur \u00ed valinn a\u00f0 lokum. <\/span> <br \/> <a name=\"21\"><span class=\"versanumer_2007\">21<\/span><\/a> \u00deegar hann s\u00e1 Ken\u00edta flutti hann bo\u00f0skap sinn og sag\u00f0i:<br \/> <span class=\"ljodatexti\"> Dvalarsta\u00f0ur \u00feinn er traustur,<br \/>hrei\u00f0ur \u00feitt gert \u00e1 kletti,<br \/> <\/span> <span class=\"ljodatexti\"> <a name=\"22\"><span class=\"versanumer_ljod\">22<\/span><\/a> samt ver\u00f0ur \u00fev\u00ed eytt.<br \/>Hve langt er \u00fear til Ass\u00far flytur \u00feig burt sem fanga, Kain? <\/span> <br \/> <a name=\"23\"><span class=\"versanumer_2007\">23<\/span><\/a> Hann t\u00f3k enn a\u00f0 flytja bo\u00f0skap sinn og sag\u00f0i:<br \/> <span class=\"ljodatexti\"> Vei! Hverjir flykkjast a\u00f0 \u00far nor\u00f0ri?<br \/> <\/span> <span class=\"ljodatexti\"> <a name=\"24\"><span class=\"versanumer_ljod\">24<\/span><\/a> Skip koma fr\u00e1 Kittum,<br \/>\u00feau munu ni\u00f0url\u00e6gja Ass\u00far, ni\u00f0url\u00e6gja Eber<br \/>en hann mun einnig farast a\u00f0 lokum. <\/span> <br \/> <a name=\"25\"><span class=\"versanumer_2007\">25<\/span><\/a> S\u00ed\u00f0an h\u00e9lt B\u00edleam af sta\u00f0 og f\u00f3r aftur heim til s\u00edn. Balak f\u00f3r einnig lei\u00f0ar sinnar.<\/p>\n","protected":false},"excerpt":{"rendered":"<p>1 \u00deegar B\u00edleam skildi a\u00f0 \u00fea\u00f0 var Drottni \u00fe\u00f3knanlegt a\u00f0 blessa \u00cdsrael v\u00e9k hann ekki afs\u00ed\u00f0is til a\u00f0 leita sp\u00e1fregna eins og fyrri skiptin, heldur sneri hann \u00ed \u00e1tt til ey\u00f0imerkurinnar. 2 \u00deegar B\u00edleam leit upp s\u00e1 hann \u00cdsrael sem haf\u00f0i sest a\u00f0 eftir \u00e6ttb\u00e1lkum. \u00de\u00e1 kom andi Gu\u00f0s yfir hann 3 og hann t\u00f3k a\u00f0 flytja bo\u00f0skap sinn og sag\u00f0i: Svo segir B\u00edleam Be\u00f3rsson,svo segir ma\u00f0ur me\u00f0 loku\u00f0 augu, 4svo segir s\u00e1 sem heyrir or\u00f0 Gu\u00f0s,sem s\u00e9r \u00fea\u00f0 sem Alvaldur birtir,hann liggur me\u00f0 opin augu. 5Hve f\u00f6gur eru tj\u00f6ld \u00fe\u00edn, Jakob,b\u00fasta\u00f0ir \u00fe\u00ednir, \u00cdsrael. 6\u00deeir eru breiddir \u00fat sem \u00e1rkv\u00edslir,eins <a href=\"https:\/\/biblian.is\/biblian\/fjorda-mosebok-24-kafli\/\"> [&#8230;]<\/a><\/p>\n","protected":false},"author":1,"featured_media":0,"parent":0,"menu_order":0,"comment_status":"open","ping_status":"open","template":"bibliukaflar_NT.php","meta":{"footnotes":""},"class_list":["post-1758","page","type-page","status-publish","hentry"],"_links":{"self":[{"href":"https:\/\/biblian.is\/biblian\/wp-json\/wp\/v2\/pages\/1758","targetHints":{"allow":["GET"]}}],"collection":[{"href":"https:\/\/biblian.is\/biblian\/wp-json\/wp\/v2\/pages"}],"about":[{"href":"https:\/\/biblian.is\/biblian\/wp-json\/wp\/v2\/types\/page"}],"author":[{"embeddable":true,"href":"https:\/\/biblian.is\/biblian\/wp-json\/wp\/v2\/users\/1"}],"replies":[{"embeddable":true,"href":"https:\/\/biblian.is\/biblian\/wp-json\/wp\/v2\/comments?post=1758"}],"version-history":[{"count":0,"href":"https:\/\/biblian.is\/biblian\/wp-json\/wp\/v2\/pages\/1758\/revisions"}],"wp:attachment":[{"href":"https:\/\/biblian.is\/biblian\/wp-json\/wp\/v2\/media?parent=1758"}],"curies":[{"name":"wp","href":"https:\/\/api.w.org\/{rel}","templated":true}]}}