{"id":1756,"date":"2017-12-30T21:00:16","date_gmt":"2017-12-30T21:00:16","guid":{"rendered":"http:\/\/biblian.is\/biblian\/fj%c2%97r_a-m%c2%97seb%c2%97k-22-kafli\/"},"modified":"2024-05-06T22:31:19","modified_gmt":"2024-05-06T22:31:19","slug":"fjorda-mosebok-22-kafli","status":"publish","type":"page","link":"https:\/\/biblian.is\/biblian\/fjorda-mosebok-22-kafli\/","title":{"rendered":"Fj\u00f3r\u00f0a M\u00f3seb\u00f3k 22. kafli"},"content":{"rendered":"<h3 class=\"millifyrirsogn_2007\"> B\u00edleam og \u00cdsrael<\/h3>\n<p><a name=\"1\"><span class=\"versanumer_2007\">1<\/span><\/a> \u00cdsraelsmenn h\u00e9ldu af sta\u00f0 og settu b\u00fa\u00f0ir s\u00ednar \u00e1 gresjunum \u00ed M\u00f3ab handan vi\u00f0 J\u00f3rdan gegnt Jer\u00edk\u00f3.<br \/> <a name=\"2\"><span class=\"versanumer_2007\">2<\/span><\/a> Balak Sipp\u00f3rsson haf\u00f0i s\u00e9\u00f0 allt sem \u00cdsrael haf\u00f0i gert Amor\u00edtum. <a name=\"3\"><span class=\"versanumer_2007\">3<\/span><\/a> M\u00f3ab \u00f3tta\u00f0ist \u00fej\u00f3\u00f0ina mj\u00f6g \u00fev\u00ed a\u00f0 h\u00fan var fj\u00f6lmenn og fylltust M\u00f3ab\u00edtar skelfingu gagnvart \u00cdsraelsm\u00f6nnum. <a name=\"4\"><span class=\"versanumer_2007\">4<\/span><\/a> \u00deeir s\u00f6g\u00f0u \u00fev\u00ed vi\u00f0 \u00f6ldunga Mid\u00edans: \u201eN\u00fa mun allur \u00feessi mannfj\u00f6ldi eta upp allt umhverfis okkur eins og naut r\u00f3tnaga gras \u00ed bithaga.\u201c<br \/>Balak Sipp\u00f3rsson var \u00fe\u00e1 konungur \u00ed M\u00f3ab. <a name=\"5\"><span class=\"versanumer_2007\">5<\/span><\/a> Hann sendi menn til B\u00edleams Be\u00f3rssonar \u00ed Pet\u00f3r, sem er vi\u00f0 flj\u00f3ti\u00f0, <span class=\"nedan_mal\" title=\" \u00de.e. Efrat.\">[<\/span> \u00ed landi samlanda hans, til a\u00f0 s\u00e6kja hann og l\u00e9t segja vi\u00f0 hann: \u201e\u00dej\u00f3\u00f0 ein er komin fr\u00e1 Egyptalandi. H\u00fan \u00feekur allt landi\u00f0 og n\u00fa hefur h\u00fan sest a\u00f0 beint \u00e1 m\u00f3ti m\u00e9r. <a name=\"6\"><span class=\"versanumer_2007\">6<\/span><\/a> Komdu n\u00fa hinga\u00f0 og b\u00f6lva\u00f0u \u00feessari \u00fej\u00f3\u00f0 fyrir mig \u00fev\u00ed a\u00f0 h\u00fan er \u00f6flugri en \u00e9g. Vera m\u00e1 a\u00f0 \u00e9g geti \u00fe\u00e1 sigra\u00f0 hana og reki\u00f0 hana \u00fat \u00far landinu. \u00dev\u00ed a\u00f0 \u00e9g veit a\u00f0 s\u00e1 er blessa\u00f0ur sem \u00fe\u00fa blessar og s\u00e1 b\u00f6lva\u00f0ur sem \u00fe\u00fa b\u00f6lvar.\u201c<br \/> <a name=\"7\"><span class=\"versanumer_2007\">7<\/span><\/a> \u00d6ldungar M\u00f3abs og \u00f6ldungar Mid\u00edans h\u00e9ldu \u00fe\u00e1 af sta\u00f0 og h\u00f6f\u00f0u sp\u00e1sagnarlaun me\u00f0fer\u00f0is. \u00deegar \u00feeir komu til B\u00edleams fluttu \u00feeir honum skilabo\u00f0 Balaks. <a name=\"8\"><span class=\"versanumer_2007\">8<\/span><\/a> Hann sag\u00f0i vi\u00f0 \u00fe\u00e1: \u201e\u00dei\u00f0 skulu\u00f0 vera h\u00e9r \u00ed n\u00f3tt. S\u00ed\u00f0an skal \u00e9g svara ykkur \u00fev\u00ed sem Drottinn segir m\u00e9r.\u201c Hir\u00f0mennirnir fr\u00e1 M\u00f3ab voru \u00fev\u00ed um kyrrt hj\u00e1 B\u00edleam.<br \/> <a name=\"9\"><span class=\"versanumer_2007\">9<\/span><\/a> Gu\u00f0 kom til B\u00edleams og spur\u00f0i: \u201eHva\u00f0a menn eru \u00feetta sem eru hj\u00e1 \u00fe\u00e9r?\u201c<br \/> <a name=\"10\"><span class=\"versanumer_2007\">10<\/span><\/a> B\u00edleam svara\u00f0i Gu\u00f0i: \u201eBalak Sipp\u00f3rsson, konungur \u00ed M\u00f3ab, sendi \u00fe\u00e1 til m\u00edn me\u00f0 \u00feessi skilabo\u00f0: <a name=\"11\"><span class=\"versanumer_2007\">11<\/span><\/a> \u00dej\u00f3\u00f0in, sem f\u00f3r fr\u00e1 Egyptalandi, \u00feekur n\u00fa allt landi\u00f0. Komdu n\u00fa og form\u00e6ltu henni fyrir mig. \u00de\u00e1 get \u00e9g ef til vill barist vi\u00f0 hana og reki\u00f0 hana burt.\u201c<br \/> <a name=\"12\"><span class=\"versanumer_2007\">12<\/span><\/a> Gu\u00f0 sag\u00f0i \u00fe\u00e1 vi\u00f0 B\u00edleam: \u201e\u00de\u00fa skalt ekki fara me\u00f0 \u00feeim. \u00de\u00fa skalt ekki b\u00f6lva \u00feessari \u00fej\u00f3\u00f0 \u00fev\u00ed a\u00f0 h\u00fan er blessu\u00f0.\u201c<br \/> <a name=\"13\"><span class=\"versanumer_2007\">13<\/span><\/a> Morguninn eftir f\u00f3r B\u00edleam \u00e1 f\u00e6tur og sag\u00f0i vi\u00f0 hir\u00f0menn Balaks: \u201eFari\u00f0 aftur heim til lands ykkar \u00fev\u00ed a\u00f0 Drottinn leyfir m\u00e9r ekki a\u00f0 fara me\u00f0 ykkur.\u201c <a name=\"14\"><span class=\"versanumer_2007\">14<\/span><\/a> Hir\u00f0mennirnir fr\u00e1 M\u00f3ab l\u00f6g\u00f0u \u00fe\u00e1 af sta\u00f0 og \u00feegar \u00feeir komu til Balaks s\u00f6g\u00f0u \u00feeir: \u201eB\u00edleam neita\u00f0i a\u00f0 koma me\u00f0 okkur.\u201c<br \/> <a name=\"15\"><span class=\"versanumer_2007\">15<\/span><\/a> \u00de\u00e1 sendi Balak aftur hir\u00f0menn af sta\u00f0, fleiri og virtari en \u00fe\u00e1 fyrri. <a name=\"16\"><span class=\"versanumer_2007\">16<\/span><\/a> \u00deegar \u00feeir komu til B\u00edleams s\u00f6g\u00f0u \u00feeir vi\u00f0 hann: \u201eSvo segir Balak Sipp\u00f3rsson: L\u00e1ttu ekkert aftra \u00fe\u00e9r fr\u00e1 \u00fev\u00ed a\u00f0 koma til m\u00edn <a name=\"17\"><span class=\"versanumer_2007\">17<\/span><\/a> \u00fev\u00ed a\u00f0 \u00e9g mun launa \u00fe\u00e9r mj\u00f6g r\u00edkulega og veita \u00fe\u00e9r allt sem \u00fe\u00fa bi\u00f0ur um. Form\u00e6ltu \u00feessari \u00fej\u00f3\u00f0 fyrir mig.\u201c <a name=\"18\"><span class=\"versanumer_2007\">18<\/span><\/a> B\u00edleam svara\u00f0i og sag\u00f0i vi\u00f0 \u00fej\u00f3na Balaks: \u201e\u00de\u00f3 a\u00f0 Balak g\u00e6fi m\u00e9r h\u00fas sitt fullt af silfri og gulli g\u00e6ti \u00e9g ekki gengi\u00f0 gegn fyrirm\u00e6lum Drottins, Gu\u00f0s m\u00edns, hvorki \u00ed sm\u00e1u n\u00e9 st\u00f3ru. <a name=\"19\"><span class=\"versanumer_2007\">19<\/span><\/a> En n\u00fa skulu\u00f0 \u00fei\u00f0 l\u00edka vera h\u00e9r \u00ed n\u00f3tt. \u00c9g vil vita hva\u00f0 Drottinn hefur anna\u00f0 a\u00f0 segja m\u00e9r.\u201c<br \/> <a name=\"20\"><span class=\"versanumer_2007\">20<\/span><\/a> Drottinn kom til B\u00edleams um n\u00f3ttina og sag\u00f0i vi\u00f0 hann: \u201eEf \u00feessir menn eru komnir til a\u00f0 s\u00e6kja \u00feig skaltu fer\u00f0b\u00faast og fara me\u00f0 \u00feeim \u00ed fyrram\u00e1li\u00f0. En ger\u00f0u \u00fea\u00f0 eitt sem \u00e9g b\u00fd\u00f0 \u00fe\u00e9r.\u201c<\/p>\n<h3 class=\"millifyrirsogn_2007\">B\u00edleam og asnan<\/h3>\n<p><a name=\"21\"><span class=\"versanumer_2007\">21<\/span><\/a> Morguninn eftir f\u00f3r B\u00edleam \u00e1 f\u00e6tur, lag\u00f0i \u00e1 \u00f6snu s\u00edna og h\u00e9lt af sta\u00f0 me\u00f0 hir\u00f0m\u00f6nnunum fr\u00e1 M\u00f3ab. <a name=\"22\"><span class=\"versanumer_2007\">22<\/span><\/a> En Gu\u00f0 reiddist af \u00fev\u00ed a\u00f0 hann f\u00f3r og engill Drottins gekk \u00ed veg fyrir hann til a\u00f0 hindra hann \u00feegar hann kom r\u00ed\u00f0andi \u00e1 \u00f6snu sinni me\u00f0 tveimur fylgdarm\u00f6nnum s\u00ednum. <a name=\"23\"><span class=\"versanumer_2007\">23<\/span><\/a> \u00deegar asnan s\u00e1 engil Drottins, sem st\u00f3\u00f0 \u00e1 veginum me\u00f0 brug\u00f0i\u00f0 sver\u00f0 \u00ed hendi, beyg\u00f0i h\u00fan af veginum og f\u00f3r \u00fat \u00e1 akurinn. En B\u00edleam bar\u00f0i \u00f6snuna til a\u00f0 koma henni aftur \u00e1 veginn. <a name=\"24\"><span class=\"versanumer_2007\">24<\/span><\/a> Engill Drottins sta\u00f0n\u00e6mdist \u00fe\u00e1 \u00e1 \u00fer\u00f6ngum st\u00edg milli v\u00edngar\u00f0anna me\u00f0 grj\u00f3tgar\u00f0a \u00e1 b\u00e1\u00f0ar hendur. <a name=\"25\"><span class=\"versanumer_2007\">25<\/span><\/a> \u00deegar asnan s\u00e1 engil Drottins \u00ferengdi h\u00fan s\u00e9r upp a\u00f0 gar\u00f0inum og var\u00f0 f\u00f3tur B\u00edleams \u00ed milli. \u00de\u00e1 bar\u00f0i hann hana aftur. <a name=\"26\"><span class=\"versanumer_2007\">26<\/span><\/a> \u00de\u00e1 gekk engill Drottins enn fram og sta\u00f0n\u00e6mdist \u00e1 \u00fer\u00f6ngum st\u00edgnum \u00fear sem hvorki var h\u00e6gt a\u00f0 v\u00edkja til h\u00e6gri n\u00e9 vinstri. <a name=\"27\"><span class=\"versanumer_2007\">27<\/span><\/a> \u00deegar asnan s\u00e1 engil Drottins lag\u00f0ist h\u00fan ni\u00f0ur undir B\u00edleam sem reiddist og sl\u00f3 \u00f6snuna me\u00f0 staf.<br \/> <a name=\"28\"><span class=\"versanumer_2007\">28<\/span><\/a> \u00de\u00e1 lauk Drottinn upp munni \u00f6snunnar og h\u00fan spur\u00f0i B\u00edleam: \u201eHva\u00f0 hef \u00e9g gert \u00fe\u00e9r a\u00f0 \u00fe\u00fa hefur n\u00fa slegi\u00f0 mig \u00ferisvar?\u201c <a name=\"29\"><span class=\"versanumer_2007\">29<\/span><\/a> B\u00edleam svara\u00f0i \u00f6snunni: \u201e\u00de\u00fa gerir gys a\u00f0 m\u00e9r. Hef\u00f0i \u00e9g sver\u00f0 \u00ed hendi mundi \u00e9g drepa \u00feig.\u201c <a name=\"30\"><span class=\"versanumer_2007\">30<\/span><\/a> En asnan svara\u00f0i B\u00edleam: \u201eEr \u00e9g ekki \u00fe\u00edn asna sem \u00fe\u00fa hefur ri\u00f0i\u00f0 alla \u00e6vi \u00fear til n\u00fa? Hef \u00e9g haft \u00fea\u00f0 fyrir vana a\u00f0 fara \u00feannig me\u00f0 \u00feig?\u201c \u201eNei,\u201c svara\u00f0i hann.<br \/> <a name=\"31\"><span class=\"versanumer_2007\">31<\/span><\/a> \u00de\u00e1 lauk Drottinn upp augum B\u00edleams svo a\u00f0 hann s\u00e1 engil Drottins standa \u00e1 veginum me\u00f0 brug\u00f0i\u00f0 sver\u00f0 \u00ed hendi. Hann laut honum og f\u00e9ll fram \u00e1 \u00e1sj\u00f3nu s\u00edna.<br \/> <a name=\"32\"><span class=\"versanumer_2007\">32<\/span><\/a> Engill Drottins spur\u00f0i hann: \u201eHvers vegna hefur\u00f0u slegi\u00f0 \u00f6snuna \u00fe\u00edna \u00ferisvar? \u00c9g gekk fram til a\u00f0 hindra \u00feig \u00fev\u00ed a\u00f0 lei\u00f0in, sem \u00fe\u00fa fer\u00f0, er h\u00e6ttuleg a\u00f0 m\u00ednum d\u00f3mi. <a name=\"33\"><span class=\"versanumer_2007\">33<\/span><\/a> Asnan s\u00e1 mig og v\u00e9k \u00ferisvar \u00far vegi fyrir m\u00e9r. Hef\u00f0i h\u00fan ekki viki\u00f0 \u00far vegi fyrir m\u00e9r hef\u00f0i \u00e9g \u00feegar \u00ed sta\u00f0 drepi\u00f0 \u00feig en gefi\u00f0 henni l\u00edf.\u201c<br \/> <a name=\"34\"><span class=\"versanumer_2007\">34<\/span><\/a> B\u00edleam svara\u00f0i engli Drottins: \u201e\u00c9g hef syndga\u00f0 \u00fev\u00ed a\u00f0 \u00e9g vissi ekki a\u00f0 \u00fe\u00fa st\u00f3\u00f0st \u00ed vegi fyrir m\u00e9r. En n\u00fa skal \u00e9g sn\u00faa aftur. \u00dea\u00f0 sem \u00e9g ger\u00f0i er rangt \u00ed augum \u00fe\u00ednum.\u201c <a name=\"35\"><span class=\"versanumer_2007\">35<\/span><\/a> \u00de\u00e1 sag\u00f0i sendibo\u00f0i Drottins vi\u00f0 B\u00edleam: \u201eFar\u00f0u me\u00f0 m\u00f6nnunum. En seg\u00f0u ekkert anna\u00f0 en \u00fea\u00f0 sem \u00e9g segi \u00fe\u00e9r.\u201c<br \/> <a name=\"36\"><span class=\"versanumer_2007\">36<\/span><\/a> \u00deegar Balak heyr\u00f0i a\u00f0 B\u00edleam v\u00e6ri kominn gekk hann \u00e1 m\u00f3ti honum til \u00feeirrar borgar \u00ed M\u00f3ab sem er vi\u00f0 landam\u00e6rin vi\u00f0 Arnon \u00ed ja\u00f0ri landsv\u00e6\u00f0isins. <a name=\"37\"><span class=\"versanumer_2007\">37<\/span><\/a> Balak sag\u00f0i vi\u00f0 B\u00edleam: \u201eHef \u00e9g ekki sent menn til \u00fe\u00edn hva\u00f0 eftir anna\u00f0 til a\u00f0 s\u00e6kja \u00feig? Hvers vegna komstu ekki til m\u00edn? Heldur\u00f0u a\u00f0 \u00e9g geti ekki launa\u00f0 \u00fe\u00e9r?\u201c <a name=\"38\"><span class=\"versanumer_2007\">38<\/span><\/a> En B\u00edleam sag\u00f0i vi\u00f0 Balak: \u201eN\u00fa er \u00e9g kominn til \u00fe\u00edn. En hva\u00f0 get \u00e9g sagt? \u00c9g get a\u00f0eins sagt \u00fea\u00f0 sem Gu\u00f0 leggur m\u00e9r \u00ed munn.\u201c<br \/> <a name=\"39\"><span class=\"versanumer_2007\">39<\/span><\/a> S\u00ed\u00f0an f\u00f3r B\u00edleam me\u00f0 Balak og \u00feeir f\u00f3ru til Kirjat K\u00fas\u00f3t. <a name=\"40\"><span class=\"versanumer_2007\">40<\/span><\/a> Balak f\u00e6r\u00f0i naut og sau\u00f0f\u00e9 \u00ed sl\u00e1turf\u00f3rnir og sendi nokku\u00f0 af kj\u00f6tinu til B\u00edleams og hir\u00f0mannanna sem me\u00f0 honum voru. <a name=\"41\"><span class=\"versanumer_2007\">41<\/span><\/a> Morguninn eftir s\u00f3tti Balak B\u00edleam og f\u00f3r me\u00f0 hann upp \u00e1 Baalsh\u00e6\u00f0. \u00dea\u00f0an gat hann a\u00f0eins s\u00e9\u00f0 \u00fe\u00e1 \u00cdsraelsmenn sem n\u00e6stir voru.<\/p>\n","protected":false},"excerpt":{"rendered":"<p>B\u00edleam og \u00cdsrael 1 \u00cdsraelsmenn h\u00e9ldu af sta\u00f0 og settu b\u00fa\u00f0ir s\u00ednar \u00e1 gresjunum \u00ed M\u00f3ab handan vi\u00f0 J\u00f3rdan gegnt Jer\u00edk\u00f3. 2 Balak Sipp\u00f3rsson haf\u00f0i s\u00e9\u00f0 allt sem \u00cdsrael haf\u00f0i gert Amor\u00edtum. 3 M\u00f3ab \u00f3tta\u00f0ist \u00fej\u00f3\u00f0ina mj\u00f6g \u00fev\u00ed a\u00f0 h\u00fan var fj\u00f6lmenn og fylltust M\u00f3ab\u00edtar skelfingu gagnvart \u00cdsraelsm\u00f6nnum. 4 \u00deeir s\u00f6g\u00f0u \u00fev\u00ed vi\u00f0 \u00f6ldunga Mid\u00edans: \u201eN\u00fa mun allur \u00feessi mannfj\u00f6ldi eta upp allt umhverfis okkur eins og naut r\u00f3tnaga gras \u00ed bithaga.\u201cBalak Sipp\u00f3rsson var \u00fe\u00e1 konungur \u00ed M\u00f3ab. 5 Hann sendi menn til B\u00edleams Be\u00f3rssonar \u00ed Pet\u00f3r, sem er vi\u00f0 flj\u00f3ti\u00f0, [ \u00ed landi samlanda hans, til a\u00f0 s\u00e6kja hann <a href=\"https:\/\/biblian.is\/biblian\/fjorda-mosebok-22-kafli\/\"> [&#8230;]<\/a><\/p>\n","protected":false},"author":1,"featured_media":0,"parent":0,"menu_order":0,"comment_status":"open","ping_status":"open","template":"bibliukaflar_NT.php","meta":{"footnotes":""},"class_list":["post-1756","page","type-page","status-publish","hentry"],"_links":{"self":[{"href":"https:\/\/biblian.is\/biblian\/wp-json\/wp\/v2\/pages\/1756","targetHints":{"allow":["GET"]}}],"collection":[{"href":"https:\/\/biblian.is\/biblian\/wp-json\/wp\/v2\/pages"}],"about":[{"href":"https:\/\/biblian.is\/biblian\/wp-json\/wp\/v2\/types\/page"}],"author":[{"embeddable":true,"href":"https:\/\/biblian.is\/biblian\/wp-json\/wp\/v2\/users\/1"}],"replies":[{"embeddable":true,"href":"https:\/\/biblian.is\/biblian\/wp-json\/wp\/v2\/comments?post=1756"}],"version-history":[{"count":0,"href":"https:\/\/biblian.is\/biblian\/wp-json\/wp\/v2\/pages\/1756\/revisions"}],"wp:attachment":[{"href":"https:\/\/biblian.is\/biblian\/wp-json\/wp\/v2\/media?parent=1756"}],"curies":[{"name":"wp","href":"https:\/\/api.w.org\/{rel}","templated":true}]}}