{"id":1755,"date":"2017-12-30T21:00:16","date_gmt":"2017-12-30T21:00:16","guid":{"rendered":"http:\/\/biblian.is\/biblian\/fj%c2%97r_a-m%c2%97seb%c2%97k-21-kafli\/"},"modified":"2024-05-06T22:31:19","modified_gmt":"2024-05-06T22:31:19","slug":"fjorda-mosebok-21-kafli","status":"publish","type":"page","link":"https:\/\/biblian.is\/biblian\/fjorda-mosebok-21-kafli\/","title":{"rendered":"Fj\u00f3r\u00f0a M\u00f3seb\u00f3k 21. kafli"},"content":{"rendered":"<h3 class=\"millifyrirsogn_2007\"> Horma sigru\u00f0<\/h3>\n<p><a name=\"1\"><span class=\"versanumer_2007\">1<\/span><\/a> \u00deegar kanverski konungurinn \u00ed Arad, sem bj\u00f3 \u00ed Negeb, fr\u00e9tti a\u00f0 \u00cdsrael v\u00e6ri \u00e1 lei\u00f0inni eftir Atarimveginum r\u00e9\u00f0st hann \u00e1 \u00cdsraelsmenn og t\u00f3k nokkra \u00feeirra til fanga. <a name=\"2\"><span class=\"versanumer_2007\">2<\/span><\/a> \u00de\u00e1 vann \u00cdsrael Drottni heit og sag\u00f0i: \u201eEf \u00fe\u00fa selur \u00feetta f\u00f3lk \u00ed hendur m\u00e9r mun \u00e9g helga borgir \u00feeirra banni.\u201c <a name=\"3\"><span class=\"versanumer_2007\">3<\/span><\/a> Drottinn b\u00e6nheyr\u00f0i \u00cdsrael og framseldi Kanverjana \u00ed hendur \u00feeim. \u00cdsrael helga\u00f0i \u00fe\u00e1 sj\u00e1lfa og borgir \u00feeirra banni og gaf sta\u00f0num nafni\u00f0 Horma.<\/p>\n<h3 class=\"millifyrirsogn_2007\">Eirormurinn<\/h3>\n<p><a name=\"4\"><span class=\"versanumer_2007\">4<\/span><\/a> \u00cdsraelsmenn h\u00e9ldu fr\u00e1 H\u00f3rfjalli \u00ed \u00e1tt til Sefhafsins til \u00feess a\u00f0 snei\u00f0a hj\u00e1 Ed\u00f3mslandi. En \u00feolinm\u00e6\u00f0i f\u00f3lksins \u00feraut \u00e1 lei\u00f0inni <a name=\"5\"><span class=\"versanumer_2007\">5<\/span><\/a> og \u00fea\u00f0 t\u00f3k a\u00f0 tala gegn Gu\u00f0i og M\u00f3se: \u201eHvers vegna leiddu\u00f0 \u00fei\u00f0 okkur upp fr\u00e1 Egyptalandi til a\u00f0 deyja \u00ed ey\u00f0im\u00f6rkinni? H\u00e9r er hvorki brau\u00f0 n\u00e9 vatn og okkur b\u00fd\u00f0ur vi\u00f0 \u00feessu l\u00e9ttmeti.\u201c<br \/> <a name=\"6\"><span class=\"versanumer_2007\">6<\/span><\/a> \u00de\u00e1 sendi Drottinn eitra\u00f0a h\u00f6ggorma gegn f\u00f3lkinu. \u00deeir bitu f\u00f3lki\u00f0 og margir \u00cdsraelsmenn d\u00f3u. <a name=\"7\"><span class=\"versanumer_2007\">7<\/span><\/a> F\u00f3lki\u00f0 kom \u00fe\u00e1 til M\u00f3se og sag\u00f0i: \u201eVi\u00f0 h\u00f6fum syndga\u00f0 vegna \u00feess a\u00f0 vi\u00f0 h\u00f6fum tala\u00f0 gegn Drottni og \u00fe\u00e9r. Bi\u00f0 \u00fe\u00fa til Drottins svo a\u00f0 hann sendi h\u00f6ggormana burt fr\u00e1 okkur. \u00de\u00e1 ba\u00f0 M\u00f3se fyrir f\u00f3lkinu <a name=\"8\"><span class=\"versanumer_2007\">8<\/span><\/a> og Drottinn sag\u00f0i vi\u00f0 M\u00f3se: \u201eGer\u00f0u h\u00f6ggorm og settu hann \u00e1 st\u00f6ng. S\u00e9rhver sem hefur veri\u00f0 bitinn skal horfa til hans og halda l\u00edfi.\u201c<br \/> <a name=\"9\"><span class=\"versanumer_2007\">9<\/span><\/a> M\u00f3se bj\u00f3 \u00fe\u00e1 til eirorm og setti \u00e1 st\u00f6ng. \u00deegar h\u00f6ggormur beit mann og ma\u00f0urinn horf\u00f0i til eirormsins h\u00e9lt hann l\u00edfi.<\/p>\n<h3 class=\"millifyrirsogn_2007\">Sigrar austan J\u00f3rdanarflj\u00f3ts<\/h3>\n<p><a name=\"10\"><span class=\"versanumer_2007\">10<\/span><\/a> \u00cdsraelsmenn h\u00e9ldu af sta\u00f0 og settu tjaldb\u00fa\u00f0ir s\u00ednar \u00ed \u00d3b\u00f3t. <a name=\"11\"><span class=\"versanumer_2007\">11<\/span><\/a> S\u00ed\u00f0an h\u00e9ldu \u00feeir af sta\u00f0 fr\u00e1 \u00d3b\u00f3t og settu b\u00fa\u00f0ir s\u00ednar \u00ed \u00cdjeHabaar\u00edm, \u00ed ey\u00f0im\u00f6rkinni austan vi\u00f0 M\u00f3ab. <a name=\"12\"><span class=\"versanumer_2007\">12<\/span><\/a> \u00dea\u00f0an h\u00e9ldu \u00feeir af sta\u00f0 og settu b\u00fa\u00f0ir s\u00ednar vi\u00f0 Seredl\u00e6k. <a name=\"13\"><span class=\"versanumer_2007\">13<\/span><\/a> \u00deeir h\u00e9ldu \u00fea\u00f0an og settu b\u00fa\u00f0ir s\u00ednar handan vi\u00f0 Arnonflj\u00f3t sem rennur um ey\u00f0im\u00f6rkina og \u00e1 uppt\u00f6k \u00ed landi Amor\u00edta. Arnon myndar landam\u00e6ri M\u00f3abs og Amor\u00edta. <a name=\"14\"><span class=\"versanumer_2007\">14<\/span><\/a> \u00deess vegna er sagt \u00ed b\u00f3kinni um herna\u00f0 Drottins:<br \/> <span class=\"ljodatexti\"> Vaheb \u00ed S\u00fafa og l\u00e6kjardr\u00f6gin,<br \/>Arnon og <a name=\"15\"><span class=\"versanumer_2007\">15<\/span><\/a> dalsmynnin<br \/>sem hallast a\u00f0 hinu bygg\u00f0a landi vi\u00f0 Ar<br \/>og liggja a\u00f0 landi M\u00f3ab\u00edta. <\/span> <br \/> <a name=\"16\"><span class=\"versanumer_2007\">16<\/span><\/a> \u00dea\u00f0an h\u00e9ldu \u00feeir til Beer. \u00dea\u00f0 er brunnurinn \u00fear sem Drottinn sag\u00f0i vi\u00f0 M\u00f3se: \u201eStefndu f\u00f3lkinu saman, \u00fe\u00e1 mun \u00e9g gefa \u00fev\u00ed vatn.\u201c <a name=\"17\"><span class=\"versanumer_2007\">17<\/span><\/a> \u00de\u00e1 s\u00f6ng \u00cdsrael \u00feetta kv\u00e6\u00f0i:<br \/> <span class=\"ljodatexti\"> Gef\u00f0u vatn, brunnur.<br \/>Syngi\u00f0 um hann,<br \/> <\/span> <span class=\"ljodatexti\"> <a name=\"18\"><span class=\"versanumer_ljod\">18<\/span><\/a>brunninn sem h\u00f6f\u00f0ingjar gr\u00f3fu,<br \/>sem lei\u00f0togar f\u00f3lksins d\u00fdpku\u00f0u<br \/>me\u00f0 veldissprota, me\u00f0 st\u00f6fum s\u00ednum. <\/span> <br \/>\u00deeir h\u00e9ldu \u00e1fram fr\u00e1 ey\u00f0im\u00f6rkinni til Mattana, <a name=\"19\"><span class=\"versanumer_2007\">19<\/span><\/a> fr\u00e1 Mattana til Nahal\u00edel fr\u00e1 Nahal\u00edel til Bam\u00f3t, <a name=\"20\"><span class=\"versanumer_2007\">20<\/span><\/a> fr\u00e1 Bam\u00f3t til dalsins sem er \u00e1 M\u00f3abssl\u00e9ttu undir Pisgatindi sem gn\u00e6fir yfir ey\u00f0im\u00f6rkina.<\/p>\n<h3 class=\"millifyrirsogn_2007\">Land Amor\u00edta sigra\u00f0<\/h3>\n<p><a name=\"21\"><span class=\"versanumer_2007\">21<\/span><\/a> \u00cdsrael sendi bo\u00f0bera til S\u00edhons, konungs Amor\u00edta, og l\u00e9t \u00fe\u00e1 segja: <a name=\"22\"><span class=\"versanumer_2007\">22<\/span><\/a> \u201eLeyf\u00f0u m\u00e9r a\u00f0 fara um land \u00feitt. Vi\u00f0 munum hvorki fara inn \u00e1 akra n\u00e9 \u00ed v\u00edngar\u00f0a, n\u00e9 drekka vatn \u00far brunnum ykkar, heldur munum vi\u00f0 fylgja Konungsveginum \u00fear til vi\u00f0 erum komnir \u00ed gegnum land \u00feitt.\u201c<br \/> <a name=\"23\"><span class=\"versanumer_2007\">23<\/span><\/a> S\u00edhon veitti \u00cdsrael ekki leyfi til a\u00f0 fara um land sitt heldur stefndi \u00f6llum her s\u00ednum saman og h\u00e9lt gegn \u00cdsrael \u00ed ey\u00f0im\u00f6rkinni. \u00deegar hann kom til Jahsa r\u00e9\u00f0st hann \u00e1 \u00cdsrael. <a name=\"24\"><span class=\"versanumer_2007\">24<\/span><\/a> En \u00cdsrael sigra\u00f0i hann me\u00f0 sver\u00f0seggjum og t\u00f3k land hans til eignar, fr\u00e1 Arnon a\u00f0 Jabbok, allt til Amm\u00f3n\u00edta en Jaser var \u00e1 landam\u00e6rum Amm\u00f3n\u00edta. <span class=\"nedan_mal\" title=\" H\u00e9r er fylgt gr\u00edsku sj\u00f6t\u00edumanna\u00fe\u00fd\u00f0ingunni. \u00d6nnur hugsanleg \u00fe\u00fd\u00f0ing: \u2026 en landam\u00e6ri \u00feeirra voru vel varin.\">[<\/span> <br \/> <a name=\"25\"><span class=\"versanumer_2007\">25<\/span><\/a> \u00cdsrael vann allar \u00feessar borgir. \u00cdsraelsmenn settust a\u00f0 \u00ed \u00f6llum borgum Amor\u00edta, \u00ed Hesbon og \u00f6llum \u00feorpunum sem henni heyr\u00f0u til. <a name=\"26\"><span class=\"versanumer_2007\">26<\/span><\/a> Hesbon var h\u00f6fu\u00f0borg S\u00edhons, konungs Amor\u00edta. Hann haf\u00f0i barist gegn fyrsta konungi M\u00f3abs og n\u00e1\u00f0 \u00f6llu landi hans allt til Arnon. <a name=\"27\"><span class=\"versanumer_2007\">27<\/span><\/a> \u00deess vegna segja sk\u00e1ldin:<br \/> <span class=\"ljodatexti\"> Komi\u00f0 til Hesbon, h\u00fan ver\u00f0ur endurreist,<br \/> grunnur lag\u00f0ur a\u00f0 h\u00f6fu\u00f0borg S\u00edhons:<br \/> <\/span> <span class=\"ljodatexti\"> <a name=\"28\"><span class=\"versanumer_ljod\">28<\/span><\/a> \u00dev\u00ed a\u00f0 eldur gekk \u00fat fr\u00e1 Hesbon,<br \/>logi fr\u00e1 virki S\u00edhons,<br \/>hann eyddi Ar \u00ed M\u00f3ab<br \/>og gleypti h\u00e6\u00f0irnar vi\u00f0 Arnon.<br \/> <\/span> <span class=\"ljodatexti\"> <a name=\"29\"><span class=\"versanumer_ljod\">29<\/span><\/a> Vei \u00fe\u00e9r, M\u00f3ab,<br \/>\u00fea\u00f0 er \u00fati um \u00feig, \u00fej\u00f3\u00f0 Kamoss. <span class=\"nedan_mal\" title=\" Kamos h\u00e9t gu\u00f0 M\u00f3ab\u00edta.\">[<\/span> <br \/>Hann ger\u00f0i syni s\u00edna a\u00f0 fl\u00f3ttam\u00f6nnum,<br \/>d\u00e6tur s\u00ednar a\u00f0 f\u00f6ngum S\u00edhons.<br \/> <\/span> <span class=\"ljodatexti\"> <a name=\"30\"><span class=\"versanumer_ljod\">30<\/span><\/a> En v\u00e9r sigru\u00f0um,<br \/>Hesbon var eydd eins og D\u00edbon<br \/>og v\u00e9r eyddum \u00feeim allt til N\u00f3fa vi\u00f0 Medeba. <\/span> <br \/> <a name=\"31\"><span class=\"versanumer_2007\">31<\/span><\/a> \u00cdsrael settist a\u00f0 \u00ed landi Amor\u00edta. <a name=\"32\"><span class=\"versanumer_2007\">32<\/span><\/a> M\u00f3se sendi menn til a\u00f0 nj\u00f3sna um Jaser og \u00cdsraelsmenn unnu \u00feorpin umhverfis hana og hr\u00f6ktu \u00e1 brott Amor\u00edta sem \u00fear voru. <a name=\"33\"><span class=\"versanumer_2007\">33<\/span><\/a> S\u00ed\u00f0an breyttu \u00feeir um stefnu og h\u00e9ldu upp eftir \u00ed \u00e1tt til Basan. Og Basanskonungur f\u00f3r gegn \u00feeim \u00e1samt \u00f6llum her s\u00ednum til a\u00f0 berjast vi\u00f0 \u00fe\u00e1 \u00ed Edre\u00ed. <a name=\"34\"><span class=\"versanumer_2007\">34<\/span><\/a> \u00de\u00e1 sag\u00f0i Drottinn vi\u00f0 M\u00f3se: \u201e\u00d3ttastu hann ekki \u00fev\u00ed a\u00f0 \u00e9g hef selt hann \u00fe\u00e9r \u00ed hendur \u00e1samt \u00f6llum her hans og landi. Far\u00f0u me\u00f0 hann eins og \u00fe\u00fa f\u00f3rst me\u00f0 S\u00edhon Amor\u00edtakonung sem sat \u00ed Hesbon.\u201c<br \/> <a name=\"35\"><span class=\"versanumer_2007\">35<\/span><\/a> S\u00ed\u00f0an sigru\u00f0u \u00cdsraelsmenn hann, syni hans og allan her hans og enginn \u00feeirra komst undan \u00e1 fl\u00f3tta. En \u00cdsraelsmenn t\u00f3ku land hans til eignar.<\/p>\n","protected":false},"excerpt":{"rendered":"<p>Horma sigru\u00f0 1 \u00deegar kanverski konungurinn \u00ed Arad, sem bj\u00f3 \u00ed Negeb, fr\u00e9tti a\u00f0 \u00cdsrael v\u00e6ri \u00e1 lei\u00f0inni eftir Atarimveginum r\u00e9\u00f0st hann \u00e1 \u00cdsraelsmenn og t\u00f3k nokkra \u00feeirra til fanga. 2 \u00de\u00e1 vann \u00cdsrael Drottni heit og sag\u00f0i: \u201eEf \u00fe\u00fa selur \u00feetta f\u00f3lk \u00ed hendur m\u00e9r mun \u00e9g helga borgir \u00feeirra banni.\u201c 3 Drottinn b\u00e6nheyr\u00f0i \u00cdsrael og framseldi Kanverjana \u00ed hendur \u00feeim. \u00cdsrael helga\u00f0i \u00fe\u00e1 sj\u00e1lfa og borgir \u00feeirra banni og gaf sta\u00f0num nafni\u00f0 Horma. Eirormurinn 4 \u00cdsraelsmenn h\u00e9ldu fr\u00e1 H\u00f3rfjalli \u00ed \u00e1tt til Sefhafsins til \u00feess a\u00f0 snei\u00f0a hj\u00e1 Ed\u00f3mslandi. En \u00feolinm\u00e6\u00f0i f\u00f3lksins \u00feraut \u00e1 lei\u00f0inni 5 og \u00fea\u00f0 <a href=\"https:\/\/biblian.is\/biblian\/fjorda-mosebok-21-kafli\/\"> [&#8230;]<\/a><\/p>\n","protected":false},"author":1,"featured_media":0,"parent":0,"menu_order":0,"comment_status":"open","ping_status":"open","template":"bibliukaflar_NT.php","meta":{"footnotes":""},"class_list":["post-1755","page","type-page","status-publish","hentry"],"_links":{"self":[{"href":"https:\/\/biblian.is\/biblian\/wp-json\/wp\/v2\/pages\/1755","targetHints":{"allow":["GET"]}}],"collection":[{"href":"https:\/\/biblian.is\/biblian\/wp-json\/wp\/v2\/pages"}],"about":[{"href":"https:\/\/biblian.is\/biblian\/wp-json\/wp\/v2\/types\/page"}],"author":[{"embeddable":true,"href":"https:\/\/biblian.is\/biblian\/wp-json\/wp\/v2\/users\/1"}],"replies":[{"embeddable":true,"href":"https:\/\/biblian.is\/biblian\/wp-json\/wp\/v2\/comments?post=1755"}],"version-history":[{"count":0,"href":"https:\/\/biblian.is\/biblian\/wp-json\/wp\/v2\/pages\/1755\/revisions"}],"wp:attachment":[{"href":"https:\/\/biblian.is\/biblian\/wp-json\/wp\/v2\/media?parent=1755"}],"curies":[{"name":"wp","href":"https:\/\/api.w.org\/{rel}","templated":true}]}}