{"id":1754,"date":"2017-12-30T21:00:16","date_gmt":"2017-12-30T21:00:16","guid":{"rendered":"http:\/\/biblian.is\/biblian\/fj%c2%97r_a-m%c2%97seb%c2%97k-20-kafli\/"},"modified":"2024-05-06T22:31:18","modified_gmt":"2024-05-06T22:31:18","slug":"fjorda-mosebok-20-kafli","status":"publish","type":"page","link":"https:\/\/biblian.is\/biblian\/fjorda-mosebok-20-kafli\/","title":{"rendered":"Fj\u00f3r\u00f0a M\u00f3seb\u00f3k 20. kafli"},"content":{"rendered":"<h3 class=\"millifyrirsogn_2007\"> Dau\u00f0i Mirjamar og vatn \u00far kletti<\/h3>\n<p><a name=\"1\"><span class=\"versanumer_2007\">1<\/span><\/a> \u00cd fyrsta m\u00e1nu\u00f0inum komu \u00cdsraelsmenn, allur s\u00f6fnu\u00f0urinn, til ey\u00f0imerkurinnar S\u00edn og f\u00f3lki\u00f0 settist a\u00f0 \u00ed Kades. \u00dear d\u00f3 Mirjam og \u00fear var h\u00fan grafin.<br \/> <a name=\"2\"><span class=\"versanumer_2007\">2<\/span><\/a> Af \u00fev\u00ed a\u00f0 s\u00f6fnu\u00f0urinn haf\u00f0i ekkert vatn snerist hann gegn M\u00f3se og Aroni. <a name=\"3\"><span class=\"versanumer_2007\">3<\/span><\/a> F\u00f3lki\u00f0 \u00e1saka\u00f0i M\u00f3se og sag\u00f0i: \u201e\u00d3skandi v\u00e6ri a\u00f0 vi\u00f0 hef\u00f0um d\u00e1i\u00f0 eins og br\u00e6\u00f0ur okkar sem d\u00f3u frammi fyrir augliti Drottins. <a name=\"4\"><span class=\"versanumer_2007\">4<\/span><\/a> Hvers vegna hafi\u00f0 \u00fei\u00f0 leitt s\u00f6fnu\u00f0 Drottins \u00fat \u00ed \u00feessa ey\u00f0im\u00f6rk svo a\u00f0 vi\u00f0 deyjum h\u00e9r \u00e1samt f\u00e9na\u00f0i okkar? <a name=\"5\"><span class=\"versanumer_2007\">5<\/span><\/a> Hvers vegna hafi\u00f0 \u00fei\u00f0 leitt okkur upp fr\u00e1 Egyptalandi og fari\u00f0 me\u00f0 okkur \u00e1 \u00feennan \u00f6murlega sta\u00f0 \u00fear sem hvorki korn n\u00e9 f\u00edkjur vaxa, v\u00ednber n\u00e9 granatepli og \u00fear sem ekkert vatn er til drykkjar?\u201c<br \/> <a name=\"6\"><span class=\"versanumer_2007\">6<\/span><\/a> M\u00f3se og Aron gengu fr\u00e1 s\u00f6fnu\u00f0inum a\u00f0 dyrum samfundatjaldsins og f\u00e9llu fram \u00e1 \u00e1sj\u00f3nur s\u00ednar. \u00de\u00e1 birtist \u00feeim d\u00fdr\u00f0 Drottins.<br \/> <a name=\"7\"><span class=\"versanumer_2007\">7<\/span><\/a> Drottinn \u00e1varpa\u00f0i M\u00f3se og sag\u00f0i:<br \/> <a name=\"8\"><span class=\"versanumer_2007\">8<\/span><\/a> \u201eTaktu stafinn og stefndu s\u00f6fnu\u00f0inum saman, \u00fe\u00fa og Aron, br\u00f3\u00f0ir \u00feinn. \u00dei\u00f0 skulu\u00f0 \u00e1varpa klettinn fyrir augum \u00feeirra, \u00fe\u00e1 mun hann l\u00e1ta vatn sitt streyma fram. \u00de\u00e1 f\u00e6r\u00f0u vatn \u00far klettinum og getur gefi\u00f0 s\u00f6fnu\u00f0inum og f\u00e9na\u00f0i hans a\u00f0 drekka.\u201c<br \/> <a name=\"9\"><span class=\"versanumer_2007\">9<\/span><\/a> M\u00f3se s\u00f3tti \u00fe\u00e1 stafinn sem var frammi fyrir augliti Drottins eins og honum haf\u00f0i veri\u00f0 bo\u00f0i\u00f0. <a name=\"10\"><span class=\"versanumer_2007\">10<\/span><\/a> S\u00ed\u00f0an stefndu \u00feeir M\u00f3se og Aron s\u00f6fnu\u00f0inum saman fyrir framan klettinn og M\u00f3se sag\u00f0i vi\u00f0 \u00fe\u00e1: \u201eHl\u00fd\u00f0i\u00f0 n\u00fa \u00e1, \u00fever\u00fa\u00f0ugu menn. Getum vi\u00f0 l\u00e1ti\u00f0 vatn renna \u00far \u00feessum kletti handa ykkur?\u201c <a name=\"11\"><span class=\"versanumer_2007\">11<\/span><\/a> \u00dev\u00ed n\u00e6st lyfti M\u00f3se hendi sinni og sl\u00f3 tvisvar \u00e1 klettinn me\u00f0 staf s\u00ednum. \u00de\u00e1 streymdi \u00fat miki\u00f0 vatn svo a\u00f0 b\u00e6\u00f0i s\u00f6fnu\u00f0urinn f\u00e9kk a\u00f0 drekka og f\u00e9 hans.<br \/> <a name=\"12\"><span class=\"versanumer_2007\">12<\/span><\/a> En Drottinn sag\u00f0i vi\u00f0 M\u00f3se og Aron:<br \/>\u201eAf \u00fev\u00ed a\u00f0 \u00fei\u00f0 treystu\u00f0 m\u00e9r ekki og vitnu\u00f0u\u00f0 ekki um heilagleika minn \u00ed augs\u00fdn \u00cdsraelsmanna skulu\u00f0 \u00fei\u00f0 ekki lei\u00f0a \u00feennan s\u00f6fnu\u00f0 inn \u00ed landi\u00f0 sem \u00e9g gef honum.\u201c<br \/> <a name=\"13\"><span class=\"versanumer_2007\">13<\/span><\/a> \u00deetta var Mer\u00edbavatn \u00fear sem \u00cdsraelsmenn \u00e1s\u00f6ku\u00f0u Drottin og hann birti \u00feeim heilagleika sinn.<\/p>\n<h3 class=\"millifyrirsogn_2007\">\u00cdsraelsmenn og Ed\u00f3m\u00edtar<\/h3>\n<p><a name=\"14\"><span class=\"versanumer_2007\">14<\/span><\/a> M\u00f3se sendi n\u00fa bo\u00f0bera fr\u00e1 Kades til konungsins \u00ed Ed\u00f3m og l\u00e9t segja: \u201eSvo segir br\u00f3\u00f0ir \u00feinn, \u00cdsrael: \u00de\u00fa veist sj\u00e1lfur um allar \u00fe\u00e6r \u00ferautir sem vi\u00f0 h\u00f6fum m\u00e1tt \u00feola. <a name=\"15\"><span class=\"versanumer_2007\">15<\/span><\/a> Fe\u00f0ur okkar f\u00f3ru ni\u00f0ur til Egyptalands og vi\u00f0 bjuggum langa hr\u00ed\u00f0 \u00ed Egyptalandi. En Egyptar l\u00e9ku okkur og fe\u00f0ur okkar gr\u00e1tt. <a name=\"16\"><span class=\"versanumer_2007\">16<\/span><\/a> \u00de\u00e1 hr\u00f3pu\u00f0um vi\u00f0 til Drottins. Hann heyr\u00f0i hr\u00f3p okkar, sendi engil og leiddi okkur \u00fat \u00far Egyptalandi. N\u00fa erum vi\u00f0 \u00ed Kades, borg vi\u00f0 landam\u00e6ri \u00fe\u00edn. <a name=\"17\"><span class=\"versanumer_2007\">17<\/span><\/a> Leyf\u00f0u okkur n\u00fa a\u00f0 fara um land \u00feitt. Vi\u00f0 munum hvorki fara um akra n\u00e9 v\u00edngar\u00f0a og vi\u00f0 munum ekki drekka vatn \u00far brunnum heldur fara Konungslei\u00f0ina og hvorki v\u00edkja til h\u00e6gri n\u00e9 vinstri fyrr en vi\u00f0 erum komin gegnum land \u00feitt.\u201c<br \/> <a name=\"18\"><span class=\"versanumer_2007\">18<\/span><\/a> En Ed\u00f3m svara\u00f0i honum: \u201e\u00de\u00fa m\u00e1tt ekki fara um land mitt, annars held \u00e9g gegn \u00fe\u00e9r me\u00f0 sver\u00f0 \u00e1 lofti.\u201c<br \/> <a name=\"19\"><span class=\"versanumer_2007\">19<\/span><\/a> \u00de\u00e1 s\u00f6g\u00f0u \u00cdsraelsmenn: \u201eVi\u00f0 \u00e6tlum a\u00f0 fylgja \u00fej\u00f3\u00f0veginum. Og ef vi\u00f0 drekkum vatn \u00feitt, \u00e9g og f\u00e9na\u00f0ur minn, mun \u00e9g grei\u00f0a \u00fea\u00f0 sem upp er sett. \u00c9g bi\u00f0 ekki um anna\u00f0 en a\u00f0 fara f\u00f3tgangandi gegnum land \u00feitt.\u201c<br \/> <a name=\"20\"><span class=\"versanumer_2007\">20<\/span><\/a> Ed\u00f3m svara\u00f0i: \u201e\u00de\u00fa m\u00e1tt ekki fara um landi\u00f0.\u201c Ed\u00f3m h\u00e9lt \u00fev\u00ed n\u00e6st gegn \u00cdsrael me\u00f0 miklum her og \u00f6flugum.<br \/> <a name=\"21\"><span class=\"versanumer_2007\">21<\/span><\/a> \u00deegar Ed\u00f3m neita\u00f0i \u00cdsrael um a\u00f0 fara inn \u00ed landi\u00f0 v\u00e9k \u00cdsrael af lei\u00f0 fr\u00e1 honum.<\/p>\n<h3 class=\"millifyrirsogn_2007\">Dau\u00f0i Arons<\/h3>\n<p><a name=\"22\"><span class=\"versanumer_2007\">22<\/span><\/a> \u00cdsraelsmenn l\u00f6g\u00f0u af sta\u00f0 fr\u00e1 Kades og allur s\u00f6fnu\u00f0urinn kom a\u00f0 fjallinu H\u00f3r. <a name=\"23\"><span class=\"versanumer_2007\">23<\/span><\/a> \u00de\u00e1 tala\u00f0i Drottinn til M\u00f3se og Arons \u00e1 H\u00f3rfjalli vi\u00f0 landam\u00e6ri Ed\u00f3ms og sag\u00f0i: <a name=\"24\"><span class=\"versanumer_2007\">24<\/span><\/a> \u201eAron skal n\u00fa safnast til forfe\u00f0ra sinna \u00fev\u00ed a\u00f0 hann skal ekki koma inn \u00ed landi\u00f0 sem \u00e9g hef gefi\u00f0 \u00cdsraelsm\u00f6nnum \u00fev\u00ed a\u00f0 \u00fei\u00f0 risu\u00f0 gegn skipun minni vi\u00f0 Mer\u00edbavatn. <a name=\"25\"><span class=\"versanumer_2007\">25<\/span><\/a> S\u00e6ktu Aron og son hans, Eleasar, og far\u00f0u me\u00f0 \u00fe\u00e1 upp \u00e1 H\u00f3rfjall. <a name=\"26\"><span class=\"versanumer_2007\">26<\/span><\/a> F\u00e6r\u00f0u Aron \u00fear \u00far kl\u00e6\u00f0um s\u00ednum og kl\u00e6ddu Eleasar, son hans, \u00ed \u00feau. Aron skal safnast til forfe\u00f0ra sinna og deyja \u00fear.\u201c<br \/> <a name=\"27\"><span class=\"versanumer_2007\">27<\/span><\/a> M\u00f3se ger\u00f0i \u00fea\u00f0 sem Drottinn haf\u00f0i bo\u00f0i\u00f0 honum. \u00deeir f\u00f3ru upp \u00e1 H\u00f3rfjall \u00ed augs\u00fdn alls safna\u00f0arins. <a name=\"28\"><span class=\"versanumer_2007\">28<\/span><\/a> S\u00ed\u00f0an f\u00e6r\u00f0i M\u00f3se Aron \u00far kl\u00e6\u00f0um s\u00ednum og kl\u00e6ddi Eleasar, son hans, \u00ed \u00feau. Aron d\u00f3 \u00fearna \u00e1 fjallstindinum en M\u00f3se og Eleasar gengu ni\u00f0ur af fjallinu. <a name=\"29\"><span class=\"versanumer_2007\">29<\/span><\/a> \u00deegar \u00f6llum s\u00f6fnu\u00f0inum var\u00f0 lj\u00f3st a\u00f0 Aron var d\u00e1inn gr\u00e9t allur \u00cdsraelsl\u00fd\u00f0ur hann \u00ed \u00ferj\u00e1t\u00edu daga.<\/p>\n","protected":false},"excerpt":{"rendered":"<p>Dau\u00f0i Mirjamar og vatn \u00far kletti 1 \u00cd fyrsta m\u00e1nu\u00f0inum komu \u00cdsraelsmenn, allur s\u00f6fnu\u00f0urinn, til ey\u00f0imerkurinnar S\u00edn og f\u00f3lki\u00f0 settist a\u00f0 \u00ed Kades. \u00dear d\u00f3 Mirjam og \u00fear var h\u00fan grafin. 2 Af \u00fev\u00ed a\u00f0 s\u00f6fnu\u00f0urinn haf\u00f0i ekkert vatn snerist hann gegn M\u00f3se og Aroni. 3 F\u00f3lki\u00f0 \u00e1saka\u00f0i M\u00f3se og sag\u00f0i: \u201e\u00d3skandi v\u00e6ri a\u00f0 vi\u00f0 hef\u00f0um d\u00e1i\u00f0 eins og br\u00e6\u00f0ur okkar sem d\u00f3u frammi fyrir augliti Drottins. 4 Hvers vegna hafi\u00f0 \u00fei\u00f0 leitt s\u00f6fnu\u00f0 Drottins \u00fat \u00ed \u00feessa ey\u00f0im\u00f6rk svo a\u00f0 vi\u00f0 deyjum h\u00e9r \u00e1samt f\u00e9na\u00f0i okkar? 5 Hvers vegna hafi\u00f0 \u00fei\u00f0 leitt okkur upp fr\u00e1 Egyptalandi og fari\u00f0 me\u00f0 <a href=\"https:\/\/biblian.is\/biblian\/fjorda-mosebok-20-kafli\/\"> [&#8230;]<\/a><\/p>\n","protected":false},"author":1,"featured_media":0,"parent":0,"menu_order":0,"comment_status":"open","ping_status":"open","template":"bibliukaflar_NT.php","meta":{"footnotes":""},"class_list":["post-1754","page","type-page","status-publish","hentry"],"_links":{"self":[{"href":"https:\/\/biblian.is\/biblian\/wp-json\/wp\/v2\/pages\/1754","targetHints":{"allow":["GET"]}}],"collection":[{"href":"https:\/\/biblian.is\/biblian\/wp-json\/wp\/v2\/pages"}],"about":[{"href":"https:\/\/biblian.is\/biblian\/wp-json\/wp\/v2\/types\/page"}],"author":[{"embeddable":true,"href":"https:\/\/biblian.is\/biblian\/wp-json\/wp\/v2\/users\/1"}],"replies":[{"embeddable":true,"href":"https:\/\/biblian.is\/biblian\/wp-json\/wp\/v2\/comments?post=1754"}],"version-history":[{"count":0,"href":"https:\/\/biblian.is\/biblian\/wp-json\/wp\/v2\/pages\/1754\/revisions"}],"wp:attachment":[{"href":"https:\/\/biblian.is\/biblian\/wp-json\/wp\/v2\/media?parent=1754"}],"curies":[{"name":"wp","href":"https:\/\/api.w.org\/{rel}","templated":true}]}}