{"id":1753,"date":"2017-12-30T21:00:16","date_gmt":"2017-12-30T21:00:16","guid":{"rendered":"http:\/\/biblian.is\/biblian\/fj%c2%97r_a-m%c2%97seb%c2%97k-19-kafli\/"},"modified":"2024-05-06T22:31:18","modified_gmt":"2024-05-06T22:31:18","slug":"fjorda-mosebok-19-kafli","status":"publish","type":"page","link":"https:\/\/biblian.is\/biblian\/fjorda-mosebok-19-kafli\/","title":{"rendered":"Fj\u00f3r\u00f0a M\u00f3seb\u00f3k 19. kafli"},"content":{"rendered":"<h3 class=\"millifyrirsogn_2007\"> Hreinsunarvatn<\/h3>\n<p><a name=\"1\"><span class=\"versanumer_2007\">1<\/span><\/a> Drottinn tala\u00f0i til M\u00f3se og Arons og sag\u00f0i: <a name=\"2\"><span class=\"versanumer_2007\">2<\/span><\/a> \u201e\u00deetta er laga\u00e1kv\u00e6\u00f0i sem Drottinn hefur sett: Seg\u00f0u \u00cdsraelsm\u00f6nnum a\u00f0 f\u00e6ra \u00fe\u00e9r gallalausa, rau\u00f0a k\u00fa \u00e1n l\u00fdta sem enn hefur ekki bori\u00f0 ok. <a name=\"3\"><span class=\"versanumer_2007\">3<\/span><\/a> \u00dei\u00f0 skulu\u00f0 f\u00e1 hana Eleasar presti. Fari\u00f0 skal me\u00f0 hana \u00fat fyrir herb\u00fa\u00f0irnar og henni sl\u00e1tra\u00f0 frammi fyrir honum. <a name=\"4\"><span class=\"versanumer_2007\">4<\/span><\/a> \u00de\u00e1 skal Eleasar taka nokku\u00f0 af bl\u00f3\u00f0i hennar me\u00f0 fingri s\u00ednum og st\u00f6kkva \u00fev\u00ed sj\u00f6 sinnum a\u00f0 framhli\u00f0 samfundatjaldsins. <a name=\"5\"><span class=\"versanumer_2007\">5<\/span><\/a> S\u00ed\u00f0an skal brenna k\u00fana \u00ed augs\u00fdn hans. H\u00fa\u00f0in, kj\u00f6ti\u00f0, bl\u00f3\u00f0i\u00f0 og gori\u00f0 skal brennt. <a name=\"6\"><span class=\"versanumer_2007\">6<\/span><\/a> \u00de\u00e1 skal presturinn taka sedrusvi\u00f0, \u00eds\u00f3p og skarlatsrautt band og kasta \u00fev\u00ed \u00e1 b\u00e1li\u00f0 sem k\u00fdrin er brennd \u00e1. <a name=\"7\"><span class=\"versanumer_2007\">7<\/span><\/a> \u00dev\u00ed n\u00e6st skal presturinn \u00fevo kl\u00e6\u00f0i s\u00edn og lauga l\u00edkama sinn \u00ed vatni og m\u00e1 \u00fe\u00e1 ganga inn \u00ed herb\u00fa\u00f0irnar en hann er \u00fe\u00f3 \u00f3hreinn til kv\u00f6lds. <a name=\"8\"><span class=\"versanumer_2007\">8<\/span><\/a> S\u00e1 sem brenndi k\u00fana skal einnig \u00fevo kl\u00e6\u00f0i s\u00edn og lauga l\u00edkama sinn \u00ed vatni og er hann einnig \u00f3hreinn til kv\u00f6lds.<br \/> <a name=\"9\"><span class=\"versanumer_2007\">9<\/span><\/a> Hreinn ma\u00f0ur skal s\u00ed\u00f0an safna \u00f6skunni saman og koma henni fyrir \u00e1 hreinum sta\u00f0 utan vi\u00f0 herb\u00fa\u00f0irnar. S\u00f6fnu\u00f0ur \u00cdsraels skal var\u00f0veita hana svo a\u00f0 h\u00e6gt ver\u00f0i a\u00f0 hafa hana \u00ed syndahreinsunarvatni. <a name=\"10\"><span class=\"versanumer_2007\">10<\/span><\/a> En s\u00e1 sem safna\u00f0i saman \u00f6sku k\u00fdrinnar skal \u00fevo kl\u00e6\u00f0i s\u00edn og er \u00f3hreinn til kv\u00f6lds. \u00deetta skal vera \u00e6varandi regla fyrir \u00cdsraelsmenn og a\u00f0komumanninn sem hl\u00fdtur h\u00e6li \u00e1 me\u00f0al \u00feeirra.<br \/> <a name=\"11\"><span class=\"versanumer_2007\">11<\/span><\/a> S\u00e9rhver, sem snertir l\u00edk manns, ver\u00f0ur \u00f3hreinn \u00ed sj\u00f6 daga. <a name=\"12\"><span class=\"versanumer_2007\">12<\/span><\/a> Hann skal hreinsa sig af synd \u00e1 \u00feri\u00f0ja og sj\u00f6unda degi og ver\u00f0ur \u00fe\u00e1 hreinn. En ef hann hreinsar sig ekki af synd ver\u00f0ur hann ekki hreinn. <a name=\"13\"><span class=\"versanumer_2007\">13<\/span><\/a> S\u00e9rhver, sem snertir l\u00edk, l\u00edkama l\u00e1tins manns, \u00e1n \u00feess a\u00f0 hreinsa sig af synd, saurgar me\u00f0 \u00fev\u00ed b\u00fasta\u00f0 Drottins. S\u00e1 ma\u00f0ur skal uppr\u00e6ttur \u00far \u00cdsrael af \u00fev\u00ed a\u00f0 hreinsunarvatni hefur ekki veri\u00f0 st\u00f6kkt \u00e1 hann. Hann er \u00f3hreinn, saurgun hans lo\u00f0ir vi\u00f0 hann \u00e1fram.<br \/> <a name=\"14\"><span class=\"versanumer_2007\">14<\/span><\/a> \u00deetta eru laga\u00e1kv\u00e6\u00f0i: \u00deegar ma\u00f0ur deyr \u00ed tjaldi ver\u00f0ur hver sem kemur inn \u00ed tjaldi\u00f0 og hver sem \u00ed tjaldinu er \u00f3hreinn \u00ed sj\u00f6 daga. <a name=\"15\"><span class=\"versanumer_2007\">15<\/span><\/a> S\u00e9rhvert opi\u00f0 \u00edl\u00e1t, sem lok er ekki bundi\u00f0 \u00e1, er \u00f3hreint. <a name=\"16\"><span class=\"versanumer_2007\">16<\/span><\/a> Hver, sem snertir einhvern sem hefur veri\u00f0 veginn me\u00f0 sver\u00f0i \u00fati \u00e1 v\u00ed\u00f0avangi e\u00f0a einhvern l\u00e1tinn mann, mannabein e\u00f0a gr\u00f6f, ver\u00f0ur \u00f3hreinn \u00ed sj\u00f6 daga.<br \/> <a name=\"17\"><span class=\"versanumer_2007\">17<\/span><\/a> Fyrir \u00feann sem hefur saurgast skal taka nokku\u00f0 af \u00f6sku syndaf\u00f3rnar sem hefur veri\u00f0 brennd, l\u00e1ta hana \u00ed \u00edl\u00e1t og hella fersku vatni yfir. <a name=\"18\"><span class=\"versanumer_2007\">18<\/span><\/a> S\u00ed\u00f0an skal hreinn ma\u00f0ur taka \u00eds\u00f3p og d\u00fdfa \u00ed vatni\u00f0 og st\u00f6kkva \u00fev\u00ed \u00e1 tjaldi\u00f0, \u00e1 \u00f6ll \u00edl\u00e1t og \u00fea\u00f0 f\u00f3lk sem er \u00ed tjaldinu e\u00f0a \u00feann sem hefur snert mannabein, veginn mann, l\u00e1tinn mann e\u00f0a gr\u00f6f. <a name=\"19\"><span class=\"versanumer_2007\">19<\/span><\/a> S\u00e1 hreini skal st\u00f6kkva vatninu \u00e1 \u00feann \u00f3hreina \u00e1 \u00feri\u00f0ja og sj\u00f6unda degi og hreinsa hann af synd \u00e1 \u00feeim sj\u00f6unda. S\u00ed\u00f0an skal hann \u00fevo kl\u00e6\u00f0i s\u00edn og lauga sig \u00ed vatni og er hann \u00fe\u00e1 hreinn a\u00f0 kv\u00f6ldi.<br \/> <a name=\"20\"><span class=\"versanumer_2007\">20<\/span><\/a> Ef ma\u00f0ur saurgast og hreinsar sig ekki af synd skal hann uppr\u00e6ttur \u00far s\u00f6fnu\u00f0inum \u00fev\u00ed a\u00f0 hann hefur saurga\u00f0 helgid\u00f3m Drottins, hreinsunarvatni hefur ekki veri\u00f0 st\u00f6kkt \u00e1 hann, hann er saurugur. <a name=\"21\"><span class=\"versanumer_2007\">21<\/span><\/a> \u00deetta skal vera ykkur \u00e6varandi regla. S\u00e1 sem st\u00f6kkvir hreinsunarvatni skal einnig \u00fevo kl\u00e6\u00f0i s\u00edn og s\u00e1 sem snertir hreinsunarvatni\u00f0 ver\u00f0ur saurugur til kv\u00f6lds. <a name=\"22\"><span class=\"versanumer_2007\">22<\/span><\/a> Allt, sem s\u00e1 saurugi snertir, er saurugt og s\u00e9rhver ma\u00f0ur, sem snertir hann, ver\u00f0ur \u00f3hreinn til kv\u00f6lds.\u201c<\/p>\n","protected":false},"excerpt":{"rendered":"<p>Hreinsunarvatn 1 Drottinn tala\u00f0i til M\u00f3se og Arons og sag\u00f0i: 2 \u201e\u00deetta er laga\u00e1kv\u00e6\u00f0i sem Drottinn hefur sett: Seg\u00f0u \u00cdsraelsm\u00f6nnum a\u00f0 f\u00e6ra \u00fe\u00e9r gallalausa, rau\u00f0a k\u00fa \u00e1n l\u00fdta sem enn hefur ekki bori\u00f0 ok. 3 \u00dei\u00f0 skulu\u00f0 f\u00e1 hana Eleasar presti. Fari\u00f0 skal me\u00f0 hana \u00fat fyrir herb\u00fa\u00f0irnar og henni sl\u00e1tra\u00f0 frammi fyrir honum. 4 \u00de\u00e1 skal Eleasar taka nokku\u00f0 af bl\u00f3\u00f0i hennar me\u00f0 fingri s\u00ednum og st\u00f6kkva \u00fev\u00ed sj\u00f6 sinnum a\u00f0 framhli\u00f0 samfundatjaldsins. 5 S\u00ed\u00f0an skal brenna k\u00fana \u00ed augs\u00fdn hans. H\u00fa\u00f0in, kj\u00f6ti\u00f0, bl\u00f3\u00f0i\u00f0 og gori\u00f0 skal brennt. 6 \u00de\u00e1 skal presturinn taka sedrusvi\u00f0, \u00eds\u00f3p og skarlatsrautt band og <a href=\"https:\/\/biblian.is\/biblian\/fjorda-mosebok-19-kafli\/\"> [&#8230;]<\/a><\/p>\n","protected":false},"author":1,"featured_media":0,"parent":0,"menu_order":0,"comment_status":"open","ping_status":"open","template":"bibliukaflar_NT.php","meta":{"footnotes":""},"class_list":["post-1753","page","type-page","status-publish","hentry"],"_links":{"self":[{"href":"https:\/\/biblian.is\/biblian\/wp-json\/wp\/v2\/pages\/1753","targetHints":{"allow":["GET"]}}],"collection":[{"href":"https:\/\/biblian.is\/biblian\/wp-json\/wp\/v2\/pages"}],"about":[{"href":"https:\/\/biblian.is\/biblian\/wp-json\/wp\/v2\/types\/page"}],"author":[{"embeddable":true,"href":"https:\/\/biblian.is\/biblian\/wp-json\/wp\/v2\/users\/1"}],"replies":[{"embeddable":true,"href":"https:\/\/biblian.is\/biblian\/wp-json\/wp\/v2\/comments?post=1753"}],"version-history":[{"count":0,"href":"https:\/\/biblian.is\/biblian\/wp-json\/wp\/v2\/pages\/1753\/revisions"}],"wp:attachment":[{"href":"https:\/\/biblian.is\/biblian\/wp-json\/wp\/v2\/media?parent=1753"}],"curies":[{"name":"wp","href":"https:\/\/api.w.org\/{rel}","templated":true}]}}