{"id":1752,"date":"2017-12-30T21:00:16","date_gmt":"2017-12-30T21:00:16","guid":{"rendered":"http:\/\/biblian.is\/biblian\/fj%c2%97r_a-m%c2%97seb%c2%97k-18-kafli\/"},"modified":"2024-05-06T22:31:18","modified_gmt":"2024-05-06T22:31:18","slug":"fjorda-mosebok-18-kafli","status":"publish","type":"page","link":"https:\/\/biblian.is\/biblian\/fjorda-mosebok-18-kafli\/","title":{"rendered":"Fj\u00f3r\u00f0a M\u00f3seb\u00f3k 18. kafli"},"content":{"rendered":"<h3 class=\"millifyrirsogn_2007\"> St\u00f6rf presta og Lev\u00edta<\/h3>\n<p><a name=\"1\"><span class=\"versanumer_2007\">1<\/span><\/a> Drottinn sag\u00f0i vi\u00f0 Aron:<br \/>\u201e\u00de\u00fa sj\u00e1lfur, synir \u00fe\u00ednir og fj\u00f6lskylda \u00fe\u00edn me\u00f0 \u00fe\u00e9r ver\u00f0i\u00f0 sekir vegna misgj\u00f6r\u00f0a gegn helgid\u00f3minum. \u00de\u00fa sj\u00e1lfur og synir \u00fe\u00ednir me\u00f0 \u00fe\u00e9r ver\u00f0i\u00f0 sekir vegna misgj\u00f6r\u00f0a \u00ed prestsemb\u00e6tti ykkar. <a name=\"2\"><span class=\"versanumer_2007\">2<\/span><\/a> \u00de\u00fa skalt l\u00e1ta br\u00e6\u00f0ur \u00fe\u00edna, \u00e6ttb\u00e1lk Lev\u00ed, fj\u00f6lskyldu \u00fe\u00edna, ganga fram me\u00f0 \u00fe\u00e9r og \u00fej\u00f3na \u00fe\u00e9r \u00feegar \u00fe\u00fa og synir \u00fe\u00ednir eru frammi fyrir s\u00e1ttm\u00e1lstjaldinu. <a name=\"3\"><span class=\"versanumer_2007\">3<\/span><\/a> \u00deeir skulu fylgja fyrirm\u00e6lunum um \u00fej\u00f3nustuna vi\u00f0 \u00feig og \u00fej\u00f3nustuna vi\u00f0 allt tjaldi\u00f0, <a name=\"4\"><span class=\"versanumer_2007\">4<\/span><\/a> hins vegar mega \u00feeir hvorki koma n\u00e1l\u00e6gt hinum heil\u00f6gu \u00e1h\u00f6ldum n\u00e9 altarinu svo a\u00f0 \u00feeir deyi ekki og \u00fei\u00f0 me\u00f0 \u00feeim. <a name=\"5\"><span class=\"versanumer_2007\">5<\/span><\/a> Ef \u00fei\u00f0 fylgi\u00f0 fyrirm\u00e6lunum um \u00fej\u00f3nustuna vi\u00f0 helgid\u00f3minn og altari\u00f0 kemur rei\u00f0in ekki framar yfir \u00cdsraelsmenn. <a name=\"6\"><span class=\"versanumer_2007\">6<\/span><\/a> Sj\u00e1, \u00e9g greini sj\u00e1lfur br\u00e6\u00f0ur ykkar, Lev\u00edtana, fr\u00e1 \u00f6\u00f0rum \u00cdsraelsm\u00f6nnum og gef ykkur \u00fe\u00e1. \u00deeir eru gefnir Drottni til a\u00f0 gegna \u00fej\u00f3nustu vi\u00f0 samfundatjaldi\u00f0. <a name=\"7\"><span class=\"versanumer_2007\">7<\/span><\/a> En \u00fe\u00fa og synir \u00fe\u00ednir me\u00f0 \u00fe\u00e9r skulu\u00f0 \u00fej\u00f3na sem prestar \u00ed \u00f6llu sem snertir altari\u00f0 og \u00fea\u00f0 sem er innan vi\u00f0 fortjaldi\u00f0, \u00fear skulu\u00f0 \u00fei\u00f0 gegna \u00fej\u00f3nustu ykkar. \u00c9g f\u00e6 ykkur prestsemb\u00e6tti\u00f0 a\u00f0 gj\u00f6f. S\u00e9rhver \u00f3vi\u00f0komandi, sem kemur n\u00e6rri, skal l\u00edfl\u00e1tinn.\u201c<\/p>\n<h3 class=\"millifyrirsogn_2007\">Hlutur prestanna<\/h3>\n<p><a name=\"8\"><span class=\"versanumer_2007\">8<\/span><\/a> Drottinn sag\u00f0i vi\u00f0 Aron:<br \/>\u201eH\u00e9r me\u00f0 fel \u00e9g \u00fe\u00e9r umsj\u00f3n me\u00f0 f\u00f3rnargj\u00f6fum sem m\u00e9r hafa veri\u00f0 f\u00e6r\u00f0ar. \u00c9g f\u00e6 \u00fe\u00e9r \u00fe\u00e6r sem hluta \u00feinn af \u00f6llum helgigj\u00f6fum \u00cdsraelsmanna og s\u00ed\u00f0an sonum \u00fe\u00ednum. \u00deetta er \u00e6varandi \u00e1kv\u00e6\u00f0i.<br \/> <a name=\"9\"><span class=\"versanumer_2007\">9<\/span><\/a> \u00de\u00fa skalt f\u00e1 \u00feetta af hinum h\u00e1heil\u00f6gu gj\u00f6fum sem ekki \u00e1 a\u00f0 brenna: Allt sem \u00feeir bera fram sem kornf\u00f3rnir, syndaf\u00f3rnir og sektarf\u00f3rnir og gefa m\u00e9r, \u00fea\u00f0 er h\u00e1heilagt og skal heyra \u00fe\u00e9r til og sonum \u00fe\u00ednum. <a name=\"10\"><span class=\"versanumer_2007\">10<\/span><\/a> \u00de\u00fa skalt neyta \u00feess \u00e1 h\u00e1heil\u00f6gum sta\u00f0. Allir, sem eru karlkyns, mega neyta \u00feess, \u00fea\u00f0 skal vera \u00fe\u00e9r heilagt. <a name=\"11\"><span class=\"versanumer_2007\">11<\/span><\/a> \u00de\u00fa skalt einnig f\u00e1 hluta af gj\u00f6fum \u00feeirra, \u00f6llum veifif\u00f3rnum \u00cdsraelsmanna. \u00deetta er gefi\u00f0 \u00fe\u00e9r, sonum \u00fe\u00ednum og d\u00e6trum me\u00f0 \u00fe\u00e9r. \u00deetta er \u00e6varandi \u00e1kv\u00e6\u00f0i. S\u00e9rhver, sem er hreinn \u00ed fj\u00f6lskyldu \u00feinni, m\u00e1 neyta \u00feess.<br \/> <a name=\"12\"><span class=\"versanumer_2007\">12<\/span><\/a> \u00c9g gef \u00fe\u00e9r allt \u00fea\u00f0 besta af ol\u00edunni og allt \u00fea\u00f0 besta af v\u00edninu og korninu, \u00fea\u00f0 besta af \u00fev\u00ed sem \u00feeir gefa Drottni. <a name=\"13\"><span class=\"versanumer_2007\">13<\/span><\/a> \u00de\u00fa skalt f\u00e1 frumgr\u00f3\u00f0ann af \u00f6llu \u00fev\u00ed sem vex \u00ed landinu og \u00feeir f\u00e6ra Drottni. S\u00e9rhver, sem er hreinn \u00ed fj\u00f6lskyldu \u00feinni, m\u00e1 neyta \u00feess. <a name=\"14\"><span class=\"versanumer_2007\">14<\/span><\/a> \u00de\u00fa skalt f\u00e1 allt sem er helga\u00f0 banni \u00ed \u00cdsrael. <a name=\"15\"><span class=\"versanumer_2007\">15<\/span><\/a> \u00de\u00fa skalt f\u00e1 allt sem opnar m\u00f3\u00f0url\u00edf, af \u00f6llu \u00fev\u00ed holdi sem menn f\u00e6ra Drottni, b\u00e6\u00f0i menn og skepnur. \u00de\u00fa ver\u00f0ur samt a\u00f0 leysa frumbur\u00f0i manna og frumbur\u00f0i \u00f3hreinna d\u00fdra. <a name=\"16\"><span class=\"versanumer_2007\">16<\/span><\/a> \u00de\u00fa skalt leysa \u00fe\u00e1 sem \u00e1 a\u00f0 leysa \u00feegar \u00feeir eru m\u00e1na\u00f0argamlir og eldri. Mat \u00feitt skal vera fimm siklar mi\u00f0a\u00f0 vi\u00f0 \u00feyngd helgid\u00f3mssikils, tuttugu gerur \u00ed sikli. <a name=\"17\"><span class=\"versanumer_2007\">17<\/span><\/a> En frumbur\u00f0i nauta, sau\u00f0fj\u00e1r og geita m\u00e1ttu ekki leysa. \u00deeir eru heilagir. \u00de\u00fa skalt st\u00f6kkva bl\u00f3\u00f0i \u00feeirra \u00e1 altari\u00f0 og m\u00f6r \u00feeirra skaltu brenna sem eldf\u00f3rn, sem Drottni \u00feekkan ilm. <a name=\"18\"><span class=\"versanumer_2007\">18<\/span><\/a> En \u00fe\u00fa skalt f\u00e1 kj\u00f6t \u00feeirra, eins og bringuna sem veifa\u00f0 er og h\u00e6gra l\u00e6ri\u00f0.<br \/> <a name=\"19\"><span class=\"versanumer_2007\">19<\/span><\/a> Allar helgigjafir, sem \u00cdsraelsmenn f\u00e6ra Drottni, hef \u00e9g gefi\u00f0 \u00fe\u00e9r og sonum \u00fe\u00ednum og d\u00e6trum me\u00f0 \u00fe\u00e9r. \u00deetta er \u00e6varandi \u00e1kv\u00e6\u00f0i, \u00e6varandi s\u00e1ttm\u00e1li, helga\u00f0ur me\u00f0 salti, vi\u00f0 \u00feig og ni\u00f0ja \u00fe\u00edna fyrir augliti Drottins.\u201c<\/p>\n<h3 class=\"millifyrirsogn_2007\">Hlutur Lev\u00edtanna<\/h3>\n<p><a name=\"20\"><span class=\"versanumer_2007\">20<\/span><\/a> Drottinn sag\u00f0i vi\u00f0 Aron:<br \/>\u201e\u00de\u00fa skalt ekki hlj\u00f3ta neinn erf\u00f0ahlut \u00ed landi \u00feeirra og enga jar\u00f0eign me\u00f0al \u00feeirra. \u00c9g er jar\u00f0eign \u00fe\u00edn og erf\u00f0ahlutur me\u00f0al \u00cdsraelsmanna. <a name=\"21\"><span class=\"versanumer_2007\">21<\/span><\/a> Sj\u00e1, \u00e9g gef Lev\u00edtunum alla t\u00edund \u00ed \u00cdsrael sem erf\u00f0ahlut. \u00dea\u00f0 er gjald fyrir \u00fe\u00e1 \u00fej\u00f3nustu sem Lev\u00edtarnir inna af hendi, \u00fej\u00f3nustuna vi\u00f0 samfundatjaldi\u00f0. <a name=\"22\"><span class=\"versanumer_2007\">22<\/span><\/a> \u00cdsraelsmenn skulu ekki koma n\u00e6rri samfundatjaldinu framar \u00fev\u00ed a\u00f0 \u00feeir mundu syndga og deyja. <a name=\"23\"><span class=\"versanumer_2007\">23<\/span><\/a> En Lev\u00edtarnir skulu gegna \u00fej\u00f3nustu vi\u00f0 samfundatjaldi\u00f0 og bera \u00fe\u00e1 sekt sem \u00feeir baka s\u00e9r. \u00dea\u00f0 skal vera \u00e6varandi \u00e1kv\u00e6\u00f0i fr\u00e1 kyni til kyns. En \u00feeir skulu ekki hlj\u00f3ta erf\u00f0ahlut \u00e1 me\u00f0al \u00cdsraelsmanna <a name=\"24\"><span class=\"versanumer_2007\">24<\/span><\/a> \u00fev\u00ed a\u00f0 \u00e9g hef gefi\u00f0 Lev\u00edtunum t\u00edund \u00cdsraelsmanna sem \u00feeir f\u00e6ra Drottni a\u00f0 gj\u00f6f sem erf\u00f0ahlut. \u00deess vegna hef \u00e9g sagt vi\u00f0 \u00fe\u00e1: \u00dei\u00f0 f\u00e1i\u00f0 engin \u00f3\u00f0ul me\u00f0al \u00cdsraelsmanna.\u201c<\/p>\n<h3 class=\"millifyrirsogn_2007\">T\u00edund<\/h3>\n<p><a name=\"25\"><span class=\"versanumer_2007\">25<\/span><\/a> Drottinn tala\u00f0i til M\u00f3se og sag\u00f0i:<br \/> <a name=\"26\"><span class=\"versanumer_2007\">26<\/span><\/a> \u201eGef\u00f0u Lev\u00edtunum \u00feessi fyrirm\u00e6li: \u00deegar \u00fei\u00f0 taki\u00f0 vi\u00f0 t\u00edundinni fr\u00e1 \u00cdsraelsm\u00f6nnum, sem \u00e9g hef gefi\u00f0 ykkur sem erf\u00f0ahlut fr\u00e1 \u00feeim, skulu\u00f0 \u00fei\u00f0 f\u00e6ra Drottni t\u00edunda hlutann af t\u00edundinni sem gj\u00f6f. <a name=\"27\"><span class=\"versanumer_2007\">27<\/span><\/a> \u00dea\u00f0 skal reikna\u00f0 ykkur sem gj\u00f6f af korni af \u00fereskivelli og \u00fev\u00ed sem fyllir v\u00ednpressuna. <a name=\"28\"><span class=\"versanumer_2007\">28<\/span><\/a> \u00deannig skulu\u00f0 \u00fei\u00f0 gjalda Drottni af \u00f6llum t\u00edundum sem \u00fei\u00f0 eigi\u00f0 r\u00e9tt \u00e1 og \u00fei\u00f0 f\u00e1i\u00f0 fr\u00e1 \u00cdsraelsm\u00f6nnum. \u00dei\u00f0 skulu\u00f0 f\u00e6ra Aroni presti gj\u00f6f til Drottins. <a name=\"29\"><span class=\"versanumer_2007\">29<\/span><\/a> Af \u00f6llum gj\u00f6fum, sem ykkur hlotnast, skulu\u00f0 \u00fei\u00f0 f\u00e6ra Drottni hluta af \u00fev\u00ed besta sem helgigj\u00f6f.<br \/> <a name=\"30\"><span class=\"versanumer_2007\">30<\/span><\/a> Enn fremur skaltu segja vi\u00f0 \u00fe\u00e1: \u00deegar \u00fei\u00f0 hafi\u00f0 f\u00e6rt \u00fea\u00f0 besta af t\u00edundinni a\u00f0 hlut reiknast \u00fea\u00f0 Lev\u00edtunum eins og hlutur af \u00fereskivelli og v\u00ednpressu. <a name=\"31\"><span class=\"versanumer_2007\">31<\/span><\/a> \u00dei\u00f0 megi\u00f0 neyta \u00feess me\u00f0 fj\u00f6lskyldu ykkar hvar sem er \u00fev\u00ed a\u00f0 \u00fea\u00f0 eru laun ykkar, endurgjald fyrir \u00fej\u00f3nustuna vi\u00f0 samfundatjaldi\u00f0. <a name=\"32\"><span class=\"versanumer_2007\">32<\/span><\/a> Af \u00fev\u00ed a\u00f0 \u00fei\u00f0 f\u00e6ri\u00f0 fram \u00fea\u00f0 besta sem gj\u00f6f munu\u00f0 \u00fei\u00f0 ekki taka \u00e1 ykkur neina synd og ekki vanhelga helgigjafir \u00cdsraelsmanna og munu\u00f0 \u00fev\u00ed ekki deyja.\u201c<\/p>\n","protected":false},"excerpt":{"rendered":"<p>St\u00f6rf presta og Lev\u00edta 1 Drottinn sag\u00f0i vi\u00f0 Aron:\u201e\u00de\u00fa sj\u00e1lfur, synir \u00fe\u00ednir og fj\u00f6lskylda \u00fe\u00edn me\u00f0 \u00fe\u00e9r ver\u00f0i\u00f0 sekir vegna misgj\u00f6r\u00f0a gegn helgid\u00f3minum. \u00de\u00fa sj\u00e1lfur og synir \u00fe\u00ednir me\u00f0 \u00fe\u00e9r ver\u00f0i\u00f0 sekir vegna misgj\u00f6r\u00f0a \u00ed prestsemb\u00e6tti ykkar. 2 \u00de\u00fa skalt l\u00e1ta br\u00e6\u00f0ur \u00fe\u00edna, \u00e6ttb\u00e1lk Lev\u00ed, fj\u00f6lskyldu \u00fe\u00edna, ganga fram me\u00f0 \u00fe\u00e9r og \u00fej\u00f3na \u00fe\u00e9r \u00feegar \u00fe\u00fa og synir \u00fe\u00ednir eru frammi fyrir s\u00e1ttm\u00e1lstjaldinu. 3 \u00deeir skulu fylgja fyrirm\u00e6lunum um \u00fej\u00f3nustuna vi\u00f0 \u00feig og \u00fej\u00f3nustuna vi\u00f0 allt tjaldi\u00f0, 4 hins vegar mega \u00feeir hvorki koma n\u00e1l\u00e6gt hinum heil\u00f6gu \u00e1h\u00f6ldum n\u00e9 altarinu svo a\u00f0 \u00feeir deyi ekki og \u00fei\u00f0 me\u00f0 \u00feeim. 5 <a href=\"https:\/\/biblian.is\/biblian\/fjorda-mosebok-18-kafli\/\"> [&#8230;]<\/a><\/p>\n","protected":false},"author":1,"featured_media":0,"parent":0,"menu_order":0,"comment_status":"open","ping_status":"open","template":"bibliukaflar_NT.php","meta":{"footnotes":""},"class_list":["post-1752","page","type-page","status-publish","hentry"],"_links":{"self":[{"href":"https:\/\/biblian.is\/biblian\/wp-json\/wp\/v2\/pages\/1752","targetHints":{"allow":["GET"]}}],"collection":[{"href":"https:\/\/biblian.is\/biblian\/wp-json\/wp\/v2\/pages"}],"about":[{"href":"https:\/\/biblian.is\/biblian\/wp-json\/wp\/v2\/types\/page"}],"author":[{"embeddable":true,"href":"https:\/\/biblian.is\/biblian\/wp-json\/wp\/v2\/users\/1"}],"replies":[{"embeddable":true,"href":"https:\/\/biblian.is\/biblian\/wp-json\/wp\/v2\/comments?post=1752"}],"version-history":[{"count":0,"href":"https:\/\/biblian.is\/biblian\/wp-json\/wp\/v2\/pages\/1752\/revisions"}],"wp:attachment":[{"href":"https:\/\/biblian.is\/biblian\/wp-json\/wp\/v2\/media?parent=1752"}],"curies":[{"name":"wp","href":"https:\/\/api.w.org\/{rel}","templated":true}]}}