{"id":1751,"date":"2017-12-30T21:00:16","date_gmt":"2017-12-30T21:00:16","guid":{"rendered":"http:\/\/biblian.is\/biblian\/fj%c2%97r_a-m%c2%97seb%c2%97k-17-kafli\/"},"modified":"2024-05-06T22:31:18","modified_gmt":"2024-05-06T22:31:18","slug":"fjorda-mosebok-17-kafli","status":"publish","type":"page","link":"https:\/\/biblian.is\/biblian\/fjorda-mosebok-17-kafli\/","title":{"rendered":"Fj\u00f3r\u00f0a M\u00f3seb\u00f3k 17. kafli"},"content":{"rendered":"<p><a name=\"1\"><span class=\"versanumer_2007\">1<\/span><\/a> Drottinn tala\u00f0i til M\u00f3se og sag\u00f0i:<br \/> <a name=\"2\"><span class=\"versanumer_2007\">2<\/span><\/a> \u201eSeg\u00f0u Eleasar, syni Arons prests, a\u00f0 taka p\u00f6nnurnar upp \u00far \u00f6skunni \u00fev\u00ed a\u00f0 \u00fe\u00e6r eru heilagar. Dreifi\u00f0 s\u00ed\u00f0an gl\u00f3\u00f0inni. <a name=\"3\"><span class=\"versanumer_2007\">3<\/span><\/a> En eldp\u00f6nnur \u00feeirra sem greiddu synd s\u00edna me\u00f0 l\u00edfi s\u00ednu skal hamra \u00ed \u00feunnar pl\u00f6tur og kl\u00e6\u00f0a me\u00f0 \u00feeim altari\u00f0 \u00fev\u00ed a\u00f0 \u00feeir b\u00e1ru \u00fe\u00e6r fram fyrir Drottin og \u00fe\u00e6r eru \u00fev\u00ed heilagar.\u201c<br \/> <a name=\"4\"><span class=\"versanumer_2007\">4<\/span><\/a> Eleasar prestur t\u00f3k \u00fe\u00e1 eirp\u00f6nnurnar sem bornar h\u00f6f\u00f0u veri\u00f0 fram af \u00feeim sem brunnu. \u00de\u00e6r voru s\u00ed\u00f0an hamra\u00f0ar og altari\u00f0 kl\u00e6tt me\u00f0 \u00feeim. <a name=\"5\"><span class=\"versanumer_2007\">5<\/span><\/a> \u00de\u00e6r voru \u00cdsraelsm\u00f6nnum \u00e1minning um \u00fea\u00f0 a\u00f0 enginn \u00f3vi\u00f0komandi, sem ekki er af \u00e6tt Arons, m\u00e1 ganga fram og brenna reykelsi fyrir augliti Drottins svo a\u00f0 ekki fari eins fyrir honum og K\u00f3ra og s\u00f6fnu\u00f0i hans. Eleasar ger\u00f0i \u00fea\u00f0 sem Drottinn haf\u00f0i bo\u00f0a\u00f0 fyrir munn M\u00f3se.<br \/> <a name=\"6\"><span class=\"versanumer_2007\">6<\/span><\/a> Daginn eftir m\u00f6gla\u00f0i allur s\u00f6fnu\u00f0ur \u00cdsraelsmanna gegn M\u00f3se og Aroni og sag\u00f0i: \u201e\u00dei\u00f0 hafi\u00f0 deytt \u00fej\u00f3\u00f0 Drottins.\u201c <a name=\"7\"><span class=\"versanumer_2007\">7<\/span><\/a> \u00deegar s\u00f6fnu\u00f0urinn safna\u00f0ist saman gegn M\u00f3se og Aroni og sneri s\u00e9r a\u00f0 samfundatjaldinu huldi sk\u00fdi\u00f0 tjaldi\u00f0 og d\u00fdr\u00f0 Drottins birtist. <a name=\"8\"><span class=\"versanumer_2007\">8<\/span><\/a> M\u00f3se og Aron gengu \u00fe\u00e1 fram fyrir samfundatjaldi\u00f0 <a name=\"9\"><span class=\"versanumer_2007\">9<\/span><\/a> og Drottinn tala\u00f0i til M\u00f3se og sag\u00f0i: <a name=\"10\"><span class=\"versanumer_2007\">10<\/span><\/a> \u201eYfirgefi\u00f0 \u00feennan s\u00f6fnu\u00f0 \u00fev\u00ed a\u00f0 \u00e9g \u00e6tla a\u00f0 ey\u00f0a honum \u00e1 augabrag\u00f0i.\u201c \u00deeir l\u00e9tu \u00fe\u00e1 fallast fram \u00e1 \u00e1sj\u00f3nur s\u00ednar <a name=\"11\"><span class=\"versanumer_2007\">11<\/span><\/a> og M\u00f3se sag\u00f0i vi\u00f0 Aron: \u201eTaktu eldp\u00f6nnuna af altarinu, legg\u00f0u \u00e1 hana reykelsi og far\u00f0u \u00ed skyndi til safna\u00f0arins og fri\u00f0\u00fe\u00e6g\u00f0u fyrir hann \u00fev\u00ed a\u00f0 rei\u00f0i er \u00feegar gengin \u00fat fr\u00e1 augliti Drottins og dreps\u00f3tt hafin.\u201c <a name=\"12\"><span class=\"versanumer_2007\">12<\/span><\/a> \u00de\u00e1 t\u00f3k Aron p\u00f6nnuna eins og M\u00f3se haf\u00f0i bo\u00f0i\u00f0 og hlj\u00f3p inn \u00ed s\u00f6fnu\u00f0inn mi\u00f0jan. Pl\u00e1gan var \u00feegar hafin me\u00f0al f\u00f3lksins en hann lag\u00f0i reykelsi \u00e1 p\u00f6nnuna og fri\u00f0\u00fe\u00e6g\u00f0i fyrir f\u00f3lki\u00f0. <a name=\"13\"><span class=\"versanumer_2007\">13<\/span><\/a> \u00deegar hann gekk milli hinna dau\u00f0u og hinna lifandi linnti pl\u00e1gunni. <a name=\"14\"><span class=\"versanumer_2007\">14<\/span><\/a> En fj\u00f3rt\u00e1n \u00fe\u00fasund og sj\u00f6 hundru\u00f0 d\u00f3u \u00far pl\u00e1gunni auk \u00feeirra sem d\u00f3u vegna m\u00e1ls K\u00f3ra. <a name=\"15\"><span class=\"versanumer_2007\">15<\/span><\/a> \u00dev\u00ed n\u00e6st sneri Aron aftur til M\u00f3se a\u00f0 dyrum samfundatjaldsins \u00fear sem pl\u00e1gunni haf\u00f0i linnt.<\/p>\n<h3 class=\"millifyrirsogn_2007\">Stafur Arons<\/h3>\n<p><a name=\"16\"><span class=\"versanumer_2007\">16<\/span><\/a> Drottinn tala\u00f0i til M\u00f3se og sag\u00f0i:<br \/> <a name=\"17\"><span class=\"versanumer_2007\">17<\/span><\/a> \u201e\u00c1varpa\u00f0u \u00cdsraelsmenn og f\u00e1\u00f0u hj\u00e1 \u00feeim t\u00f3lf stafi, einn staf fr\u00e1 hverri fj\u00f6lskyldu, einn staf fr\u00e1 hverjum h\u00f6f\u00f0ingja \u00e6ttb\u00e1lka \u00feeirra. \u00de\u00fa skalt skrifa nafn hvers \u00feeirra \u00e1 staf hans <a name=\"19\"><span class=\"versanumer_2007\">19<\/span><\/a> og nafn Arons \u00e1 staf Lev\u00ed \u00fev\u00ed a\u00f0 einn stafur skal koma fyrir h\u00f6f\u00f0ingja hvers \u00e6ttb\u00e1lks. <a name=\"19\"><span class=\"versanumer_2007\">19<\/span><\/a> Legg\u00f0u \u00fe\u00e1 s\u00ed\u00f0an ni\u00f0ur \u00ed samfundatjaldinu frammi fyrir s\u00e1ttm\u00e1lst\u00e1kninu \u00fear sem \u00e9g m\u00e6ti ykkur. <a name=\"20\"><span class=\"versanumer_2007\">20<\/span><\/a> Stafur \u00feess manns sem \u00e9g vel mun \u00fe\u00e1 laufgast. \u00deannig \u00e6tla \u00e9g a\u00f0 \u00feagga ni\u00f0ur kurr \u00cdsraelsmanna gegn m\u00e9r og m\u00f6gl \u00feeirra gegn ykkur.\u201c<br \/> <a name=\"21\"><span class=\"versanumer_2007\">21<\/span><\/a> M\u00f3se tala\u00f0i \u00fev\u00ed n\u00e6st vi\u00f0 \u00cdsraelsmenn og allir h\u00f6f\u00f0ingjar \u00feeirra fengu honum t\u00f3lf stafi, einn staf fyrir h\u00f6f\u00f0ingja hvers \u00e6ttb\u00e1lks. Stafur Arons var \u00e1 me\u00f0al stafa \u00feeirra. <a name=\"22\"><span class=\"versanumer_2007\">22<\/span><\/a> S\u00ed\u00f0an lag\u00f0i M\u00f3se stafina ni\u00f0ur fyrir augliti Drottins \u00ed s\u00e1ttm\u00e1lstjaldinu.<br \/> <a name=\"23\"><span class=\"versanumer_2007\">23<\/span><\/a> \u00deegar M\u00f3se kom til s\u00e1ttm\u00e1lstjaldsins daginn eftir var stafur Arons, stafur Lev\u00ed \u00e6ttar, laufga\u00f0ur. \u00c1 honum h\u00f6f\u00f0u sprotti\u00f0 bl\u00f6\u00f0 og bl\u00f3m og hann bar \u00feroska\u00f0ar m\u00f6ndlur. <a name=\"24\"><span class=\"versanumer_2007\">24<\/span><\/a> M\u00f3se bar \u00fe\u00e1 alla stafina fr\u00e1 augliti Drottins \u00fat til allra \u00cdsraelsmanna. \u00deegar \u00feeir s\u00e1u \u00fe\u00e1 t\u00f3k hver sinn staf.<br \/> <a name=\"25\"><span class=\"versanumer_2007\">25<\/span><\/a> En Drottinn sag\u00f0i vi\u00f0 M\u00f3se: \u201eFar\u00f0u aftur me\u00f0 staf Arons fram fyrir s\u00e1ttm\u00e1lst\u00e1kni\u00f0. \u00dear skal hann var\u00f0veittur sem t\u00e1kn fyrir hina uppreisnargj\u00f6rnu. \u00dear me\u00f0 skal kurri \u00feeirra loki\u00f0 svo a\u00f0 \u00feeir deyi ekki.\u201c <a name=\"26\"><span class=\"versanumer_2007\">26<\/span><\/a> M\u00f3se ger\u00f0i \u00ed einu og \u00f6llu eins og Drottinn haf\u00f0i bo\u00f0i\u00f0 honum, \u00fea\u00f0 ger\u00f0i hann.<br \/> <a name=\"27\"><span class=\"versanumer_2007\">27<\/span><\/a> \u00cdsraelsmenn s\u00f6g\u00f0u vi\u00f0 M\u00f3se: \u201eVi\u00f0 deyjum, vi\u00f0 f\u00f6rumst, vi\u00f0 f\u00f6rumst allir. <a name=\"28\"><span class=\"versanumer_2007\">28<\/span><\/a> S\u00e9rhver sem kemur n\u00e6rri b\u00fasta\u00f0 Drottins hl\u00fdtur a\u00f0 deyja. Eigum vi\u00f0 \u00fe\u00e1 allir a\u00f0 l\u00ed\u00f0a undir lok og deyja?\u201c<\/p>\n","protected":false},"excerpt":{"rendered":"<p>1 Drottinn tala\u00f0i til M\u00f3se og sag\u00f0i: 2 \u201eSeg\u00f0u Eleasar, syni Arons prests, a\u00f0 taka p\u00f6nnurnar upp \u00far \u00f6skunni \u00fev\u00ed a\u00f0 \u00fe\u00e6r eru heilagar. Dreifi\u00f0 s\u00ed\u00f0an gl\u00f3\u00f0inni. 3 En eldp\u00f6nnur \u00feeirra sem greiddu synd s\u00edna me\u00f0 l\u00edfi s\u00ednu skal hamra \u00ed \u00feunnar pl\u00f6tur og kl\u00e6\u00f0a me\u00f0 \u00feeim altari\u00f0 \u00fev\u00ed a\u00f0 \u00feeir b\u00e1ru \u00fe\u00e6r fram fyrir Drottin og \u00fe\u00e6r eru \u00fev\u00ed heilagar.\u201c 4 Eleasar prestur t\u00f3k \u00fe\u00e1 eirp\u00f6nnurnar sem bornar h\u00f6f\u00f0u veri\u00f0 fram af \u00feeim sem brunnu. \u00de\u00e6r voru s\u00ed\u00f0an hamra\u00f0ar og altari\u00f0 kl\u00e6tt me\u00f0 \u00feeim. 5 \u00de\u00e6r voru \u00cdsraelsm\u00f6nnum \u00e1minning um \u00fea\u00f0 a\u00f0 enginn \u00f3vi\u00f0komandi, sem ekki er af \u00e6tt <a href=\"https:\/\/biblian.is\/biblian\/fjorda-mosebok-17-kafli\/\"> [&#8230;]<\/a><\/p>\n","protected":false},"author":1,"featured_media":0,"parent":0,"menu_order":0,"comment_status":"open","ping_status":"open","template":"bibliukaflar_NT.php","meta":{"footnotes":""},"class_list":["post-1751","page","type-page","status-publish","hentry"],"_links":{"self":[{"href":"https:\/\/biblian.is\/biblian\/wp-json\/wp\/v2\/pages\/1751","targetHints":{"allow":["GET"]}}],"collection":[{"href":"https:\/\/biblian.is\/biblian\/wp-json\/wp\/v2\/pages"}],"about":[{"href":"https:\/\/biblian.is\/biblian\/wp-json\/wp\/v2\/types\/page"}],"author":[{"embeddable":true,"href":"https:\/\/biblian.is\/biblian\/wp-json\/wp\/v2\/users\/1"}],"replies":[{"embeddable":true,"href":"https:\/\/biblian.is\/biblian\/wp-json\/wp\/v2\/comments?post=1751"}],"version-history":[{"count":0,"href":"https:\/\/biblian.is\/biblian\/wp-json\/wp\/v2\/pages\/1751\/revisions"}],"wp:attachment":[{"href":"https:\/\/biblian.is\/biblian\/wp-json\/wp\/v2\/media?parent=1751"}],"curies":[{"name":"wp","href":"https:\/\/api.w.org\/{rel}","templated":true}]}}