{"id":1749,"date":"2017-12-30T21:00:16","date_gmt":"2017-12-30T21:00:16","guid":{"rendered":"http:\/\/biblian.is\/biblian\/fj%c2%97r_a-m%c2%97seb%c2%97k-15-kafli\/"},"modified":"2024-05-06T22:31:17","modified_gmt":"2024-05-06T22:31:17","slug":"fjorda-mosebok-15-kafli","status":"publish","type":"page","link":"https:\/\/biblian.is\/biblian\/fjorda-mosebok-15-kafli\/","title":{"rendered":"Fj\u00f3r\u00f0a M\u00f3seb\u00f3k 15. kafli"},"content":{"rendered":"<h3 class=\"millifyrirsogn_2007\"> L\u00f6g um f\u00f3rnir<\/h3>\n<p><a name=\"1\"><span class=\"versanumer_2007\">1<\/span><\/a> Drottinn tala\u00f0i til M\u00f3se og sag\u00f0i:<br \/> <a name=\"2\"><span class=\"versanumer_2007\">2<\/span><\/a> \u201e\u00c1varpa\u00f0u \u00cdsraelsmenn og seg\u00f0u vi\u00f0 \u00fe\u00e1: \u00deegar \u00fei\u00f0 komi\u00f0 til landsins, sem \u00fei\u00f0 munu\u00f0 setjast a\u00f0 \u00ed og \u00e9g mun gefa ykkur, <a name=\"3\"><span class=\"versanumer_2007\">3<\/span><\/a> og \u00fei\u00f0 \u00e6tli\u00f0 a\u00f0 undirb\u00faa eldf\u00f3rn til Drottins, brennif\u00f3rn e\u00f0a sl\u00e1turf\u00f3rn til a\u00f0 efna heit e\u00f0a sem sj\u00e1lfviljaf\u00f3rn e\u00f0a f\u00f3rn \u00e1 h\u00e1t\u00ed\u00f0um ykkar til a\u00f0 f\u00e6ra Drottni \u00feekkan ilm af nauti e\u00f0a sau\u00f0i, <a name=\"4\"><span class=\"versanumer_2007\">4<\/span><\/a> skal hver sem ber fram f\u00f3rnargj\u00f6f s\u00edna til Drottins bera fram t\u00edunda hluta \u00far efu af f\u00ednu mj\u00f6li, bl\u00f6ndu\u00f0u fj\u00f3r\u00f0ungi \u00far h\u00edn af ol\u00edu \u00ed kornf\u00f3rn. <a name=\"5\"><span class=\"versanumer_2007\">5<\/span><\/a> \u00de\u00fa skalt f\u00e6ra fj\u00f3r\u00f0ung \u00far h\u00edn af v\u00edni \u00ed dreypif\u00f3rn me\u00f0 hverju lambi sem bori\u00f0 er fram sem brennif\u00f3rn e\u00f0a sl\u00e1turf\u00f3rn. <a name=\"6\"><span class=\"versanumer_2007\">6<\/span><\/a> Hins vegar skaltu f\u00e6ra \u00ed kornf\u00f3rn me\u00f0 hverjum hr\u00fat tvo t\u00edundu hluta \u00far efu af f\u00ednu mj\u00f6li, bl\u00f6ndu\u00f0u \u00feri\u00f0jungi h\u00ednar af ol\u00edu. <a name=\"7\"><span class=\"versanumer_2007\">7<\/span><\/a> Einnig skaltu bera fram \u00feri\u00f0jung h\u00ednar af v\u00edni \u00ed dreypif\u00f3rn. \u00deetta er Drottni \u00feekkur ilmur. <a name=\"8\"><span class=\"versanumer_2007\">8<\/span><\/a> En \u00feegar \u00fe\u00fa b\u00fdr\u00f0 naut til brennif\u00f3rnar e\u00f0a sl\u00e1turf\u00f3rnar til a\u00f0 efna heit e\u00f0a sem heillaf\u00f3rn til Drottins <a name=\"9\"><span class=\"versanumer_2007\">9<\/span><\/a> skaltu bera fram \u00ed kornf\u00f3rn \u00ferj\u00e1 t\u00edundu \u00far efu af f\u00ednu mj\u00f6li, bl\u00f6ndu\u00f0u h\u00e1lfri h\u00edn af ol\u00edu. <a name=\"10\"><span class=\"versanumer_2007\">10<\/span><\/a> Einnig skaltu f\u00e6ra fram h\u00e1lfa h\u00edn af v\u00edni \u00ed dreypif\u00f3rn. \u00deetta er eldf\u00f3rn, Drottni \u00feekkur ilmur. <a name=\"11\"><span class=\"versanumer_2007\">11<\/span><\/a> \u00deannig skal fari\u00f0 me\u00f0 s\u00e9rhvert naut, s\u00e9rhvern hr\u00fat og s\u00e9rhvert lamb e\u00f0a ki\u00f0. <a name=\"12\"><span class=\"versanumer_2007\">12<\/span><\/a> \u00deannig skulu\u00f0 \u00fei\u00f0 fara me\u00f0 s\u00e9rhvert d\u00fdr, hversu m\u00f6rg sem \u00feau kunna a\u00f0 vera.<br \/> <a name=\"13\"><span class=\"versanumer_2007\">13<\/span><\/a> S\u00e9rhver innf\u00e6ddur ma\u00f0ur skal fara eftir \u00feessu \u00feegar hann f\u00e6rir Drottni eldf\u00f3rn sem \u00feekkan ilm. <a name=\"14\"><span class=\"versanumer_2007\">14<\/span><\/a> En \u00feegar a\u00f0komuma\u00f0ur n\u00fdtur verndar me\u00f0al ykkar e\u00f0a einhver, sem hefur dvali\u00f0 hj\u00e1 ykkur \u00ed marga \u00e6ttli\u00f0i, f\u00e6rir Drottni eldf\u00f3rn sem \u00feekkan ilm skal hann fara eins a\u00f0 og \u00fei\u00f0. <a name=\"15\"><span class=\"versanumer_2007\">15<\/span><\/a> Ein og s\u00f6mu l\u00f6g gilda fyrir ykkur og a\u00f0komumann sem n\u00fdtur verndar, \u00fea\u00f0 er \u00e6varandi laga\u00e1kv\u00e6\u00f0i sem gildir fr\u00e1 kyni til kyns. <a name=\"16\"><span class=\"versanumer_2007\">16<\/span><\/a> S\u00f6mu l\u00f6g og s\u00f6mu reglur gilda fyrir ykkur og a\u00f0komumann sem n\u00fdtur verndar hj\u00e1 ykkur.\u201c<br \/> <a name=\"17\"><span class=\"versanumer_2007\">17<\/span><\/a> Drottinn tala\u00f0i til M\u00f3se og sag\u00f0i:<br \/> <a name=\"18\"><span class=\"versanumer_2007\">18<\/span><\/a> \u201e\u00c1varpa\u00f0u \u00cdsraelsmenn og seg\u00f0u vi\u00f0 \u00fe\u00e1: \u00deegar \u00fei\u00f0 komi\u00f0 inn \u00ed landi\u00f0, sem \u00e9g er \u00ed \u00feann veginn a\u00f0 lei\u00f0a ykkur inn \u00ed <a name=\"19\"><span class=\"versanumer_2007\">19<\/span><\/a> og \u00fei\u00f0 eru\u00f0 farnir a\u00f0 eta brau\u00f0 landsins, skulu\u00f0 \u00fei\u00f0 f\u00e6ra Drottni f\u00f3rnargj\u00f6f. <a name=\"20\"><span class=\"versanumer_2007\">20<\/span><\/a> Af fyrsta brau\u00f0deigi ykkar skulu\u00f0 \u00fei\u00f0 f\u00e6ra Drottni k\u00f6ku a\u00f0 gj\u00f6f. \u00deannig skulu\u00f0 \u00fei\u00f0 f\u00f3rna henni, eins og f\u00f3rnargj\u00f6finni af \u00fereskivellinum. <a name=\"21\"><span class=\"versanumer_2007\">21<\/span><\/a> \u00dei\u00f0 skulu\u00f0 bera hana fram sem gj\u00f6f til Drottins fr\u00e1 kyni til kyns af fyrsta brau\u00f0deigi ykkar.<\/p>\n<h3 class=\"millifyrirsogn_2007\">\u00d3viljaverk<\/h3>\n<p><a name=\"22\"><span class=\"versanumer_2007\">22<\/span><\/a> \u00deegar ykkur ver\u00f0ur \u00fea\u00f0 \u00e1 a\u00f0 halda ekki \u00f6ll \u00feau bo\u00f0 sem Drottinn lag\u00f0i fyrir M\u00f3se, <a name=\"23\"><span class=\"versanumer_2007\">23<\/span><\/a> allt sem Drottinn hefur bo\u00f0i\u00f0 ykkur fyrir munn M\u00f3se, fr\u00e1 \u00feeim degi er Drottinn bau\u00f0 \u00fea\u00f0 og s\u00ed\u00f0an fr\u00e1 kyni til kyns, <a name=\"24\"><span class=\"versanumer_2007\">24<\/span><\/a> skal allur s\u00f6fnu\u00f0urinn b\u00faa naut til brennif\u00f3rnar. Ef yfirsj\u00f3nin var\u00f0 \u00e1n vitneskju safna\u00f0arins skal allur s\u00f6fnu\u00f0urinn b\u00faa ungneyti \u00ed brennif\u00f3rn sem \u00feekkan ilm fyrir Drottin. Kornf\u00f3rn, sem heyrir til, og dreypif\u00f3rnin skal vera samkv\u00e6mt reglunum og a\u00f0 auki geithafur \u00ed syndaf\u00f3rn. <a name=\"25\"><span class=\"versanumer_2007\">25<\/span><\/a> Presturinn skal fri\u00f0\u00fe\u00e6gja fyrir allan s\u00f6fnu\u00f0 \u00cdsraelsmanna. \u00de\u00e1 ver\u00f0ur \u00feeim fyrirgefi\u00f0 \u00fev\u00ed a\u00f0 \u00feetta var yfirsj\u00f3n og \u00feeir hafa f\u00e6rt fram f\u00f3rnargj\u00f6f s\u00edna sem eldf\u00f3rn til Drottins og f\u00e6rt syndaf\u00f3rn s\u00edna fram fyrir auglit Drottins vegna yfirsj\u00f3nar sinnar. <a name=\"26\"><span class=\"versanumer_2007\">26<\/span><\/a> \u00d6llum s\u00f6fnu\u00f0i \u00cdsraelsmanna og a\u00f0komumanninum, sem n\u00fdtur verndar hj\u00e1 ykkur, ver\u00f0ur fyrirgefi\u00f0 \u00fev\u00ed a\u00f0 yfirsj\u00f3nin snerti allan s\u00f6fnu\u00f0inn.<br \/> <a name=\"27\"><span class=\"versanumer_2007\">27<\/span><\/a> Syndgi einhver af vang\u00e1 skal hann f\u00e6ra veturgamla geit \u00ed syndaf\u00f3rn. <a name=\"28\"><span class=\"versanumer_2007\">28<\/span><\/a> Prestur skal fri\u00f0\u00fe\u00e6gja frammi fyrir augliti Drottins fyrir \u00feann sem yfirsj\u00f3n hefur hent og var\u00f0 sekur af vang\u00e1 og honum ver\u00f0ur fyrirgefi\u00f0.<br \/> <a name=\"29\"><span class=\"versanumer_2007\">29<\/span><\/a> S\u00f6mu l\u00f6g um yfirsj\u00f3nir skulu gilda fyrir \u00fe\u00e1 \u00cdsraelsmenn sem f\u00e6ddir eru \u00ed landinu og a\u00f0komumann sem n\u00fdtur verndar \u00e1 me\u00f0al \u00feeirra. <a name=\"30\"><span class=\"versanumer_2007\">30<\/span><\/a> En s\u00e1 sem syndgar af \u00e1setningi, <span class=\"nedan_mal\" title=\" Or\u00f0r\u00e9tt: \u2026 me\u00f0 uppr\u00e9ttri hendi.\">[<\/span> hvort sem hann er innborinn e\u00f0a a\u00f0komuma\u00f0ur, hefur sm\u00e1na\u00f0 Drottin: S\u00e1 ma\u00f0ur skal uppr\u00e6ttur \u00far \u00fej\u00f3\u00f0 sinni. <a name=\"31\"><span class=\"versanumer_2007\">31<\/span><\/a> Hann hefur sm\u00e1na\u00f0 or\u00f0 Drottins og broti\u00f0 bo\u00f0 hans: S\u00e1 ma\u00f0ur skal uppr\u00e6ttur, sekt hans hv\u00edlir \u00e1 honum.\u201c<\/p>\n<h3 class=\"millifyrirsogn_2007\">Brot gegn hv\u00edldardagsbo\u00f0inu<\/h3>\n<p><a name=\"32\"><span class=\"versanumer_2007\">32<\/span><\/a> \u00deegar \u00cdsraelsmenn voru \u00ed ey\u00f0im\u00f6rkinni st\u00f3\u00f0u \u00feeir einhverju sinni mann a\u00f0 \u00fev\u00ed a\u00f0 safna vi\u00f0i \u00e1 hv\u00edldardegi. <a name=\"33\"><span class=\"versanumer_2007\">33<\/span><\/a> \u00deeir sem st\u00f3\u00f0u hann a\u00f0 verki leiddu hann fyrir M\u00f3se, Aron og allan s\u00f6fnu\u00f0inn. <a name=\"34\"><span class=\"versanumer_2007\">34<\/span><\/a> \u00deeir settu hann \u00ed var\u00f0hald \u00fev\u00ed a\u00f0 enn haf\u00f0i ekki veri\u00f0 \u00e1kve\u00f0i\u00f0 hva\u00f0 gera skyldi vi\u00f0 hann.<br \/> <a name=\"35\"><span class=\"versanumer_2007\">35<\/span><\/a> \u00de\u00e1 sag\u00f0i Drottinn vi\u00f0 M\u00f3se:<br \/>\u201e\u00deennan mann ver\u00f0ur a\u00f0 l\u00edfl\u00e1ta, allur s\u00f6fnu\u00f0urinn skal gr\u00fdta hann utan vi\u00f0 herb\u00fa\u00f0irnar.\u201c <a name=\"36\"><span class=\"versanumer_2007\">36<\/span><\/a> Allur s\u00f6fnu\u00f0urinn f\u00f3r \u00fe\u00e1 me\u00f0 hann \u00fat fyrir herb\u00fa\u00f0irnar og gr\u00fdtti hann til bana eins og Drottinn haf\u00f0i bo\u00f0i\u00f0 M\u00f3se.<\/p>\n<h3 class=\"millifyrirsogn_2007\">Sk\u00fafar \u00e1 kl\u00e6\u00f0um \u00cdsraelsmanna<\/h3>\n<p><a name=\"37\"><span class=\"versanumer_2007\">37<\/span><\/a> Drottinn tala\u00f0i til M\u00f3se og sag\u00f0i:<br \/> <a name=\"38\"><span class=\"versanumer_2007\">38<\/span><\/a> \u201e\u00c1varpa\u00f0u \u00cdsraelsmenn og seg\u00f0u vi\u00f0 \u00fe\u00e1 a\u00f0 \u00feeir skuli gera sk\u00fafa \u00e1 kl\u00e6\u00f0afald sinn kynsl\u00f3\u00f0 eftir kynsl\u00f3\u00f0. \u00dei\u00f0 skulu\u00f0 hafa purpurabl\u00e1an \u00fer\u00e1\u00f0 \u00ed hverjum sk\u00fafi \u00e1 kl\u00e6\u00f0afaldinum <a name=\"39\"><span class=\"versanumer_2007\">39<\/span><\/a> og hann skal tilheyra sk\u00fafinum. \u00deegar \u00fei\u00f0 l\u00edti\u00f0 \u00e1 \u00fe\u00e1 eigi\u00f0 \u00fei\u00f0 a\u00f0 minnast allra bo\u00f0a Drottins og fylgja \u00feeim en ekki elta \u00fea\u00f0 sem hjarta ykkar og augu girnast og \u00fei\u00f0 h\u00f3rist me\u00f0. <a name=\"40\"><span class=\"versanumer_2007\">40<\/span><\/a> \u00deannig eigi\u00f0 \u00fei\u00f0 a\u00f0 minnast allra bo\u00f0a minna og fylgja \u00feeim svo a\u00f0 \u00fei\u00f0 ver\u00f0i\u00f0 heilagir fyrir Gu\u00f0i ykkar. <a name=\"41\"><span class=\"versanumer_2007\">41<\/span><\/a> \u00c9g er Drottinn, Gu\u00f0 ykkar, sem leiddi ykkur \u00fat \u00far Egyptalandi til \u00feess a\u00f0 vera ykkar Gu\u00f0. \u00c9g er Drottinn, Gu\u00f0 ykkar.\u201c<\/p>\n","protected":false},"excerpt":{"rendered":"<p>L\u00f6g um f\u00f3rnir 1 Drottinn tala\u00f0i til M\u00f3se og sag\u00f0i: 2 \u201e\u00c1varpa\u00f0u \u00cdsraelsmenn og seg\u00f0u vi\u00f0 \u00fe\u00e1: \u00deegar \u00fei\u00f0 komi\u00f0 til landsins, sem \u00fei\u00f0 munu\u00f0 setjast a\u00f0 \u00ed og \u00e9g mun gefa ykkur, 3 og \u00fei\u00f0 \u00e6tli\u00f0 a\u00f0 undirb\u00faa eldf\u00f3rn til Drottins, brennif\u00f3rn e\u00f0a sl\u00e1turf\u00f3rn til a\u00f0 efna heit e\u00f0a sem sj\u00e1lfviljaf\u00f3rn e\u00f0a f\u00f3rn \u00e1 h\u00e1t\u00ed\u00f0um ykkar til a\u00f0 f\u00e6ra Drottni \u00feekkan ilm af nauti e\u00f0a sau\u00f0i, 4 skal hver sem ber fram f\u00f3rnargj\u00f6f s\u00edna til Drottins bera fram t\u00edunda hluta \u00far efu af f\u00ednu mj\u00f6li, bl\u00f6ndu\u00f0u fj\u00f3r\u00f0ungi \u00far h\u00edn af ol\u00edu \u00ed kornf\u00f3rn. 5 \u00de\u00fa skalt f\u00e6ra fj\u00f3r\u00f0ung \u00far <a href=\"https:\/\/biblian.is\/biblian\/fjorda-mosebok-15-kafli\/\"> [&#8230;]<\/a><\/p>\n","protected":false},"author":1,"featured_media":0,"parent":0,"menu_order":0,"comment_status":"open","ping_status":"open","template":"bibliukaflar_NT.php","meta":{"footnotes":""},"class_list":["post-1749","page","type-page","status-publish","hentry"],"_links":{"self":[{"href":"https:\/\/biblian.is\/biblian\/wp-json\/wp\/v2\/pages\/1749","targetHints":{"allow":["GET"]}}],"collection":[{"href":"https:\/\/biblian.is\/biblian\/wp-json\/wp\/v2\/pages"}],"about":[{"href":"https:\/\/biblian.is\/biblian\/wp-json\/wp\/v2\/types\/page"}],"author":[{"embeddable":true,"href":"https:\/\/biblian.is\/biblian\/wp-json\/wp\/v2\/users\/1"}],"replies":[{"embeddable":true,"href":"https:\/\/biblian.is\/biblian\/wp-json\/wp\/v2\/comments?post=1749"}],"version-history":[{"count":0,"href":"https:\/\/biblian.is\/biblian\/wp-json\/wp\/v2\/pages\/1749\/revisions"}],"wp:attachment":[{"href":"https:\/\/biblian.is\/biblian\/wp-json\/wp\/v2\/media?parent=1749"}],"curies":[{"name":"wp","href":"https:\/\/api.w.org\/{rel}","templated":true}]}}